{"id":17499,"date":"2023-05-09T17:32:03","date_gmt":"2023-05-09T15:32:03","guid":{"rendered":"https:\/\/librairie7l.com\/?post_type=product&#038;p=17499"},"modified":"2026-04-05T20:12:16","modified_gmt":"2026-04-05T18:12:16","slug":"mobilier-design-pieces-uniques-ou-en-edition-limitee","status":"publish","type":"product","link":"https:\/\/librairie7l.com\/en\/produit\/mobilier-design-pieces-uniques-ou-en-edition-limitee\/","title":{"rendered":"MOBILIER DESIGN : PI\u00c8CES UNIQUES OU EN \u00c9DITION LIMIT\u00c9E"},"content":{"rendered":"<p>L&#8217;image romantique de l&#8217;artisan seul dans son atelier a laiss\u00e9 la place \u00e0 celle du cr\u00e9ateur au travail dans son laboratoire, une fonderie ou m\u00eame une usine. L&#8217;artisanat a \u00e9volu\u00e9, combinant travail manuel et technologie, offrant ainsi des possibilit\u00e9s quasiment illimit\u00e9es aux designers de cr\u00e9er des meubles uniques pour les galeries, les expositions et ou des clients sophistiqu\u00e9s. Cette synth\u00e8se de l&#8217;art, du design et de la technologie a donn\u00e9 naissance \u00e0 une multitude de pi\u00e8ces de collection tr\u00e8s recherch\u00e9es.<\/p>\n<p>Cet aper\u00e7u complet du mobilier contemporain c\u00e9l\u00e8bre les r\u00e9alisations d&#8217;une s\u00e9lection internationale de designers produisant des oeuvres d&#8217;expression artistique individuelle que l&#8217;on trouve aussi bien dans des mus\u00e9es que chez des particuliers.<\/p>\n<p>Pr\u00e9sentant plus de 400 pi\u00e8ces, des tables et des chaises aux finitions impeccables, fabriqu\u00e9es \u00e0 partir de mat\u00e9riaux naturels, au mobilier exp\u00e9rimental \u00e0 la fronti\u00e8re entre art et artisanat, cet ouvrage est une premi\u00e8re.<\/p>\n<p>Structur\u00e9 par type d&#8217;objets et par cr\u00e9ateur, le livre pr\u00e9sente \u00e9galement quelques lieux (studios, usines) dans lesquels ces meubles uniques sont fabriqu\u00e9s, ainsi qu&#8217;une s\u00e9lection d&#8217;int\u00e9rieurs majeurs montrant des meubles de collection in situ.<\/p>\n<p>La personnalisation et l&#8217;exclusivit\u00e9 dans le design sont de plus en plus pris\u00e9es dans un monde qui revient aux valeurs de l&#8217;artisanat authentique. Ce panorama richement illustr\u00e9 s\u00e9duira aussi bien les connaisseurs de design que les collectionneurs et toute personne int\u00e9ress\u00e9e par la conception de meubles sur mesure.<\/p>\n","protected":false},"excerpt":{"rendered":"<p>L&#8217;image romantique de l&#8217;artisan seul dans son atelier a laiss\u00e9 la place \u00e0 celle du cr\u00e9ateur au travail dans son laboratoire, une fonderie ou m\u00eame une usine. L&#8217;artisanat a \u00e9volu\u00e9, combinant travail manuel et technologie, offrant ainsi des possibilit\u00e9s quasiment illimit\u00e9es aux designers de cr\u00e9er des meubles uniques pour les galeries, les expositions et ou [&hellip;]<\/p>\n","protected":false},"featured_media":17497,"template":"","meta":[],"product_cat":[55,2948,18,2952],"product_tag":[],"acf":[],"yoast_head":"<!-- This site is optimized with the Yoast SEO plugin v20.11 - https:\/\/yoast.com\/wordpress\/plugins\/seo\/ -->\n<title>MOBILIER DESIGN : PI\u00c8CES UNIQUES OU EN \u00c9DITION LIMIT\u00c9E - Librairie 7L<\/title>\n<meta name=\"robots\" content=\"index, follow, max-snippet:-1, max-image-preview:large, max-video-preview:-1\" \/>\n<link rel=\"canonical\" href=\"https:\/\/librairie7l.com\/en\/produit\/mobilier-design-pieces-uniques-ou-en-edition-limitee\/\" \/>\n<meta property=\"og:locale\" content=\"en_US\" \/>\n<meta property=\"og:type\" content=\"article\" \/>\n<meta property=\"og:title\" content=\"MOBILIER DESIGN : PI\u00c8CES UNIQUES OU EN \u00c9DITION LIMIT\u00c9E - Librairie 7L\" \/>\n<meta property=\"og:description\" content=\"L&#8217;image romantique de l&#8217;artisan seul dans son atelier a laiss\u00e9 la place \u00e0 celle du cr\u00e9ateur au travail dans son laboratoire, une fonderie ou m\u00eame une usine. L&#8217;artisanat a \u00e9volu\u00e9, combinant travail manuel et technologie, offrant ainsi des possibilit\u00e9s quasiment illimit\u00e9es aux designers de cr\u00e9er des meubles uniques pour les galeries, les expositions et ou [&hellip;]\" \/>\n<meta property=\"og:url\" content=\"https:\/\/librairie7l.com\/en\/produit\/mobilier-design-pieces-uniques-ou-en-edition-limitee\/\" \/>\n<meta property=\"og:site_name\" content=\"Librairie 7L\" \/>\n<meta property=\"article:modified_time\" content=\"2026-04-05T18:12:16+00:00\" \/>\n<meta property=\"og:image\" content=\"https:\/\/librairie7l.com\/wp-content\/uploads\/2021\/11\/9782732497747_1_75.jpg\" \/>\n\t<meta property=\"og:image:width\" content=\"400\" \/>\n\t<meta property=\"og:image:height\" content=\"488\" \/>\n\t<meta property=\"og:image:type\" content=\"image\/jpeg\" \/>\n<meta name=\"twitter:card\" content=\"summary_large_image\" \/>\n<meta name=\"twitter:label1\" content=\"Est. reading time\" \/>\n\t<meta name=\"twitter:data1\" content=\"1 minute\" \/>\n<script type=\"application\/ld+json\" class=\"yoast-schema-graph\">{\"@context\":\"https:\/\/schema.org\",\"@graph\":[{\"@type\":\"WebPage\",\"@id\":\"https:\/\/librairie7l.com\/en\/produit\/mobilier-design-pieces-uniques-ou-en-edition-limitee\/\",\"url\":\"https:\/\/librairie7l.com\/en\/produit\/mobilier-design-pieces-uniques-ou-en-edition-limitee\/\",\"name\":\"MOBILIER DESIGN : PI\u00c8CES UNIQUES OU EN \u00c9DITION LIMIT\u00c9E - Librairie 7L\",\"isPartOf\":{\"@id\":\"https:\/\/librairie7l.com\/en\/#website\"},\"datePublished\":\"2023-05-09T15:32:03+00:00\",\"dateModified\":\"2026-04-05T18:12:16+00:00\",\"breadcrumb\":{\"@id\":\"https:\/\/librairie7l.com\/en\/produit\/mobilier-design-pieces-uniques-ou-en-edition-limitee\/#breadcrumb\"},\"inLanguage\":\"en-US\",\"potentialAction\":[{\"@type\":\"ReadAction\",\"target\":[\"https:\/\/librairie7l.com\/en\/produit\/mobilier-design-pieces-uniques-ou-en-edition-limitee\/\"]}]},{\"@type\":\"BreadcrumbList\",\"@id\":\"https:\/\/librairie7l.com\/en\/produit\/mobilier-design-pieces-uniques-ou-en-edition-limitee\/#breadcrumb\",\"itemListElement\":[{\"@type\":\"ListItem\",\"position\":1,\"name\":\"Accueil\",\"item\":\"https:\/\/librairie7l.com\/en\/\"},{\"@type\":\"ListItem\",\"position\":2,\"name\":\"Shop\",\"item\":\"https:\/\/librairie7l.com\/en\/shop\/\"},{\"@type\":\"ListItem\",\"position\":3,\"name\":\"MOBILIER DESIGN : PI\u00c8CES UNIQUES OU EN \u00c9DITION LIMIT\u00c9E\"}]},{\"@type\":\"WebSite\",\"@id\":\"https:\/\/librairie7l.com\/en\/#website\",\"url\":\"https:\/\/librairie7l.com\/en\/\",\"name\":\"Librairie 7L\",\"description\":\"Librairie fond\u00e9e en 1999 par Karl Lagerfeld \u00e0 Paris\",\"publisher\":{\"@id\":\"https:\/\/librairie7l.com\/en\/#organization\"},\"potentialAction\":[{\"@type\":\"SearchAction\",\"target\":{\"@type\":\"EntryPoint\",\"urlTemplate\":\"https:\/\/librairie7l.com\/en\/?s={search_term_string}\"},\"query-input\":\"required name=search_term_string\"}],\"inLanguage\":\"en-US\"},{\"@type\":\"Organization\",\"@id\":\"https:\/\/librairie7l.com\/en\/#organization\",\"name\":\"Librairie 7L\",\"url\":\"https:\/\/librairie7l.com\/en\/\",\"logo\":{\"@type\":\"ImageObject\",\"inLanguage\":\"en-US\",\"@id\":\"https:\/\/librairie7l.com\/en\/#\/schema\/logo\/image\/\",\"url\":\"https:\/\/librairie7l.com\/wp-content\/uploads\/2022\/08\/logo-1.png\",\"contentUrl\":\"https:\/\/librairie7l.com\/wp-content\/uploads\/2022\/08\/logo-1.png\",\"width\":227,\"height\":301,\"caption\":\"Librairie 7L\"},\"image\":{\"@id\":\"https:\/\/librairie7l.com\/en\/#\/schema\/logo\/image\/\"}}]}<\/script>\n<!-- \/ Yoast SEO plugin. -->","yoast_head_json":{"title":"MOBILIER DESIGN : PI\u00c8CES UNIQUES OU EN \u00c9DITION LIMIT\u00c9E - Librairie 7L","robots":{"index":"index","follow":"follow","max-snippet":"max-snippet:-1","max-image-preview":"max-image-preview:large","max-video-preview":"max-video-preview:-1"},"canonical":"https:\/\/librairie7l.com\/en\/produit\/mobilier-design-pieces-uniques-ou-en-edition-limitee\/","og_locale":"en_US","og_type":"article","og_title":"MOBILIER DESIGN : PI\u00c8CES UNIQUES OU EN \u00c9DITION LIMIT\u00c9E - Librairie 7L","og_description":"L&#8217;image romantique de l&#8217;artisan seul dans son atelier a laiss\u00e9 la place \u00e0 celle du cr\u00e9ateur au travail dans son laboratoire, une fonderie ou m\u00eame une usine. L&#8217;artisanat a \u00e9volu\u00e9, combinant travail manuel et technologie, offrant ainsi des possibilit\u00e9s quasiment illimit\u00e9es aux designers de cr\u00e9er des meubles uniques pour les galeries, les expositions et ou [&hellip;]","og_url":"https:\/\/librairie7l.com\/en\/produit\/mobilier-design-pieces-uniques-ou-en-edition-limitee\/","og_site_name":"Librairie 7L","article_modified_time":"2026-04-05T18:12:16+00:00","og_image":[{"width":400,"height":488,"url":"https:\/\/librairie7l.com\/wp-content\/uploads\/2021\/11\/9782732497747_1_75.jpg","type":"image\/jpeg"}],"twitter_card":"summary_large_image","twitter_misc":{"Est. reading time":"1 minute"},"schema":{"@context":"https:\/\/schema.org","@graph":[{"@type":"WebPage","@id":"https:\/\/librairie7l.com\/en\/produit\/mobilier-design-pieces-uniques-ou-en-edition-limitee\/","url":"https:\/\/librairie7l.com\/en\/produit\/mobilier-design-pieces-uniques-ou-en-edition-limitee\/","name":"MOBILIER DESIGN : PI\u00c8CES UNIQUES OU EN \u00c9DITION LIMIT\u00c9E - Librairie 7L","isPartOf":{"@id":"https:\/\/librairie7l.com\/en\/#website"},"datePublished":"2023-05-09T15:32:03+00:00","dateModified":"2026-04-05T18:12:16+00:00","breadcrumb":{"@id":"https:\/\/librairie7l.com\/en\/produit\/mobilier-design-pieces-uniques-ou-en-edition-limitee\/#breadcrumb"},"inLanguage":"en-US","potentialAction":[{"@type":"ReadAction","target":["https:\/\/librairie7l.com\/en\/produit\/mobilier-design-pieces-uniques-ou-en-edition-limitee\/"]}]},{"@type":"BreadcrumbList","@id":"https:\/\/librairie7l.com\/en\/produit\/mobilier-design-pieces-uniques-ou-en-edition-limitee\/#breadcrumb","itemListElement":[{"@type":"ListItem","position":1,"name":"Accueil","item":"https:\/\/librairie7l.com\/en\/"},{"@type":"ListItem","position":2,"name":"Shop","item":"https:\/\/librairie7l.com\/en\/shop\/"},{"@type":"ListItem","position":3,"name":"MOBILIER DESIGN : PI\u00c8CES UNIQUES OU EN \u00c9DITION LIMIT\u00c9E"}]},{"@type":"WebSite","@id":"https:\/\/librairie7l.com\/en\/#website","url":"https:\/\/librairie7l.com\/en\/","name":"Librairie 7L","description":"Librairie fond\u00e9e en 1999 par Karl Lagerfeld \u00e0 Paris","publisher":{"@id":"https:\/\/librairie7l.com\/en\/#organization"},"potentialAction":[{"@type":"SearchAction","target":{"@type":"EntryPoint","urlTemplate":"https:\/\/librairie7l.com\/en\/?s={search_term_string}"},"query-input":"required name=search_term_string"}],"inLanguage":"en-US"},{"@type":"Organization","@id":"https:\/\/librairie7l.com\/en\/#organization","name":"Librairie 7L","url":"https:\/\/librairie7l.com\/en\/","logo":{"@type":"ImageObject","inLanguage":"en-US","@id":"https:\/\/librairie7l.com\/en\/#\/schema\/logo\/image\/","url":"https:\/\/librairie7l.com\/wp-content\/uploads\/2022\/08\/logo-1.png","contentUrl":"https:\/\/librairie7l.com\/wp-content\/uploads\/2022\/08\/logo-1.png","width":227,"height":301,"caption":"Librairie 7L"},"image":{"@id":"https:\/\/librairie7l.com\/en\/#\/schema\/logo\/image\/"}}]}},"_links":{"self":[{"href":"https:\/\/librairie7l.com\/en\/wp-json\/wp\/v2\/product\/17499"}],"collection":[{"href":"https:\/\/librairie7l.com\/en\/wp-json\/wp\/v2\/product"}],"about":[{"href":"https:\/\/librairie7l.com\/en\/wp-json\/wp\/v2\/types\/product"}],"wp:featuredmedia":[{"embeddable":true,"href":"https:\/\/librairie7l.com\/en\/wp-json\/wp\/v2\/media\/17497"}],"wp:attachment":[{"href":"https:\/\/librairie7l.com\/en\/wp-json\/wp\/v2\/media?parent=17499"}],"wp:term":[{"taxonomy":"product_cat","embeddable":true,"href":"https:\/\/librairie7l.com\/en\/wp-json\/wp\/v2\/product_cat?post=17499"},{"taxonomy":"product_tag","embeddable":true,"href":"https:\/\/librairie7l.com\/en\/wp-json\/wp\/v2\/product_tag?post=17499"}],"curies":[{"name":"wp","href":"https:\/\/api.w.org\/{rel}","templated":true}]}}