{"id":17507,"date":"2023-05-09T17:32:08","date_gmt":"2023-05-09T15:32:08","guid":{"rendered":"https:\/\/librairie7l.com\/?post_type=product&#038;p=17507"},"modified":"2026-05-02T12:55:25","modified_gmt":"2026-05-02T10:55:25","slug":"ben-a-vallauris-je-ne-suis-pas-picasso","status":"publish","type":"product","link":"https:\/\/librairie7l.com\/en\/produit\/ben-a-vallauris-je-ne-suis-pas-picasso\/","title":{"rendered":"BEN \u00c0 VALLAURIS : JE NE SUIS PAS P\u00cfCASSO"},"content":{"rendered":"<p>Ben \u00e0 Vallauris choisit d&#8217;explorer la c\u00e9ramique comme une mati\u00e8re ouverte sur la cr\u00e9ation. Ce m\u00e9dium, qui peut appara\u00eetre comme tr\u00e8s \u00e9loign\u00e9 des questionnements artistiques de l&#8217;artiste, Ben se l&#8217;approprie dans ses diff\u00e9rentes identit\u00e9s : celle de l&#8217;usage d\u00e9coratif quand il revisite les bibelots, objets typiques des productions du XIXe si\u00e8cle, qu&#8217;il d\u00e9tourne en ready-made, celle de la nature du m\u00e9dium au travers de sa fragilit\u00e9, en r\u00e9utilisant des fragments de c\u00e9ramique cass\u00e9e, et celle du geste, qui permet d&#8217;appr\u00e9hender toute la sensualit\u00e9 inh\u00e9rente au travail de la terre, quand il fa\u00e7onne directement, sans les interm\u00e9diaires que peuvent \u00eatre le tour ou bien le moule, figurines ou \u00e9criture.<\/p>\n<p>Avec humour et provocation, inh\u00e9rents \u00e0 sa d\u00e9marche artistique, Ben propose des oeuvres mixtes dont la terre est le fil conducteur.<\/p>\n<p>Au travers de l&#8217;exposition propos\u00e9e \u00e0 Vallauris \u00e0 laquelle Ben a convi\u00e9 l&#8217;artiste plasticienne Monique Thibaudin, l&#8217;approche d\u00e9complex\u00e9e de Ben permet de renouer avec une certaine l\u00e9g\u00e8ret\u00e9 dans la mani\u00e8re de percevoir le mat\u00e9riau terre.<\/p>\n","protected":false},"excerpt":{"rendered":"<p>Ben \u00e0 Vallauris choisit d&#8217;explorer la c\u00e9ramique comme une mati\u00e8re ouverte sur la cr\u00e9ation. Ce m\u00e9dium, qui peut appara\u00eetre comme tr\u00e8s \u00e9loign\u00e9 des questionnements artistiques de l&#8217;artiste, Ben se l&#8217;approprie dans ses diff\u00e9rentes identit\u00e9s : celle de l&#8217;usage d\u00e9coratif quand il revisite les bibelots, objets typiques des productions du XIXe si\u00e8cle, qu&#8217;il d\u00e9tourne en ready-made, [&hellip;]<\/p>\n","protected":false},"featured_media":17505,"template":"","meta":[],"product_cat":[55,2948,18,2952],"product_tag":[],"acf":[],"yoast_head":"<!-- This site is optimized with the Yoast SEO plugin v20.11 - https:\/\/yoast.com\/wordpress\/plugins\/seo\/ -->\n<title>BEN \u00c0 VALLAURIS : JE NE SUIS PAS P\u00cfCASSO - Librairie 7L<\/title>\n<meta name=\"robots\" content=\"index, follow, max-snippet:-1, max-image-preview:large, max-video-preview:-1\" \/>\n<link rel=\"canonical\" href=\"https:\/\/librairie7l.com\/en\/produit\/ben-a-vallauris-je-ne-suis-pas-picasso\/\" \/>\n<meta property=\"og:locale\" content=\"en_US\" \/>\n<meta property=\"og:type\" content=\"article\" \/>\n<meta property=\"og:title\" content=\"BEN \u00c0 VALLAURIS : JE NE SUIS PAS P\u00cfCASSO - Librairie 7L\" \/>\n<meta property=\"og:description\" content=\"Ben \u00e0 Vallauris choisit d&#8217;explorer la c\u00e9ramique comme une mati\u00e8re ouverte sur la cr\u00e9ation. Ce m\u00e9dium, qui peut appara\u00eetre comme tr\u00e8s \u00e9loign\u00e9 des questionnements artistiques de l&#8217;artiste, Ben se l&#8217;approprie dans ses diff\u00e9rentes identit\u00e9s : celle de l&#8217;usage d\u00e9coratif quand il revisite les bibelots, objets typiques des productions du XIXe si\u00e8cle, qu&#8217;il d\u00e9tourne en ready-made, [&hellip;]\" \/>\n<meta property=\"og:url\" content=\"https:\/\/librairie7l.com\/en\/produit\/ben-a-vallauris-je-ne-suis-pas-picasso\/\" \/>\n<meta property=\"og:site_name\" content=\"Librairie 7L\" \/>\n<meta property=\"article:modified_time\" content=\"2026-05-02T10:55:25+00:00\" \/>\n<meta property=\"og:image\" content=\"https:\/\/librairie7l.com\/wp-content\/uploads\/2022\/08\/9788836652426_1_75.jpg\" \/>\n\t<meta property=\"og:image:width\" content=\"400\" \/>\n\t<meta property=\"og:image:height\" content=\"546\" \/>\n\t<meta property=\"og:image:type\" content=\"image\/jpeg\" \/>\n<meta name=\"twitter:card\" content=\"summary_large_image\" \/>\n<meta name=\"twitter:label1\" content=\"Est. reading time\" \/>\n\t<meta name=\"twitter:data1\" content=\"1 minute\" \/>\n<script type=\"application\/ld+json\" class=\"yoast-schema-graph\">{\"@context\":\"https:\/\/schema.org\",\"@graph\":[{\"@type\":\"WebPage\",\"@id\":\"https:\/\/librairie7l.com\/en\/produit\/ben-a-vallauris-je-ne-suis-pas-picasso\/\",\"url\":\"https:\/\/librairie7l.com\/en\/produit\/ben-a-vallauris-je-ne-suis-pas-picasso\/\",\"name\":\"BEN \u00c0 VALLAURIS : JE NE SUIS PAS P\u00cfCASSO - Librairie 7L\",\"isPartOf\":{\"@id\":\"https:\/\/librairie7l.com\/en\/#website\"},\"datePublished\":\"2023-05-09T15:32:08+00:00\",\"dateModified\":\"2026-05-02T10:55:25+00:00\",\"breadcrumb\":{\"@id\":\"https:\/\/librairie7l.com\/en\/produit\/ben-a-vallauris-je-ne-suis-pas-picasso\/#breadcrumb\"},\"inLanguage\":\"en-US\",\"potentialAction\":[{\"@type\":\"ReadAction\",\"target\":[\"https:\/\/librairie7l.com\/en\/produit\/ben-a-vallauris-je-ne-suis-pas-picasso\/\"]}]},{\"@type\":\"BreadcrumbList\",\"@id\":\"https:\/\/librairie7l.com\/en\/produit\/ben-a-vallauris-je-ne-suis-pas-picasso\/#breadcrumb\",\"itemListElement\":[{\"@type\":\"ListItem\",\"position\":1,\"name\":\"Accueil\",\"item\":\"https:\/\/librairie7l.com\/en\/\"},{\"@type\":\"ListItem\",\"position\":2,\"name\":\"Shop\",\"item\":\"https:\/\/librairie7l.com\/en\/shop\/\"},{\"@type\":\"ListItem\",\"position\":3,\"name\":\"BEN \u00c0 VALLAURIS : JE NE SUIS PAS P\u00cfCASSO\"}]},{\"@type\":\"WebSite\",\"@id\":\"https:\/\/librairie7l.com\/en\/#website\",\"url\":\"https:\/\/librairie7l.com\/en\/\",\"name\":\"Librairie 7L\",\"description\":\"Librairie fond\u00e9e en 1999 par Karl Lagerfeld \u00e0 Paris\",\"publisher\":{\"@id\":\"https:\/\/librairie7l.com\/en\/#organization\"},\"potentialAction\":[{\"@type\":\"SearchAction\",\"target\":{\"@type\":\"EntryPoint\",\"urlTemplate\":\"https:\/\/librairie7l.com\/en\/?s={search_term_string}\"},\"query-input\":\"required name=search_term_string\"}],\"inLanguage\":\"en-US\"},{\"@type\":\"Organization\",\"@id\":\"https:\/\/librairie7l.com\/en\/#organization\",\"name\":\"Librairie 7L\",\"url\":\"https:\/\/librairie7l.com\/en\/\",\"logo\":{\"@type\":\"ImageObject\",\"inLanguage\":\"en-US\",\"@id\":\"https:\/\/librairie7l.com\/en\/#\/schema\/logo\/image\/\",\"url\":\"https:\/\/librairie7l.com\/wp-content\/uploads\/2022\/08\/logo-1.png\",\"contentUrl\":\"https:\/\/librairie7l.com\/wp-content\/uploads\/2022\/08\/logo-1.png\",\"width\":227,\"height\":301,\"caption\":\"Librairie 7L\"},\"image\":{\"@id\":\"https:\/\/librairie7l.com\/en\/#\/schema\/logo\/image\/\"}}]}<\/script>\n<!-- \/ Yoast SEO plugin. -->","yoast_head_json":{"title":"BEN \u00c0 VALLAURIS : JE NE SUIS PAS P\u00cfCASSO - Librairie 7L","robots":{"index":"index","follow":"follow","max-snippet":"max-snippet:-1","max-image-preview":"max-image-preview:large","max-video-preview":"max-video-preview:-1"},"canonical":"https:\/\/librairie7l.com\/en\/produit\/ben-a-vallauris-je-ne-suis-pas-picasso\/","og_locale":"en_US","og_type":"article","og_title":"BEN \u00c0 VALLAURIS : JE NE SUIS PAS P\u00cfCASSO - Librairie 7L","og_description":"Ben \u00e0 Vallauris choisit d&#8217;explorer la c\u00e9ramique comme une mati\u00e8re ouverte sur la cr\u00e9ation. Ce m\u00e9dium, qui peut appara\u00eetre comme tr\u00e8s \u00e9loign\u00e9 des questionnements artistiques de l&#8217;artiste, Ben se l&#8217;approprie dans ses diff\u00e9rentes identit\u00e9s : celle de l&#8217;usage d\u00e9coratif quand il revisite les bibelots, objets typiques des productions du XIXe si\u00e8cle, qu&#8217;il d\u00e9tourne en ready-made, [&hellip;]","og_url":"https:\/\/librairie7l.com\/en\/produit\/ben-a-vallauris-je-ne-suis-pas-picasso\/","og_site_name":"Librairie 7L","article_modified_time":"2026-05-02T10:55:25+00:00","og_image":[{"width":400,"height":546,"url":"https:\/\/librairie7l.com\/wp-content\/uploads\/2022\/08\/9788836652426_1_75.jpg","type":"image\/jpeg"}],"twitter_card":"summary_large_image","twitter_misc":{"Est. reading time":"1 minute"},"schema":{"@context":"https:\/\/schema.org","@graph":[{"@type":"WebPage","@id":"https:\/\/librairie7l.com\/en\/produit\/ben-a-vallauris-je-ne-suis-pas-picasso\/","url":"https:\/\/librairie7l.com\/en\/produit\/ben-a-vallauris-je-ne-suis-pas-picasso\/","name":"BEN \u00c0 VALLAURIS : JE NE SUIS PAS P\u00cfCASSO - Librairie 7L","isPartOf":{"@id":"https:\/\/librairie7l.com\/en\/#website"},"datePublished":"2023-05-09T15:32:08+00:00","dateModified":"2026-05-02T10:55:25+00:00","breadcrumb":{"@id":"https:\/\/librairie7l.com\/en\/produit\/ben-a-vallauris-je-ne-suis-pas-picasso\/#breadcrumb"},"inLanguage":"en-US","potentialAction":[{"@type":"ReadAction","target":["https:\/\/librairie7l.com\/en\/produit\/ben-a-vallauris-je-ne-suis-pas-picasso\/"]}]},{"@type":"BreadcrumbList","@id":"https:\/\/librairie7l.com\/en\/produit\/ben-a-vallauris-je-ne-suis-pas-picasso\/#breadcrumb","itemListElement":[{"@type":"ListItem","position":1,"name":"Accueil","item":"https:\/\/librairie7l.com\/en\/"},{"@type":"ListItem","position":2,"name":"Shop","item":"https:\/\/librairie7l.com\/en\/shop\/"},{"@type":"ListItem","position":3,"name":"BEN \u00c0 VALLAURIS : JE NE SUIS PAS P\u00cfCASSO"}]},{"@type":"WebSite","@id":"https:\/\/librairie7l.com\/en\/#website","url":"https:\/\/librairie7l.com\/en\/","name":"Librairie 7L","description":"Librairie fond\u00e9e en 1999 par Karl Lagerfeld \u00e0 Paris","publisher":{"@id":"https:\/\/librairie7l.com\/en\/#organization"},"potentialAction":[{"@type":"SearchAction","target":{"@type":"EntryPoint","urlTemplate":"https:\/\/librairie7l.com\/en\/?s={search_term_string}"},"query-input":"required name=search_term_string"}],"inLanguage":"en-US"},{"@type":"Organization","@id":"https:\/\/librairie7l.com\/en\/#organization","name":"Librairie 7L","url":"https:\/\/librairie7l.com\/en\/","logo":{"@type":"ImageObject","inLanguage":"en-US","@id":"https:\/\/librairie7l.com\/en\/#\/schema\/logo\/image\/","url":"https:\/\/librairie7l.com\/wp-content\/uploads\/2022\/08\/logo-1.png","contentUrl":"https:\/\/librairie7l.com\/wp-content\/uploads\/2022\/08\/logo-1.png","width":227,"height":301,"caption":"Librairie 7L"},"image":{"@id":"https:\/\/librairie7l.com\/en\/#\/schema\/logo\/image\/"}}]}},"_links":{"self":[{"href":"https:\/\/librairie7l.com\/en\/wp-json\/wp\/v2\/product\/17507"}],"collection":[{"href":"https:\/\/librairie7l.com\/en\/wp-json\/wp\/v2\/product"}],"about":[{"href":"https:\/\/librairie7l.com\/en\/wp-json\/wp\/v2\/types\/product"}],"wp:featuredmedia":[{"embeddable":true,"href":"https:\/\/librairie7l.com\/en\/wp-json\/wp\/v2\/media\/17505"}],"wp:attachment":[{"href":"https:\/\/librairie7l.com\/en\/wp-json\/wp\/v2\/media?parent=17507"}],"wp:term":[{"taxonomy":"product_cat","embeddable":true,"href":"https:\/\/librairie7l.com\/en\/wp-json\/wp\/v2\/product_cat?post=17507"},{"taxonomy":"product_tag","embeddable":true,"href":"https:\/\/librairie7l.com\/en\/wp-json\/wp\/v2\/product_tag?post=17507"}],"curies":[{"name":"wp","href":"https:\/\/api.w.org\/{rel}","templated":true}]}}