{"id":17523,"date":"2023-05-09T17:32:23","date_gmt":"2023-05-09T15:32:23","guid":{"rendered":"https:\/\/librairie7l.com\/?post_type=product&#038;p=17523"},"modified":"2026-04-16T07:37:58","modified_gmt":"2026-04-16T05:37:58","slug":"les-verres-de-schneider","status":"publish","type":"product","link":"https:\/\/librairie7l.com\/en\/produit\/les-verres-de-schneider\/","title":{"rendered":"LES VERRES DE SCHNEIDER"},"content":{"rendered":"<p>D&#8217;abord influenc\u00e9 par l&#8217;Art nouveau, Charles Schneider fit \u00e9voluer son art de mani\u00e8re pr\u00e9coce vers des formes et des d\u00e9cors davantage \u00e9pur\u00e9s et stylis\u00e9s. Ses recherches constantes autour de la couleur aboutissent \u00e0 des teintes \u00e9clatantes, tant\u00f4t uniformes, tant\u00f4t d\u00e9grad\u00e9es, tant\u00f4t mouchet\u00e9es, qui font tout le charme de ses pi\u00e8ces. Face \u00e0 tant d&#8217;\u00e9l\u00e9gance et de beaut\u00e9, on ne peut que saluer la verve cr\u00e9atrice de Charles Schneider et la grande modernit\u00e9 de ses oeuvres.<\/p>\n<p>Relativement oubli\u00e9 du grand public, Charles Schneider sut malgr\u00e9 tout s\u00e9duire quelques collectionneurs \u00e0 l&#8217;oeil avis\u00e9. Olivier Ador est de ceux-l\u00e0 ; il a r\u00e9uni au fil du temps un remarquable ensemble, repr\u00e9sentatif de l&#8217;art de l&#8217;un des plus talentueux ma\u00eetres verriers du d\u00e9but du xxe si\u00e8cle.<\/p>\n<p>Ce catalogue revisite de mani\u00e8re in\u00e9dite la vari\u00e9t\u00e9 du travail de Schneider \u00e0 travers sa collection priv\u00e9e de plus de 600 pi\u00e8ces.<\/p>\n","protected":false},"excerpt":{"rendered":"<p>D&#8217;abord influenc\u00e9 par l&#8217;Art nouveau, Charles Schneider fit \u00e9voluer son art de mani\u00e8re pr\u00e9coce vers des formes et des d\u00e9cors davantage \u00e9pur\u00e9s et stylis\u00e9s. Ses recherches constantes autour de la couleur aboutissent \u00e0 des teintes \u00e9clatantes, tant\u00f4t uniformes, tant\u00f4t d\u00e9grad\u00e9es, tant\u00f4t mouchet\u00e9es, qui font tout le charme de ses pi\u00e8ces. Face \u00e0 tant d&#8217;\u00e9l\u00e9gance et [&hellip;]<\/p>\n","protected":false},"featured_media":17521,"template":"","meta":[],"product_cat":[55,2948,18,2952],"product_tag":[],"acf":[],"yoast_head":"<!-- This site is optimized with the Yoast SEO plugin v20.11 - https:\/\/yoast.com\/wordpress\/plugins\/seo\/ -->\n<title>LES VERRES DE SCHNEIDER - Librairie 7L<\/title>\n<meta name=\"robots\" content=\"index, follow, max-snippet:-1, max-image-preview:large, max-video-preview:-1\" \/>\n<link rel=\"canonical\" href=\"https:\/\/librairie7l.com\/en\/produit\/les-verres-de-schneider\/\" \/>\n<meta property=\"og:locale\" content=\"en_US\" \/>\n<meta property=\"og:type\" content=\"article\" \/>\n<meta property=\"og:title\" content=\"LES VERRES DE SCHNEIDER - Librairie 7L\" \/>\n<meta property=\"og:description\" content=\"D&#8217;abord influenc\u00e9 par l&#8217;Art nouveau, Charles Schneider fit \u00e9voluer son art de mani\u00e8re pr\u00e9coce vers des formes et des d\u00e9cors davantage \u00e9pur\u00e9s et stylis\u00e9s. Ses recherches constantes autour de la couleur aboutissent \u00e0 des teintes \u00e9clatantes, tant\u00f4t uniformes, tant\u00f4t d\u00e9grad\u00e9es, tant\u00f4t mouchet\u00e9es, qui font tout le charme de ses pi\u00e8ces. Face \u00e0 tant d&#8217;\u00e9l\u00e9gance et [&hellip;]\" \/>\n<meta property=\"og:url\" content=\"https:\/\/librairie7l.com\/en\/produit\/les-verres-de-schneider\/\" \/>\n<meta property=\"og:site_name\" content=\"Librairie 7L\" \/>\n<meta property=\"article:modified_time\" content=\"2026-04-16T05:37:58+00:00\" \/>\n<meta property=\"og:image\" content=\"https:\/\/librairie7l.com\/wp-content\/uploads\/2023\/01\/9782878443332_1_75.jpg\" \/>\n\t<meta property=\"og:image:width\" content=\"200\" \/>\n\t<meta property=\"og:image:height\" content=\"274\" \/>\n\t<meta property=\"og:image:type\" content=\"image\/jpeg\" \/>\n<meta name=\"twitter:card\" content=\"summary_large_image\" \/>\n<meta name=\"twitter:label1\" content=\"Est. reading time\" \/>\n\t<meta name=\"twitter:data1\" content=\"1 minute\" \/>\n<script type=\"application\/ld+json\" class=\"yoast-schema-graph\">{\"@context\":\"https:\/\/schema.org\",\"@graph\":[{\"@type\":\"WebPage\",\"@id\":\"https:\/\/librairie7l.com\/en\/produit\/les-verres-de-schneider\/\",\"url\":\"https:\/\/librairie7l.com\/en\/produit\/les-verres-de-schneider\/\",\"name\":\"LES VERRES DE SCHNEIDER - Librairie 7L\",\"isPartOf\":{\"@id\":\"https:\/\/librairie7l.com\/en\/#website\"},\"datePublished\":\"2023-05-09T15:32:23+00:00\",\"dateModified\":\"2026-04-16T05:37:58+00:00\",\"breadcrumb\":{\"@id\":\"https:\/\/librairie7l.com\/en\/produit\/les-verres-de-schneider\/#breadcrumb\"},\"inLanguage\":\"en-US\",\"potentialAction\":[{\"@type\":\"ReadAction\",\"target\":[\"https:\/\/librairie7l.com\/en\/produit\/les-verres-de-schneider\/\"]}]},{\"@type\":\"BreadcrumbList\",\"@id\":\"https:\/\/librairie7l.com\/en\/produit\/les-verres-de-schneider\/#breadcrumb\",\"itemListElement\":[{\"@type\":\"ListItem\",\"position\":1,\"name\":\"Accueil\",\"item\":\"https:\/\/librairie7l.com\/en\/\"},{\"@type\":\"ListItem\",\"position\":2,\"name\":\"Shop\",\"item\":\"https:\/\/librairie7l.com\/en\/shop\/\"},{\"@type\":\"ListItem\",\"position\":3,\"name\":\"LES VERRES DE SCHNEIDER\"}]},{\"@type\":\"WebSite\",\"@id\":\"https:\/\/librairie7l.com\/en\/#website\",\"url\":\"https:\/\/librairie7l.com\/en\/\",\"name\":\"Librairie 7L\",\"description\":\"Librairie fond\u00e9e en 1999 par Karl Lagerfeld \u00e0 Paris\",\"publisher\":{\"@id\":\"https:\/\/librairie7l.com\/en\/#organization\"},\"potentialAction\":[{\"@type\":\"SearchAction\",\"target\":{\"@type\":\"EntryPoint\",\"urlTemplate\":\"https:\/\/librairie7l.com\/en\/?s={search_term_string}\"},\"query-input\":\"required name=search_term_string\"}],\"inLanguage\":\"en-US\"},{\"@type\":\"Organization\",\"@id\":\"https:\/\/librairie7l.com\/en\/#organization\",\"name\":\"Librairie 7L\",\"url\":\"https:\/\/librairie7l.com\/en\/\",\"logo\":{\"@type\":\"ImageObject\",\"inLanguage\":\"en-US\",\"@id\":\"https:\/\/librairie7l.com\/en\/#\/schema\/logo\/image\/\",\"url\":\"https:\/\/librairie7l.com\/wp-content\/uploads\/2022\/08\/logo-1.png\",\"contentUrl\":\"https:\/\/librairie7l.com\/wp-content\/uploads\/2022\/08\/logo-1.png\",\"width\":227,\"height\":301,\"caption\":\"Librairie 7L\"},\"image\":{\"@id\":\"https:\/\/librairie7l.com\/en\/#\/schema\/logo\/image\/\"}}]}<\/script>\n<!-- \/ Yoast SEO plugin. -->","yoast_head_json":{"title":"LES VERRES DE SCHNEIDER - Librairie 7L","robots":{"index":"index","follow":"follow","max-snippet":"max-snippet:-1","max-image-preview":"max-image-preview:large","max-video-preview":"max-video-preview:-1"},"canonical":"https:\/\/librairie7l.com\/en\/produit\/les-verres-de-schneider\/","og_locale":"en_US","og_type":"article","og_title":"LES VERRES DE SCHNEIDER - Librairie 7L","og_description":"D&#8217;abord influenc\u00e9 par l&#8217;Art nouveau, Charles Schneider fit \u00e9voluer son art de mani\u00e8re pr\u00e9coce vers des formes et des d\u00e9cors davantage \u00e9pur\u00e9s et stylis\u00e9s. Ses recherches constantes autour de la couleur aboutissent \u00e0 des teintes \u00e9clatantes, tant\u00f4t uniformes, tant\u00f4t d\u00e9grad\u00e9es, tant\u00f4t mouchet\u00e9es, qui font tout le charme de ses pi\u00e8ces. Face \u00e0 tant d&#8217;\u00e9l\u00e9gance et [&hellip;]","og_url":"https:\/\/librairie7l.com\/en\/produit\/les-verres-de-schneider\/","og_site_name":"Librairie 7L","article_modified_time":"2026-04-16T05:37:58+00:00","og_image":[{"width":200,"height":274,"url":"https:\/\/librairie7l.com\/wp-content\/uploads\/2023\/01\/9782878443332_1_75.jpg","type":"image\/jpeg"}],"twitter_card":"summary_large_image","twitter_misc":{"Est. reading time":"1 minute"},"schema":{"@context":"https:\/\/schema.org","@graph":[{"@type":"WebPage","@id":"https:\/\/librairie7l.com\/en\/produit\/les-verres-de-schneider\/","url":"https:\/\/librairie7l.com\/en\/produit\/les-verres-de-schneider\/","name":"LES VERRES DE SCHNEIDER - Librairie 7L","isPartOf":{"@id":"https:\/\/librairie7l.com\/en\/#website"},"datePublished":"2023-05-09T15:32:23+00:00","dateModified":"2026-04-16T05:37:58+00:00","breadcrumb":{"@id":"https:\/\/librairie7l.com\/en\/produit\/les-verres-de-schneider\/#breadcrumb"},"inLanguage":"en-US","potentialAction":[{"@type":"ReadAction","target":["https:\/\/librairie7l.com\/en\/produit\/les-verres-de-schneider\/"]}]},{"@type":"BreadcrumbList","@id":"https:\/\/librairie7l.com\/en\/produit\/les-verres-de-schneider\/#breadcrumb","itemListElement":[{"@type":"ListItem","position":1,"name":"Accueil","item":"https:\/\/librairie7l.com\/en\/"},{"@type":"ListItem","position":2,"name":"Shop","item":"https:\/\/librairie7l.com\/en\/shop\/"},{"@type":"ListItem","position":3,"name":"LES VERRES DE SCHNEIDER"}]},{"@type":"WebSite","@id":"https:\/\/librairie7l.com\/en\/#website","url":"https:\/\/librairie7l.com\/en\/","name":"Librairie 7L","description":"Librairie fond\u00e9e en 1999 par Karl Lagerfeld \u00e0 Paris","publisher":{"@id":"https:\/\/librairie7l.com\/en\/#organization"},"potentialAction":[{"@type":"SearchAction","target":{"@type":"EntryPoint","urlTemplate":"https:\/\/librairie7l.com\/en\/?s={search_term_string}"},"query-input":"required name=search_term_string"}],"inLanguage":"en-US"},{"@type":"Organization","@id":"https:\/\/librairie7l.com\/en\/#organization","name":"Librairie 7L","url":"https:\/\/librairie7l.com\/en\/","logo":{"@type":"ImageObject","inLanguage":"en-US","@id":"https:\/\/librairie7l.com\/en\/#\/schema\/logo\/image\/","url":"https:\/\/librairie7l.com\/wp-content\/uploads\/2022\/08\/logo-1.png","contentUrl":"https:\/\/librairie7l.com\/wp-content\/uploads\/2022\/08\/logo-1.png","width":227,"height":301,"caption":"Librairie 7L"},"image":{"@id":"https:\/\/librairie7l.com\/en\/#\/schema\/logo\/image\/"}}]}},"_links":{"self":[{"href":"https:\/\/librairie7l.com\/en\/wp-json\/wp\/v2\/product\/17523"}],"collection":[{"href":"https:\/\/librairie7l.com\/en\/wp-json\/wp\/v2\/product"}],"about":[{"href":"https:\/\/librairie7l.com\/en\/wp-json\/wp\/v2\/types\/product"}],"wp:featuredmedia":[{"embeddable":true,"href":"https:\/\/librairie7l.com\/en\/wp-json\/wp\/v2\/media\/17521"}],"wp:attachment":[{"href":"https:\/\/librairie7l.com\/en\/wp-json\/wp\/v2\/media?parent=17523"}],"wp:term":[{"taxonomy":"product_cat","embeddable":true,"href":"https:\/\/librairie7l.com\/en\/wp-json\/wp\/v2\/product_cat?post=17523"},{"taxonomy":"product_tag","embeddable":true,"href":"https:\/\/librairie7l.com\/en\/wp-json\/wp\/v2\/product_tag?post=17523"}],"curies":[{"name":"wp","href":"https:\/\/api.w.org\/{rel}","templated":true}]}}