{"id":17531,"date":"2023-05-09T17:32:29","date_gmt":"2023-05-09T15:32:29","guid":{"rendered":"https:\/\/librairie7l.com\/?post_type=product&#038;p=17531"},"modified":"2026-04-18T16:26:20","modified_gmt":"2026-04-18T14:26:20","slug":"valerie-jouve","status":"publish","type":"product","link":"https:\/\/librairie7l.com\/en\/produit\/valerie-jouve\/","title":{"rendered":"VAL\u00c9RIE JOUVE"},"content":{"rendered":"<p>\u00abUne oeuvre qui part du sol ou bien qui s&#8217;\u00e9l\u00e8ve pour mieux se pencher permet de voir ce que l&#8217;humain doit \u00e0 ses terres. Ce qui est \u00e9ternel \u00e0 nos yeux, comme l&#8217;arbre centenaire ou le rocher mill\u00e9naire, est le rep\u00e8re de la description. L&#8217;arrangement des photographies entre elles parvient d\u00e9sormais \u00e0 produire un conte. Une histoire sans explication.\u00bbMichel Poivert\u00abEn \u00e9cho aux nouvelles pratiques botaniques r\u00e9unies sous l&#8217;enseigne de la permaculture (consistant \u00e0 concentrer et optimiser les potentialit\u00e9s d&#8217;un \u00e9cosyst\u00e8me et de plantations sur un terrain a priori infertile ou d\u00e9sertifi\u00e9), les photographies de Val\u00e9rie Jouve se veulent des exp\u00e9riences intensives (d\u00e9li\u00e9es dans le temps et ancr\u00e9es dans la terre) de red\u00e9finition et de requalification des territoires perdus et colonis\u00e9s &#8211; au sens strict et figur\u00e9 &#8211; par un autre \u00c9tat ou par l&#8217;urbanisation sauvage.\u00bbMorad Montazami<\/p>\n","protected":false},"excerpt":{"rendered":"<p>\u00abUne oeuvre qui part du sol ou bien qui s&#8217;\u00e9l\u00e8ve pour mieux se pencher permet de voir ce que l&#8217;humain doit \u00e0 ses terres. Ce qui est \u00e9ternel \u00e0 nos yeux, comme l&#8217;arbre centenaire ou le rocher mill\u00e9naire, est le rep\u00e8re de la description. L&#8217;arrangement des photographies entre elles parvient d\u00e9sormais \u00e0 produire un conte. [&hellip;]<\/p>\n","protected":false},"featured_media":17529,"template":"","meta":[],"product_cat":[55,2948,47,2953],"product_tag":[],"acf":[],"yoast_head":"<!-- This site is optimized with the Yoast SEO plugin v20.11 - https:\/\/yoast.com\/wordpress\/plugins\/seo\/ -->\n<title>VAL\u00c9RIE JOUVE - Librairie 7L<\/title>\n<meta name=\"robots\" content=\"index, follow, max-snippet:-1, max-image-preview:large, max-video-preview:-1\" \/>\n<link rel=\"canonical\" href=\"https:\/\/librairie7l.com\/en\/produit\/valerie-jouve\/\" \/>\n<meta property=\"og:locale\" content=\"en_US\" \/>\n<meta property=\"og:type\" content=\"article\" \/>\n<meta property=\"og:title\" content=\"VAL\u00c9RIE JOUVE - Librairie 7L\" \/>\n<meta property=\"og:description\" content=\"\u00abUne oeuvre qui part du sol ou bien qui s&#8217;\u00e9l\u00e8ve pour mieux se pencher permet de voir ce que l&#8217;humain doit \u00e0 ses terres. Ce qui est \u00e9ternel \u00e0 nos yeux, comme l&#8217;arbre centenaire ou le rocher mill\u00e9naire, est le rep\u00e8re de la description. L&#8217;arrangement des photographies entre elles parvient d\u00e9sormais \u00e0 produire un conte. [&hellip;]\" \/>\n<meta property=\"og:url\" content=\"https:\/\/librairie7l.com\/en\/produit\/valerie-jouve\/\" \/>\n<meta property=\"og:site_name\" content=\"Librairie 7L\" \/>\n<meta property=\"article:modified_time\" content=\"2026-04-18T14:26:20+00:00\" \/>\n<meta property=\"og:image\" content=\"https:\/\/librairie7l.com\/wp-content\/uploads\/2022\/11\/9782080252135_1_75.jpg\" \/>\n\t<meta property=\"og:image:width\" content=\"600\" \/>\n\t<meta property=\"og:image:height\" content=\"694\" \/>\n\t<meta property=\"og:image:type\" content=\"image\/jpeg\" \/>\n<meta name=\"twitter:card\" content=\"summary_large_image\" \/>\n<meta name=\"twitter:label1\" content=\"Est. reading time\" \/>\n\t<meta name=\"twitter:data1\" content=\"1 minute\" \/>\n<script type=\"application\/ld+json\" class=\"yoast-schema-graph\">{\"@context\":\"https:\/\/schema.org\",\"@graph\":[{\"@type\":\"WebPage\",\"@id\":\"https:\/\/librairie7l.com\/en\/produit\/valerie-jouve\/\",\"url\":\"https:\/\/librairie7l.com\/en\/produit\/valerie-jouve\/\",\"name\":\"VAL\u00c9RIE JOUVE - Librairie 7L\",\"isPartOf\":{\"@id\":\"https:\/\/librairie7l.com\/en\/#website\"},\"datePublished\":\"2023-05-09T15:32:29+00:00\",\"dateModified\":\"2026-04-18T14:26:20+00:00\",\"breadcrumb\":{\"@id\":\"https:\/\/librairie7l.com\/en\/produit\/valerie-jouve\/#breadcrumb\"},\"inLanguage\":\"en-US\",\"potentialAction\":[{\"@type\":\"ReadAction\",\"target\":[\"https:\/\/librairie7l.com\/en\/produit\/valerie-jouve\/\"]}]},{\"@type\":\"BreadcrumbList\",\"@id\":\"https:\/\/librairie7l.com\/en\/produit\/valerie-jouve\/#breadcrumb\",\"itemListElement\":[{\"@type\":\"ListItem\",\"position\":1,\"name\":\"Accueil\",\"item\":\"https:\/\/librairie7l.com\/en\/\"},{\"@type\":\"ListItem\",\"position\":2,\"name\":\"Shop\",\"item\":\"https:\/\/librairie7l.com\/en\/shop\/\"},{\"@type\":\"ListItem\",\"position\":3,\"name\":\"VAL\u00c9RIE JOUVE\"}]},{\"@type\":\"WebSite\",\"@id\":\"https:\/\/librairie7l.com\/en\/#website\",\"url\":\"https:\/\/librairie7l.com\/en\/\",\"name\":\"Librairie 7L\",\"description\":\"Librairie fond\u00e9e en 1999 par Karl Lagerfeld \u00e0 Paris\",\"publisher\":{\"@id\":\"https:\/\/librairie7l.com\/en\/#organization\"},\"potentialAction\":[{\"@type\":\"SearchAction\",\"target\":{\"@type\":\"EntryPoint\",\"urlTemplate\":\"https:\/\/librairie7l.com\/en\/?s={search_term_string}\"},\"query-input\":\"required name=search_term_string\"}],\"inLanguage\":\"en-US\"},{\"@type\":\"Organization\",\"@id\":\"https:\/\/librairie7l.com\/en\/#organization\",\"name\":\"Librairie 7L\",\"url\":\"https:\/\/librairie7l.com\/en\/\",\"logo\":{\"@type\":\"ImageObject\",\"inLanguage\":\"en-US\",\"@id\":\"https:\/\/librairie7l.com\/en\/#\/schema\/logo\/image\/\",\"url\":\"https:\/\/librairie7l.com\/wp-content\/uploads\/2022\/08\/logo-1.png\",\"contentUrl\":\"https:\/\/librairie7l.com\/wp-content\/uploads\/2022\/08\/logo-1.png\",\"width\":227,\"height\":301,\"caption\":\"Librairie 7L\"},\"image\":{\"@id\":\"https:\/\/librairie7l.com\/en\/#\/schema\/logo\/image\/\"}}]}<\/script>\n<!-- \/ Yoast SEO plugin. -->","yoast_head_json":{"title":"VAL\u00c9RIE JOUVE - Librairie 7L","robots":{"index":"index","follow":"follow","max-snippet":"max-snippet:-1","max-image-preview":"max-image-preview:large","max-video-preview":"max-video-preview:-1"},"canonical":"https:\/\/librairie7l.com\/en\/produit\/valerie-jouve\/","og_locale":"en_US","og_type":"article","og_title":"VAL\u00c9RIE JOUVE - Librairie 7L","og_description":"\u00abUne oeuvre qui part du sol ou bien qui s&#8217;\u00e9l\u00e8ve pour mieux se pencher permet de voir ce que l&#8217;humain doit \u00e0 ses terres. Ce qui est \u00e9ternel \u00e0 nos yeux, comme l&#8217;arbre centenaire ou le rocher mill\u00e9naire, est le rep\u00e8re de la description. L&#8217;arrangement des photographies entre elles parvient d\u00e9sormais \u00e0 produire un conte. [&hellip;]","og_url":"https:\/\/librairie7l.com\/en\/produit\/valerie-jouve\/","og_site_name":"Librairie 7L","article_modified_time":"2026-04-18T14:26:20+00:00","og_image":[{"width":600,"height":694,"url":"https:\/\/librairie7l.com\/wp-content\/uploads\/2022\/11\/9782080252135_1_75.jpg","type":"image\/jpeg"}],"twitter_card":"summary_large_image","twitter_misc":{"Est. reading time":"1 minute"},"schema":{"@context":"https:\/\/schema.org","@graph":[{"@type":"WebPage","@id":"https:\/\/librairie7l.com\/en\/produit\/valerie-jouve\/","url":"https:\/\/librairie7l.com\/en\/produit\/valerie-jouve\/","name":"VAL\u00c9RIE JOUVE - Librairie 7L","isPartOf":{"@id":"https:\/\/librairie7l.com\/en\/#website"},"datePublished":"2023-05-09T15:32:29+00:00","dateModified":"2026-04-18T14:26:20+00:00","breadcrumb":{"@id":"https:\/\/librairie7l.com\/en\/produit\/valerie-jouve\/#breadcrumb"},"inLanguage":"en-US","potentialAction":[{"@type":"ReadAction","target":["https:\/\/librairie7l.com\/en\/produit\/valerie-jouve\/"]}]},{"@type":"BreadcrumbList","@id":"https:\/\/librairie7l.com\/en\/produit\/valerie-jouve\/#breadcrumb","itemListElement":[{"@type":"ListItem","position":1,"name":"Accueil","item":"https:\/\/librairie7l.com\/en\/"},{"@type":"ListItem","position":2,"name":"Shop","item":"https:\/\/librairie7l.com\/en\/shop\/"},{"@type":"ListItem","position":3,"name":"VAL\u00c9RIE JOUVE"}]},{"@type":"WebSite","@id":"https:\/\/librairie7l.com\/en\/#website","url":"https:\/\/librairie7l.com\/en\/","name":"Librairie 7L","description":"Librairie fond\u00e9e en 1999 par Karl Lagerfeld \u00e0 Paris","publisher":{"@id":"https:\/\/librairie7l.com\/en\/#organization"},"potentialAction":[{"@type":"SearchAction","target":{"@type":"EntryPoint","urlTemplate":"https:\/\/librairie7l.com\/en\/?s={search_term_string}"},"query-input":"required name=search_term_string"}],"inLanguage":"en-US"},{"@type":"Organization","@id":"https:\/\/librairie7l.com\/en\/#organization","name":"Librairie 7L","url":"https:\/\/librairie7l.com\/en\/","logo":{"@type":"ImageObject","inLanguage":"en-US","@id":"https:\/\/librairie7l.com\/en\/#\/schema\/logo\/image\/","url":"https:\/\/librairie7l.com\/wp-content\/uploads\/2022\/08\/logo-1.png","contentUrl":"https:\/\/librairie7l.com\/wp-content\/uploads\/2022\/08\/logo-1.png","width":227,"height":301,"caption":"Librairie 7L"},"image":{"@id":"https:\/\/librairie7l.com\/en\/#\/schema\/logo\/image\/"}}]}},"_links":{"self":[{"href":"https:\/\/librairie7l.com\/en\/wp-json\/wp\/v2\/product\/17531"}],"collection":[{"href":"https:\/\/librairie7l.com\/en\/wp-json\/wp\/v2\/product"}],"about":[{"href":"https:\/\/librairie7l.com\/en\/wp-json\/wp\/v2\/types\/product"}],"wp:featuredmedia":[{"embeddable":true,"href":"https:\/\/librairie7l.com\/en\/wp-json\/wp\/v2\/media\/17529"}],"wp:attachment":[{"href":"https:\/\/librairie7l.com\/en\/wp-json\/wp\/v2\/media?parent=17531"}],"wp:term":[{"taxonomy":"product_cat","embeddable":true,"href":"https:\/\/librairie7l.com\/en\/wp-json\/wp\/v2\/product_cat?post=17531"},{"taxonomy":"product_tag","embeddable":true,"href":"https:\/\/librairie7l.com\/en\/wp-json\/wp\/v2\/product_tag?post=17531"}],"curies":[{"name":"wp","href":"https:\/\/api.w.org\/{rel}","templated":true}]}}