{"id":17583,"date":"2023-05-09T17:33:13","date_gmt":"2023-05-09T15:33:13","guid":{"rendered":"https:\/\/librairie7l.com\/?post_type=product&#038;p=17583"},"modified":"2026-05-02T10:05:57","modified_gmt":"2026-05-02T08:05:57","slug":"anri-sala-maps-species-illustrations-couleur","status":"publish","type":"product","link":"https:\/\/librairie7l.com\/en\/produit\/anri-sala-maps-species-illustrations-couleur\/","title":{"rendered":"ANRI SALA : MAPS \/ SPECIES"},"content":{"rendered":"<p>La s\u00e9rie \u00ab Untitled (Maps\/Species, 2018-2022) d&#8217;Anri Sala est constitu\u00e9e de diptyques  qui font dialoguer, \u00e0 l&#8217;int\u00e9rieur des vingt-quatre vitrines du Passage de la Bourse de  Commerce, une gravure zoologique du XVIIIe si\u00e8cle avec un dessin r\u00e9alis\u00e9 \u00e0 l&#8217;encre et au  pastel par l&#8217;artiste. Ce cycle fait \u00e9cho \u00e0 l&#8217;immense toile maroufl\u00e9e qui \u00e9pouse l&#8217;\u00e9paule de  la Rotonde. Sous forme d&#8217;un leporello \u00e0 d\u00e9plier recto-verso, ce livre rend compte de ce  projet dans le contexte de sa pr\u00e9sentation.<\/p>\n","protected":false},"excerpt":{"rendered":"<p>La s\u00e9rie \u00ab Untitled (Maps\/Species, 2018-2022) d&#8217;Anri Sala est constitu\u00e9e de diptyques qui font dialoguer, \u00e0 l&#8217;int\u00e9rieur des vingt-quatre vitrines du Passage de la Bourse de Commerce, une gravure zoologique du XVIIIe si\u00e8cle avec un dessin r\u00e9alis\u00e9 \u00e0 l&#8217;encre et au pastel par l&#8217;artiste. Ce cycle fait \u00e9cho \u00e0 l&#8217;immense toile maroufl\u00e9e qui \u00e9pouse l&#8217;\u00e9paule [&hellip;]<\/p>\n","protected":false},"featured_media":17581,"template":"","meta":[],"product_cat":[55,2948,47,2953],"product_tag":[],"acf":[],"yoast_head":"<!-- This site is optimized with the Yoast SEO plugin v20.11 - https:\/\/yoast.com\/wordpress\/plugins\/seo\/ -->\n<title>ANRI SALA : MAPS \/ SPECIES - Librairie 7L<\/title>\n<meta name=\"robots\" content=\"index, follow, max-snippet:-1, max-image-preview:large, max-video-preview:-1\" \/>\n<link rel=\"canonical\" href=\"https:\/\/librairie7l.com\/en\/produit\/anri-sala-maps-species-illustrations-couleur\/\" \/>\n<meta property=\"og:locale\" content=\"en_US\" \/>\n<meta property=\"og:type\" content=\"article\" \/>\n<meta property=\"og:title\" content=\"ANRI SALA : MAPS \/ SPECIES - Librairie 7L\" \/>\n<meta property=\"og:description\" content=\"La s\u00e9rie \u00ab Untitled (Maps\/Species, 2018-2022) d&#8217;Anri Sala est constitu\u00e9e de diptyques qui font dialoguer, \u00e0 l&#8217;int\u00e9rieur des vingt-quatre vitrines du Passage de la Bourse de Commerce, une gravure zoologique du XVIIIe si\u00e8cle avec un dessin r\u00e9alis\u00e9 \u00e0 l&#8217;encre et au pastel par l&#8217;artiste. Ce cycle fait \u00e9cho \u00e0 l&#8217;immense toile maroufl\u00e9e qui \u00e9pouse l&#8217;\u00e9paule [&hellip;]\" \/>\n<meta property=\"og:url\" content=\"https:\/\/librairie7l.com\/en\/produit\/anri-sala-maps-species-illustrations-couleur\/\" \/>\n<meta property=\"og:site_name\" content=\"Librairie 7L\" \/>\n<meta property=\"article:modified_time\" content=\"2026-05-02T08:05:57+00:00\" \/>\n<meta property=\"og:image\" content=\"https:\/\/librairie7l.com\/wp-content\/uploads\/2022\/12\/9782373721720_1_75.jpg\" \/>\n\t<meta property=\"og:image:width\" content=\"462\" \/>\n\t<meta property=\"og:image:height\" content=\"807\" \/>\n\t<meta property=\"og:image:type\" content=\"image\/jpeg\" \/>\n<meta name=\"twitter:card\" content=\"summary_large_image\" \/>\n<script type=\"application\/ld+json\" class=\"yoast-schema-graph\">{\"@context\":\"https:\/\/schema.org\",\"@graph\":[{\"@type\":\"WebPage\",\"@id\":\"https:\/\/librairie7l.com\/en\/produit\/anri-sala-maps-species-illustrations-couleur\/\",\"url\":\"https:\/\/librairie7l.com\/en\/produit\/anri-sala-maps-species-illustrations-couleur\/\",\"name\":\"ANRI SALA : MAPS \/ SPECIES - Librairie 7L\",\"isPartOf\":{\"@id\":\"https:\/\/librairie7l.com\/en\/#website\"},\"datePublished\":\"2023-05-09T15:33:13+00:00\",\"dateModified\":\"2026-05-02T08:05:57+00:00\",\"breadcrumb\":{\"@id\":\"https:\/\/librairie7l.com\/en\/produit\/anri-sala-maps-species-illustrations-couleur\/#breadcrumb\"},\"inLanguage\":\"en-US\",\"potentialAction\":[{\"@type\":\"ReadAction\",\"target\":[\"https:\/\/librairie7l.com\/en\/produit\/anri-sala-maps-species-illustrations-couleur\/\"]}]},{\"@type\":\"BreadcrumbList\",\"@id\":\"https:\/\/librairie7l.com\/en\/produit\/anri-sala-maps-species-illustrations-couleur\/#breadcrumb\",\"itemListElement\":[{\"@type\":\"ListItem\",\"position\":1,\"name\":\"Accueil\",\"item\":\"https:\/\/librairie7l.com\/en\/\"},{\"@type\":\"ListItem\",\"position\":2,\"name\":\"Shop\",\"item\":\"https:\/\/librairie7l.com\/en\/shop\/\"},{\"@type\":\"ListItem\",\"position\":3,\"name\":\"ANRI SALA : MAPS \/ SPECIES\"}]},{\"@type\":\"WebSite\",\"@id\":\"https:\/\/librairie7l.com\/en\/#website\",\"url\":\"https:\/\/librairie7l.com\/en\/\",\"name\":\"Librairie 7L\",\"description\":\"Librairie fond\u00e9e en 1999 par Karl Lagerfeld \u00e0 Paris\",\"publisher\":{\"@id\":\"https:\/\/librairie7l.com\/en\/#organization\"},\"potentialAction\":[{\"@type\":\"SearchAction\",\"target\":{\"@type\":\"EntryPoint\",\"urlTemplate\":\"https:\/\/librairie7l.com\/en\/?s={search_term_string}\"},\"query-input\":\"required name=search_term_string\"}],\"inLanguage\":\"en-US\"},{\"@type\":\"Organization\",\"@id\":\"https:\/\/librairie7l.com\/en\/#organization\",\"name\":\"Librairie 7L\",\"url\":\"https:\/\/librairie7l.com\/en\/\",\"logo\":{\"@type\":\"ImageObject\",\"inLanguage\":\"en-US\",\"@id\":\"https:\/\/librairie7l.com\/en\/#\/schema\/logo\/image\/\",\"url\":\"https:\/\/librairie7l.com\/wp-content\/uploads\/2022\/08\/logo-1.png\",\"contentUrl\":\"https:\/\/librairie7l.com\/wp-content\/uploads\/2022\/08\/logo-1.png\",\"width\":227,\"height\":301,\"caption\":\"Librairie 7L\"},\"image\":{\"@id\":\"https:\/\/librairie7l.com\/en\/#\/schema\/logo\/image\/\"}}]}<\/script>\n<!-- \/ Yoast SEO plugin. -->","yoast_head_json":{"title":"ANRI SALA : MAPS \/ SPECIES - Librairie 7L","robots":{"index":"index","follow":"follow","max-snippet":"max-snippet:-1","max-image-preview":"max-image-preview:large","max-video-preview":"max-video-preview:-1"},"canonical":"https:\/\/librairie7l.com\/en\/produit\/anri-sala-maps-species-illustrations-couleur\/","og_locale":"en_US","og_type":"article","og_title":"ANRI SALA : MAPS \/ SPECIES - Librairie 7L","og_description":"La s\u00e9rie \u00ab Untitled (Maps\/Species, 2018-2022) d&#8217;Anri Sala est constitu\u00e9e de diptyques qui font dialoguer, \u00e0 l&#8217;int\u00e9rieur des vingt-quatre vitrines du Passage de la Bourse de Commerce, une gravure zoologique du XVIIIe si\u00e8cle avec un dessin r\u00e9alis\u00e9 \u00e0 l&#8217;encre et au pastel par l&#8217;artiste. Ce cycle fait \u00e9cho \u00e0 l&#8217;immense toile maroufl\u00e9e qui \u00e9pouse l&#8217;\u00e9paule [&hellip;]","og_url":"https:\/\/librairie7l.com\/en\/produit\/anri-sala-maps-species-illustrations-couleur\/","og_site_name":"Librairie 7L","article_modified_time":"2026-05-02T08:05:57+00:00","og_image":[{"width":462,"height":807,"url":"https:\/\/librairie7l.com\/wp-content\/uploads\/2022\/12\/9782373721720_1_75.jpg","type":"image\/jpeg"}],"twitter_card":"summary_large_image","schema":{"@context":"https:\/\/schema.org","@graph":[{"@type":"WebPage","@id":"https:\/\/librairie7l.com\/en\/produit\/anri-sala-maps-species-illustrations-couleur\/","url":"https:\/\/librairie7l.com\/en\/produit\/anri-sala-maps-species-illustrations-couleur\/","name":"ANRI SALA : MAPS \/ SPECIES - Librairie 7L","isPartOf":{"@id":"https:\/\/librairie7l.com\/en\/#website"},"datePublished":"2023-05-09T15:33:13+00:00","dateModified":"2026-05-02T08:05:57+00:00","breadcrumb":{"@id":"https:\/\/librairie7l.com\/en\/produit\/anri-sala-maps-species-illustrations-couleur\/#breadcrumb"},"inLanguage":"en-US","potentialAction":[{"@type":"ReadAction","target":["https:\/\/librairie7l.com\/en\/produit\/anri-sala-maps-species-illustrations-couleur\/"]}]},{"@type":"BreadcrumbList","@id":"https:\/\/librairie7l.com\/en\/produit\/anri-sala-maps-species-illustrations-couleur\/#breadcrumb","itemListElement":[{"@type":"ListItem","position":1,"name":"Accueil","item":"https:\/\/librairie7l.com\/en\/"},{"@type":"ListItem","position":2,"name":"Shop","item":"https:\/\/librairie7l.com\/en\/shop\/"},{"@type":"ListItem","position":3,"name":"ANRI SALA : MAPS \/ SPECIES"}]},{"@type":"WebSite","@id":"https:\/\/librairie7l.com\/en\/#website","url":"https:\/\/librairie7l.com\/en\/","name":"Librairie 7L","description":"Librairie fond\u00e9e en 1999 par Karl Lagerfeld \u00e0 Paris","publisher":{"@id":"https:\/\/librairie7l.com\/en\/#organization"},"potentialAction":[{"@type":"SearchAction","target":{"@type":"EntryPoint","urlTemplate":"https:\/\/librairie7l.com\/en\/?s={search_term_string}"},"query-input":"required name=search_term_string"}],"inLanguage":"en-US"},{"@type":"Organization","@id":"https:\/\/librairie7l.com\/en\/#organization","name":"Librairie 7L","url":"https:\/\/librairie7l.com\/en\/","logo":{"@type":"ImageObject","inLanguage":"en-US","@id":"https:\/\/librairie7l.com\/en\/#\/schema\/logo\/image\/","url":"https:\/\/librairie7l.com\/wp-content\/uploads\/2022\/08\/logo-1.png","contentUrl":"https:\/\/librairie7l.com\/wp-content\/uploads\/2022\/08\/logo-1.png","width":227,"height":301,"caption":"Librairie 7L"},"image":{"@id":"https:\/\/librairie7l.com\/en\/#\/schema\/logo\/image\/"}}]}},"_links":{"self":[{"href":"https:\/\/librairie7l.com\/en\/wp-json\/wp\/v2\/product\/17583"}],"collection":[{"href":"https:\/\/librairie7l.com\/en\/wp-json\/wp\/v2\/product"}],"about":[{"href":"https:\/\/librairie7l.com\/en\/wp-json\/wp\/v2\/types\/product"}],"wp:featuredmedia":[{"embeddable":true,"href":"https:\/\/librairie7l.com\/en\/wp-json\/wp\/v2\/media\/17581"}],"wp:attachment":[{"href":"https:\/\/librairie7l.com\/en\/wp-json\/wp\/v2\/media?parent=17583"}],"wp:term":[{"taxonomy":"product_cat","embeddable":true,"href":"https:\/\/librairie7l.com\/en\/wp-json\/wp\/v2\/product_cat?post=17583"},{"taxonomy":"product_tag","embeddable":true,"href":"https:\/\/librairie7l.com\/en\/wp-json\/wp\/v2\/product_tag?post=17583"}],"curies":[{"name":"wp","href":"https:\/\/api.w.org\/{rel}","templated":true}]}}