{"id":17591,"date":"2023-05-09T17:33:19","date_gmt":"2023-05-09T15:33:19","guid":{"rendered":"https:\/\/librairie7l.com\/?post_type=product&#038;p=17591"},"modified":"2026-04-05T11:37:40","modified_gmt":"2026-04-05T09:37:40","slug":"world-tour-voyage-imaginaire-et-paysage-du-monde-dapres-b2-98","status":"publish","type":"product","link":"https:\/\/librairie7l.com\/en\/produit\/world-tour-voyage-imaginaire-et-paysage-du-monde-dapres-b2-98\/","title":{"rendered":"WORLD TOUR VOYAGE : IMAGINAIRE ET PAYSAGE DU MONDE D&#8217;APR\u00c8S (B2-98)"},"content":{"rendered":"<p>Le d\u00e9clin des \u00e9nergies fossiles, le \u00abbilan carbone\u00bb de nos loisirs, les pand\u00e9mies et la r\u00e9invention des migrations saisonni\u00e8res de masse dans les bookings en derni\u00e8re minute de l&#8217;\u00e9conomie num\u00e9rique ont mis \u00e0 mal les pr\u00e9visions des professionnels du tourisme. Dans le m\u00eame temps, l&#8217;abolition des distances par visio nous \u00e9loigne de l&#8217;exp\u00e9rience incarn\u00e9e du voyage aussi s\u00fbrement que s&#8217;interp\u00e9n\u00e8trent des socialit\u00e9s publiques, professionnelles et domestiques dans la nouvelle g\u00e9ographie de nos vies. Entre lieux de r\u00e9sidence routiniers et confins aussi dangereux qu&#8217;inatteignables se r\u00e9organisent la vacance d&#8217;un \u00abtourisme interm\u00e9diaire\u00bb s\u00e9curis\u00e9 et de proximit\u00e9, mais aussi la r\u00e9invention de fictions lointaines, d&#8217;utopies terrestres o\u00f9 nous n&#8217;iront plus jamais&#8230;<\/p>\n","protected":false},"excerpt":{"rendered":"<p>Le d\u00e9clin des \u00e9nergies fossiles, le \u00abbilan carbone\u00bb de nos loisirs, les pand\u00e9mies et la r\u00e9invention des migrations saisonni\u00e8res de masse dans les bookings en derni\u00e8re minute de l&#8217;\u00e9conomie num\u00e9rique ont mis \u00e0 mal les pr\u00e9visions des professionnels du tourisme. Dans le m\u00eame temps, l&#8217;abolition des distances par visio nous \u00e9loigne de l&#8217;exp\u00e9rience incarn\u00e9e du [&hellip;]<\/p>\n","protected":false},"featured_media":17589,"template":"","meta":[],"product_cat":[55,2948,22,2950],"product_tag":[],"acf":[],"yoast_head":"<!-- This site is optimized with the Yoast SEO plugin v20.11 - https:\/\/yoast.com\/wordpress\/plugins\/seo\/ -->\n<title>WORLD TOUR VOYAGE : IMAGINAIRE ET PAYSAGE DU MONDE D&#039;APR\u00c8S (B2-98) - Librairie 7L<\/title>\n<meta name=\"robots\" content=\"index, follow, max-snippet:-1, max-image-preview:large, max-video-preview:-1\" \/>\n<link rel=\"canonical\" href=\"https:\/\/librairie7l.com\/en\/produit\/world-tour-voyage-imaginaire-et-paysage-du-monde-dapres-b2-98\/\" \/>\n<meta property=\"og:locale\" content=\"en_US\" \/>\n<meta property=\"og:type\" content=\"article\" \/>\n<meta property=\"og:title\" content=\"WORLD TOUR VOYAGE : IMAGINAIRE ET PAYSAGE DU MONDE D&#039;APR\u00c8S (B2-98) - Librairie 7L\" \/>\n<meta property=\"og:description\" content=\"Le d\u00e9clin des \u00e9nergies fossiles, le \u00abbilan carbone\u00bb de nos loisirs, les pand\u00e9mies et la r\u00e9invention des migrations saisonni\u00e8res de masse dans les bookings en derni\u00e8re minute de l&#8217;\u00e9conomie num\u00e9rique ont mis \u00e0 mal les pr\u00e9visions des professionnels du tourisme. Dans le m\u00eame temps, l&#8217;abolition des distances par visio nous \u00e9loigne de l&#8217;exp\u00e9rience incarn\u00e9e du [&hellip;]\" \/>\n<meta property=\"og:url\" content=\"https:\/\/librairie7l.com\/en\/produit\/world-tour-voyage-imaginaire-et-paysage-du-monde-dapres-b2-98\/\" \/>\n<meta property=\"og:site_name\" content=\"Librairie 7L\" \/>\n<meta property=\"article:modified_time\" content=\"2026-04-05T09:37:40+00:00\" \/>\n<meta property=\"og:image\" content=\"https:\/\/librairie7l.com\/wp-content\/uploads\/2022\/05\/9782365091237_1_75.jpg\" \/>\n\t<meta property=\"og:image:width\" content=\"334\" \/>\n\t<meta property=\"og:image:height\" content=\"500\" \/>\n\t<meta property=\"og:image:type\" content=\"image\/jpeg\" \/>\n<meta name=\"twitter:card\" content=\"summary_large_image\" \/>\n<meta name=\"twitter:label1\" content=\"Est. reading time\" \/>\n\t<meta name=\"twitter:data1\" content=\"1 minute\" \/>\n<script type=\"application\/ld+json\" class=\"yoast-schema-graph\">{\"@context\":\"https:\/\/schema.org\",\"@graph\":[{\"@type\":\"WebPage\",\"@id\":\"https:\/\/librairie7l.com\/en\/produit\/world-tour-voyage-imaginaire-et-paysage-du-monde-dapres-b2-98\/\",\"url\":\"https:\/\/librairie7l.com\/en\/produit\/world-tour-voyage-imaginaire-et-paysage-du-monde-dapres-b2-98\/\",\"name\":\"WORLD TOUR VOYAGE : IMAGINAIRE ET PAYSAGE DU MONDE D'APR\u00c8S (B2-98) - Librairie 7L\",\"isPartOf\":{\"@id\":\"https:\/\/librairie7l.com\/en\/#website\"},\"datePublished\":\"2023-05-09T15:33:19+00:00\",\"dateModified\":\"2026-04-05T09:37:40+00:00\",\"breadcrumb\":{\"@id\":\"https:\/\/librairie7l.com\/en\/produit\/world-tour-voyage-imaginaire-et-paysage-du-monde-dapres-b2-98\/#breadcrumb\"},\"inLanguage\":\"en-US\",\"potentialAction\":[{\"@type\":\"ReadAction\",\"target\":[\"https:\/\/librairie7l.com\/en\/produit\/world-tour-voyage-imaginaire-et-paysage-du-monde-dapres-b2-98\/\"]}]},{\"@type\":\"BreadcrumbList\",\"@id\":\"https:\/\/librairie7l.com\/en\/produit\/world-tour-voyage-imaginaire-et-paysage-du-monde-dapres-b2-98\/#breadcrumb\",\"itemListElement\":[{\"@type\":\"ListItem\",\"position\":1,\"name\":\"Accueil\",\"item\":\"https:\/\/librairie7l.com\/en\/\"},{\"@type\":\"ListItem\",\"position\":2,\"name\":\"Shop\",\"item\":\"https:\/\/librairie7l.com\/en\/shop\/\"},{\"@type\":\"ListItem\",\"position\":3,\"name\":\"WORLD TOUR VOYAGE : IMAGINAIRE ET PAYSAGE DU MONDE D&#8217;APR\u00c8S (B2-98)\"}]},{\"@type\":\"WebSite\",\"@id\":\"https:\/\/librairie7l.com\/en\/#website\",\"url\":\"https:\/\/librairie7l.com\/en\/\",\"name\":\"Librairie 7L\",\"description\":\"Librairie fond\u00e9e en 1999 par Karl Lagerfeld \u00e0 Paris\",\"publisher\":{\"@id\":\"https:\/\/librairie7l.com\/en\/#organization\"},\"potentialAction\":[{\"@type\":\"SearchAction\",\"target\":{\"@type\":\"EntryPoint\",\"urlTemplate\":\"https:\/\/librairie7l.com\/en\/?s={search_term_string}\"},\"query-input\":\"required name=search_term_string\"}],\"inLanguage\":\"en-US\"},{\"@type\":\"Organization\",\"@id\":\"https:\/\/librairie7l.com\/en\/#organization\",\"name\":\"Librairie 7L\",\"url\":\"https:\/\/librairie7l.com\/en\/\",\"logo\":{\"@type\":\"ImageObject\",\"inLanguage\":\"en-US\",\"@id\":\"https:\/\/librairie7l.com\/en\/#\/schema\/logo\/image\/\",\"url\":\"https:\/\/librairie7l.com\/wp-content\/uploads\/2022\/08\/logo-1.png\",\"contentUrl\":\"https:\/\/librairie7l.com\/wp-content\/uploads\/2022\/08\/logo-1.png\",\"width\":227,\"height\":301,\"caption\":\"Librairie 7L\"},\"image\":{\"@id\":\"https:\/\/librairie7l.com\/en\/#\/schema\/logo\/image\/\"}}]}<\/script>\n<!-- \/ Yoast SEO plugin. -->","yoast_head_json":{"title":"WORLD TOUR VOYAGE : IMAGINAIRE ET PAYSAGE DU MONDE D'APR\u00c8S (B2-98) - Librairie 7L","robots":{"index":"index","follow":"follow","max-snippet":"max-snippet:-1","max-image-preview":"max-image-preview:large","max-video-preview":"max-video-preview:-1"},"canonical":"https:\/\/librairie7l.com\/en\/produit\/world-tour-voyage-imaginaire-et-paysage-du-monde-dapres-b2-98\/","og_locale":"en_US","og_type":"article","og_title":"WORLD TOUR VOYAGE : IMAGINAIRE ET PAYSAGE DU MONDE D'APR\u00c8S (B2-98) - Librairie 7L","og_description":"Le d\u00e9clin des \u00e9nergies fossiles, le \u00abbilan carbone\u00bb de nos loisirs, les pand\u00e9mies et la r\u00e9invention des migrations saisonni\u00e8res de masse dans les bookings en derni\u00e8re minute de l&#8217;\u00e9conomie num\u00e9rique ont mis \u00e0 mal les pr\u00e9visions des professionnels du tourisme. Dans le m\u00eame temps, l&#8217;abolition des distances par visio nous \u00e9loigne de l&#8217;exp\u00e9rience incarn\u00e9e du [&hellip;]","og_url":"https:\/\/librairie7l.com\/en\/produit\/world-tour-voyage-imaginaire-et-paysage-du-monde-dapres-b2-98\/","og_site_name":"Librairie 7L","article_modified_time":"2026-04-05T09:37:40+00:00","og_image":[{"width":334,"height":500,"url":"https:\/\/librairie7l.com\/wp-content\/uploads\/2022\/05\/9782365091237_1_75.jpg","type":"image\/jpeg"}],"twitter_card":"summary_large_image","twitter_misc":{"Est. reading time":"1 minute"},"schema":{"@context":"https:\/\/schema.org","@graph":[{"@type":"WebPage","@id":"https:\/\/librairie7l.com\/en\/produit\/world-tour-voyage-imaginaire-et-paysage-du-monde-dapres-b2-98\/","url":"https:\/\/librairie7l.com\/en\/produit\/world-tour-voyage-imaginaire-et-paysage-du-monde-dapres-b2-98\/","name":"WORLD TOUR VOYAGE : IMAGINAIRE ET PAYSAGE DU MONDE D'APR\u00c8S (B2-98) - Librairie 7L","isPartOf":{"@id":"https:\/\/librairie7l.com\/en\/#website"},"datePublished":"2023-05-09T15:33:19+00:00","dateModified":"2026-04-05T09:37:40+00:00","breadcrumb":{"@id":"https:\/\/librairie7l.com\/en\/produit\/world-tour-voyage-imaginaire-et-paysage-du-monde-dapres-b2-98\/#breadcrumb"},"inLanguage":"en-US","potentialAction":[{"@type":"ReadAction","target":["https:\/\/librairie7l.com\/en\/produit\/world-tour-voyage-imaginaire-et-paysage-du-monde-dapres-b2-98\/"]}]},{"@type":"BreadcrumbList","@id":"https:\/\/librairie7l.com\/en\/produit\/world-tour-voyage-imaginaire-et-paysage-du-monde-dapres-b2-98\/#breadcrumb","itemListElement":[{"@type":"ListItem","position":1,"name":"Accueil","item":"https:\/\/librairie7l.com\/en\/"},{"@type":"ListItem","position":2,"name":"Shop","item":"https:\/\/librairie7l.com\/en\/shop\/"},{"@type":"ListItem","position":3,"name":"WORLD TOUR VOYAGE : IMAGINAIRE ET PAYSAGE DU MONDE D&#8217;APR\u00c8S (B2-98)"}]},{"@type":"WebSite","@id":"https:\/\/librairie7l.com\/en\/#website","url":"https:\/\/librairie7l.com\/en\/","name":"Librairie 7L","description":"Librairie fond\u00e9e en 1999 par Karl Lagerfeld \u00e0 Paris","publisher":{"@id":"https:\/\/librairie7l.com\/en\/#organization"},"potentialAction":[{"@type":"SearchAction","target":{"@type":"EntryPoint","urlTemplate":"https:\/\/librairie7l.com\/en\/?s={search_term_string}"},"query-input":"required name=search_term_string"}],"inLanguage":"en-US"},{"@type":"Organization","@id":"https:\/\/librairie7l.com\/en\/#organization","name":"Librairie 7L","url":"https:\/\/librairie7l.com\/en\/","logo":{"@type":"ImageObject","inLanguage":"en-US","@id":"https:\/\/librairie7l.com\/en\/#\/schema\/logo\/image\/","url":"https:\/\/librairie7l.com\/wp-content\/uploads\/2022\/08\/logo-1.png","contentUrl":"https:\/\/librairie7l.com\/wp-content\/uploads\/2022\/08\/logo-1.png","width":227,"height":301,"caption":"Librairie 7L"},"image":{"@id":"https:\/\/librairie7l.com\/en\/#\/schema\/logo\/image\/"}}]}},"_links":{"self":[{"href":"https:\/\/librairie7l.com\/en\/wp-json\/wp\/v2\/product\/17591"}],"collection":[{"href":"https:\/\/librairie7l.com\/en\/wp-json\/wp\/v2\/product"}],"about":[{"href":"https:\/\/librairie7l.com\/en\/wp-json\/wp\/v2\/types\/product"}],"wp:featuredmedia":[{"embeddable":true,"href":"https:\/\/librairie7l.com\/en\/wp-json\/wp\/v2\/media\/17589"}],"wp:attachment":[{"href":"https:\/\/librairie7l.com\/en\/wp-json\/wp\/v2\/media?parent=17591"}],"wp:term":[{"taxonomy":"product_cat","embeddable":true,"href":"https:\/\/librairie7l.com\/en\/wp-json\/wp\/v2\/product_cat?post=17591"},{"taxonomy":"product_tag","embeddable":true,"href":"https:\/\/librairie7l.com\/en\/wp-json\/wp\/v2\/product_tag?post=17591"}],"curies":[{"name":"wp","href":"https:\/\/api.w.org\/{rel}","templated":true}]}}