{"id":17607,"date":"2023-05-09T17:33:31","date_gmt":"2023-05-09T15:33:31","guid":{"rendered":"https:\/\/librairie7l.com\/?post_type=product&#038;p=17607"},"modified":"2026-04-05T20:16:12","modified_gmt":"2026-04-05T18:16:12","slug":"talisman-a-lusage-des-meres-et-des-filles","status":"publish","type":"product","link":"https:\/\/librairie7l.com\/en\/produit\/talisman-a-lusage-des-meres-et-des-filles\/","title":{"rendered":"TALISMAN \u00c0 L&#8217;USAGE DES M\u00c8RES ET DES FILLES"},"content":{"rendered":"<p>Comment se construire avec une m\u00e8re omnipr\u00e9sente ? Comment conqu\u00e9rir sa libert\u00e9 ? De cet amour d\u00e9vorant, Nathalie Rykiel a fait une force et elle en a conserv\u00e9 toutes les traces, des mots, des dessins, autant de talismans.En une cinquantaine de dessins de Sonia Rykiel in\u00e9dits, auxquels r\u00e9pondent les mots et jeux de mots de Nathalie, voici le r\u00e9cit d&#8217;une relation unique entre deux femmes hors du commun, qui \u00e9voque de fa\u00e7on universelle les myst\u00e8res de la transmission. Un \u00e9mouvant cri d&#8217;amour \u00e0 toutes les m\u00e8res, \u00e0 toutes les filles&#8230;<\/p>\n","protected":false},"excerpt":{"rendered":"<p>Comment se construire avec une m\u00e8re omnipr\u00e9sente ? Comment conqu\u00e9rir sa libert\u00e9 ? De cet amour d\u00e9vorant, Nathalie Rykiel a fait une force et elle en a conserv\u00e9 toutes les traces, des mots, des dessins, autant de talismans.En une cinquantaine de dessins de Sonia Rykiel in\u00e9dits, auxquels r\u00e9pondent les mots et jeux de mots de [&hellip;]<\/p>\n","protected":false},"featured_media":17605,"template":"","meta":[],"product_cat":[55,2948,2957,19],"product_tag":[],"acf":[],"yoast_head":"<!-- This site is optimized with the Yoast SEO plugin v20.11 - https:\/\/yoast.com\/wordpress\/plugins\/seo\/ -->\n<title>TALISMAN \u00c0 L&#039;USAGE DES M\u00c8RES ET DES FILLES - Librairie 7L<\/title>\n<meta name=\"robots\" content=\"index, follow, max-snippet:-1, max-image-preview:large, max-video-preview:-1\" \/>\n<link rel=\"canonical\" href=\"https:\/\/librairie7l.com\/en\/produit\/talisman-a-lusage-des-meres-et-des-filles\/\" \/>\n<meta property=\"og:locale\" content=\"en_US\" \/>\n<meta property=\"og:type\" content=\"article\" \/>\n<meta property=\"og:title\" content=\"TALISMAN \u00c0 L&#039;USAGE DES M\u00c8RES ET DES FILLES - Librairie 7L\" \/>\n<meta property=\"og:description\" content=\"Comment se construire avec une m\u00e8re omnipr\u00e9sente ? Comment conqu\u00e9rir sa libert\u00e9 ? De cet amour d\u00e9vorant, Nathalie Rykiel a fait une force et elle en a conserv\u00e9 toutes les traces, des mots, des dessins, autant de talismans.En une cinquantaine de dessins de Sonia Rykiel in\u00e9dits, auxquels r\u00e9pondent les mots et jeux de mots de [&hellip;]\" \/>\n<meta property=\"og:url\" content=\"https:\/\/librairie7l.com\/en\/produit\/talisman-a-lusage-des-meres-et-des-filles\/\" \/>\n<meta property=\"og:site_name\" content=\"Librairie 7L\" \/>\n<meta property=\"article:modified_time\" content=\"2026-04-05T18:16:12+00:00\" \/>\n<meta property=\"og:image\" content=\"https:\/\/librairie7l.com\/wp-content\/uploads\/2021\/05\/9782080246356_1_75.jpg\" \/>\n\t<meta property=\"og:image:width\" content=\"600\" \/>\n\t<meta property=\"og:image:height\" content=\"851\" \/>\n\t<meta property=\"og:image:type\" content=\"image\/jpeg\" \/>\n<meta name=\"twitter:card\" content=\"summary_large_image\" \/>\n<script type=\"application\/ld+json\" class=\"yoast-schema-graph\">{\"@context\":\"https:\/\/schema.org\",\"@graph\":[{\"@type\":\"WebPage\",\"@id\":\"https:\/\/librairie7l.com\/en\/produit\/talisman-a-lusage-des-meres-et-des-filles\/\",\"url\":\"https:\/\/librairie7l.com\/en\/produit\/talisman-a-lusage-des-meres-et-des-filles\/\",\"name\":\"TALISMAN \u00c0 L'USAGE DES M\u00c8RES ET DES FILLES - Librairie 7L\",\"isPartOf\":{\"@id\":\"https:\/\/librairie7l.com\/en\/#website\"},\"datePublished\":\"2023-05-09T15:33:31+00:00\",\"dateModified\":\"2026-04-05T18:16:12+00:00\",\"breadcrumb\":{\"@id\":\"https:\/\/librairie7l.com\/en\/produit\/talisman-a-lusage-des-meres-et-des-filles\/#breadcrumb\"},\"inLanguage\":\"en-US\",\"potentialAction\":[{\"@type\":\"ReadAction\",\"target\":[\"https:\/\/librairie7l.com\/en\/produit\/talisman-a-lusage-des-meres-et-des-filles\/\"]}]},{\"@type\":\"BreadcrumbList\",\"@id\":\"https:\/\/librairie7l.com\/en\/produit\/talisman-a-lusage-des-meres-et-des-filles\/#breadcrumb\",\"itemListElement\":[{\"@type\":\"ListItem\",\"position\":1,\"name\":\"Accueil\",\"item\":\"https:\/\/librairie7l.com\/en\/\"},{\"@type\":\"ListItem\",\"position\":2,\"name\":\"Shop\",\"item\":\"https:\/\/librairie7l.com\/en\/shop\/\"},{\"@type\":\"ListItem\",\"position\":3,\"name\":\"TALISMAN \u00c0 L&#8217;USAGE DES M\u00c8RES ET DES FILLES\"}]},{\"@type\":\"WebSite\",\"@id\":\"https:\/\/librairie7l.com\/en\/#website\",\"url\":\"https:\/\/librairie7l.com\/en\/\",\"name\":\"Librairie 7L\",\"description\":\"Librairie fond\u00e9e en 1999 par Karl Lagerfeld \u00e0 Paris\",\"publisher\":{\"@id\":\"https:\/\/librairie7l.com\/en\/#organization\"},\"potentialAction\":[{\"@type\":\"SearchAction\",\"target\":{\"@type\":\"EntryPoint\",\"urlTemplate\":\"https:\/\/librairie7l.com\/en\/?s={search_term_string}\"},\"query-input\":\"required name=search_term_string\"}],\"inLanguage\":\"en-US\"},{\"@type\":\"Organization\",\"@id\":\"https:\/\/librairie7l.com\/en\/#organization\",\"name\":\"Librairie 7L\",\"url\":\"https:\/\/librairie7l.com\/en\/\",\"logo\":{\"@type\":\"ImageObject\",\"inLanguage\":\"en-US\",\"@id\":\"https:\/\/librairie7l.com\/en\/#\/schema\/logo\/image\/\",\"url\":\"https:\/\/librairie7l.com\/wp-content\/uploads\/2022\/08\/logo-1.png\",\"contentUrl\":\"https:\/\/librairie7l.com\/wp-content\/uploads\/2022\/08\/logo-1.png\",\"width\":227,\"height\":301,\"caption\":\"Librairie 7L\"},\"image\":{\"@id\":\"https:\/\/librairie7l.com\/en\/#\/schema\/logo\/image\/\"}}]}<\/script>\n<!-- \/ Yoast SEO plugin. -->","yoast_head_json":{"title":"TALISMAN \u00c0 L'USAGE DES M\u00c8RES ET DES FILLES - Librairie 7L","robots":{"index":"index","follow":"follow","max-snippet":"max-snippet:-1","max-image-preview":"max-image-preview:large","max-video-preview":"max-video-preview:-1"},"canonical":"https:\/\/librairie7l.com\/en\/produit\/talisman-a-lusage-des-meres-et-des-filles\/","og_locale":"en_US","og_type":"article","og_title":"TALISMAN \u00c0 L'USAGE DES M\u00c8RES ET DES FILLES - Librairie 7L","og_description":"Comment se construire avec une m\u00e8re omnipr\u00e9sente ? Comment conqu\u00e9rir sa libert\u00e9 ? De cet amour d\u00e9vorant, Nathalie Rykiel a fait une force et elle en a conserv\u00e9 toutes les traces, des mots, des dessins, autant de talismans.En une cinquantaine de dessins de Sonia Rykiel in\u00e9dits, auxquels r\u00e9pondent les mots et jeux de mots de [&hellip;]","og_url":"https:\/\/librairie7l.com\/en\/produit\/talisman-a-lusage-des-meres-et-des-filles\/","og_site_name":"Librairie 7L","article_modified_time":"2026-04-05T18:16:12+00:00","og_image":[{"width":600,"height":851,"url":"https:\/\/librairie7l.com\/wp-content\/uploads\/2021\/05\/9782080246356_1_75.jpg","type":"image\/jpeg"}],"twitter_card":"summary_large_image","schema":{"@context":"https:\/\/schema.org","@graph":[{"@type":"WebPage","@id":"https:\/\/librairie7l.com\/en\/produit\/talisman-a-lusage-des-meres-et-des-filles\/","url":"https:\/\/librairie7l.com\/en\/produit\/talisman-a-lusage-des-meres-et-des-filles\/","name":"TALISMAN \u00c0 L'USAGE DES M\u00c8RES ET DES FILLES - Librairie 7L","isPartOf":{"@id":"https:\/\/librairie7l.com\/en\/#website"},"datePublished":"2023-05-09T15:33:31+00:00","dateModified":"2026-04-05T18:16:12+00:00","breadcrumb":{"@id":"https:\/\/librairie7l.com\/en\/produit\/talisman-a-lusage-des-meres-et-des-filles\/#breadcrumb"},"inLanguage":"en-US","potentialAction":[{"@type":"ReadAction","target":["https:\/\/librairie7l.com\/en\/produit\/talisman-a-lusage-des-meres-et-des-filles\/"]}]},{"@type":"BreadcrumbList","@id":"https:\/\/librairie7l.com\/en\/produit\/talisman-a-lusage-des-meres-et-des-filles\/#breadcrumb","itemListElement":[{"@type":"ListItem","position":1,"name":"Accueil","item":"https:\/\/librairie7l.com\/en\/"},{"@type":"ListItem","position":2,"name":"Shop","item":"https:\/\/librairie7l.com\/en\/shop\/"},{"@type":"ListItem","position":3,"name":"TALISMAN \u00c0 L&#8217;USAGE DES M\u00c8RES ET DES FILLES"}]},{"@type":"WebSite","@id":"https:\/\/librairie7l.com\/en\/#website","url":"https:\/\/librairie7l.com\/en\/","name":"Librairie 7L","description":"Librairie fond\u00e9e en 1999 par Karl Lagerfeld \u00e0 Paris","publisher":{"@id":"https:\/\/librairie7l.com\/en\/#organization"},"potentialAction":[{"@type":"SearchAction","target":{"@type":"EntryPoint","urlTemplate":"https:\/\/librairie7l.com\/en\/?s={search_term_string}"},"query-input":"required name=search_term_string"}],"inLanguage":"en-US"},{"@type":"Organization","@id":"https:\/\/librairie7l.com\/en\/#organization","name":"Librairie 7L","url":"https:\/\/librairie7l.com\/en\/","logo":{"@type":"ImageObject","inLanguage":"en-US","@id":"https:\/\/librairie7l.com\/en\/#\/schema\/logo\/image\/","url":"https:\/\/librairie7l.com\/wp-content\/uploads\/2022\/08\/logo-1.png","contentUrl":"https:\/\/librairie7l.com\/wp-content\/uploads\/2022\/08\/logo-1.png","width":227,"height":301,"caption":"Librairie 7L"},"image":{"@id":"https:\/\/librairie7l.com\/en\/#\/schema\/logo\/image\/"}}]}},"_links":{"self":[{"href":"https:\/\/librairie7l.com\/en\/wp-json\/wp\/v2\/product\/17607"}],"collection":[{"href":"https:\/\/librairie7l.com\/en\/wp-json\/wp\/v2\/product"}],"about":[{"href":"https:\/\/librairie7l.com\/en\/wp-json\/wp\/v2\/types\/product"}],"wp:featuredmedia":[{"embeddable":true,"href":"https:\/\/librairie7l.com\/en\/wp-json\/wp\/v2\/media\/17605"}],"wp:attachment":[{"href":"https:\/\/librairie7l.com\/en\/wp-json\/wp\/v2\/media?parent=17607"}],"wp:term":[{"taxonomy":"product_cat","embeddable":true,"href":"https:\/\/librairie7l.com\/en\/wp-json\/wp\/v2\/product_cat?post=17607"},{"taxonomy":"product_tag","embeddable":true,"href":"https:\/\/librairie7l.com\/en\/wp-json\/wp\/v2\/product_tag?post=17607"}],"curies":[{"name":"wp","href":"https:\/\/api.w.org\/{rel}","templated":true}]}}