{"id":17619,"date":"2023-05-09T17:33:41","date_gmt":"2023-05-09T15:33:41","guid":{"rendered":"https:\/\/librairie7l.com\/?post_type=product&#038;p=17619"},"modified":"2026-04-18T15:15:30","modified_gmt":"2026-04-18T13:15:30","slug":"en-un-clin-doeil-2","status":"publish","type":"product","link":"https:\/\/librairie7l.com\/en\/produit\/en-un-clin-doeil-2\/","title":{"rendered":"EN UN CLIN D&#8217;OEIL"},"content":{"rendered":"<p>Walter Murch est le monteur et sound designer attitr\u00e9 de Francis Ford Coppola. Depuis quatre d\u00e9cennies, il a observ\u00e9, pratiqu\u00e9, analys\u00e9 et transform\u00e9 le montage cin\u00e9matographique. En un clin d&#8217;oeil est le r\u00e9cit de son exp\u00e9rience \u00e0 tous les cin\u00e9philes et apprentis monteurs.<br \/>\nMurch raconte les aventures les plus extraordinaires de sa carri\u00e8re, les diff\u00e9rentes \u00e9volutions technologiques et la mani\u00e8re dont elles ont transform\u00e9 son approche du montage. Il rend \u00e9galement compte des m\u00e9thodes personnelles qu&#8217;il n&#8217;a cess\u00e9 de r\u00e9inventer.<br \/>\nLe clin d&#8217;oeil, mais aussi la cuisine, les chimpanz\u00e9s, la m\u00e9decine, la danse, les \u00e9toiles. sont quelques unes des comparaisons et m\u00e9taphores convoqu\u00e9es par Murch afin de rendre claire, lumineuse, irr\u00e9sistiblement simple et parlante la description d&#8217;une pratique complexe. En un clin d&#8217;oeil est le livre de pens\u00e9es plein d&#8217;humour et d&#8217;anecdotes d&#8217;un inventeur soucieux de transmettre l&#8217;\u00ab aper\u00e7u d&#8217;une recherche personnelle d&#8217;\u00e9quilibre dont l&#8217;int\u00e9r\u00eat de la lecture tient plus au chemin parcouru qu&#8217;aux m\u00e9thodes sp\u00e9cifiques que ce chemin a engendr\u00e9es \u00bb.<br \/>\nLe livre s&#8217;ouvre par un avant-propos amical et \u00e9logieux de Francis Coppola et par une pr\u00e9face sp\u00e9cialement r\u00e9dig\u00e9e par Walter Murch pour cette traduction fran\u00e7aise.<\/p>\n","protected":false},"excerpt":{"rendered":"<p>Walter Murch est le monteur et sound designer attitr\u00e9 de Francis Ford Coppola. Depuis quatre d\u00e9cennies, il a observ\u00e9, pratiqu\u00e9, analys\u00e9 et transform\u00e9 le montage cin\u00e9matographique. En un clin d&#8217;oeil est le r\u00e9cit de son exp\u00e9rience \u00e0 tous les cin\u00e9philes et apprentis monteurs. Murch raconte les aventures les plus extraordinaires de sa carri\u00e8re, les diff\u00e9rentes [&hellip;]<\/p>\n","protected":false},"featured_media":17617,"template":"","meta":[],"product_cat":[55,2948,2958,17],"product_tag":[],"acf":[],"yoast_head":"<!-- This site is optimized with the Yoast SEO plugin v20.11 - https:\/\/yoast.com\/wordpress\/plugins\/seo\/ -->\n<title>EN UN CLIN D&#039;OEIL - Librairie 7L<\/title>\n<meta name=\"robots\" content=\"index, follow, max-snippet:-1, max-image-preview:large, max-video-preview:-1\" \/>\n<link rel=\"canonical\" href=\"https:\/\/librairie7l.com\/en\/produit\/en-un-clin-doeil-2\/\" \/>\n<meta property=\"og:locale\" content=\"en_US\" \/>\n<meta property=\"og:type\" content=\"article\" \/>\n<meta property=\"og:title\" content=\"EN UN CLIN D&#039;OEIL - Librairie 7L\" \/>\n<meta property=\"og:description\" content=\"Walter Murch est le monteur et sound designer attitr\u00e9 de Francis Ford Coppola. Depuis quatre d\u00e9cennies, il a observ\u00e9, pratiqu\u00e9, analys\u00e9 et transform\u00e9 le montage cin\u00e9matographique. En un clin d&#8217;oeil est le r\u00e9cit de son exp\u00e9rience \u00e0 tous les cin\u00e9philes et apprentis monteurs. Murch raconte les aventures les plus extraordinaires de sa carri\u00e8re, les diff\u00e9rentes [&hellip;]\" \/>\n<meta property=\"og:url\" content=\"https:\/\/librairie7l.com\/en\/produit\/en-un-clin-doeil-2\/\" \/>\n<meta property=\"og:site_name\" content=\"Librairie 7L\" \/>\n<meta property=\"article:modified_time\" content=\"2026-04-18T13:15:30+00:00\" \/>\n<meta property=\"og:image\" content=\"https:\/\/librairie7l.com\/wp-content\/uploads\/2011\/08\/9782918040309_1_75.jpg\" \/>\n\t<meta property=\"og:image:width\" content=\"362\" \/>\n\t<meta property=\"og:image:height\" content=\"559\" \/>\n\t<meta property=\"og:image:type\" content=\"image\/jpeg\" \/>\n<meta name=\"twitter:card\" content=\"summary_large_image\" \/>\n<meta name=\"twitter:label1\" content=\"Est. reading time\" \/>\n\t<meta name=\"twitter:data1\" content=\"1 minute\" \/>\n<script type=\"application\/ld+json\" class=\"yoast-schema-graph\">{\"@context\":\"https:\/\/schema.org\",\"@graph\":[{\"@type\":\"WebPage\",\"@id\":\"https:\/\/librairie7l.com\/en\/produit\/en-un-clin-doeil-2\/\",\"url\":\"https:\/\/librairie7l.com\/en\/produit\/en-un-clin-doeil-2\/\",\"name\":\"EN UN CLIN D'OEIL - Librairie 7L\",\"isPartOf\":{\"@id\":\"https:\/\/librairie7l.com\/en\/#website\"},\"datePublished\":\"2023-05-09T15:33:41+00:00\",\"dateModified\":\"2026-04-18T13:15:30+00:00\",\"breadcrumb\":{\"@id\":\"https:\/\/librairie7l.com\/en\/produit\/en-un-clin-doeil-2\/#breadcrumb\"},\"inLanguage\":\"en-US\",\"potentialAction\":[{\"@type\":\"ReadAction\",\"target\":[\"https:\/\/librairie7l.com\/en\/produit\/en-un-clin-doeil-2\/\"]}]},{\"@type\":\"BreadcrumbList\",\"@id\":\"https:\/\/librairie7l.com\/en\/produit\/en-un-clin-doeil-2\/#breadcrumb\",\"itemListElement\":[{\"@type\":\"ListItem\",\"position\":1,\"name\":\"Accueil\",\"item\":\"https:\/\/librairie7l.com\/en\/\"},{\"@type\":\"ListItem\",\"position\":2,\"name\":\"Shop\",\"item\":\"https:\/\/librairie7l.com\/en\/shop\/\"},{\"@type\":\"ListItem\",\"position\":3,\"name\":\"EN UN CLIN D&#8217;OEIL\"}]},{\"@type\":\"WebSite\",\"@id\":\"https:\/\/librairie7l.com\/en\/#website\",\"url\":\"https:\/\/librairie7l.com\/en\/\",\"name\":\"Librairie 7L\",\"description\":\"Librairie fond\u00e9e en 1999 par Karl Lagerfeld \u00e0 Paris\",\"publisher\":{\"@id\":\"https:\/\/librairie7l.com\/en\/#organization\"},\"potentialAction\":[{\"@type\":\"SearchAction\",\"target\":{\"@type\":\"EntryPoint\",\"urlTemplate\":\"https:\/\/librairie7l.com\/en\/?s={search_term_string}\"},\"query-input\":\"required name=search_term_string\"}],\"inLanguage\":\"en-US\"},{\"@type\":\"Organization\",\"@id\":\"https:\/\/librairie7l.com\/en\/#organization\",\"name\":\"Librairie 7L\",\"url\":\"https:\/\/librairie7l.com\/en\/\",\"logo\":{\"@type\":\"ImageObject\",\"inLanguage\":\"en-US\",\"@id\":\"https:\/\/librairie7l.com\/en\/#\/schema\/logo\/image\/\",\"url\":\"https:\/\/librairie7l.com\/wp-content\/uploads\/2022\/08\/logo-1.png\",\"contentUrl\":\"https:\/\/librairie7l.com\/wp-content\/uploads\/2022\/08\/logo-1.png\",\"width\":227,\"height\":301,\"caption\":\"Librairie 7L\"},\"image\":{\"@id\":\"https:\/\/librairie7l.com\/en\/#\/schema\/logo\/image\/\"}}]}<\/script>\n<!-- \/ Yoast SEO plugin. -->","yoast_head_json":{"title":"EN UN CLIN D'OEIL - Librairie 7L","robots":{"index":"index","follow":"follow","max-snippet":"max-snippet:-1","max-image-preview":"max-image-preview:large","max-video-preview":"max-video-preview:-1"},"canonical":"https:\/\/librairie7l.com\/en\/produit\/en-un-clin-doeil-2\/","og_locale":"en_US","og_type":"article","og_title":"EN UN CLIN D'OEIL - Librairie 7L","og_description":"Walter Murch est le monteur et sound designer attitr\u00e9 de Francis Ford Coppola. Depuis quatre d\u00e9cennies, il a observ\u00e9, pratiqu\u00e9, analys\u00e9 et transform\u00e9 le montage cin\u00e9matographique. En un clin d&#8217;oeil est le r\u00e9cit de son exp\u00e9rience \u00e0 tous les cin\u00e9philes et apprentis monteurs. Murch raconte les aventures les plus extraordinaires de sa carri\u00e8re, les diff\u00e9rentes [&hellip;]","og_url":"https:\/\/librairie7l.com\/en\/produit\/en-un-clin-doeil-2\/","og_site_name":"Librairie 7L","article_modified_time":"2026-04-18T13:15:30+00:00","og_image":[{"width":362,"height":559,"url":"https:\/\/librairie7l.com\/wp-content\/uploads\/2011\/08\/9782918040309_1_75.jpg","type":"image\/jpeg"}],"twitter_card":"summary_large_image","twitter_misc":{"Est. reading time":"1 minute"},"schema":{"@context":"https:\/\/schema.org","@graph":[{"@type":"WebPage","@id":"https:\/\/librairie7l.com\/en\/produit\/en-un-clin-doeil-2\/","url":"https:\/\/librairie7l.com\/en\/produit\/en-un-clin-doeil-2\/","name":"EN UN CLIN D'OEIL - Librairie 7L","isPartOf":{"@id":"https:\/\/librairie7l.com\/en\/#website"},"datePublished":"2023-05-09T15:33:41+00:00","dateModified":"2026-04-18T13:15:30+00:00","breadcrumb":{"@id":"https:\/\/librairie7l.com\/en\/produit\/en-un-clin-doeil-2\/#breadcrumb"},"inLanguage":"en-US","potentialAction":[{"@type":"ReadAction","target":["https:\/\/librairie7l.com\/en\/produit\/en-un-clin-doeil-2\/"]}]},{"@type":"BreadcrumbList","@id":"https:\/\/librairie7l.com\/en\/produit\/en-un-clin-doeil-2\/#breadcrumb","itemListElement":[{"@type":"ListItem","position":1,"name":"Accueil","item":"https:\/\/librairie7l.com\/en\/"},{"@type":"ListItem","position":2,"name":"Shop","item":"https:\/\/librairie7l.com\/en\/shop\/"},{"@type":"ListItem","position":3,"name":"EN UN CLIN D&#8217;OEIL"}]},{"@type":"WebSite","@id":"https:\/\/librairie7l.com\/en\/#website","url":"https:\/\/librairie7l.com\/en\/","name":"Librairie 7L","description":"Librairie fond\u00e9e en 1999 par Karl Lagerfeld \u00e0 Paris","publisher":{"@id":"https:\/\/librairie7l.com\/en\/#organization"},"potentialAction":[{"@type":"SearchAction","target":{"@type":"EntryPoint","urlTemplate":"https:\/\/librairie7l.com\/en\/?s={search_term_string}"},"query-input":"required name=search_term_string"}],"inLanguage":"en-US"},{"@type":"Organization","@id":"https:\/\/librairie7l.com\/en\/#organization","name":"Librairie 7L","url":"https:\/\/librairie7l.com\/en\/","logo":{"@type":"ImageObject","inLanguage":"en-US","@id":"https:\/\/librairie7l.com\/en\/#\/schema\/logo\/image\/","url":"https:\/\/librairie7l.com\/wp-content\/uploads\/2022\/08\/logo-1.png","contentUrl":"https:\/\/librairie7l.com\/wp-content\/uploads\/2022\/08\/logo-1.png","width":227,"height":301,"caption":"Librairie 7L"},"image":{"@id":"https:\/\/librairie7l.com\/en\/#\/schema\/logo\/image\/"}}]}},"_links":{"self":[{"href":"https:\/\/librairie7l.com\/en\/wp-json\/wp\/v2\/product\/17619"}],"collection":[{"href":"https:\/\/librairie7l.com\/en\/wp-json\/wp\/v2\/product"}],"about":[{"href":"https:\/\/librairie7l.com\/en\/wp-json\/wp\/v2\/types\/product"}],"wp:featuredmedia":[{"embeddable":true,"href":"https:\/\/librairie7l.com\/en\/wp-json\/wp\/v2\/media\/17617"}],"wp:attachment":[{"href":"https:\/\/librairie7l.com\/en\/wp-json\/wp\/v2\/media?parent=17619"}],"wp:term":[{"taxonomy":"product_cat","embeddable":true,"href":"https:\/\/librairie7l.com\/en\/wp-json\/wp\/v2\/product_cat?post=17619"},{"taxonomy":"product_tag","embeddable":true,"href":"https:\/\/librairie7l.com\/en\/wp-json\/wp\/v2\/product_tag?post=17619"}],"curies":[{"name":"wp","href":"https:\/\/api.w.org\/{rel}","templated":true}]}}