{"id":17631,"date":"2023-05-09T17:33:51","date_gmt":"2023-05-09T15:33:51","guid":{"rendered":"https:\/\/librairie7l.com\/?post_type=product&#038;p=17631"},"modified":"2026-05-05T04:37:23","modified_gmt":"2026-05-05T02:37:23","slug":"madeleine-castaing-mecene-a-montparnasse-decoratrice-a-saint-germain-des-pres","status":"publish","type":"product","link":"https:\/\/librairie7l.com\/en\/produit\/madeleine-castaing-mecene-a-montparnasse-decoratrice-a-saint-germain-des-pres\/","title":{"rendered":"MADELEINE CASTAING; M\u00c9C\u00c8NE \u00c0 MONTPARNASSE, D\u00c9CORATRICE \u00c0 SAINT-GERMAIN-DES-PR\u00c9S"},"content":{"rendered":"<p>Esth\u00e8te et m\u00e9c\u00e8ne, Madeleine Castaing (1894-1992) est surtout connue aujourd&#8217;hui pour son oeuvre de d\u00e9coratrice. Elle con\u00e7ut les int\u00e9rieurs d&#8217;un XIXe si\u00e8cle fantasm\u00e9 et fit de sa boutique parisienne, rue Jacob, un temple du go\u00fbt et de la conversation. Mais bien avant d&#8217;am\u00e9nager la maison de Jean Cocteau \u00e0 Millyla-For\u00eat, elle c\u00f4toya la boh\u00e8me de Montparnasse et lan\u00e7a le peintre Cha\u00efm Soutine. Personnalit\u00e9 infiniment singuli\u00e8re et turbulente, elle inspira le personnage de Julietta \u00e0 Louise de Vilmorin et eut pour amis Erik Satie, Pablo Picasso &#8211; selon qui elle \u00e9tait \u00ab la plus jolie femme de Paris \u00bb -, Blaise Cendrars, Maurice Sachs, Marcel Jouhandeau, Violette Leduc, Christian B\u00e9rard et beaucoup d&#8217;autres. Apr\u00e8s avoir \u00e9t\u00e9 une stakhanoviste du bonheur conjugal et une m\u00e9c\u00e8ne aussi inspir\u00e9e que manipulatrice, Madeleine Castaing fut, au cours des vingt-cinq derni\u00e8res ann\u00e9es de sa tr\u00e8s longue vie, une Maud qui collectionna les jeunes Harold.<\/p>\n","protected":false},"excerpt":{"rendered":"<p>Esth\u00e8te et m\u00e9c\u00e8ne, Madeleine Castaing (1894-1992) est surtout connue aujourd&#8217;hui pour son oeuvre de d\u00e9coratrice. Elle con\u00e7ut les int\u00e9rieurs d&#8217;un XIXe si\u00e8cle fantasm\u00e9 et fit de sa boutique parisienne, rue Jacob, un temple du go\u00fbt et de la conversation. Mais bien avant d&#8217;am\u00e9nager la maison de Jean Cocteau \u00e0 Millyla-For\u00eat, elle c\u00f4toya la boh\u00e8me de [&hellip;]<\/p>\n","protected":false},"featured_media":17629,"template":"","meta":[],"product_cat":[55,2948,46,2951],"product_tag":[],"acf":[],"yoast_head":"<!-- This site is optimized with the Yoast SEO plugin v20.11 - https:\/\/yoast.com\/wordpress\/plugins\/seo\/ -->\n<title>MADELEINE CASTAING; M\u00c9C\u00c8NE \u00c0 MONTPARNASSE, D\u00c9CORATRICE \u00c0 SAINT-GERMAIN-DES-PR\u00c9S - Librairie 7L<\/title>\n<meta name=\"robots\" content=\"index, follow, max-snippet:-1, max-image-preview:large, max-video-preview:-1\" \/>\n<link rel=\"canonical\" href=\"https:\/\/librairie7l.com\/en\/produit\/madeleine-castaing-mecene-a-montparnasse-decoratrice-a-saint-germain-des-pres\/\" \/>\n<meta property=\"og:locale\" content=\"en_US\" \/>\n<meta property=\"og:type\" content=\"article\" \/>\n<meta property=\"og:title\" content=\"MADELEINE CASTAING; M\u00c9C\u00c8NE \u00c0 MONTPARNASSE, D\u00c9CORATRICE \u00c0 SAINT-GERMAIN-DES-PR\u00c9S - Librairie 7L\" \/>\n<meta property=\"og:description\" content=\"Esth\u00e8te et m\u00e9c\u00e8ne, Madeleine Castaing (1894-1992) est surtout connue aujourd&#8217;hui pour son oeuvre de d\u00e9coratrice. Elle con\u00e7ut les int\u00e9rieurs d&#8217;un XIXe si\u00e8cle fantasm\u00e9 et fit de sa boutique parisienne, rue Jacob, un temple du go\u00fbt et de la conversation. Mais bien avant d&#8217;am\u00e9nager la maison de Jean Cocteau \u00e0 Millyla-For\u00eat, elle c\u00f4toya la boh\u00e8me de [&hellip;]\" \/>\n<meta property=\"og:url\" content=\"https:\/\/librairie7l.com\/en\/produit\/madeleine-castaing-mecene-a-montparnasse-decoratrice-a-saint-germain-des-pres\/\" \/>\n<meta property=\"og:site_name\" content=\"Librairie 7L\" \/>\n<meta property=\"article:modified_time\" content=\"2026-05-05T02:37:23+00:00\" \/>\n<meta property=\"og:image\" content=\"https:\/\/librairie7l.com\/wp-content\/uploads\/2021\/02\/9782228926416_1_75.jpg\" \/>\n\t<meta property=\"og:image:width\" content=\"331\" \/>\n\t<meta property=\"og:image:height\" content=\"500\" \/>\n\t<meta property=\"og:image:type\" content=\"image\/jpeg\" \/>\n<meta name=\"twitter:card\" content=\"summary_large_image\" \/>\n<meta name=\"twitter:label1\" content=\"Est. reading time\" \/>\n\t<meta name=\"twitter:data1\" content=\"1 minute\" \/>\n<script type=\"application\/ld+json\" class=\"yoast-schema-graph\">{\"@context\":\"https:\/\/schema.org\",\"@graph\":[{\"@type\":\"WebPage\",\"@id\":\"https:\/\/librairie7l.com\/en\/produit\/madeleine-castaing-mecene-a-montparnasse-decoratrice-a-saint-germain-des-pres\/\",\"url\":\"https:\/\/librairie7l.com\/en\/produit\/madeleine-castaing-mecene-a-montparnasse-decoratrice-a-saint-germain-des-pres\/\",\"name\":\"MADELEINE CASTAING; M\u00c9C\u00c8NE \u00c0 MONTPARNASSE, D\u00c9CORATRICE \u00c0 SAINT-GERMAIN-DES-PR\u00c9S - Librairie 7L\",\"isPartOf\":{\"@id\":\"https:\/\/librairie7l.com\/en\/#website\"},\"datePublished\":\"2023-05-09T15:33:51+00:00\",\"dateModified\":\"2026-05-05T02:37:23+00:00\",\"breadcrumb\":{\"@id\":\"https:\/\/librairie7l.com\/en\/produit\/madeleine-castaing-mecene-a-montparnasse-decoratrice-a-saint-germain-des-pres\/#breadcrumb\"},\"inLanguage\":\"en-US\",\"potentialAction\":[{\"@type\":\"ReadAction\",\"target\":[\"https:\/\/librairie7l.com\/en\/produit\/madeleine-castaing-mecene-a-montparnasse-decoratrice-a-saint-germain-des-pres\/\"]}]},{\"@type\":\"BreadcrumbList\",\"@id\":\"https:\/\/librairie7l.com\/en\/produit\/madeleine-castaing-mecene-a-montparnasse-decoratrice-a-saint-germain-des-pres\/#breadcrumb\",\"itemListElement\":[{\"@type\":\"ListItem\",\"position\":1,\"name\":\"Accueil\",\"item\":\"https:\/\/librairie7l.com\/en\/\"},{\"@type\":\"ListItem\",\"position\":2,\"name\":\"Shop\",\"item\":\"https:\/\/librairie7l.com\/en\/shop\/\"},{\"@type\":\"ListItem\",\"position\":3,\"name\":\"MADELEINE CASTAING; M\u00c9C\u00c8NE \u00c0 MONTPARNASSE, D\u00c9CORATRICE \u00c0 SAINT-GERMAIN-DES-PR\u00c9S\"}]},{\"@type\":\"WebSite\",\"@id\":\"https:\/\/librairie7l.com\/en\/#website\",\"url\":\"https:\/\/librairie7l.com\/en\/\",\"name\":\"Librairie 7L\",\"description\":\"Librairie fond\u00e9e en 1999 par Karl Lagerfeld \u00e0 Paris\",\"publisher\":{\"@id\":\"https:\/\/librairie7l.com\/en\/#organization\"},\"potentialAction\":[{\"@type\":\"SearchAction\",\"target\":{\"@type\":\"EntryPoint\",\"urlTemplate\":\"https:\/\/librairie7l.com\/en\/?s={search_term_string}\"},\"query-input\":\"required name=search_term_string\"}],\"inLanguage\":\"en-US\"},{\"@type\":\"Organization\",\"@id\":\"https:\/\/librairie7l.com\/en\/#organization\",\"name\":\"Librairie 7L\",\"url\":\"https:\/\/librairie7l.com\/en\/\",\"logo\":{\"@type\":\"ImageObject\",\"inLanguage\":\"en-US\",\"@id\":\"https:\/\/librairie7l.com\/en\/#\/schema\/logo\/image\/\",\"url\":\"https:\/\/librairie7l.com\/wp-content\/uploads\/2022\/08\/logo-1.png\",\"contentUrl\":\"https:\/\/librairie7l.com\/wp-content\/uploads\/2022\/08\/logo-1.png\",\"width\":227,\"height\":301,\"caption\":\"Librairie 7L\"},\"image\":{\"@id\":\"https:\/\/librairie7l.com\/en\/#\/schema\/logo\/image\/\"}}]}<\/script>\n<!-- \/ Yoast SEO plugin. -->","yoast_head_json":{"title":"MADELEINE CASTAING; M\u00c9C\u00c8NE \u00c0 MONTPARNASSE, D\u00c9CORATRICE \u00c0 SAINT-GERMAIN-DES-PR\u00c9S - Librairie 7L","robots":{"index":"index","follow":"follow","max-snippet":"max-snippet:-1","max-image-preview":"max-image-preview:large","max-video-preview":"max-video-preview:-1"},"canonical":"https:\/\/librairie7l.com\/en\/produit\/madeleine-castaing-mecene-a-montparnasse-decoratrice-a-saint-germain-des-pres\/","og_locale":"en_US","og_type":"article","og_title":"MADELEINE CASTAING; M\u00c9C\u00c8NE \u00c0 MONTPARNASSE, D\u00c9CORATRICE \u00c0 SAINT-GERMAIN-DES-PR\u00c9S - Librairie 7L","og_description":"Esth\u00e8te et m\u00e9c\u00e8ne, Madeleine Castaing (1894-1992) est surtout connue aujourd&#8217;hui pour son oeuvre de d\u00e9coratrice. Elle con\u00e7ut les int\u00e9rieurs d&#8217;un XIXe si\u00e8cle fantasm\u00e9 et fit de sa boutique parisienne, rue Jacob, un temple du go\u00fbt et de la conversation. Mais bien avant d&#8217;am\u00e9nager la maison de Jean Cocteau \u00e0 Millyla-For\u00eat, elle c\u00f4toya la boh\u00e8me de [&hellip;]","og_url":"https:\/\/librairie7l.com\/en\/produit\/madeleine-castaing-mecene-a-montparnasse-decoratrice-a-saint-germain-des-pres\/","og_site_name":"Librairie 7L","article_modified_time":"2026-05-05T02:37:23+00:00","og_image":[{"width":331,"height":500,"url":"https:\/\/librairie7l.com\/wp-content\/uploads\/2021\/02\/9782228926416_1_75.jpg","type":"image\/jpeg"}],"twitter_card":"summary_large_image","twitter_misc":{"Est. reading time":"1 minute"},"schema":{"@context":"https:\/\/schema.org","@graph":[{"@type":"WebPage","@id":"https:\/\/librairie7l.com\/en\/produit\/madeleine-castaing-mecene-a-montparnasse-decoratrice-a-saint-germain-des-pres\/","url":"https:\/\/librairie7l.com\/en\/produit\/madeleine-castaing-mecene-a-montparnasse-decoratrice-a-saint-germain-des-pres\/","name":"MADELEINE CASTAING; M\u00c9C\u00c8NE \u00c0 MONTPARNASSE, D\u00c9CORATRICE \u00c0 SAINT-GERMAIN-DES-PR\u00c9S - Librairie 7L","isPartOf":{"@id":"https:\/\/librairie7l.com\/en\/#website"},"datePublished":"2023-05-09T15:33:51+00:00","dateModified":"2026-05-05T02:37:23+00:00","breadcrumb":{"@id":"https:\/\/librairie7l.com\/en\/produit\/madeleine-castaing-mecene-a-montparnasse-decoratrice-a-saint-germain-des-pres\/#breadcrumb"},"inLanguage":"en-US","potentialAction":[{"@type":"ReadAction","target":["https:\/\/librairie7l.com\/en\/produit\/madeleine-castaing-mecene-a-montparnasse-decoratrice-a-saint-germain-des-pres\/"]}]},{"@type":"BreadcrumbList","@id":"https:\/\/librairie7l.com\/en\/produit\/madeleine-castaing-mecene-a-montparnasse-decoratrice-a-saint-germain-des-pres\/#breadcrumb","itemListElement":[{"@type":"ListItem","position":1,"name":"Accueil","item":"https:\/\/librairie7l.com\/en\/"},{"@type":"ListItem","position":2,"name":"Shop","item":"https:\/\/librairie7l.com\/en\/shop\/"},{"@type":"ListItem","position":3,"name":"MADELEINE CASTAING; M\u00c9C\u00c8NE \u00c0 MONTPARNASSE, D\u00c9CORATRICE \u00c0 SAINT-GERMAIN-DES-PR\u00c9S"}]},{"@type":"WebSite","@id":"https:\/\/librairie7l.com\/en\/#website","url":"https:\/\/librairie7l.com\/en\/","name":"Librairie 7L","description":"Librairie fond\u00e9e en 1999 par Karl Lagerfeld \u00e0 Paris","publisher":{"@id":"https:\/\/librairie7l.com\/en\/#organization"},"potentialAction":[{"@type":"SearchAction","target":{"@type":"EntryPoint","urlTemplate":"https:\/\/librairie7l.com\/en\/?s={search_term_string}"},"query-input":"required name=search_term_string"}],"inLanguage":"en-US"},{"@type":"Organization","@id":"https:\/\/librairie7l.com\/en\/#organization","name":"Librairie 7L","url":"https:\/\/librairie7l.com\/en\/","logo":{"@type":"ImageObject","inLanguage":"en-US","@id":"https:\/\/librairie7l.com\/en\/#\/schema\/logo\/image\/","url":"https:\/\/librairie7l.com\/wp-content\/uploads\/2022\/08\/logo-1.png","contentUrl":"https:\/\/librairie7l.com\/wp-content\/uploads\/2022\/08\/logo-1.png","width":227,"height":301,"caption":"Librairie 7L"},"image":{"@id":"https:\/\/librairie7l.com\/en\/#\/schema\/logo\/image\/"}}]}},"_links":{"self":[{"href":"https:\/\/librairie7l.com\/en\/wp-json\/wp\/v2\/product\/17631"}],"collection":[{"href":"https:\/\/librairie7l.com\/en\/wp-json\/wp\/v2\/product"}],"about":[{"href":"https:\/\/librairie7l.com\/en\/wp-json\/wp\/v2\/types\/product"}],"wp:featuredmedia":[{"embeddable":true,"href":"https:\/\/librairie7l.com\/en\/wp-json\/wp\/v2\/media\/17629"}],"wp:attachment":[{"href":"https:\/\/librairie7l.com\/en\/wp-json\/wp\/v2\/media?parent=17631"}],"wp:term":[{"taxonomy":"product_cat","embeddable":true,"href":"https:\/\/librairie7l.com\/en\/wp-json\/wp\/v2\/product_cat?post=17631"},{"taxonomy":"product_tag","embeddable":true,"href":"https:\/\/librairie7l.com\/en\/wp-json\/wp\/v2\/product_tag?post=17631"}],"curies":[{"name":"wp","href":"https:\/\/api.w.org\/{rel}","templated":true}]}}