{"id":17643,"date":"2023-05-09T17:34:00","date_gmt":"2023-05-09T15:34:00","guid":{"rendered":"https:\/\/librairie7l.com\/?post_type=product&#038;p=17643"},"modified":"2026-04-14T19:47:49","modified_gmt":"2026-04-14T17:47:49","slug":"newton-le-masculin-photographique","status":"publish","type":"product","link":"https:\/\/librairie7l.com\/en\/produit\/newton-le-masculin-photographique\/","title":{"rendered":"NEWTON, LE MASCULIN PHOTOGRAPHIQUE"},"content":{"rendered":"<p>Fassbinder, clap de fin est consacr\u00e9 aux derni\u00e8res ann\u00e9es du c\u00e9l\u00e8bre r\u00e9alisateur allemand, notamment \u00e0 son ultime film, Querelle, adapt\u00e9 du roman de Jean Genet. Analysant tour \u00e0 tour la vie et l&#8217;oeuvre de Fassbinder, Guillaume de Sardes montre combien l&#8217;une et l&#8217;autre sont li\u00e9es, toutes deux marqu\u00e9es par le rejet des normes bourgeoises et une fascination pour les marges et leurs occupants. Cin\u00e9aste radical, Fassbinder a fait de son existence la mati\u00e8re m\u00eame de son oeuvre laissant derri\u00e8re lui des films froids, pr\u00e9sentant une soci\u00e9t\u00e9 min\u00e9e par le d\u00e9sir.<\/p>\n","protected":false},"excerpt":{"rendered":"<p>Fassbinder, clap de fin est consacr\u00e9 aux derni\u00e8res ann\u00e9es du c\u00e9l\u00e8bre r\u00e9alisateur allemand, notamment \u00e0 son ultime film, Querelle, adapt\u00e9 du roman de Jean Genet. Analysant tour \u00e0 tour la vie et l&#8217;oeuvre de Fassbinder, Guillaume de Sardes montre combien l&#8217;une et l&#8217;autre sont li\u00e9es, toutes deux marqu\u00e9es par le rejet des normes bourgeoises et [&hellip;]<\/p>\n","protected":false},"featured_media":17641,"template":"","meta":[],"product_cat":[55,2948,2958,17],"product_tag":[],"acf":[],"yoast_head":"<!-- This site is optimized with the Yoast SEO plugin v20.11 - https:\/\/yoast.com\/wordpress\/plugins\/seo\/ -->\n<title>NEWTON, LE MASCULIN PHOTOGRAPHIQUE - Librairie 7L<\/title>\n<meta name=\"robots\" content=\"index, follow, max-snippet:-1, max-image-preview:large, max-video-preview:-1\" \/>\n<link rel=\"canonical\" href=\"https:\/\/librairie7l.com\/en\/produit\/newton-le-masculin-photographique\/\" \/>\n<meta property=\"og:locale\" content=\"en_US\" \/>\n<meta property=\"og:type\" content=\"article\" \/>\n<meta property=\"og:title\" content=\"NEWTON, LE MASCULIN PHOTOGRAPHIQUE - Librairie 7L\" \/>\n<meta property=\"og:description\" content=\"Fassbinder, clap de fin est consacr\u00e9 aux derni\u00e8res ann\u00e9es du c\u00e9l\u00e8bre r\u00e9alisateur allemand, notamment \u00e0 son ultime film, Querelle, adapt\u00e9 du roman de Jean Genet. Analysant tour \u00e0 tour la vie et l&#8217;oeuvre de Fassbinder, Guillaume de Sardes montre combien l&#8217;une et l&#8217;autre sont li\u00e9es, toutes deux marqu\u00e9es par le rejet des normes bourgeoises et [&hellip;]\" \/>\n<meta property=\"og:url\" content=\"https:\/\/librairie7l.com\/en\/produit\/newton-le-masculin-photographique\/\" \/>\n<meta property=\"og:site_name\" content=\"Librairie 7L\" \/>\n<meta property=\"article:modified_time\" content=\"2026-04-14T17:47:49+00:00\" \/>\n<meta property=\"og:image\" content=\"https:\/\/librairie7l.com\/wp-content\/uploads\/2022\/06\/9791095454502_1_75.jpg\" \/>\n\t<meta property=\"og:image:width\" content=\"400\" \/>\n\t<meta property=\"og:image:height\" content=\"585\" \/>\n\t<meta property=\"og:image:type\" content=\"image\/jpeg\" \/>\n<meta name=\"twitter:card\" content=\"summary_large_image\" \/>\n<meta name=\"twitter:label1\" content=\"Est. reading time\" \/>\n\t<meta name=\"twitter:data1\" content=\"1 minute\" \/>\n<script type=\"application\/ld+json\" class=\"yoast-schema-graph\">{\"@context\":\"https:\/\/schema.org\",\"@graph\":[{\"@type\":\"WebPage\",\"@id\":\"https:\/\/librairie7l.com\/en\/produit\/newton-le-masculin-photographique\/\",\"url\":\"https:\/\/librairie7l.com\/en\/produit\/newton-le-masculin-photographique\/\",\"name\":\"NEWTON, LE MASCULIN PHOTOGRAPHIQUE - Librairie 7L\",\"isPartOf\":{\"@id\":\"https:\/\/librairie7l.com\/en\/#website\"},\"datePublished\":\"2023-05-09T15:34:00+00:00\",\"dateModified\":\"2026-04-14T17:47:49+00:00\",\"breadcrumb\":{\"@id\":\"https:\/\/librairie7l.com\/en\/produit\/newton-le-masculin-photographique\/#breadcrumb\"},\"inLanguage\":\"en-US\",\"potentialAction\":[{\"@type\":\"ReadAction\",\"target\":[\"https:\/\/librairie7l.com\/en\/produit\/newton-le-masculin-photographique\/\"]}]},{\"@type\":\"BreadcrumbList\",\"@id\":\"https:\/\/librairie7l.com\/en\/produit\/newton-le-masculin-photographique\/#breadcrumb\",\"itemListElement\":[{\"@type\":\"ListItem\",\"position\":1,\"name\":\"Accueil\",\"item\":\"https:\/\/librairie7l.com\/en\/\"},{\"@type\":\"ListItem\",\"position\":2,\"name\":\"Shop\",\"item\":\"https:\/\/librairie7l.com\/en\/shop\/\"},{\"@type\":\"ListItem\",\"position\":3,\"name\":\"NEWTON, LE MASCULIN PHOTOGRAPHIQUE\"}]},{\"@type\":\"WebSite\",\"@id\":\"https:\/\/librairie7l.com\/en\/#website\",\"url\":\"https:\/\/librairie7l.com\/en\/\",\"name\":\"Librairie 7L\",\"description\":\"Librairie fond\u00e9e en 1999 par Karl Lagerfeld \u00e0 Paris\",\"publisher\":{\"@id\":\"https:\/\/librairie7l.com\/en\/#organization\"},\"potentialAction\":[{\"@type\":\"SearchAction\",\"target\":{\"@type\":\"EntryPoint\",\"urlTemplate\":\"https:\/\/librairie7l.com\/en\/?s={search_term_string}\"},\"query-input\":\"required name=search_term_string\"}],\"inLanguage\":\"en-US\"},{\"@type\":\"Organization\",\"@id\":\"https:\/\/librairie7l.com\/en\/#organization\",\"name\":\"Librairie 7L\",\"url\":\"https:\/\/librairie7l.com\/en\/\",\"logo\":{\"@type\":\"ImageObject\",\"inLanguage\":\"en-US\",\"@id\":\"https:\/\/librairie7l.com\/en\/#\/schema\/logo\/image\/\",\"url\":\"https:\/\/librairie7l.com\/wp-content\/uploads\/2022\/08\/logo-1.png\",\"contentUrl\":\"https:\/\/librairie7l.com\/wp-content\/uploads\/2022\/08\/logo-1.png\",\"width\":227,\"height\":301,\"caption\":\"Librairie 7L\"},\"image\":{\"@id\":\"https:\/\/librairie7l.com\/en\/#\/schema\/logo\/image\/\"}}]}<\/script>\n<!-- \/ Yoast SEO plugin. -->","yoast_head_json":{"title":"NEWTON, LE MASCULIN PHOTOGRAPHIQUE - Librairie 7L","robots":{"index":"index","follow":"follow","max-snippet":"max-snippet:-1","max-image-preview":"max-image-preview:large","max-video-preview":"max-video-preview:-1"},"canonical":"https:\/\/librairie7l.com\/en\/produit\/newton-le-masculin-photographique\/","og_locale":"en_US","og_type":"article","og_title":"NEWTON, LE MASCULIN PHOTOGRAPHIQUE - Librairie 7L","og_description":"Fassbinder, clap de fin est consacr\u00e9 aux derni\u00e8res ann\u00e9es du c\u00e9l\u00e8bre r\u00e9alisateur allemand, notamment \u00e0 son ultime film, Querelle, adapt\u00e9 du roman de Jean Genet. Analysant tour \u00e0 tour la vie et l&#8217;oeuvre de Fassbinder, Guillaume de Sardes montre combien l&#8217;une et l&#8217;autre sont li\u00e9es, toutes deux marqu\u00e9es par le rejet des normes bourgeoises et [&hellip;]","og_url":"https:\/\/librairie7l.com\/en\/produit\/newton-le-masculin-photographique\/","og_site_name":"Librairie 7L","article_modified_time":"2026-04-14T17:47:49+00:00","og_image":[{"width":400,"height":585,"url":"https:\/\/librairie7l.com\/wp-content\/uploads\/2022\/06\/9791095454502_1_75.jpg","type":"image\/jpeg"}],"twitter_card":"summary_large_image","twitter_misc":{"Est. reading time":"1 minute"},"schema":{"@context":"https:\/\/schema.org","@graph":[{"@type":"WebPage","@id":"https:\/\/librairie7l.com\/en\/produit\/newton-le-masculin-photographique\/","url":"https:\/\/librairie7l.com\/en\/produit\/newton-le-masculin-photographique\/","name":"NEWTON, LE MASCULIN PHOTOGRAPHIQUE - Librairie 7L","isPartOf":{"@id":"https:\/\/librairie7l.com\/en\/#website"},"datePublished":"2023-05-09T15:34:00+00:00","dateModified":"2026-04-14T17:47:49+00:00","breadcrumb":{"@id":"https:\/\/librairie7l.com\/en\/produit\/newton-le-masculin-photographique\/#breadcrumb"},"inLanguage":"en-US","potentialAction":[{"@type":"ReadAction","target":["https:\/\/librairie7l.com\/en\/produit\/newton-le-masculin-photographique\/"]}]},{"@type":"BreadcrumbList","@id":"https:\/\/librairie7l.com\/en\/produit\/newton-le-masculin-photographique\/#breadcrumb","itemListElement":[{"@type":"ListItem","position":1,"name":"Accueil","item":"https:\/\/librairie7l.com\/en\/"},{"@type":"ListItem","position":2,"name":"Shop","item":"https:\/\/librairie7l.com\/en\/shop\/"},{"@type":"ListItem","position":3,"name":"NEWTON, LE MASCULIN PHOTOGRAPHIQUE"}]},{"@type":"WebSite","@id":"https:\/\/librairie7l.com\/en\/#website","url":"https:\/\/librairie7l.com\/en\/","name":"Librairie 7L","description":"Librairie fond\u00e9e en 1999 par Karl Lagerfeld \u00e0 Paris","publisher":{"@id":"https:\/\/librairie7l.com\/en\/#organization"},"potentialAction":[{"@type":"SearchAction","target":{"@type":"EntryPoint","urlTemplate":"https:\/\/librairie7l.com\/en\/?s={search_term_string}"},"query-input":"required name=search_term_string"}],"inLanguage":"en-US"},{"@type":"Organization","@id":"https:\/\/librairie7l.com\/en\/#organization","name":"Librairie 7L","url":"https:\/\/librairie7l.com\/en\/","logo":{"@type":"ImageObject","inLanguage":"en-US","@id":"https:\/\/librairie7l.com\/en\/#\/schema\/logo\/image\/","url":"https:\/\/librairie7l.com\/wp-content\/uploads\/2022\/08\/logo-1.png","contentUrl":"https:\/\/librairie7l.com\/wp-content\/uploads\/2022\/08\/logo-1.png","width":227,"height":301,"caption":"Librairie 7L"},"image":{"@id":"https:\/\/librairie7l.com\/en\/#\/schema\/logo\/image\/"}}]}},"_links":{"self":[{"href":"https:\/\/librairie7l.com\/en\/wp-json\/wp\/v2\/product\/17643"}],"collection":[{"href":"https:\/\/librairie7l.com\/en\/wp-json\/wp\/v2\/product"}],"about":[{"href":"https:\/\/librairie7l.com\/en\/wp-json\/wp\/v2\/types\/product"}],"wp:featuredmedia":[{"embeddable":true,"href":"https:\/\/librairie7l.com\/en\/wp-json\/wp\/v2\/media\/17641"}],"wp:attachment":[{"href":"https:\/\/librairie7l.com\/en\/wp-json\/wp\/v2\/media?parent=17643"}],"wp:term":[{"taxonomy":"product_cat","embeddable":true,"href":"https:\/\/librairie7l.com\/en\/wp-json\/wp\/v2\/product_cat?post=17643"},{"taxonomy":"product_tag","embeddable":true,"href":"https:\/\/librairie7l.com\/en\/wp-json\/wp\/v2\/product_tag?post=17643"}],"curies":[{"name":"wp","href":"https:\/\/api.w.org\/{rel}","templated":true}]}}