{"id":17675,"date":"2023-05-09T17:34:25","date_gmt":"2023-05-09T15:34:25","guid":{"rendered":"https:\/\/librairie7l.com\/?post_type=product&#038;p=17675"},"modified":"2026-04-15T04:42:35","modified_gmt":"2026-04-15T02:42:35","slug":"boilly-chroniques-parisiennes","status":"publish","type":"product","link":"https:\/\/librairie7l.com\/en\/produit\/boilly-chroniques-parisiennes\/","title":{"rendered":"BOILLY : CHRONIQUES PARISIENNES"},"content":{"rendered":"<p>T\u00e9moin brillant de la vie parisienne de Louis XVI \u00e0 Louis-Philippe, historien des moeurs fran\u00e7aises, Louis- L\u00e9opold Boilly (1761-1845) est un peintre d&#8217;une foisonnante diversit\u00e9. Il est l&#8217;auteur de pr\u00e8s de deux mille peintures, dessins et estampes, de milliers de petits portraits, v\u00e9ritables photographies d&#8217;identit\u00e9 de ses contemporains, ainsi que de nombreux trompe-l&#8217;oeil.<br \/>\nChroniqueur de son temps et de la vie quotidienne, l&#8217;artiste est fascin\u00e9 par la modernit\u00e9 de la ville, son effervescence et le mouvement, ses spectacles et leur public.<br \/>\n\u00c0 travers une s\u00e9lection d&#8217;oeuvres ayant pour th\u00e8me Paris et les Parisiens, \u00e9clair\u00e9e par des essais des plus grands sp\u00e9cialistes de Boilly, cette monographie explore le regard de Boilly sur ses contemporains, mettant en \u00e9vidence ses multiples facettes d&#8217;artiste novateur au style minutieux, dont la curiosit\u00e9 et l&#8217;humour fascinent toujours.<\/p>\n","protected":false},"excerpt":{"rendered":"<p>T\u00e9moin brillant de la vie parisienne de Louis XVI \u00e0 Louis-Philippe, historien des moeurs fran\u00e7aises, Louis- L\u00e9opold Boilly (1761-1845) est un peintre d&#8217;une foisonnante diversit\u00e9. Il est l&#8217;auteur de pr\u00e8s de deux mille peintures, dessins et estampes, de milliers de petits portraits, v\u00e9ritables photographies d&#8217;identit\u00e9 de ses contemporains, ainsi que de nombreux trompe-l&#8217;oeil. Chroniqueur de [&hellip;]<\/p>\n","protected":false},"featured_media":17673,"template":"","meta":[],"product_cat":[55,2948,47,2953],"product_tag":[],"acf":[],"yoast_head":"<!-- This site is optimized with the Yoast SEO plugin v20.11 - https:\/\/yoast.com\/wordpress\/plugins\/seo\/ -->\n<title>BOILLY : CHRONIQUES PARISIENNES - Librairie 7L<\/title>\n<meta name=\"robots\" content=\"index, follow, max-snippet:-1, max-image-preview:large, max-video-preview:-1\" \/>\n<link rel=\"canonical\" href=\"https:\/\/librairie7l.com\/en\/produit\/boilly-chroniques-parisiennes\/\" \/>\n<meta property=\"og:locale\" content=\"en_US\" \/>\n<meta property=\"og:type\" content=\"article\" \/>\n<meta property=\"og:title\" content=\"BOILLY : CHRONIQUES PARISIENNES - Librairie 7L\" \/>\n<meta property=\"og:description\" content=\"T\u00e9moin brillant de la vie parisienne de Louis XVI \u00e0 Louis-Philippe, historien des moeurs fran\u00e7aises, Louis- L\u00e9opold Boilly (1761-1845) est un peintre d&#8217;une foisonnante diversit\u00e9. Il est l&#8217;auteur de pr\u00e8s de deux mille peintures, dessins et estampes, de milliers de petits portraits, v\u00e9ritables photographies d&#8217;identit\u00e9 de ses contemporains, ainsi que de nombreux trompe-l&#8217;oeil. Chroniqueur de [&hellip;]\" \/>\n<meta property=\"og:url\" content=\"https:\/\/librairie7l.com\/en\/produit\/boilly-chroniques-parisiennes\/\" \/>\n<meta property=\"og:site_name\" content=\"Librairie 7L\" \/>\n<meta property=\"article:modified_time\" content=\"2026-04-15T02:42:35+00:00\" \/>\n<meta property=\"og:image\" content=\"https:\/\/librairie7l.com\/wp-content\/uploads\/2022\/02\/9782759605187_1_75.jpg\" \/>\n\t<meta property=\"og:image:width\" content=\"600\" \/>\n\t<meta property=\"og:image:height\" content=\"746\" \/>\n\t<meta property=\"og:image:type\" content=\"image\/jpeg\" \/>\n<meta name=\"twitter:card\" content=\"summary_large_image\" \/>\n<meta name=\"twitter:label1\" content=\"Est. reading time\" \/>\n\t<meta name=\"twitter:data1\" content=\"1 minute\" \/>\n<script type=\"application\/ld+json\" class=\"yoast-schema-graph\">{\"@context\":\"https:\/\/schema.org\",\"@graph\":[{\"@type\":\"WebPage\",\"@id\":\"https:\/\/librairie7l.com\/en\/produit\/boilly-chroniques-parisiennes\/\",\"url\":\"https:\/\/librairie7l.com\/en\/produit\/boilly-chroniques-parisiennes\/\",\"name\":\"BOILLY : CHRONIQUES PARISIENNES - Librairie 7L\",\"isPartOf\":{\"@id\":\"https:\/\/librairie7l.com\/en\/#website\"},\"datePublished\":\"2023-05-09T15:34:25+00:00\",\"dateModified\":\"2026-04-15T02:42:35+00:00\",\"breadcrumb\":{\"@id\":\"https:\/\/librairie7l.com\/en\/produit\/boilly-chroniques-parisiennes\/#breadcrumb\"},\"inLanguage\":\"en-US\",\"potentialAction\":[{\"@type\":\"ReadAction\",\"target\":[\"https:\/\/librairie7l.com\/en\/produit\/boilly-chroniques-parisiennes\/\"]}]},{\"@type\":\"BreadcrumbList\",\"@id\":\"https:\/\/librairie7l.com\/en\/produit\/boilly-chroniques-parisiennes\/#breadcrumb\",\"itemListElement\":[{\"@type\":\"ListItem\",\"position\":1,\"name\":\"Accueil\",\"item\":\"https:\/\/librairie7l.com\/en\/\"},{\"@type\":\"ListItem\",\"position\":2,\"name\":\"Shop\",\"item\":\"https:\/\/librairie7l.com\/en\/shop\/\"},{\"@type\":\"ListItem\",\"position\":3,\"name\":\"BOILLY : CHRONIQUES PARISIENNES\"}]},{\"@type\":\"WebSite\",\"@id\":\"https:\/\/librairie7l.com\/en\/#website\",\"url\":\"https:\/\/librairie7l.com\/en\/\",\"name\":\"Librairie 7L\",\"description\":\"Librairie fond\u00e9e en 1999 par Karl Lagerfeld \u00e0 Paris\",\"publisher\":{\"@id\":\"https:\/\/librairie7l.com\/en\/#organization\"},\"potentialAction\":[{\"@type\":\"SearchAction\",\"target\":{\"@type\":\"EntryPoint\",\"urlTemplate\":\"https:\/\/librairie7l.com\/en\/?s={search_term_string}\"},\"query-input\":\"required name=search_term_string\"}],\"inLanguage\":\"en-US\"},{\"@type\":\"Organization\",\"@id\":\"https:\/\/librairie7l.com\/en\/#organization\",\"name\":\"Librairie 7L\",\"url\":\"https:\/\/librairie7l.com\/en\/\",\"logo\":{\"@type\":\"ImageObject\",\"inLanguage\":\"en-US\",\"@id\":\"https:\/\/librairie7l.com\/en\/#\/schema\/logo\/image\/\",\"url\":\"https:\/\/librairie7l.com\/wp-content\/uploads\/2022\/08\/logo-1.png\",\"contentUrl\":\"https:\/\/librairie7l.com\/wp-content\/uploads\/2022\/08\/logo-1.png\",\"width\":227,\"height\":301,\"caption\":\"Librairie 7L\"},\"image\":{\"@id\":\"https:\/\/librairie7l.com\/en\/#\/schema\/logo\/image\/\"}}]}<\/script>\n<!-- \/ Yoast SEO plugin. -->","yoast_head_json":{"title":"BOILLY : CHRONIQUES PARISIENNES - Librairie 7L","robots":{"index":"index","follow":"follow","max-snippet":"max-snippet:-1","max-image-preview":"max-image-preview:large","max-video-preview":"max-video-preview:-1"},"canonical":"https:\/\/librairie7l.com\/en\/produit\/boilly-chroniques-parisiennes\/","og_locale":"en_US","og_type":"article","og_title":"BOILLY : CHRONIQUES PARISIENNES - Librairie 7L","og_description":"T\u00e9moin brillant de la vie parisienne de Louis XVI \u00e0 Louis-Philippe, historien des moeurs fran\u00e7aises, Louis- L\u00e9opold Boilly (1761-1845) est un peintre d&#8217;une foisonnante diversit\u00e9. Il est l&#8217;auteur de pr\u00e8s de deux mille peintures, dessins et estampes, de milliers de petits portraits, v\u00e9ritables photographies d&#8217;identit\u00e9 de ses contemporains, ainsi que de nombreux trompe-l&#8217;oeil. Chroniqueur de [&hellip;]","og_url":"https:\/\/librairie7l.com\/en\/produit\/boilly-chroniques-parisiennes\/","og_site_name":"Librairie 7L","article_modified_time":"2026-04-15T02:42:35+00:00","og_image":[{"width":600,"height":746,"url":"https:\/\/librairie7l.com\/wp-content\/uploads\/2022\/02\/9782759605187_1_75.jpg","type":"image\/jpeg"}],"twitter_card":"summary_large_image","twitter_misc":{"Est. reading time":"1 minute"},"schema":{"@context":"https:\/\/schema.org","@graph":[{"@type":"WebPage","@id":"https:\/\/librairie7l.com\/en\/produit\/boilly-chroniques-parisiennes\/","url":"https:\/\/librairie7l.com\/en\/produit\/boilly-chroniques-parisiennes\/","name":"BOILLY : CHRONIQUES PARISIENNES - Librairie 7L","isPartOf":{"@id":"https:\/\/librairie7l.com\/en\/#website"},"datePublished":"2023-05-09T15:34:25+00:00","dateModified":"2026-04-15T02:42:35+00:00","breadcrumb":{"@id":"https:\/\/librairie7l.com\/en\/produit\/boilly-chroniques-parisiennes\/#breadcrumb"},"inLanguage":"en-US","potentialAction":[{"@type":"ReadAction","target":["https:\/\/librairie7l.com\/en\/produit\/boilly-chroniques-parisiennes\/"]}]},{"@type":"BreadcrumbList","@id":"https:\/\/librairie7l.com\/en\/produit\/boilly-chroniques-parisiennes\/#breadcrumb","itemListElement":[{"@type":"ListItem","position":1,"name":"Accueil","item":"https:\/\/librairie7l.com\/en\/"},{"@type":"ListItem","position":2,"name":"Shop","item":"https:\/\/librairie7l.com\/en\/shop\/"},{"@type":"ListItem","position":3,"name":"BOILLY : CHRONIQUES PARISIENNES"}]},{"@type":"WebSite","@id":"https:\/\/librairie7l.com\/en\/#website","url":"https:\/\/librairie7l.com\/en\/","name":"Librairie 7L","description":"Librairie fond\u00e9e en 1999 par Karl Lagerfeld \u00e0 Paris","publisher":{"@id":"https:\/\/librairie7l.com\/en\/#organization"},"potentialAction":[{"@type":"SearchAction","target":{"@type":"EntryPoint","urlTemplate":"https:\/\/librairie7l.com\/en\/?s={search_term_string}"},"query-input":"required name=search_term_string"}],"inLanguage":"en-US"},{"@type":"Organization","@id":"https:\/\/librairie7l.com\/en\/#organization","name":"Librairie 7L","url":"https:\/\/librairie7l.com\/en\/","logo":{"@type":"ImageObject","inLanguage":"en-US","@id":"https:\/\/librairie7l.com\/en\/#\/schema\/logo\/image\/","url":"https:\/\/librairie7l.com\/wp-content\/uploads\/2022\/08\/logo-1.png","contentUrl":"https:\/\/librairie7l.com\/wp-content\/uploads\/2022\/08\/logo-1.png","width":227,"height":301,"caption":"Librairie 7L"},"image":{"@id":"https:\/\/librairie7l.com\/en\/#\/schema\/logo\/image\/"}}]}},"_links":{"self":[{"href":"https:\/\/librairie7l.com\/en\/wp-json\/wp\/v2\/product\/17675"}],"collection":[{"href":"https:\/\/librairie7l.com\/en\/wp-json\/wp\/v2\/product"}],"about":[{"href":"https:\/\/librairie7l.com\/en\/wp-json\/wp\/v2\/types\/product"}],"wp:featuredmedia":[{"embeddable":true,"href":"https:\/\/librairie7l.com\/en\/wp-json\/wp\/v2\/media\/17673"}],"wp:attachment":[{"href":"https:\/\/librairie7l.com\/en\/wp-json\/wp\/v2\/media?parent=17675"}],"wp:term":[{"taxonomy":"product_cat","embeddable":true,"href":"https:\/\/librairie7l.com\/en\/wp-json\/wp\/v2\/product_cat?post=17675"},{"taxonomy":"product_tag","embeddable":true,"href":"https:\/\/librairie7l.com\/en\/wp-json\/wp\/v2\/product_tag?post=17675"}],"curies":[{"name":"wp","href":"https:\/\/api.w.org\/{rel}","templated":true}]}}