{"id":17679,"date":"2023-05-09T17:34:29","date_gmt":"2023-05-09T15:34:29","guid":{"rendered":"https:\/\/librairie7l.com\/?post_type=product&#038;p=17679"},"modified":"2026-04-05T21:27:23","modified_gmt":"2026-04-05T19:27:23","slug":"les-principes-de-la-beaute-illustrations-noir-et-blanc","status":"publish","type":"product","link":"https:\/\/librairie7l.com\/en\/produit\/les-principes-de-la-beaute-illustrations-noir-et-blanc\/","title":{"rendered":"LES PRINCIPES DE LA BEAUT\u00c9"},"content":{"rendered":"<p>Cet ouvrage rassemble des notes prises par Gaud\u00ed tout au long de sa vie (1852-1926). On y retrouve les principes essentiels qui ont nourri son oeuvre et sa pens\u00e9e. Ces notes, br\u00e8ves, claires et incisives, permettent de mieux comprendre les motivations profondes qui ont guid\u00e9 l&#8217;architecte catalan dans son travail et quels en \u00e9taient les buts exacts. Elles soulignent sa parfaite connaissance et sa totale ma\u00eetrise des techniques dans tous les domaines (architecture, sculpture, c\u00e9ramique, verrerie, ferronnerie, etc.) et son apport essentiel \u00e0 l&#8217;art moderne. On y d\u00e9couvre aussi la philosophie de cet homme asc\u00e9tique et religieux, hant\u00e9 par la mort et perp\u00e9tuel lutteur, pour qui l&#8217;art devait int\u00e9grer la nature et pour qui la beaut\u00e9 devait habiter, comme une transcendance, les moindres aspects de notre quotidien.<\/p>\n","protected":false},"excerpt":{"rendered":"<p>Cet ouvrage rassemble des notes prises par Gaud\u00ed tout au long de sa vie (1852-1926). On y retrouve les principes essentiels qui ont nourri son oeuvre et sa pens\u00e9e. Ces notes, br\u00e8ves, claires et incisives, permettent de mieux comprendre les motivations profondes qui ont guid\u00e9 l&#8217;architecte catalan dans son travail et quels en \u00e9taient les [&hellip;]<\/p>\n","protected":false},"featured_media":17677,"template":"","meta":[],"product_cat":[55,2948,22,2950],"product_tag":[],"acf":[],"yoast_head":"<!-- This site is optimized with the Yoast SEO plugin v20.11 - https:\/\/yoast.com\/wordpress\/plugins\/seo\/ -->\n<title>LES PRINCIPES DE LA BEAUT\u00c9 - Librairie 7L<\/title>\n<meta name=\"robots\" content=\"index, follow, max-snippet:-1, max-image-preview:large, max-video-preview:-1\" \/>\n<link rel=\"canonical\" href=\"https:\/\/librairie7l.com\/en\/produit\/les-principes-de-la-beaute-illustrations-noir-et-blanc\/\" \/>\n<meta property=\"og:locale\" content=\"en_US\" \/>\n<meta property=\"og:type\" content=\"article\" \/>\n<meta property=\"og:title\" content=\"LES PRINCIPES DE LA BEAUT\u00c9 - Librairie 7L\" \/>\n<meta property=\"og:description\" content=\"Cet ouvrage rassemble des notes prises par Gaud\u00ed tout au long de sa vie (1852-1926). On y retrouve les principes essentiels qui ont nourri son oeuvre et sa pens\u00e9e. Ces notes, br\u00e8ves, claires et incisives, permettent de mieux comprendre les motivations profondes qui ont guid\u00e9 l&#8217;architecte catalan dans son travail et quels en \u00e9taient les [&hellip;]\" \/>\n<meta property=\"og:url\" content=\"https:\/\/librairie7l.com\/en\/produit\/les-principes-de-la-beaute-illustrations-noir-et-blanc\/\" \/>\n<meta property=\"og:site_name\" content=\"Librairie 7L\" \/>\n<meta property=\"article:modified_time\" content=\"2026-04-05T19:27:23+00:00\" \/>\n<meta property=\"og:image\" content=\"https:\/\/librairie7l.com\/wp-content\/uploads\/2022\/04\/9791094176733_1_75.jpg\" \/>\n\t<meta property=\"og:image:width\" content=\"400\" \/>\n\t<meta property=\"og:image:height\" content=\"548\" \/>\n\t<meta property=\"og:image:type\" content=\"image\/jpeg\" \/>\n<meta name=\"twitter:card\" content=\"summary_large_image\" \/>\n<meta name=\"twitter:label1\" content=\"Est. reading time\" \/>\n\t<meta name=\"twitter:data1\" content=\"1 minute\" \/>\n<script type=\"application\/ld+json\" class=\"yoast-schema-graph\">{\"@context\":\"https:\/\/schema.org\",\"@graph\":[{\"@type\":\"WebPage\",\"@id\":\"https:\/\/librairie7l.com\/en\/produit\/les-principes-de-la-beaute-illustrations-noir-et-blanc\/\",\"url\":\"https:\/\/librairie7l.com\/en\/produit\/les-principes-de-la-beaute-illustrations-noir-et-blanc\/\",\"name\":\"LES PRINCIPES DE LA BEAUT\u00c9 - Librairie 7L\",\"isPartOf\":{\"@id\":\"https:\/\/librairie7l.com\/en\/#website\"},\"datePublished\":\"2023-05-09T15:34:29+00:00\",\"dateModified\":\"2026-04-05T19:27:23+00:00\",\"breadcrumb\":{\"@id\":\"https:\/\/librairie7l.com\/en\/produit\/les-principes-de-la-beaute-illustrations-noir-et-blanc\/#breadcrumb\"},\"inLanguage\":\"en-US\",\"potentialAction\":[{\"@type\":\"ReadAction\",\"target\":[\"https:\/\/librairie7l.com\/en\/produit\/les-principes-de-la-beaute-illustrations-noir-et-blanc\/\"]}]},{\"@type\":\"BreadcrumbList\",\"@id\":\"https:\/\/librairie7l.com\/en\/produit\/les-principes-de-la-beaute-illustrations-noir-et-blanc\/#breadcrumb\",\"itemListElement\":[{\"@type\":\"ListItem\",\"position\":1,\"name\":\"Accueil\",\"item\":\"https:\/\/librairie7l.com\/en\/\"},{\"@type\":\"ListItem\",\"position\":2,\"name\":\"Shop\",\"item\":\"https:\/\/librairie7l.com\/en\/shop\/\"},{\"@type\":\"ListItem\",\"position\":3,\"name\":\"LES PRINCIPES DE LA BEAUT\u00c9\"}]},{\"@type\":\"WebSite\",\"@id\":\"https:\/\/librairie7l.com\/en\/#website\",\"url\":\"https:\/\/librairie7l.com\/en\/\",\"name\":\"Librairie 7L\",\"description\":\"Librairie fond\u00e9e en 1999 par Karl Lagerfeld \u00e0 Paris\",\"publisher\":{\"@id\":\"https:\/\/librairie7l.com\/en\/#organization\"},\"potentialAction\":[{\"@type\":\"SearchAction\",\"target\":{\"@type\":\"EntryPoint\",\"urlTemplate\":\"https:\/\/librairie7l.com\/en\/?s={search_term_string}\"},\"query-input\":\"required name=search_term_string\"}],\"inLanguage\":\"en-US\"},{\"@type\":\"Organization\",\"@id\":\"https:\/\/librairie7l.com\/en\/#organization\",\"name\":\"Librairie 7L\",\"url\":\"https:\/\/librairie7l.com\/en\/\",\"logo\":{\"@type\":\"ImageObject\",\"inLanguage\":\"en-US\",\"@id\":\"https:\/\/librairie7l.com\/en\/#\/schema\/logo\/image\/\",\"url\":\"https:\/\/librairie7l.com\/wp-content\/uploads\/2022\/08\/logo-1.png\",\"contentUrl\":\"https:\/\/librairie7l.com\/wp-content\/uploads\/2022\/08\/logo-1.png\",\"width\":227,\"height\":301,\"caption\":\"Librairie 7L\"},\"image\":{\"@id\":\"https:\/\/librairie7l.com\/en\/#\/schema\/logo\/image\/\"}}]}<\/script>\n<!-- \/ Yoast SEO plugin. -->","yoast_head_json":{"title":"LES PRINCIPES DE LA BEAUT\u00c9 - Librairie 7L","robots":{"index":"index","follow":"follow","max-snippet":"max-snippet:-1","max-image-preview":"max-image-preview:large","max-video-preview":"max-video-preview:-1"},"canonical":"https:\/\/librairie7l.com\/en\/produit\/les-principes-de-la-beaute-illustrations-noir-et-blanc\/","og_locale":"en_US","og_type":"article","og_title":"LES PRINCIPES DE LA BEAUT\u00c9 - Librairie 7L","og_description":"Cet ouvrage rassemble des notes prises par Gaud\u00ed tout au long de sa vie (1852-1926). On y retrouve les principes essentiels qui ont nourri son oeuvre et sa pens\u00e9e. Ces notes, br\u00e8ves, claires et incisives, permettent de mieux comprendre les motivations profondes qui ont guid\u00e9 l&#8217;architecte catalan dans son travail et quels en \u00e9taient les [&hellip;]","og_url":"https:\/\/librairie7l.com\/en\/produit\/les-principes-de-la-beaute-illustrations-noir-et-blanc\/","og_site_name":"Librairie 7L","article_modified_time":"2026-04-05T19:27:23+00:00","og_image":[{"width":400,"height":548,"url":"https:\/\/librairie7l.com\/wp-content\/uploads\/2022\/04\/9791094176733_1_75.jpg","type":"image\/jpeg"}],"twitter_card":"summary_large_image","twitter_misc":{"Est. reading time":"1 minute"},"schema":{"@context":"https:\/\/schema.org","@graph":[{"@type":"WebPage","@id":"https:\/\/librairie7l.com\/en\/produit\/les-principes-de-la-beaute-illustrations-noir-et-blanc\/","url":"https:\/\/librairie7l.com\/en\/produit\/les-principes-de-la-beaute-illustrations-noir-et-blanc\/","name":"LES PRINCIPES DE LA BEAUT\u00c9 - Librairie 7L","isPartOf":{"@id":"https:\/\/librairie7l.com\/en\/#website"},"datePublished":"2023-05-09T15:34:29+00:00","dateModified":"2026-04-05T19:27:23+00:00","breadcrumb":{"@id":"https:\/\/librairie7l.com\/en\/produit\/les-principes-de-la-beaute-illustrations-noir-et-blanc\/#breadcrumb"},"inLanguage":"en-US","potentialAction":[{"@type":"ReadAction","target":["https:\/\/librairie7l.com\/en\/produit\/les-principes-de-la-beaute-illustrations-noir-et-blanc\/"]}]},{"@type":"BreadcrumbList","@id":"https:\/\/librairie7l.com\/en\/produit\/les-principes-de-la-beaute-illustrations-noir-et-blanc\/#breadcrumb","itemListElement":[{"@type":"ListItem","position":1,"name":"Accueil","item":"https:\/\/librairie7l.com\/en\/"},{"@type":"ListItem","position":2,"name":"Shop","item":"https:\/\/librairie7l.com\/en\/shop\/"},{"@type":"ListItem","position":3,"name":"LES PRINCIPES DE LA BEAUT\u00c9"}]},{"@type":"WebSite","@id":"https:\/\/librairie7l.com\/en\/#website","url":"https:\/\/librairie7l.com\/en\/","name":"Librairie 7L","description":"Librairie fond\u00e9e en 1999 par Karl Lagerfeld \u00e0 Paris","publisher":{"@id":"https:\/\/librairie7l.com\/en\/#organization"},"potentialAction":[{"@type":"SearchAction","target":{"@type":"EntryPoint","urlTemplate":"https:\/\/librairie7l.com\/en\/?s={search_term_string}"},"query-input":"required name=search_term_string"}],"inLanguage":"en-US"},{"@type":"Organization","@id":"https:\/\/librairie7l.com\/en\/#organization","name":"Librairie 7L","url":"https:\/\/librairie7l.com\/en\/","logo":{"@type":"ImageObject","inLanguage":"en-US","@id":"https:\/\/librairie7l.com\/en\/#\/schema\/logo\/image\/","url":"https:\/\/librairie7l.com\/wp-content\/uploads\/2022\/08\/logo-1.png","contentUrl":"https:\/\/librairie7l.com\/wp-content\/uploads\/2022\/08\/logo-1.png","width":227,"height":301,"caption":"Librairie 7L"},"image":{"@id":"https:\/\/librairie7l.com\/en\/#\/schema\/logo\/image\/"}}]}},"_links":{"self":[{"href":"https:\/\/librairie7l.com\/en\/wp-json\/wp\/v2\/product\/17679"}],"collection":[{"href":"https:\/\/librairie7l.com\/en\/wp-json\/wp\/v2\/product"}],"about":[{"href":"https:\/\/librairie7l.com\/en\/wp-json\/wp\/v2\/types\/product"}],"wp:featuredmedia":[{"embeddable":true,"href":"https:\/\/librairie7l.com\/en\/wp-json\/wp\/v2\/media\/17677"}],"wp:attachment":[{"href":"https:\/\/librairie7l.com\/en\/wp-json\/wp\/v2\/media?parent=17679"}],"wp:term":[{"taxonomy":"product_cat","embeddable":true,"href":"https:\/\/librairie7l.com\/en\/wp-json\/wp\/v2\/product_cat?post=17679"},{"taxonomy":"product_tag","embeddable":true,"href":"https:\/\/librairie7l.com\/en\/wp-json\/wp\/v2\/product_tag?post=17679"}],"curies":[{"name":"wp","href":"https:\/\/api.w.org\/{rel}","templated":true}]}}