{"id":17683,"date":"2023-05-09T17:34:32","date_gmt":"2023-05-09T15:34:32","guid":{"rendered":"https:\/\/librairie7l.com\/?post_type=product&#038;p=17683"},"modified":"2026-04-10T12:21:10","modified_gmt":"2026-04-10T10:21:10","slug":"sur-les-traces-de-la-bievre-parisienne-promenade-au-fil-dune-riviere-disparue","status":"publish","type":"product","link":"https:\/\/librairie7l.com\/en\/produit\/sur-les-traces-de-la-bievre-parisienne-promenade-au-fil-dune-riviere-disparue\/","title":{"rendered":"SUR LES TRACES DE LA BI\u00c8VRE PARISIENNE : PROMENADE AU FIL D&#8217;UNE RIVI\u00c8RE DISPARUE"},"content":{"rendered":"<p>Depuis 1912, la Bi\u00e8vre a totalement cess\u00e9 de couler \u00e0 ciel ouvert dans Paris, victime des si\u00e8cles de mauvais traitements que ses riverains &#8211; teinturiers, tanneurs, meuniers, industriels&#8230; &#8211; lui ont inflig\u00e9s. Pour autant, la rivi\u00e8re n&#8217;a jamais cess\u00e9 d&#8217;enfi\u00e9vrer les imaginations au point qu&#8217;on \u00e9voque aujourd&#8217;hui sa restitution partielle dans la capitale.<\/p>\n<p>L&#8217;histoire de la Bi\u00e8vre est haute en couleur mais ses trac\u00e9s anciens se fondent, estomp\u00e9s \u00e0 l&#8217;extr\u00eame, dans le paysage urbain. Il faut une minutie d&#8217;arch\u00e9ologue pour d\u00e9couvrir les vestiges (murs de s\u00e9paration, trac\u00e9 des rues, anciens quais&#8230;) de la rivi\u00e8re disparue et, avec eux, avec elle, l&#8217;ambiance d&#8217;un Paris qui n&#8217;est plus.<\/p>\n","protected":false},"excerpt":{"rendered":"<p>Depuis 1912, la Bi\u00e8vre a totalement cess\u00e9 de couler \u00e0 ciel ouvert dans Paris, victime des si\u00e8cles de mauvais traitements que ses riverains &#8211; teinturiers, tanneurs, meuniers, industriels&#8230; &#8211; lui ont inflig\u00e9s. Pour autant, la rivi\u00e8re n&#8217;a jamais cess\u00e9 d&#8217;enfi\u00e9vrer les imaginations au point qu&#8217;on \u00e9voque aujourd&#8217;hui sa restitution partielle dans la capitale. L&#8217;histoire de [&hellip;]<\/p>\n","protected":false},"featured_media":17681,"template":"","meta":[],"product_cat":[55,2948,2958,17],"product_tag":[],"acf":[],"yoast_head":"<!-- This site is optimized with the Yoast SEO plugin v20.11 - https:\/\/yoast.com\/wordpress\/plugins\/seo\/ -->\n<title>SUR LES TRACES DE LA BI\u00c8VRE PARISIENNE : PROMENADE AU FIL D&#039;UNE RIVI\u00c8RE DISPARUE - Librairie 7L<\/title>\n<meta name=\"robots\" content=\"index, follow, max-snippet:-1, max-image-preview:large, max-video-preview:-1\" \/>\n<link rel=\"canonical\" href=\"https:\/\/librairie7l.com\/en\/produit\/sur-les-traces-de-la-bievre-parisienne-promenade-au-fil-dune-riviere-disparue\/\" \/>\n<meta property=\"og:locale\" content=\"en_US\" \/>\n<meta property=\"og:type\" content=\"article\" \/>\n<meta property=\"og:title\" content=\"SUR LES TRACES DE LA BI\u00c8VRE PARISIENNE : PROMENADE AU FIL D&#039;UNE RIVI\u00c8RE DISPARUE - Librairie 7L\" \/>\n<meta property=\"og:description\" content=\"Depuis 1912, la Bi\u00e8vre a totalement cess\u00e9 de couler \u00e0 ciel ouvert dans Paris, victime des si\u00e8cles de mauvais traitements que ses riverains &#8211; teinturiers, tanneurs, meuniers, industriels&#8230; &#8211; lui ont inflig\u00e9s. Pour autant, la rivi\u00e8re n&#8217;a jamais cess\u00e9 d&#8217;enfi\u00e9vrer les imaginations au point qu&#8217;on \u00e9voque aujourd&#8217;hui sa restitution partielle dans la capitale. L&#8217;histoire de [&hellip;]\" \/>\n<meta property=\"og:url\" content=\"https:\/\/librairie7l.com\/en\/produit\/sur-les-traces-de-la-bievre-parisienne-promenade-au-fil-dune-riviere-disparue\/\" \/>\n<meta property=\"og:site_name\" content=\"Librairie 7L\" \/>\n<meta property=\"article:modified_time\" content=\"2026-04-10T10:21:10+00:00\" \/>\n<meta property=\"og:image\" content=\"https:\/\/librairie7l.com\/wp-content\/uploads\/2022\/04\/9782373951707_1_75.jpg\" \/>\n\t<meta property=\"og:image:width\" content=\"400\" \/>\n\t<meta property=\"og:image:height\" content=\"582\" \/>\n\t<meta property=\"og:image:type\" content=\"image\/jpeg\" \/>\n<meta name=\"twitter:card\" content=\"summary_large_image\" \/>\n<meta name=\"twitter:label1\" content=\"Est. reading time\" \/>\n\t<meta name=\"twitter:data1\" content=\"1 minute\" \/>\n<script type=\"application\/ld+json\" class=\"yoast-schema-graph\">{\"@context\":\"https:\/\/schema.org\",\"@graph\":[{\"@type\":\"WebPage\",\"@id\":\"https:\/\/librairie7l.com\/en\/produit\/sur-les-traces-de-la-bievre-parisienne-promenade-au-fil-dune-riviere-disparue\/\",\"url\":\"https:\/\/librairie7l.com\/en\/produit\/sur-les-traces-de-la-bievre-parisienne-promenade-au-fil-dune-riviere-disparue\/\",\"name\":\"SUR LES TRACES DE LA BI\u00c8VRE PARISIENNE : PROMENADE AU FIL D'UNE RIVI\u00c8RE DISPARUE - Librairie 7L\",\"isPartOf\":{\"@id\":\"https:\/\/librairie7l.com\/en\/#website\"},\"datePublished\":\"2023-05-09T15:34:32+00:00\",\"dateModified\":\"2026-04-10T10:21:10+00:00\",\"breadcrumb\":{\"@id\":\"https:\/\/librairie7l.com\/en\/produit\/sur-les-traces-de-la-bievre-parisienne-promenade-au-fil-dune-riviere-disparue\/#breadcrumb\"},\"inLanguage\":\"en-US\",\"potentialAction\":[{\"@type\":\"ReadAction\",\"target\":[\"https:\/\/librairie7l.com\/en\/produit\/sur-les-traces-de-la-bievre-parisienne-promenade-au-fil-dune-riviere-disparue\/\"]}]},{\"@type\":\"BreadcrumbList\",\"@id\":\"https:\/\/librairie7l.com\/en\/produit\/sur-les-traces-de-la-bievre-parisienne-promenade-au-fil-dune-riviere-disparue\/#breadcrumb\",\"itemListElement\":[{\"@type\":\"ListItem\",\"position\":1,\"name\":\"Accueil\",\"item\":\"https:\/\/librairie7l.com\/en\/\"},{\"@type\":\"ListItem\",\"position\":2,\"name\":\"Shop\",\"item\":\"https:\/\/librairie7l.com\/en\/shop\/\"},{\"@type\":\"ListItem\",\"position\":3,\"name\":\"SUR LES TRACES DE LA BI\u00c8VRE PARISIENNE : PROMENADE AU FIL D&#8217;UNE RIVI\u00c8RE DISPARUE\"}]},{\"@type\":\"WebSite\",\"@id\":\"https:\/\/librairie7l.com\/en\/#website\",\"url\":\"https:\/\/librairie7l.com\/en\/\",\"name\":\"Librairie 7L\",\"description\":\"Librairie fond\u00e9e en 1999 par Karl Lagerfeld \u00e0 Paris\",\"publisher\":{\"@id\":\"https:\/\/librairie7l.com\/en\/#organization\"},\"potentialAction\":[{\"@type\":\"SearchAction\",\"target\":{\"@type\":\"EntryPoint\",\"urlTemplate\":\"https:\/\/librairie7l.com\/en\/?s={search_term_string}\"},\"query-input\":\"required name=search_term_string\"}],\"inLanguage\":\"en-US\"},{\"@type\":\"Organization\",\"@id\":\"https:\/\/librairie7l.com\/en\/#organization\",\"name\":\"Librairie 7L\",\"url\":\"https:\/\/librairie7l.com\/en\/\",\"logo\":{\"@type\":\"ImageObject\",\"inLanguage\":\"en-US\",\"@id\":\"https:\/\/librairie7l.com\/en\/#\/schema\/logo\/image\/\",\"url\":\"https:\/\/librairie7l.com\/wp-content\/uploads\/2022\/08\/logo-1.png\",\"contentUrl\":\"https:\/\/librairie7l.com\/wp-content\/uploads\/2022\/08\/logo-1.png\",\"width\":227,\"height\":301,\"caption\":\"Librairie 7L\"},\"image\":{\"@id\":\"https:\/\/librairie7l.com\/en\/#\/schema\/logo\/image\/\"}}]}<\/script>\n<!-- \/ Yoast SEO plugin. -->","yoast_head_json":{"title":"SUR LES TRACES DE LA BI\u00c8VRE PARISIENNE : PROMENADE AU FIL D'UNE RIVI\u00c8RE DISPARUE - Librairie 7L","robots":{"index":"index","follow":"follow","max-snippet":"max-snippet:-1","max-image-preview":"max-image-preview:large","max-video-preview":"max-video-preview:-1"},"canonical":"https:\/\/librairie7l.com\/en\/produit\/sur-les-traces-de-la-bievre-parisienne-promenade-au-fil-dune-riviere-disparue\/","og_locale":"en_US","og_type":"article","og_title":"SUR LES TRACES DE LA BI\u00c8VRE PARISIENNE : PROMENADE AU FIL D'UNE RIVI\u00c8RE DISPARUE - Librairie 7L","og_description":"Depuis 1912, la Bi\u00e8vre a totalement cess\u00e9 de couler \u00e0 ciel ouvert dans Paris, victime des si\u00e8cles de mauvais traitements que ses riverains &#8211; teinturiers, tanneurs, meuniers, industriels&#8230; &#8211; lui ont inflig\u00e9s. Pour autant, la rivi\u00e8re n&#8217;a jamais cess\u00e9 d&#8217;enfi\u00e9vrer les imaginations au point qu&#8217;on \u00e9voque aujourd&#8217;hui sa restitution partielle dans la capitale. L&#8217;histoire de [&hellip;]","og_url":"https:\/\/librairie7l.com\/en\/produit\/sur-les-traces-de-la-bievre-parisienne-promenade-au-fil-dune-riviere-disparue\/","og_site_name":"Librairie 7L","article_modified_time":"2026-04-10T10:21:10+00:00","og_image":[{"width":400,"height":582,"url":"https:\/\/librairie7l.com\/wp-content\/uploads\/2022\/04\/9782373951707_1_75.jpg","type":"image\/jpeg"}],"twitter_card":"summary_large_image","twitter_misc":{"Est. reading time":"1 minute"},"schema":{"@context":"https:\/\/schema.org","@graph":[{"@type":"WebPage","@id":"https:\/\/librairie7l.com\/en\/produit\/sur-les-traces-de-la-bievre-parisienne-promenade-au-fil-dune-riviere-disparue\/","url":"https:\/\/librairie7l.com\/en\/produit\/sur-les-traces-de-la-bievre-parisienne-promenade-au-fil-dune-riviere-disparue\/","name":"SUR LES TRACES DE LA BI\u00c8VRE PARISIENNE : PROMENADE AU FIL D'UNE RIVI\u00c8RE DISPARUE - Librairie 7L","isPartOf":{"@id":"https:\/\/librairie7l.com\/en\/#website"},"datePublished":"2023-05-09T15:34:32+00:00","dateModified":"2026-04-10T10:21:10+00:00","breadcrumb":{"@id":"https:\/\/librairie7l.com\/en\/produit\/sur-les-traces-de-la-bievre-parisienne-promenade-au-fil-dune-riviere-disparue\/#breadcrumb"},"inLanguage":"en-US","potentialAction":[{"@type":"ReadAction","target":["https:\/\/librairie7l.com\/en\/produit\/sur-les-traces-de-la-bievre-parisienne-promenade-au-fil-dune-riviere-disparue\/"]}]},{"@type":"BreadcrumbList","@id":"https:\/\/librairie7l.com\/en\/produit\/sur-les-traces-de-la-bievre-parisienne-promenade-au-fil-dune-riviere-disparue\/#breadcrumb","itemListElement":[{"@type":"ListItem","position":1,"name":"Accueil","item":"https:\/\/librairie7l.com\/en\/"},{"@type":"ListItem","position":2,"name":"Shop","item":"https:\/\/librairie7l.com\/en\/shop\/"},{"@type":"ListItem","position":3,"name":"SUR LES TRACES DE LA BI\u00c8VRE PARISIENNE : PROMENADE AU FIL D&#8217;UNE RIVI\u00c8RE DISPARUE"}]},{"@type":"WebSite","@id":"https:\/\/librairie7l.com\/en\/#website","url":"https:\/\/librairie7l.com\/en\/","name":"Librairie 7L","description":"Librairie fond\u00e9e en 1999 par Karl Lagerfeld \u00e0 Paris","publisher":{"@id":"https:\/\/librairie7l.com\/en\/#organization"},"potentialAction":[{"@type":"SearchAction","target":{"@type":"EntryPoint","urlTemplate":"https:\/\/librairie7l.com\/en\/?s={search_term_string}"},"query-input":"required name=search_term_string"}],"inLanguage":"en-US"},{"@type":"Organization","@id":"https:\/\/librairie7l.com\/en\/#organization","name":"Librairie 7L","url":"https:\/\/librairie7l.com\/en\/","logo":{"@type":"ImageObject","inLanguage":"en-US","@id":"https:\/\/librairie7l.com\/en\/#\/schema\/logo\/image\/","url":"https:\/\/librairie7l.com\/wp-content\/uploads\/2022\/08\/logo-1.png","contentUrl":"https:\/\/librairie7l.com\/wp-content\/uploads\/2022\/08\/logo-1.png","width":227,"height":301,"caption":"Librairie 7L"},"image":{"@id":"https:\/\/librairie7l.com\/en\/#\/schema\/logo\/image\/"}}]}},"_links":{"self":[{"href":"https:\/\/librairie7l.com\/en\/wp-json\/wp\/v2\/product\/17683"}],"collection":[{"href":"https:\/\/librairie7l.com\/en\/wp-json\/wp\/v2\/product"}],"about":[{"href":"https:\/\/librairie7l.com\/en\/wp-json\/wp\/v2\/types\/product"}],"wp:featuredmedia":[{"embeddable":true,"href":"https:\/\/librairie7l.com\/en\/wp-json\/wp\/v2\/media\/17681"}],"wp:attachment":[{"href":"https:\/\/librairie7l.com\/en\/wp-json\/wp\/v2\/media?parent=17683"}],"wp:term":[{"taxonomy":"product_cat","embeddable":true,"href":"https:\/\/librairie7l.com\/en\/wp-json\/wp\/v2\/product_cat?post=17683"},{"taxonomy":"product_tag","embeddable":true,"href":"https:\/\/librairie7l.com\/en\/wp-json\/wp\/v2\/product_tag?post=17683"}],"curies":[{"name":"wp","href":"https:\/\/api.w.org\/{rel}","templated":true}]}}