{"id":17687,"date":"2023-05-09T17:34:35","date_gmt":"2023-05-09T15:34:35","guid":{"rendered":"https:\/\/librairie7l.com\/?post_type=product&#038;p=17687"},"modified":"2026-05-03T08:49:38","modified_gmt":"2026-05-03T06:49:38","slug":"ange-leccia-au-film-du-temps","status":"publish","type":"product","link":"https:\/\/librairie7l.com\/en\/produit\/ange-leccia-au-film-du-temps\/","title":{"rendered":"ANGE LECCIA, AU FILM DU TEMPS"},"content":{"rendered":"<p>Intitul\u00e9 Au film du temps, l&#8217;ouvrage, qui accompagne l&#8217;exposition, invite le lecteur \u00e0 une exp\u00e9rience immersive \u00e0 travers une s\u00e9lection de vid\u00e9os des ann\u00e9es 1980 \u00e0 2022. Dans un r\u00e9cit polys\u00e9mique, les oeuvres filmiques La Mer, Anna, Femme feu, Les Oliviers, (D&#8217;)apr\u00e8s Monet et Creazione se d\u00e9ploient dans un long travelling po\u00e9tique. Sans v\u00e9ritable d\u00e9but, ni fin, telle une boucle vid\u00e9o, les images lib\u00e8rent le lecteur du point de vue centr\u00e9, caract\u00e9ristique de la perspective albertienne. Le grain de l&#8217;image vid\u00e9o, les couleurs parfois satur\u00e9es, les variations de lumi\u00e8res, les jeux d&#8217;ombres et le point quasi immobile de la cam\u00e9ra nous immerge dans des repr\u00e9sentations quasi abstraites, dans une palpitation hypnotique, o\u00f9 la mati\u00e8re devient presque picturale. Chez Leccia, la nature &#8211; terre, air, mer, feu, vent &#8211; vient r\u00e9veiller les sens : le spectateur perd ses rep\u00e8res, ses points d&#8217;ancrage dans le r\u00e9el. Mer, for\u00eat, v\u00e9g\u00e9tation, tout semble se d\u00e9mat\u00e9rialiser sous nos yeux.<br \/>\nR\u00e9-agenc\u00e9 sp\u00e9cialement pour le Mus\u00e9e des impressionnismes, (D&#8217;)apr\u00e8s Monet offre une relecture des c\u00e9l\u00e8bres Nymph\u00e9as du peintre dans une exp\u00e9rience sensible inspir\u00e9e de l&#8217;univers color\u00e9 et mouvant de l&#8217;impressionnisme. Con\u00e7ue \u00e0 partir de l&#8217;histoire de la gen\u00e8se de la toile de Monet, la vid\u00e9o de Leccia interroge les liens avec l&#8217;abstraction am\u00e9ricaine et europ\u00e9enne. Pour le pr\u00e9sent ouvrage, l&#8217;artiste a produit sp\u00e9cialement une s\u00e9rie de diptyques extraits de (D&#8217;)apr\u00e8s Monet. Imagin\u00e9 comme une camera obscura, le graphisme du livre joue avec les codes du cin\u00e9ma super-8.<\/p>\n","protected":false},"excerpt":{"rendered":"<p>Intitul\u00e9 Au film du temps, l&#8217;ouvrage, qui accompagne l&#8217;exposition, invite le lecteur \u00e0 une exp\u00e9rience immersive \u00e0 travers une s\u00e9lection de vid\u00e9os des ann\u00e9es 1980 \u00e0 2022. Dans un r\u00e9cit polys\u00e9mique, les oeuvres filmiques La Mer, Anna, Femme feu, Les Oliviers, (D&#8217;)apr\u00e8s Monet et Creazione se d\u00e9ploient dans un long travelling po\u00e9tique. Sans v\u00e9ritable d\u00e9but, [&hellip;]<\/p>\n","protected":false},"featured_media":17685,"template":"","meta":[],"product_cat":[55,2948,47,2953],"product_tag":[],"acf":[],"yoast_head":"<!-- This site is optimized with the Yoast SEO plugin v20.11 - https:\/\/yoast.com\/wordpress\/plugins\/seo\/ -->\n<title>ANGE LECCIA, AU FILM DU TEMPS - Librairie 7L<\/title>\n<meta name=\"robots\" content=\"index, follow, max-snippet:-1, max-image-preview:large, max-video-preview:-1\" \/>\n<link rel=\"canonical\" href=\"https:\/\/librairie7l.com\/en\/produit\/ange-leccia-au-film-du-temps\/\" \/>\n<meta property=\"og:locale\" content=\"en_US\" \/>\n<meta property=\"og:type\" content=\"article\" \/>\n<meta property=\"og:title\" content=\"ANGE LECCIA, AU FILM DU TEMPS - Librairie 7L\" \/>\n<meta property=\"og:description\" content=\"Intitul\u00e9 Au film du temps, l&#8217;ouvrage, qui accompagne l&#8217;exposition, invite le lecteur \u00e0 une exp\u00e9rience immersive \u00e0 travers une s\u00e9lection de vid\u00e9os des ann\u00e9es 1980 \u00e0 2022. Dans un r\u00e9cit polys\u00e9mique, les oeuvres filmiques La Mer, Anna, Femme feu, Les Oliviers, (D&#8217;)apr\u00e8s Monet et Creazione se d\u00e9ploient dans un long travelling po\u00e9tique. Sans v\u00e9ritable d\u00e9but, [&hellip;]\" \/>\n<meta property=\"og:url\" content=\"https:\/\/librairie7l.com\/en\/produit\/ange-leccia-au-film-du-temps\/\" \/>\n<meta property=\"og:site_name\" content=\"Librairie 7L\" \/>\n<meta property=\"article:modified_time\" content=\"2026-05-03T06:49:38+00:00\" \/>\n<meta property=\"og:image\" content=\"https:\/\/librairie7l.com\/wp-content\/uploads\/2022\/11\/9782365113496_1_75.jpg\" \/>\n\t<meta property=\"og:image:width\" content=\"600\" \/>\n\t<meta property=\"og:image:height\" content=\"880\" \/>\n\t<meta property=\"og:image:type\" content=\"image\/jpeg\" \/>\n<meta name=\"twitter:card\" content=\"summary_large_image\" \/>\n<meta name=\"twitter:label1\" content=\"Est. reading time\" \/>\n\t<meta name=\"twitter:data1\" content=\"1 minute\" \/>\n<script type=\"application\/ld+json\" class=\"yoast-schema-graph\">{\"@context\":\"https:\/\/schema.org\",\"@graph\":[{\"@type\":\"WebPage\",\"@id\":\"https:\/\/librairie7l.com\/en\/produit\/ange-leccia-au-film-du-temps\/\",\"url\":\"https:\/\/librairie7l.com\/en\/produit\/ange-leccia-au-film-du-temps\/\",\"name\":\"ANGE LECCIA, AU FILM DU TEMPS - Librairie 7L\",\"isPartOf\":{\"@id\":\"https:\/\/librairie7l.com\/en\/#website\"},\"datePublished\":\"2023-05-09T15:34:35+00:00\",\"dateModified\":\"2026-05-03T06:49:38+00:00\",\"breadcrumb\":{\"@id\":\"https:\/\/librairie7l.com\/en\/produit\/ange-leccia-au-film-du-temps\/#breadcrumb\"},\"inLanguage\":\"en-US\",\"potentialAction\":[{\"@type\":\"ReadAction\",\"target\":[\"https:\/\/librairie7l.com\/en\/produit\/ange-leccia-au-film-du-temps\/\"]}]},{\"@type\":\"BreadcrumbList\",\"@id\":\"https:\/\/librairie7l.com\/en\/produit\/ange-leccia-au-film-du-temps\/#breadcrumb\",\"itemListElement\":[{\"@type\":\"ListItem\",\"position\":1,\"name\":\"Accueil\",\"item\":\"https:\/\/librairie7l.com\/en\/\"},{\"@type\":\"ListItem\",\"position\":2,\"name\":\"Shop\",\"item\":\"https:\/\/librairie7l.com\/en\/shop\/\"},{\"@type\":\"ListItem\",\"position\":3,\"name\":\"ANGE LECCIA, AU FILM DU TEMPS\"}]},{\"@type\":\"WebSite\",\"@id\":\"https:\/\/librairie7l.com\/en\/#website\",\"url\":\"https:\/\/librairie7l.com\/en\/\",\"name\":\"Librairie 7L\",\"description\":\"Librairie fond\u00e9e en 1999 par Karl Lagerfeld \u00e0 Paris\",\"publisher\":{\"@id\":\"https:\/\/librairie7l.com\/en\/#organization\"},\"potentialAction\":[{\"@type\":\"SearchAction\",\"target\":{\"@type\":\"EntryPoint\",\"urlTemplate\":\"https:\/\/librairie7l.com\/en\/?s={search_term_string}\"},\"query-input\":\"required name=search_term_string\"}],\"inLanguage\":\"en-US\"},{\"@type\":\"Organization\",\"@id\":\"https:\/\/librairie7l.com\/en\/#organization\",\"name\":\"Librairie 7L\",\"url\":\"https:\/\/librairie7l.com\/en\/\",\"logo\":{\"@type\":\"ImageObject\",\"inLanguage\":\"en-US\",\"@id\":\"https:\/\/librairie7l.com\/en\/#\/schema\/logo\/image\/\",\"url\":\"https:\/\/librairie7l.com\/wp-content\/uploads\/2022\/08\/logo-1.png\",\"contentUrl\":\"https:\/\/librairie7l.com\/wp-content\/uploads\/2022\/08\/logo-1.png\",\"width\":227,\"height\":301,\"caption\":\"Librairie 7L\"},\"image\":{\"@id\":\"https:\/\/librairie7l.com\/en\/#\/schema\/logo\/image\/\"}}]}<\/script>\n<!-- \/ Yoast SEO plugin. -->","yoast_head_json":{"title":"ANGE LECCIA, AU FILM DU TEMPS - Librairie 7L","robots":{"index":"index","follow":"follow","max-snippet":"max-snippet:-1","max-image-preview":"max-image-preview:large","max-video-preview":"max-video-preview:-1"},"canonical":"https:\/\/librairie7l.com\/en\/produit\/ange-leccia-au-film-du-temps\/","og_locale":"en_US","og_type":"article","og_title":"ANGE LECCIA, AU FILM DU TEMPS - Librairie 7L","og_description":"Intitul\u00e9 Au film du temps, l&#8217;ouvrage, qui accompagne l&#8217;exposition, invite le lecteur \u00e0 une exp\u00e9rience immersive \u00e0 travers une s\u00e9lection de vid\u00e9os des ann\u00e9es 1980 \u00e0 2022. Dans un r\u00e9cit polys\u00e9mique, les oeuvres filmiques La Mer, Anna, Femme feu, Les Oliviers, (D&#8217;)apr\u00e8s Monet et Creazione se d\u00e9ploient dans un long travelling po\u00e9tique. Sans v\u00e9ritable d\u00e9but, [&hellip;]","og_url":"https:\/\/librairie7l.com\/en\/produit\/ange-leccia-au-film-du-temps\/","og_site_name":"Librairie 7L","article_modified_time":"2026-05-03T06:49:38+00:00","og_image":[{"width":600,"height":880,"url":"https:\/\/librairie7l.com\/wp-content\/uploads\/2022\/11\/9782365113496_1_75.jpg","type":"image\/jpeg"}],"twitter_card":"summary_large_image","twitter_misc":{"Est. reading time":"1 minute"},"schema":{"@context":"https:\/\/schema.org","@graph":[{"@type":"WebPage","@id":"https:\/\/librairie7l.com\/en\/produit\/ange-leccia-au-film-du-temps\/","url":"https:\/\/librairie7l.com\/en\/produit\/ange-leccia-au-film-du-temps\/","name":"ANGE LECCIA, AU FILM DU TEMPS - Librairie 7L","isPartOf":{"@id":"https:\/\/librairie7l.com\/en\/#website"},"datePublished":"2023-05-09T15:34:35+00:00","dateModified":"2026-05-03T06:49:38+00:00","breadcrumb":{"@id":"https:\/\/librairie7l.com\/en\/produit\/ange-leccia-au-film-du-temps\/#breadcrumb"},"inLanguage":"en-US","potentialAction":[{"@type":"ReadAction","target":["https:\/\/librairie7l.com\/en\/produit\/ange-leccia-au-film-du-temps\/"]}]},{"@type":"BreadcrumbList","@id":"https:\/\/librairie7l.com\/en\/produit\/ange-leccia-au-film-du-temps\/#breadcrumb","itemListElement":[{"@type":"ListItem","position":1,"name":"Accueil","item":"https:\/\/librairie7l.com\/en\/"},{"@type":"ListItem","position":2,"name":"Shop","item":"https:\/\/librairie7l.com\/en\/shop\/"},{"@type":"ListItem","position":3,"name":"ANGE LECCIA, AU FILM DU TEMPS"}]},{"@type":"WebSite","@id":"https:\/\/librairie7l.com\/en\/#website","url":"https:\/\/librairie7l.com\/en\/","name":"Librairie 7L","description":"Librairie fond\u00e9e en 1999 par Karl Lagerfeld \u00e0 Paris","publisher":{"@id":"https:\/\/librairie7l.com\/en\/#organization"},"potentialAction":[{"@type":"SearchAction","target":{"@type":"EntryPoint","urlTemplate":"https:\/\/librairie7l.com\/en\/?s={search_term_string}"},"query-input":"required name=search_term_string"}],"inLanguage":"en-US"},{"@type":"Organization","@id":"https:\/\/librairie7l.com\/en\/#organization","name":"Librairie 7L","url":"https:\/\/librairie7l.com\/en\/","logo":{"@type":"ImageObject","inLanguage":"en-US","@id":"https:\/\/librairie7l.com\/en\/#\/schema\/logo\/image\/","url":"https:\/\/librairie7l.com\/wp-content\/uploads\/2022\/08\/logo-1.png","contentUrl":"https:\/\/librairie7l.com\/wp-content\/uploads\/2022\/08\/logo-1.png","width":227,"height":301,"caption":"Librairie 7L"},"image":{"@id":"https:\/\/librairie7l.com\/en\/#\/schema\/logo\/image\/"}}]}},"_links":{"self":[{"href":"https:\/\/librairie7l.com\/en\/wp-json\/wp\/v2\/product\/17687"}],"collection":[{"href":"https:\/\/librairie7l.com\/en\/wp-json\/wp\/v2\/product"}],"about":[{"href":"https:\/\/librairie7l.com\/en\/wp-json\/wp\/v2\/types\/product"}],"wp:featuredmedia":[{"embeddable":true,"href":"https:\/\/librairie7l.com\/en\/wp-json\/wp\/v2\/media\/17685"}],"wp:attachment":[{"href":"https:\/\/librairie7l.com\/en\/wp-json\/wp\/v2\/media?parent=17687"}],"wp:term":[{"taxonomy":"product_cat","embeddable":true,"href":"https:\/\/librairie7l.com\/en\/wp-json\/wp\/v2\/product_cat?post=17687"},{"taxonomy":"product_tag","embeddable":true,"href":"https:\/\/librairie7l.com\/en\/wp-json\/wp\/v2\/product_tag?post=17687"}],"curies":[{"name":"wp","href":"https:\/\/api.w.org\/{rel}","templated":true}]}}