{"id":17699,"date":"2023-05-09T17:34:44","date_gmt":"2023-05-09T15:34:44","guid":{"rendered":"https:\/\/librairie7l.com\/?post_type=product&#038;p=17699"},"modified":"2026-04-18T15:15:34","modified_gmt":"2026-04-18T13:15:34","slug":"gaston-paris-la-photographie-en-spectacle","status":"publish","type":"product","link":"https:\/\/librairie7l.com\/en\/produit\/gaston-paris-la-photographie-en-spectacle\/","title":{"rendered":"GASTON PARIS : LA PHOTOGRAPHIE EN SPECTACLE"},"content":{"rendered":"<p>Photographe talentueux, reporter assidu et le plus publi\u00e9 dans le magazine Vu, c\u00e9l\u00e8bre pour ses mises en pages et images avant-gardistes, Gaston Paris (1905-1964) reste \u00e9tonnement l&#8217;un des oubli\u00e9s de l&#8217;histoire de la photographie. Ses images figurent, dans toute la presse de l&#8217;\u00e9poque, aux c\u00f4t\u00e9s de celles de Laure Albin-Guillot, Germaine Krull, ou encore Andr\u00e9 Kert\u00e9sz. \u00c9quip\u00e9 de son Rolleiflex et politiquement engag\u00e9, il saisit, d\u00e8s les ann\u00e9es 1930, le Paris des noctambules, le monde du cirque et des cabarets, les luttes sociales : ses cadrages audacieux, ses vues en contre-plong\u00e9e, ses noirs et blancs contrast\u00e9s t\u00e9moignent d&#8217;un regard ac\u00e9r\u00e9 et moderniste.<\/p>\n<p>Parall\u00e8lement \u00e0 cette production d\u00e9di\u00e9e aux grands sujets louant la modernit\u00e9, Gaston Paris livre de nombreux reportages \u00e9tranges et personnels, aux inspirations surr\u00e9alistes. Il excelle dans les mises en sc\u00e8nes \u00e9tonnantes et devient l&#8217;un des collaborateurs attitr\u00e9 du magazine D\u00e9tective de la fin des ann\u00e9es 1930 aux ann\u00e9es 1950 ; entre horreur et Grand Guignol, il reconstitue des drames peupl\u00e9s de gangsters et de personnages myst\u00e9rieux.<\/p>\n<p> Cet ouvrage offre aussi un \u00e9clairage sur la pratique naissante du photojournalisme, en particulier sur quelques-uns des grands sujets alors privil\u00e9gi\u00e9s (le monde de la nuit, la mis\u00e8re, les stars parmi lesquelles Piaf ou Cocteau, l&#8217;id\u00e9e de progr\u00e8s, etc.) et un t\u00e9moignage exceptionnel de l&#8217;\u00e9volution de la soci\u00e9t\u00e9 de l&#8217;entre-deux-guerres.<\/p>\n<p>Men\u00e9e sous la direction scientifique de l&#8217;historien de la photographie Michel Frizot, cette monographie pr\u00e9sente les multiples aspects d&#8217;un travail jusqu&#8217;ici m\u00e9connu et red\u00e9couvert par le Cabinet de la photographie du Centre Pompidou. Photographies, planches-contact th\u00e9matiques consciencieu-sement r\u00e9alis\u00e9es par Gaston Paris, ainsi que des extraits de pages de magazines, avec lesquels il collaborait r\u00e9guli\u00e8rement, laissent entrevoir l&#8217;\u00e9tendue de son vocabulaire esth\u00e9tique et photographique. Cette exploration visuelle sera enrichie d&#8217;une introduction \u00e0 l&#8217;oeuvre par Michel Frizot, d&#8217;un essai de Julie Jones sur la repr\u00e9sentation de la femme dans le Paris des ann\u00e9es 1930 et d&#8217;un texte de Delphine Desvaux, responsable du fonds Gaston Paris.<\/p>\n","protected":false},"excerpt":{"rendered":"<p>Photographe talentueux, reporter assidu et le plus publi\u00e9 dans le magazine Vu, c\u00e9l\u00e8bre pour ses mises en pages et images avant-gardistes, Gaston Paris (1905-1964) reste \u00e9tonnement l&#8217;un des oubli\u00e9s de l&#8217;histoire de la photographie. Ses images figurent, dans toute la presse de l&#8217;\u00e9poque, aux c\u00f4t\u00e9s de celles de Laure Albin-Guillot, Germaine Krull, ou encore Andr\u00e9 [&hellip;]<\/p>\n","protected":false},"featured_media":17697,"template":"","meta":[],"product_cat":[55,2948,2958,17],"product_tag":[],"acf":[],"yoast_head":"<!-- This site is optimized with the Yoast SEO plugin v20.11 - https:\/\/yoast.com\/wordpress\/plugins\/seo\/ -->\n<title>GASTON PARIS : LA PHOTOGRAPHIE EN SPECTACLE - Librairie 7L<\/title>\n<meta name=\"robots\" content=\"index, follow, max-snippet:-1, max-image-preview:large, max-video-preview:-1\" \/>\n<link rel=\"canonical\" href=\"https:\/\/librairie7l.com\/en\/produit\/gaston-paris-la-photographie-en-spectacle\/\" \/>\n<meta property=\"og:locale\" content=\"en_US\" \/>\n<meta property=\"og:type\" content=\"article\" \/>\n<meta property=\"og:title\" content=\"GASTON PARIS : LA PHOTOGRAPHIE EN SPECTACLE - Librairie 7L\" \/>\n<meta property=\"og:description\" content=\"Photographe talentueux, reporter assidu et le plus publi\u00e9 dans le magazine Vu, c\u00e9l\u00e8bre pour ses mises en pages et images avant-gardistes, Gaston Paris (1905-1964) reste \u00e9tonnement l&#8217;un des oubli\u00e9s de l&#8217;histoire de la photographie. Ses images figurent, dans toute la presse de l&#8217;\u00e9poque, aux c\u00f4t\u00e9s de celles de Laure Albin-Guillot, Germaine Krull, ou encore Andr\u00e9 [&hellip;]\" \/>\n<meta property=\"og:url\" content=\"https:\/\/librairie7l.com\/en\/produit\/gaston-paris-la-photographie-en-spectacle\/\" \/>\n<meta property=\"og:site_name\" content=\"Librairie 7L\" \/>\n<meta property=\"article:modified_time\" content=\"2026-04-18T13:15:34+00:00\" \/>\n<meta property=\"og:image\" content=\"https:\/\/librairie7l.com\/wp-content\/uploads\/2022\/01\/9782365112888_1_75.jpg\" \/>\n\t<meta property=\"og:image:width\" content=\"600\" \/>\n\t<meta property=\"og:image:height\" content=\"827\" \/>\n\t<meta property=\"og:image:type\" content=\"image\/jpeg\" \/>\n<meta name=\"twitter:card\" content=\"summary_large_image\" \/>\n<meta name=\"twitter:label1\" content=\"Est. reading time\" \/>\n\t<meta name=\"twitter:data1\" content=\"2 minutes\" \/>\n<script type=\"application\/ld+json\" class=\"yoast-schema-graph\">{\"@context\":\"https:\/\/schema.org\",\"@graph\":[{\"@type\":\"WebPage\",\"@id\":\"https:\/\/librairie7l.com\/en\/produit\/gaston-paris-la-photographie-en-spectacle\/\",\"url\":\"https:\/\/librairie7l.com\/en\/produit\/gaston-paris-la-photographie-en-spectacle\/\",\"name\":\"GASTON PARIS : LA PHOTOGRAPHIE EN SPECTACLE - Librairie 7L\",\"isPartOf\":{\"@id\":\"https:\/\/librairie7l.com\/en\/#website\"},\"datePublished\":\"2023-05-09T15:34:44+00:00\",\"dateModified\":\"2026-04-18T13:15:34+00:00\",\"breadcrumb\":{\"@id\":\"https:\/\/librairie7l.com\/en\/produit\/gaston-paris-la-photographie-en-spectacle\/#breadcrumb\"},\"inLanguage\":\"en-US\",\"potentialAction\":[{\"@type\":\"ReadAction\",\"target\":[\"https:\/\/librairie7l.com\/en\/produit\/gaston-paris-la-photographie-en-spectacle\/\"]}]},{\"@type\":\"BreadcrumbList\",\"@id\":\"https:\/\/librairie7l.com\/en\/produit\/gaston-paris-la-photographie-en-spectacle\/#breadcrumb\",\"itemListElement\":[{\"@type\":\"ListItem\",\"position\":1,\"name\":\"Accueil\",\"item\":\"https:\/\/librairie7l.com\/en\/\"},{\"@type\":\"ListItem\",\"position\":2,\"name\":\"Shop\",\"item\":\"https:\/\/librairie7l.com\/en\/shop\/\"},{\"@type\":\"ListItem\",\"position\":3,\"name\":\"GASTON PARIS : LA PHOTOGRAPHIE EN SPECTACLE\"}]},{\"@type\":\"WebSite\",\"@id\":\"https:\/\/librairie7l.com\/en\/#website\",\"url\":\"https:\/\/librairie7l.com\/en\/\",\"name\":\"Librairie 7L\",\"description\":\"Librairie fond\u00e9e en 1999 par Karl Lagerfeld \u00e0 Paris\",\"publisher\":{\"@id\":\"https:\/\/librairie7l.com\/en\/#organization\"},\"potentialAction\":[{\"@type\":\"SearchAction\",\"target\":{\"@type\":\"EntryPoint\",\"urlTemplate\":\"https:\/\/librairie7l.com\/en\/?s={search_term_string}\"},\"query-input\":\"required name=search_term_string\"}],\"inLanguage\":\"en-US\"},{\"@type\":\"Organization\",\"@id\":\"https:\/\/librairie7l.com\/en\/#organization\",\"name\":\"Librairie 7L\",\"url\":\"https:\/\/librairie7l.com\/en\/\",\"logo\":{\"@type\":\"ImageObject\",\"inLanguage\":\"en-US\",\"@id\":\"https:\/\/librairie7l.com\/en\/#\/schema\/logo\/image\/\",\"url\":\"https:\/\/librairie7l.com\/wp-content\/uploads\/2022\/08\/logo-1.png\",\"contentUrl\":\"https:\/\/librairie7l.com\/wp-content\/uploads\/2022\/08\/logo-1.png\",\"width\":227,\"height\":301,\"caption\":\"Librairie 7L\"},\"image\":{\"@id\":\"https:\/\/librairie7l.com\/en\/#\/schema\/logo\/image\/\"}}]}<\/script>\n<!-- \/ Yoast SEO plugin. -->","yoast_head_json":{"title":"GASTON PARIS : LA PHOTOGRAPHIE EN SPECTACLE - Librairie 7L","robots":{"index":"index","follow":"follow","max-snippet":"max-snippet:-1","max-image-preview":"max-image-preview:large","max-video-preview":"max-video-preview:-1"},"canonical":"https:\/\/librairie7l.com\/en\/produit\/gaston-paris-la-photographie-en-spectacle\/","og_locale":"en_US","og_type":"article","og_title":"GASTON PARIS : LA PHOTOGRAPHIE EN SPECTACLE - Librairie 7L","og_description":"Photographe talentueux, reporter assidu et le plus publi\u00e9 dans le magazine Vu, c\u00e9l\u00e8bre pour ses mises en pages et images avant-gardistes, Gaston Paris (1905-1964) reste \u00e9tonnement l&#8217;un des oubli\u00e9s de l&#8217;histoire de la photographie. Ses images figurent, dans toute la presse de l&#8217;\u00e9poque, aux c\u00f4t\u00e9s de celles de Laure Albin-Guillot, Germaine Krull, ou encore Andr\u00e9 [&hellip;]","og_url":"https:\/\/librairie7l.com\/en\/produit\/gaston-paris-la-photographie-en-spectacle\/","og_site_name":"Librairie 7L","article_modified_time":"2026-04-18T13:15:34+00:00","og_image":[{"width":600,"height":827,"url":"https:\/\/librairie7l.com\/wp-content\/uploads\/2022\/01\/9782365112888_1_75.jpg","type":"image\/jpeg"}],"twitter_card":"summary_large_image","twitter_misc":{"Est. reading time":"2 minutes"},"schema":{"@context":"https:\/\/schema.org","@graph":[{"@type":"WebPage","@id":"https:\/\/librairie7l.com\/en\/produit\/gaston-paris-la-photographie-en-spectacle\/","url":"https:\/\/librairie7l.com\/en\/produit\/gaston-paris-la-photographie-en-spectacle\/","name":"GASTON PARIS : LA PHOTOGRAPHIE EN SPECTACLE - Librairie 7L","isPartOf":{"@id":"https:\/\/librairie7l.com\/en\/#website"},"datePublished":"2023-05-09T15:34:44+00:00","dateModified":"2026-04-18T13:15:34+00:00","breadcrumb":{"@id":"https:\/\/librairie7l.com\/en\/produit\/gaston-paris-la-photographie-en-spectacle\/#breadcrumb"},"inLanguage":"en-US","potentialAction":[{"@type":"ReadAction","target":["https:\/\/librairie7l.com\/en\/produit\/gaston-paris-la-photographie-en-spectacle\/"]}]},{"@type":"BreadcrumbList","@id":"https:\/\/librairie7l.com\/en\/produit\/gaston-paris-la-photographie-en-spectacle\/#breadcrumb","itemListElement":[{"@type":"ListItem","position":1,"name":"Accueil","item":"https:\/\/librairie7l.com\/en\/"},{"@type":"ListItem","position":2,"name":"Shop","item":"https:\/\/librairie7l.com\/en\/shop\/"},{"@type":"ListItem","position":3,"name":"GASTON PARIS : LA PHOTOGRAPHIE EN SPECTACLE"}]},{"@type":"WebSite","@id":"https:\/\/librairie7l.com\/en\/#website","url":"https:\/\/librairie7l.com\/en\/","name":"Librairie 7L","description":"Librairie fond\u00e9e en 1999 par Karl Lagerfeld \u00e0 Paris","publisher":{"@id":"https:\/\/librairie7l.com\/en\/#organization"},"potentialAction":[{"@type":"SearchAction","target":{"@type":"EntryPoint","urlTemplate":"https:\/\/librairie7l.com\/en\/?s={search_term_string}"},"query-input":"required name=search_term_string"}],"inLanguage":"en-US"},{"@type":"Organization","@id":"https:\/\/librairie7l.com\/en\/#organization","name":"Librairie 7L","url":"https:\/\/librairie7l.com\/en\/","logo":{"@type":"ImageObject","inLanguage":"en-US","@id":"https:\/\/librairie7l.com\/en\/#\/schema\/logo\/image\/","url":"https:\/\/librairie7l.com\/wp-content\/uploads\/2022\/08\/logo-1.png","contentUrl":"https:\/\/librairie7l.com\/wp-content\/uploads\/2022\/08\/logo-1.png","width":227,"height":301,"caption":"Librairie 7L"},"image":{"@id":"https:\/\/librairie7l.com\/en\/#\/schema\/logo\/image\/"}}]}},"_links":{"self":[{"href":"https:\/\/librairie7l.com\/en\/wp-json\/wp\/v2\/product\/17699"}],"collection":[{"href":"https:\/\/librairie7l.com\/en\/wp-json\/wp\/v2\/product"}],"about":[{"href":"https:\/\/librairie7l.com\/en\/wp-json\/wp\/v2\/types\/product"}],"wp:featuredmedia":[{"embeddable":true,"href":"https:\/\/librairie7l.com\/en\/wp-json\/wp\/v2\/media\/17697"}],"wp:attachment":[{"href":"https:\/\/librairie7l.com\/en\/wp-json\/wp\/v2\/media?parent=17699"}],"wp:term":[{"taxonomy":"product_cat","embeddable":true,"href":"https:\/\/librairie7l.com\/en\/wp-json\/wp\/v2\/product_cat?post=17699"},{"taxonomy":"product_tag","embeddable":true,"href":"https:\/\/librairie7l.com\/en\/wp-json\/wp\/v2\/product_tag?post=17699"}],"curies":[{"name":"wp","href":"https:\/\/api.w.org\/{rel}","templated":true}]}}