{"id":17715,"date":"2023-05-09T17:35:01","date_gmt":"2023-05-09T15:35:01","guid":{"rendered":"https:\/\/librairie7l.com\/?post_type=product&#038;p=17715"},"modified":"2026-04-18T15:16:15","modified_gmt":"2026-04-18T13:16:15","slug":"italia-discreta","status":"publish","type":"product","link":"https:\/\/librairie7l.com\/en\/produit\/italia-discreta\/","title":{"rendered":"ITALIA DISCRETA"},"content":{"rendered":"<p>Le mus\u00e9e Granet a con\u00e7u une exposition consacr\u00e9e \u00e0 l&#8217;artiste Bernard Plossu sur le th\u00e8me de l&#8217;Italie. Une centaine de photographies seront expos\u00e9es, la plupart in\u00e9dites, couvrant la p\u00e9riode de la fin des ann\u00e9es 70 \u00e0 2017. Si l&#8217;artiste est c\u00e9l\u00e8bre pour ses clich\u00e9s utilisant de fa\u00e7on quasi exclusive le noir et blanc d\u00e8s 1965, il a pu exp\u00e9rimenter la couleur au gr\u00e9 de ses voyages \u00e0 travers un proc\u00e9d\u00e9 pigmentaire particulier, le tirage Fresson, d\u00e9couvert en 1967. Ces tirages mat au charbon, connus dans le monde entier, donnent un rendu granuleux, doux et presque poudr\u00e9 \u00e0 ses photographies. Ce magnifique ensemble sera mis en regard avec une soixantaine de lavis, aquarelles, diff\u00e9rentes vues de la ville de Rome et de ses alentours r\u00e9alis\u00e9es par le peintre embl\u00e9matique de la ville d&#8217;Aix, Fran\u00e7ois-Marius Granet (1775-1849) dans la premi\u00e8re moiti\u00e9 du XIXe si\u00e8cle.<\/p>\n","protected":false},"excerpt":{"rendered":"<p>Le mus\u00e9e Granet a con\u00e7u une exposition consacr\u00e9e \u00e0 l&#8217;artiste Bernard Plossu sur le th\u00e8me de l&#8217;Italie. Une centaine de photographies seront expos\u00e9es, la plupart in\u00e9dites, couvrant la p\u00e9riode de la fin des ann\u00e9es 70 \u00e0 2017. Si l&#8217;artiste est c\u00e9l\u00e8bre pour ses clich\u00e9s utilisant de fa\u00e7on quasi exclusive le noir et blanc d\u00e8s 1965, [&hellip;]<\/p>\n","protected":false},"featured_media":17713,"template":"","meta":[],"product_cat":[55,2948,2958,17],"product_tag":[],"acf":[],"yoast_head":"<!-- This site is optimized with the Yoast SEO plugin v20.11 - https:\/\/yoast.com\/wordpress\/plugins\/seo\/ -->\n<title>ITALIA DISCRETA - Librairie 7L<\/title>\n<meta name=\"robots\" content=\"index, follow, max-snippet:-1, max-image-preview:large, max-video-preview:-1\" \/>\n<link rel=\"canonical\" href=\"https:\/\/librairie7l.com\/en\/produit\/italia-discreta\/\" \/>\n<meta property=\"og:locale\" content=\"en_US\" \/>\n<meta property=\"og:type\" content=\"article\" \/>\n<meta property=\"og:title\" content=\"ITALIA DISCRETA - Librairie 7L\" \/>\n<meta property=\"og:description\" content=\"Le mus\u00e9e Granet a con\u00e7u une exposition consacr\u00e9e \u00e0 l&#8217;artiste Bernard Plossu sur le th\u00e8me de l&#8217;Italie. Une centaine de photographies seront expos\u00e9es, la plupart in\u00e9dites, couvrant la p\u00e9riode de la fin des ann\u00e9es 70 \u00e0 2017. Si l&#8217;artiste est c\u00e9l\u00e8bre pour ses clich\u00e9s utilisant de fa\u00e7on quasi exclusive le noir et blanc d\u00e8s 1965, [&hellip;]\" \/>\n<meta property=\"og:url\" content=\"https:\/\/librairie7l.com\/en\/produit\/italia-discreta\/\" \/>\n<meta property=\"og:site_name\" content=\"Librairie 7L\" \/>\n<meta property=\"article:modified_time\" content=\"2026-04-18T13:16:15+00:00\" \/>\n<meta property=\"og:image\" content=\"https:\/\/librairie7l.com\/wp-content\/uploads\/2022\/05\/9782350465623_1_75.jpg\" \/>\n\t<meta property=\"og:image:width\" content=\"600\" \/>\n\t<meta property=\"og:image:height\" content=\"705\" \/>\n\t<meta property=\"og:image:type\" content=\"image\/jpeg\" \/>\n<meta name=\"twitter:card\" content=\"summary_large_image\" \/>\n<meta name=\"twitter:label1\" content=\"Est. reading time\" \/>\n\t<meta name=\"twitter:data1\" content=\"1 minute\" \/>\n<script type=\"application\/ld+json\" class=\"yoast-schema-graph\">{\"@context\":\"https:\/\/schema.org\",\"@graph\":[{\"@type\":\"WebPage\",\"@id\":\"https:\/\/librairie7l.com\/en\/produit\/italia-discreta\/\",\"url\":\"https:\/\/librairie7l.com\/en\/produit\/italia-discreta\/\",\"name\":\"ITALIA DISCRETA - Librairie 7L\",\"isPartOf\":{\"@id\":\"https:\/\/librairie7l.com\/en\/#website\"},\"datePublished\":\"2023-05-09T15:35:01+00:00\",\"dateModified\":\"2026-04-18T13:16:15+00:00\",\"breadcrumb\":{\"@id\":\"https:\/\/librairie7l.com\/en\/produit\/italia-discreta\/#breadcrumb\"},\"inLanguage\":\"en-US\",\"potentialAction\":[{\"@type\":\"ReadAction\",\"target\":[\"https:\/\/librairie7l.com\/en\/produit\/italia-discreta\/\"]}]},{\"@type\":\"BreadcrumbList\",\"@id\":\"https:\/\/librairie7l.com\/en\/produit\/italia-discreta\/#breadcrumb\",\"itemListElement\":[{\"@type\":\"ListItem\",\"position\":1,\"name\":\"Accueil\",\"item\":\"https:\/\/librairie7l.com\/en\/\"},{\"@type\":\"ListItem\",\"position\":2,\"name\":\"Shop\",\"item\":\"https:\/\/librairie7l.com\/en\/shop\/\"},{\"@type\":\"ListItem\",\"position\":3,\"name\":\"ITALIA DISCRETA\"}]},{\"@type\":\"WebSite\",\"@id\":\"https:\/\/librairie7l.com\/en\/#website\",\"url\":\"https:\/\/librairie7l.com\/en\/\",\"name\":\"Librairie 7L\",\"description\":\"Librairie fond\u00e9e en 1999 par Karl Lagerfeld \u00e0 Paris\",\"publisher\":{\"@id\":\"https:\/\/librairie7l.com\/en\/#organization\"},\"potentialAction\":[{\"@type\":\"SearchAction\",\"target\":{\"@type\":\"EntryPoint\",\"urlTemplate\":\"https:\/\/librairie7l.com\/en\/?s={search_term_string}\"},\"query-input\":\"required name=search_term_string\"}],\"inLanguage\":\"en-US\"},{\"@type\":\"Organization\",\"@id\":\"https:\/\/librairie7l.com\/en\/#organization\",\"name\":\"Librairie 7L\",\"url\":\"https:\/\/librairie7l.com\/en\/\",\"logo\":{\"@type\":\"ImageObject\",\"inLanguage\":\"en-US\",\"@id\":\"https:\/\/librairie7l.com\/en\/#\/schema\/logo\/image\/\",\"url\":\"https:\/\/librairie7l.com\/wp-content\/uploads\/2022\/08\/logo-1.png\",\"contentUrl\":\"https:\/\/librairie7l.com\/wp-content\/uploads\/2022\/08\/logo-1.png\",\"width\":227,\"height\":301,\"caption\":\"Librairie 7L\"},\"image\":{\"@id\":\"https:\/\/librairie7l.com\/en\/#\/schema\/logo\/image\/\"}}]}<\/script>\n<!-- \/ Yoast SEO plugin. -->","yoast_head_json":{"title":"ITALIA DISCRETA - Librairie 7L","robots":{"index":"index","follow":"follow","max-snippet":"max-snippet:-1","max-image-preview":"max-image-preview:large","max-video-preview":"max-video-preview:-1"},"canonical":"https:\/\/librairie7l.com\/en\/produit\/italia-discreta\/","og_locale":"en_US","og_type":"article","og_title":"ITALIA DISCRETA - Librairie 7L","og_description":"Le mus\u00e9e Granet a con\u00e7u une exposition consacr\u00e9e \u00e0 l&#8217;artiste Bernard Plossu sur le th\u00e8me de l&#8217;Italie. Une centaine de photographies seront expos\u00e9es, la plupart in\u00e9dites, couvrant la p\u00e9riode de la fin des ann\u00e9es 70 \u00e0 2017. Si l&#8217;artiste est c\u00e9l\u00e8bre pour ses clich\u00e9s utilisant de fa\u00e7on quasi exclusive le noir et blanc d\u00e8s 1965, [&hellip;]","og_url":"https:\/\/librairie7l.com\/en\/produit\/italia-discreta\/","og_site_name":"Librairie 7L","article_modified_time":"2026-04-18T13:16:15+00:00","og_image":[{"width":600,"height":705,"url":"https:\/\/librairie7l.com\/wp-content\/uploads\/2022\/05\/9782350465623_1_75.jpg","type":"image\/jpeg"}],"twitter_card":"summary_large_image","twitter_misc":{"Est. reading time":"1 minute"},"schema":{"@context":"https:\/\/schema.org","@graph":[{"@type":"WebPage","@id":"https:\/\/librairie7l.com\/en\/produit\/italia-discreta\/","url":"https:\/\/librairie7l.com\/en\/produit\/italia-discreta\/","name":"ITALIA DISCRETA - Librairie 7L","isPartOf":{"@id":"https:\/\/librairie7l.com\/en\/#website"},"datePublished":"2023-05-09T15:35:01+00:00","dateModified":"2026-04-18T13:16:15+00:00","breadcrumb":{"@id":"https:\/\/librairie7l.com\/en\/produit\/italia-discreta\/#breadcrumb"},"inLanguage":"en-US","potentialAction":[{"@type":"ReadAction","target":["https:\/\/librairie7l.com\/en\/produit\/italia-discreta\/"]}]},{"@type":"BreadcrumbList","@id":"https:\/\/librairie7l.com\/en\/produit\/italia-discreta\/#breadcrumb","itemListElement":[{"@type":"ListItem","position":1,"name":"Accueil","item":"https:\/\/librairie7l.com\/en\/"},{"@type":"ListItem","position":2,"name":"Shop","item":"https:\/\/librairie7l.com\/en\/shop\/"},{"@type":"ListItem","position":3,"name":"ITALIA DISCRETA"}]},{"@type":"WebSite","@id":"https:\/\/librairie7l.com\/en\/#website","url":"https:\/\/librairie7l.com\/en\/","name":"Librairie 7L","description":"Librairie fond\u00e9e en 1999 par Karl Lagerfeld \u00e0 Paris","publisher":{"@id":"https:\/\/librairie7l.com\/en\/#organization"},"potentialAction":[{"@type":"SearchAction","target":{"@type":"EntryPoint","urlTemplate":"https:\/\/librairie7l.com\/en\/?s={search_term_string}"},"query-input":"required name=search_term_string"}],"inLanguage":"en-US"},{"@type":"Organization","@id":"https:\/\/librairie7l.com\/en\/#organization","name":"Librairie 7L","url":"https:\/\/librairie7l.com\/en\/","logo":{"@type":"ImageObject","inLanguage":"en-US","@id":"https:\/\/librairie7l.com\/en\/#\/schema\/logo\/image\/","url":"https:\/\/librairie7l.com\/wp-content\/uploads\/2022\/08\/logo-1.png","contentUrl":"https:\/\/librairie7l.com\/wp-content\/uploads\/2022\/08\/logo-1.png","width":227,"height":301,"caption":"Librairie 7L"},"image":{"@id":"https:\/\/librairie7l.com\/en\/#\/schema\/logo\/image\/"}}]}},"_links":{"self":[{"href":"https:\/\/librairie7l.com\/en\/wp-json\/wp\/v2\/product\/17715"}],"collection":[{"href":"https:\/\/librairie7l.com\/en\/wp-json\/wp\/v2\/product"}],"about":[{"href":"https:\/\/librairie7l.com\/en\/wp-json\/wp\/v2\/types\/product"}],"wp:featuredmedia":[{"embeddable":true,"href":"https:\/\/librairie7l.com\/en\/wp-json\/wp\/v2\/media\/17713"}],"wp:attachment":[{"href":"https:\/\/librairie7l.com\/en\/wp-json\/wp\/v2\/media?parent=17715"}],"wp:term":[{"taxonomy":"product_cat","embeddable":true,"href":"https:\/\/librairie7l.com\/en\/wp-json\/wp\/v2\/product_cat?post=17715"},{"taxonomy":"product_tag","embeddable":true,"href":"https:\/\/librairie7l.com\/en\/wp-json\/wp\/v2\/product_tag?post=17715"}],"curies":[{"name":"wp","href":"https:\/\/api.w.org\/{rel}","templated":true}]}}