{"id":17719,"date":"2023-05-09T17:35:05","date_gmt":"2023-05-09T15:35:05","guid":{"rendered":"https:\/\/librairie7l.com\/?post_type=product&#038;p=17719"},"modified":"2026-04-08T18:57:51","modified_gmt":"2026-04-08T16:57:51","slug":"kalalog","status":"publish","type":"product","link":"https:\/\/librairie7l.com\/en\/produit\/kalalog\/","title":{"rendered":"KATALOG"},"content":{"rendered":"<p>\u00ab Absolument tout y est pass\u00e9 : de la chaussette trou\u00e9e de ma fille aux Lego de mon fils en passant par mon vibromasseur, mes anxiolytiques, tout, absolument tout.\u00bb.<br \/>\nBarbara Iweins.<\/p>\n<p>Apr\u00e8s un onzi\u00e8me d\u00e9m\u00e9nagement \u00e9prouvant, Barbara Iweins, photographe et artiste bruxelloise, s&#8217;est lanc\u00e9e dans un travail d&#8217;introspection singulier : photographier un par un les 12 795 objets de sa maison, les indexer et les classer par couleur, mat\u00e9riau, fr\u00e9quence d&#8217;utilisation&#8230; Le projet fou de Katalog a dur\u00e9 plus de quatre ans. De cette \u00ab th\u00e9rapie n\u00e9cessaire \u00bb, elle a imagin\u00e9 un catalogue aux compositions graphiques et pop &#8211; miroir fascinant de notre soci\u00e9t\u00e9 de consommation &#8211; o\u00f9 se d\u00e9voile un autoportrait intime, port\u00e9 par 50 histoires courtes aussi dr\u00f4les qu&#8217;\u00e9mouvantes.<\/p>\n<p>Un trench qui rappelle un \u00e9v\u00e9nement cocasse dans un triste h\u00f4pital, une tasse qui \u00e9voque un d\u00e9samour fraternel, un jouet d&#8217;enfant qui personnifie le souvenir d&#8217;un chien mal aim\u00e9, des coques d&#8217;iPhone qui r\u00e9v\u00e8lent les ruses d&#8217;une ado, ou une bouillotte en miettes qui conserve la douleur d&#8217;une s\u00e9paration&#8230; \u00c0 travers cet inventaire loufoque, Barbara Iweins convoque la puissance m\u00e9morielle des objets et nous invite \u00e0 partager une m\u00e9moire collective et personnelle fascinante.<\/p>\n<p>Organis\u00e9 par pi\u00e8ce, le livre invite \u00e0 une visite guid\u00e9e de la maison qui d\u00e9marre par l&#8217;entr\u00e9e et se poursuit dans la cuisine, le salon, la chambre de Barbara et celles de ces trois enfants, sans oublier la salle de bain et la cave. Les num\u00e9ros des objets s&#8217;\u00e9gr\u00e8nent au fil de la lecture, proposant un syst\u00e8me de pagination affolant, \u00e0 l&#8217;image du projet. Car Barbara Iweins n&#8217;a pas seulement photographi\u00e9 12 795 objets, elle les a aussi analys\u00e9s.<\/p>\n<p>Utilisant les performances d&#8217;un tableur Excel, elle a \u00e9tabli des statistiques sur cette masse informe, donnant au r\u00e9cit une logique absurde et irr\u00e9sistible avec de courtes phrases en l\u00e9gende de certaines planches. Quelques exemples succulents : \u00ab 90 % des gants se perdent dans les deux semaines qui suivent leur acquisition. \u00bb, \u00ab La somme d\u00e9pens\u00e9e pour tous les objets de la maison est estim\u00e9e \u00e0 121 046 \u20ac. \u00bb, \u00ab 37 % des Playmobil de la maison sont chauves. \u00bb ou \u00ab J&#8217;ai la faiblesse de croire que je suis la seule personne au monde \u00e0 savoir que la couleur dominante de sa maison est le bleu (16 %). \u00bb.<\/p>\n<p>De son tropisme de collectionneuse n\u00e9vros\u00e9e entrem\u00eal\u00e9 \u00e0 un besoin irr\u00e9pressible de mettre de l&#8217;ordre dans un chaos intime, tel qu&#8217;elle le confesse, Barbara Iweins a cr\u00e9\u00e9 un projet monumental tant dans sa forme que dans son aboutissement. Derri\u00e8re la l\u00e9g\u00e8ret\u00e9 teint\u00e9e d&#8217;autod\u00e9rision du projet Katalog, se dessine un travail d&#8217;anthropologie visuelle de notre soci\u00e9t\u00e9 contemporaine.<\/p>\n<p>L&#8217;une des 50 histoires de Katalog :<\/p>\n<p>Tes journ\u00e9es sont longues \u00e0 l&#8217;h\u00f4pital. Aujourd&#8217;hui je d\u00e9cide de te faire une surprise quelque peu os\u00e9e. Enti\u00e8rement nue, j&#8217;enfile des talons et m&#8217;enveloppe dans un trench en daim. En claquant la porte, je glousse int\u00e9rieurement mais je ne me d\u00e9file pas. Je prends doucement de l&#8217;assurance en marchant le long de l&#8217;avenue de Messidor vers l&#8217;arr\u00eat de tram. Quand tout \u00e0 coup, je ressens un courant d&#8217;air au niveau de mes cuisses. \u00c9trange&#8230; Je touche l&#8217;arri\u00e8re du trench et r\u00e9alise avec horreur qu&#8217;il est fendu \u00e0 partir du haut des cuisses ! Je me balade depuis dix minutes le cul \u00e0 l&#8217;air. C&#8217;est tout moi \u00e7a ! M\u00eame en essayant de me la jouer sexy, je me tape la honte du si\u00e8cle.<\/p>\n<p>Trench.<br \/>\n12.09.2018 (44 ans).<\/p>\n","protected":false},"excerpt":{"rendered":"<p>\u00ab Absolument tout y est pass\u00e9 : de la chaussette trou\u00e9e de ma fille aux Lego de mon fils en passant par mon vibromasseur, mes anxiolytiques, tout, absolument tout.\u00bb. Barbara Iweins. Apr\u00e8s un onzi\u00e8me d\u00e9m\u00e9nagement \u00e9prouvant, Barbara Iweins, photographe et artiste bruxelloise, s&#8217;est lanc\u00e9e dans un travail d&#8217;introspection singulier : photographier un par un les [&hellip;]<\/p>\n","protected":false},"featured_media":17717,"template":"","meta":[],"product_cat":[2948,2958],"product_tag":[],"acf":[],"yoast_head":"<!-- This site is optimized with the Yoast SEO plugin v20.11 - https:\/\/yoast.com\/wordpress\/plugins\/seo\/ -->\n<title>KATALOG - Librairie 7L<\/title>\n<meta name=\"robots\" content=\"index, follow, max-snippet:-1, max-image-preview:large, max-video-preview:-1\" \/>\n<link rel=\"canonical\" href=\"https:\/\/librairie7l.com\/en\/produit\/kalalog\/\" \/>\n<meta property=\"og:locale\" content=\"en_US\" \/>\n<meta property=\"og:type\" content=\"article\" \/>\n<meta property=\"og:title\" content=\"KATALOG - Librairie 7L\" \/>\n<meta property=\"og:description\" content=\"\u00ab Absolument tout y est pass\u00e9 : de la chaussette trou\u00e9e de ma fille aux Lego de mon fils en passant par mon vibromasseur, mes anxiolytiques, tout, absolument tout.\u00bb. Barbara Iweins. Apr\u00e8s un onzi\u00e8me d\u00e9m\u00e9nagement \u00e9prouvant, Barbara Iweins, photographe et artiste bruxelloise, s&#8217;est lanc\u00e9e dans un travail d&#8217;introspection singulier : photographier un par un les [&hellip;]\" \/>\n<meta property=\"og:url\" content=\"https:\/\/librairie7l.com\/en\/produit\/kalalog\/\" \/>\n<meta property=\"og:site_name\" content=\"Librairie 7L\" \/>\n<meta property=\"article:modified_time\" content=\"2026-04-08T16:57:51+00:00\" \/>\n<meta property=\"og:image\" content=\"https:\/\/librairie7l.com\/wp-content\/uploads\/2022\/06\/9791095821502_1_75.jpg\" \/>\n\t<meta property=\"og:image:width\" content=\"400\" \/>\n\t<meta property=\"og:image:height\" content=\"534\" \/>\n\t<meta property=\"og:image:type\" content=\"image\/jpeg\" \/>\n<meta name=\"twitter:card\" content=\"summary_large_image\" \/>\n<meta name=\"twitter:label1\" content=\"Est. reading time\" \/>\n\t<meta name=\"twitter:data1\" content=\"3 minutes\" \/>\n<script type=\"application\/ld+json\" class=\"yoast-schema-graph\">{\"@context\":\"https:\/\/schema.org\",\"@graph\":[{\"@type\":\"WebPage\",\"@id\":\"https:\/\/librairie7l.com\/en\/produit\/kalalog\/\",\"url\":\"https:\/\/librairie7l.com\/en\/produit\/kalalog\/\",\"name\":\"KATALOG - Librairie 7L\",\"isPartOf\":{\"@id\":\"https:\/\/librairie7l.com\/en\/#website\"},\"datePublished\":\"2023-05-09T15:35:05+00:00\",\"dateModified\":\"2026-04-08T16:57:51+00:00\",\"breadcrumb\":{\"@id\":\"https:\/\/librairie7l.com\/en\/produit\/kalalog\/#breadcrumb\"},\"inLanguage\":\"en-US\",\"potentialAction\":[{\"@type\":\"ReadAction\",\"target\":[\"https:\/\/librairie7l.com\/en\/produit\/kalalog\/\"]}]},{\"@type\":\"BreadcrumbList\",\"@id\":\"https:\/\/librairie7l.com\/en\/produit\/kalalog\/#breadcrumb\",\"itemListElement\":[{\"@type\":\"ListItem\",\"position\":1,\"name\":\"Accueil\",\"item\":\"https:\/\/librairie7l.com\/en\/\"},{\"@type\":\"ListItem\",\"position\":2,\"name\":\"Shop\",\"item\":\"https:\/\/librairie7l.com\/en\/shop\/\"},{\"@type\":\"ListItem\",\"position\":3,\"name\":\"KATALOG\"}]},{\"@type\":\"WebSite\",\"@id\":\"https:\/\/librairie7l.com\/en\/#website\",\"url\":\"https:\/\/librairie7l.com\/en\/\",\"name\":\"Librairie 7L\",\"description\":\"Librairie fond\u00e9e en 1999 par Karl Lagerfeld \u00e0 Paris\",\"publisher\":{\"@id\":\"https:\/\/librairie7l.com\/en\/#organization\"},\"potentialAction\":[{\"@type\":\"SearchAction\",\"target\":{\"@type\":\"EntryPoint\",\"urlTemplate\":\"https:\/\/librairie7l.com\/en\/?s={search_term_string}\"},\"query-input\":\"required name=search_term_string\"}],\"inLanguage\":\"en-US\"},{\"@type\":\"Organization\",\"@id\":\"https:\/\/librairie7l.com\/en\/#organization\",\"name\":\"Librairie 7L\",\"url\":\"https:\/\/librairie7l.com\/en\/\",\"logo\":{\"@type\":\"ImageObject\",\"inLanguage\":\"en-US\",\"@id\":\"https:\/\/librairie7l.com\/en\/#\/schema\/logo\/image\/\",\"url\":\"https:\/\/librairie7l.com\/wp-content\/uploads\/2022\/08\/logo-1.png\",\"contentUrl\":\"https:\/\/librairie7l.com\/wp-content\/uploads\/2022\/08\/logo-1.png\",\"width\":227,\"height\":301,\"caption\":\"Librairie 7L\"},\"image\":{\"@id\":\"https:\/\/librairie7l.com\/en\/#\/schema\/logo\/image\/\"}}]}<\/script>\n<!-- \/ Yoast SEO plugin. -->","yoast_head_json":{"title":"KATALOG - Librairie 7L","robots":{"index":"index","follow":"follow","max-snippet":"max-snippet:-1","max-image-preview":"max-image-preview:large","max-video-preview":"max-video-preview:-1"},"canonical":"https:\/\/librairie7l.com\/en\/produit\/kalalog\/","og_locale":"en_US","og_type":"article","og_title":"KATALOG - Librairie 7L","og_description":"\u00ab Absolument tout y est pass\u00e9 : de la chaussette trou\u00e9e de ma fille aux Lego de mon fils en passant par mon vibromasseur, mes anxiolytiques, tout, absolument tout.\u00bb. Barbara Iweins. Apr\u00e8s un onzi\u00e8me d\u00e9m\u00e9nagement \u00e9prouvant, Barbara Iweins, photographe et artiste bruxelloise, s&#8217;est lanc\u00e9e dans un travail d&#8217;introspection singulier : photographier un par un les [&hellip;]","og_url":"https:\/\/librairie7l.com\/en\/produit\/kalalog\/","og_site_name":"Librairie 7L","article_modified_time":"2026-04-08T16:57:51+00:00","og_image":[{"width":400,"height":534,"url":"https:\/\/librairie7l.com\/wp-content\/uploads\/2022\/06\/9791095821502_1_75.jpg","type":"image\/jpeg"}],"twitter_card":"summary_large_image","twitter_misc":{"Est. reading time":"3 minutes"},"schema":{"@context":"https:\/\/schema.org","@graph":[{"@type":"WebPage","@id":"https:\/\/librairie7l.com\/en\/produit\/kalalog\/","url":"https:\/\/librairie7l.com\/en\/produit\/kalalog\/","name":"KATALOG - Librairie 7L","isPartOf":{"@id":"https:\/\/librairie7l.com\/en\/#website"},"datePublished":"2023-05-09T15:35:05+00:00","dateModified":"2026-04-08T16:57:51+00:00","breadcrumb":{"@id":"https:\/\/librairie7l.com\/en\/produit\/kalalog\/#breadcrumb"},"inLanguage":"en-US","potentialAction":[{"@type":"ReadAction","target":["https:\/\/librairie7l.com\/en\/produit\/kalalog\/"]}]},{"@type":"BreadcrumbList","@id":"https:\/\/librairie7l.com\/en\/produit\/kalalog\/#breadcrumb","itemListElement":[{"@type":"ListItem","position":1,"name":"Accueil","item":"https:\/\/librairie7l.com\/en\/"},{"@type":"ListItem","position":2,"name":"Shop","item":"https:\/\/librairie7l.com\/en\/shop\/"},{"@type":"ListItem","position":3,"name":"KATALOG"}]},{"@type":"WebSite","@id":"https:\/\/librairie7l.com\/en\/#website","url":"https:\/\/librairie7l.com\/en\/","name":"Librairie 7L","description":"Librairie fond\u00e9e en 1999 par Karl Lagerfeld \u00e0 Paris","publisher":{"@id":"https:\/\/librairie7l.com\/en\/#organization"},"potentialAction":[{"@type":"SearchAction","target":{"@type":"EntryPoint","urlTemplate":"https:\/\/librairie7l.com\/en\/?s={search_term_string}"},"query-input":"required name=search_term_string"}],"inLanguage":"en-US"},{"@type":"Organization","@id":"https:\/\/librairie7l.com\/en\/#organization","name":"Librairie 7L","url":"https:\/\/librairie7l.com\/en\/","logo":{"@type":"ImageObject","inLanguage":"en-US","@id":"https:\/\/librairie7l.com\/en\/#\/schema\/logo\/image\/","url":"https:\/\/librairie7l.com\/wp-content\/uploads\/2022\/08\/logo-1.png","contentUrl":"https:\/\/librairie7l.com\/wp-content\/uploads\/2022\/08\/logo-1.png","width":227,"height":301,"caption":"Librairie 7L"},"image":{"@id":"https:\/\/librairie7l.com\/en\/#\/schema\/logo\/image\/"}}]}},"_links":{"self":[{"href":"https:\/\/librairie7l.com\/en\/wp-json\/wp\/v2\/product\/17719"}],"collection":[{"href":"https:\/\/librairie7l.com\/en\/wp-json\/wp\/v2\/product"}],"about":[{"href":"https:\/\/librairie7l.com\/en\/wp-json\/wp\/v2\/types\/product"}],"wp:featuredmedia":[{"embeddable":true,"href":"https:\/\/librairie7l.com\/en\/wp-json\/wp\/v2\/media\/17717"}],"wp:attachment":[{"href":"https:\/\/librairie7l.com\/en\/wp-json\/wp\/v2\/media?parent=17719"}],"wp:term":[{"taxonomy":"product_cat","embeddable":true,"href":"https:\/\/librairie7l.com\/en\/wp-json\/wp\/v2\/product_cat?post=17719"},{"taxonomy":"product_tag","embeddable":true,"href":"https:\/\/librairie7l.com\/en\/wp-json\/wp\/v2\/product_tag?post=17719"}],"curies":[{"name":"wp","href":"https:\/\/api.w.org\/{rel}","templated":true}]}}