{"id":17735,"date":"2023-05-09T17:35:19","date_gmt":"2023-05-09T15:35:19","guid":{"rendered":"https:\/\/librairie7l.com\/?post_type=product&#038;p=17735"},"modified":"2026-04-17T02:43:54","modified_gmt":"2026-04-17T00:43:54","slug":"avec-le-dessin","status":"publish","type":"product","link":"https:\/\/librairie7l.com\/en\/produit\/avec-le-dessin\/","title":{"rendered":"AVEC LE DESSIN"},"content":{"rendered":"<p>Premier ouvrage consacr\u00e9 au travail de dessin du designer Pierre Charpin, ce livre r\u00e9unit une s\u00e9lection de pr\u00e8s de 120 oeuvres tir\u00e9es de diff\u00e9rentes s\u00e9ries r\u00e9alis\u00e9es entre 2005 et 2022. Si le dessin est une discipline artistique, il constitue \u00e9galement une \u00e9tape majeure dans la pratique du design. Or, Pierre Charpin ne l&#8217;a jamais consid\u00e9r\u00e9 comme une simple \u00e9tape du processus de production d&#8217;un objet, mais bel et bien comme une pratique \u00e0 part enti\u00e8re, traduisant la relation singuli\u00e8re que le designer entretient plus largement avec la forme. En lien direct avec ses intuitions et pens\u00e9es, le dessin est per\u00e7u comme un moyen imm\u00e9diat, intuitif et naturel de faire \u00e9merger une forme qui n&#8217;existe pas encore. \u00c0 la diff\u00e9rence du dessin appliqu\u00e9, le dessin en tant que tel ne sert plus \u00e0 repr\u00e9senter de forme ; il est lui-m\u00eame forme. Les oeuvres montr\u00e9es dans cet ouvrage se distinguent \u00e0 la fois par la vari\u00e9t\u00e9 des techniques utilis\u00e9es &#8211; crayons de couleurs, graphite, stylo, feutre, plume, craie grasse, craie s\u00e8che, encre de Chine, encre color\u00e9e &#8211; mais aussi par la permanence de certains motifs comme les lignes et les boucles, les rubans ou les arabesques, les dessins noirs ou color\u00e9s, r\u00e9alis\u00e9s par s\u00e9rie, repr\u00e9sentant souvent des formes \u00e9l\u00e9mentaires. Ces dessins ne nourrissent aucun objectifs pragmatiques ni \u00e9conomiques pr\u00e9d\u00e9finis, et ne sont pas entrevus ni \u00e9valu\u00e9s par leur auteur au regard de l&#8217;aptitude et de la comp\u00e9tence mise en oeuvre pour leur ex\u00e9cution. Ils gagnent au contraire \u00e0 \u00eatre \u00e9valu\u00e9s par la justesse de l&#8217;\u00e9nergie motrice \u00e0 l&#8217;oeuvre et par cet acte de vie qui se d\u00e9ploie par lui m\u00eame et pour lui m\u00eame en leur sein. Le travail de Pierre Charpin fait l&#8217;objet d&#8217;une exposition \u00e0 l&#8217;H\u00f4tel des Arts \u00e0 Toulon dans le cadre d&#8217;une programmation de la Villa Noailles du 5 mars au 30 avril 2022. En partenariat avec la Villa Noailles.<\/p>\n","protected":false},"excerpt":{"rendered":"<p>Premier ouvrage consacr\u00e9 au travail de dessin du designer Pierre Charpin, ce livre r\u00e9unit une s\u00e9lection de pr\u00e8s de 120 oeuvres tir\u00e9es de diff\u00e9rentes s\u00e9ries r\u00e9alis\u00e9es entre 2005 et 2022. Si le dessin est une discipline artistique, il constitue \u00e9galement une \u00e9tape majeure dans la pratique du design. Or, Pierre Charpin ne l&#8217;a jamais consid\u00e9r\u00e9 [&hellip;]<\/p>\n","protected":false},"featured_media":17733,"template":"","meta":[],"product_cat":[55,2948,18,2952],"product_tag":[],"acf":[],"yoast_head":"<!-- This site is optimized with the Yoast SEO plugin v20.11 - https:\/\/yoast.com\/wordpress\/plugins\/seo\/ -->\n<title>AVEC LE DESSIN - Librairie 7L<\/title>\n<meta name=\"robots\" content=\"index, follow, max-snippet:-1, max-image-preview:large, max-video-preview:-1\" \/>\n<link rel=\"canonical\" href=\"https:\/\/librairie7l.com\/en\/produit\/avec-le-dessin\/\" \/>\n<meta property=\"og:locale\" content=\"en_US\" \/>\n<meta property=\"og:type\" content=\"article\" \/>\n<meta property=\"og:title\" content=\"AVEC LE DESSIN - Librairie 7L\" \/>\n<meta property=\"og:description\" content=\"Premier ouvrage consacr\u00e9 au travail de dessin du designer Pierre Charpin, ce livre r\u00e9unit une s\u00e9lection de pr\u00e8s de 120 oeuvres tir\u00e9es de diff\u00e9rentes s\u00e9ries r\u00e9alis\u00e9es entre 2005 et 2022. Si le dessin est une discipline artistique, il constitue \u00e9galement une \u00e9tape majeure dans la pratique du design. Or, Pierre Charpin ne l&#8217;a jamais consid\u00e9r\u00e9 [&hellip;]\" \/>\n<meta property=\"og:url\" content=\"https:\/\/librairie7l.com\/en\/produit\/avec-le-dessin\/\" \/>\n<meta property=\"og:site_name\" content=\"Librairie 7L\" \/>\n<meta property=\"article:modified_time\" content=\"2026-04-17T00:43:54+00:00\" \/>\n<meta property=\"og:image\" content=\"https:\/\/librairie7l.com\/wp-content\/uploads\/2022\/08\/9782490077755_1_75.jpg\" \/>\n\t<meta property=\"og:image:width\" content=\"400\" \/>\n\t<meta property=\"og:image:height\" content=\"600\" \/>\n\t<meta property=\"og:image:type\" content=\"image\/jpeg\" \/>\n<meta name=\"twitter:card\" content=\"summary_large_image\" \/>\n<meta name=\"twitter:label1\" content=\"Est. reading time\" \/>\n\t<meta name=\"twitter:data1\" content=\"2 minutes\" \/>\n<script type=\"application\/ld+json\" class=\"yoast-schema-graph\">{\"@context\":\"https:\/\/schema.org\",\"@graph\":[{\"@type\":\"WebPage\",\"@id\":\"https:\/\/librairie7l.com\/en\/produit\/avec-le-dessin\/\",\"url\":\"https:\/\/librairie7l.com\/en\/produit\/avec-le-dessin\/\",\"name\":\"AVEC LE DESSIN - Librairie 7L\",\"isPartOf\":{\"@id\":\"https:\/\/librairie7l.com\/en\/#website\"},\"datePublished\":\"2023-05-09T15:35:19+00:00\",\"dateModified\":\"2026-04-17T00:43:54+00:00\",\"breadcrumb\":{\"@id\":\"https:\/\/librairie7l.com\/en\/produit\/avec-le-dessin\/#breadcrumb\"},\"inLanguage\":\"en-US\",\"potentialAction\":[{\"@type\":\"ReadAction\",\"target\":[\"https:\/\/librairie7l.com\/en\/produit\/avec-le-dessin\/\"]}]},{\"@type\":\"BreadcrumbList\",\"@id\":\"https:\/\/librairie7l.com\/en\/produit\/avec-le-dessin\/#breadcrumb\",\"itemListElement\":[{\"@type\":\"ListItem\",\"position\":1,\"name\":\"Accueil\",\"item\":\"https:\/\/librairie7l.com\/en\/\"},{\"@type\":\"ListItem\",\"position\":2,\"name\":\"Shop\",\"item\":\"https:\/\/librairie7l.com\/en\/shop\/\"},{\"@type\":\"ListItem\",\"position\":3,\"name\":\"AVEC LE DESSIN\"}]},{\"@type\":\"WebSite\",\"@id\":\"https:\/\/librairie7l.com\/en\/#website\",\"url\":\"https:\/\/librairie7l.com\/en\/\",\"name\":\"Librairie 7L\",\"description\":\"Librairie fond\u00e9e en 1999 par Karl Lagerfeld \u00e0 Paris\",\"publisher\":{\"@id\":\"https:\/\/librairie7l.com\/en\/#organization\"},\"potentialAction\":[{\"@type\":\"SearchAction\",\"target\":{\"@type\":\"EntryPoint\",\"urlTemplate\":\"https:\/\/librairie7l.com\/en\/?s={search_term_string}\"},\"query-input\":\"required name=search_term_string\"}],\"inLanguage\":\"en-US\"},{\"@type\":\"Organization\",\"@id\":\"https:\/\/librairie7l.com\/en\/#organization\",\"name\":\"Librairie 7L\",\"url\":\"https:\/\/librairie7l.com\/en\/\",\"logo\":{\"@type\":\"ImageObject\",\"inLanguage\":\"en-US\",\"@id\":\"https:\/\/librairie7l.com\/en\/#\/schema\/logo\/image\/\",\"url\":\"https:\/\/librairie7l.com\/wp-content\/uploads\/2022\/08\/logo-1.png\",\"contentUrl\":\"https:\/\/librairie7l.com\/wp-content\/uploads\/2022\/08\/logo-1.png\",\"width\":227,\"height\":301,\"caption\":\"Librairie 7L\"},\"image\":{\"@id\":\"https:\/\/librairie7l.com\/en\/#\/schema\/logo\/image\/\"}}]}<\/script>\n<!-- \/ Yoast SEO plugin. -->","yoast_head_json":{"title":"AVEC LE DESSIN - Librairie 7L","robots":{"index":"index","follow":"follow","max-snippet":"max-snippet:-1","max-image-preview":"max-image-preview:large","max-video-preview":"max-video-preview:-1"},"canonical":"https:\/\/librairie7l.com\/en\/produit\/avec-le-dessin\/","og_locale":"en_US","og_type":"article","og_title":"AVEC LE DESSIN - Librairie 7L","og_description":"Premier ouvrage consacr\u00e9 au travail de dessin du designer Pierre Charpin, ce livre r\u00e9unit une s\u00e9lection de pr\u00e8s de 120 oeuvres tir\u00e9es de diff\u00e9rentes s\u00e9ries r\u00e9alis\u00e9es entre 2005 et 2022. Si le dessin est une discipline artistique, il constitue \u00e9galement une \u00e9tape majeure dans la pratique du design. Or, Pierre Charpin ne l&#8217;a jamais consid\u00e9r\u00e9 [&hellip;]","og_url":"https:\/\/librairie7l.com\/en\/produit\/avec-le-dessin\/","og_site_name":"Librairie 7L","article_modified_time":"2026-04-17T00:43:54+00:00","og_image":[{"width":400,"height":600,"url":"https:\/\/librairie7l.com\/wp-content\/uploads\/2022\/08\/9782490077755_1_75.jpg","type":"image\/jpeg"}],"twitter_card":"summary_large_image","twitter_misc":{"Est. reading time":"2 minutes"},"schema":{"@context":"https:\/\/schema.org","@graph":[{"@type":"WebPage","@id":"https:\/\/librairie7l.com\/en\/produit\/avec-le-dessin\/","url":"https:\/\/librairie7l.com\/en\/produit\/avec-le-dessin\/","name":"AVEC LE DESSIN - Librairie 7L","isPartOf":{"@id":"https:\/\/librairie7l.com\/en\/#website"},"datePublished":"2023-05-09T15:35:19+00:00","dateModified":"2026-04-17T00:43:54+00:00","breadcrumb":{"@id":"https:\/\/librairie7l.com\/en\/produit\/avec-le-dessin\/#breadcrumb"},"inLanguage":"en-US","potentialAction":[{"@type":"ReadAction","target":["https:\/\/librairie7l.com\/en\/produit\/avec-le-dessin\/"]}]},{"@type":"BreadcrumbList","@id":"https:\/\/librairie7l.com\/en\/produit\/avec-le-dessin\/#breadcrumb","itemListElement":[{"@type":"ListItem","position":1,"name":"Accueil","item":"https:\/\/librairie7l.com\/en\/"},{"@type":"ListItem","position":2,"name":"Shop","item":"https:\/\/librairie7l.com\/en\/shop\/"},{"@type":"ListItem","position":3,"name":"AVEC LE DESSIN"}]},{"@type":"WebSite","@id":"https:\/\/librairie7l.com\/en\/#website","url":"https:\/\/librairie7l.com\/en\/","name":"Librairie 7L","description":"Librairie fond\u00e9e en 1999 par Karl Lagerfeld \u00e0 Paris","publisher":{"@id":"https:\/\/librairie7l.com\/en\/#organization"},"potentialAction":[{"@type":"SearchAction","target":{"@type":"EntryPoint","urlTemplate":"https:\/\/librairie7l.com\/en\/?s={search_term_string}"},"query-input":"required name=search_term_string"}],"inLanguage":"en-US"},{"@type":"Organization","@id":"https:\/\/librairie7l.com\/en\/#organization","name":"Librairie 7L","url":"https:\/\/librairie7l.com\/en\/","logo":{"@type":"ImageObject","inLanguage":"en-US","@id":"https:\/\/librairie7l.com\/en\/#\/schema\/logo\/image\/","url":"https:\/\/librairie7l.com\/wp-content\/uploads\/2022\/08\/logo-1.png","contentUrl":"https:\/\/librairie7l.com\/wp-content\/uploads\/2022\/08\/logo-1.png","width":227,"height":301,"caption":"Librairie 7L"},"image":{"@id":"https:\/\/librairie7l.com\/en\/#\/schema\/logo\/image\/"}}]}},"_links":{"self":[{"href":"https:\/\/librairie7l.com\/en\/wp-json\/wp\/v2\/product\/17735"}],"collection":[{"href":"https:\/\/librairie7l.com\/en\/wp-json\/wp\/v2\/product"}],"about":[{"href":"https:\/\/librairie7l.com\/en\/wp-json\/wp\/v2\/types\/product"}],"wp:featuredmedia":[{"embeddable":true,"href":"https:\/\/librairie7l.com\/en\/wp-json\/wp\/v2\/media\/17733"}],"wp:attachment":[{"href":"https:\/\/librairie7l.com\/en\/wp-json\/wp\/v2\/media?parent=17735"}],"wp:term":[{"taxonomy":"product_cat","embeddable":true,"href":"https:\/\/librairie7l.com\/en\/wp-json\/wp\/v2\/product_cat?post=17735"},{"taxonomy":"product_tag","embeddable":true,"href":"https:\/\/librairie7l.com\/en\/wp-json\/wp\/v2\/product_tag?post=17735"}],"curies":[{"name":"wp","href":"https:\/\/api.w.org\/{rel}","templated":true}]}}