{"id":17755,"date":"2023-05-09T17:35:34","date_gmt":"2023-05-09T15:35:34","guid":{"rendered":"https:\/\/librairie7l.com\/?post_type=product&#038;p=17755"},"modified":"2026-04-16T09:06:54","modified_gmt":"2026-04-16T07:06:54","slug":"en-tissant-en-creant","status":"publish","type":"product","link":"https:\/\/librairie7l.com\/en\/produit\/en-tissant-en-creant\/","title":{"rendered":"EN TISSANT, EN CR\u00c9ANT"},"content":{"rendered":"<p>Seule artiste femme du Bauhaus \u00e0 avoir eu de son vivant une r\u00e9trospective au MoMA de New York, Anni Albers est reconnue pour ses &#8220;toiles tiss\u00e9es&#8221;, oeuvres nourries de connaissances techniques dans l&#8217;artisanat du tissage.<br \/>\nLes \u00e9crits qu&#8217;elle a rassembl\u00e9s en 1971 dans un recueil intitul\u00e9 &#8220;On Designing&#8221; sont rest\u00e9s \u00e0 ce jour ind\u00e9dits en fran\u00e7ais.<br \/>\nElle y livre ses r\u00e9flexions sur les rapports de l&#8217;art et de l&#8217;artisanat, de l&#8217;artisanat et de la production industrielle, et des \u00e9changes f\u00e9conds qu&#8217;ont b\u00e9n\u00e9fice \u00e0 nourrir artisans et artistes d&#8217;aujourd&#8217;hui. Elle y fait l&#8217;\u00e9loge du mat\u00e9riau compris comme lieu du dialogue avec l&#8217;esprit cr\u00e9ateur et terreau de l&#8217;\u00e9mergence de formes modernes et vivantes.<\/p>\n","protected":false},"excerpt":{"rendered":"<p>Seule artiste femme du Bauhaus \u00e0 avoir eu de son vivant une r\u00e9trospective au MoMA de New York, Anni Albers est reconnue pour ses &#8220;toiles tiss\u00e9es&#8221;, oeuvres nourries de connaissances techniques dans l&#8217;artisanat du tissage. Les \u00e9crits qu&#8217;elle a rassembl\u00e9s en 1971 dans un recueil intitul\u00e9 &#8220;On Designing&#8221; sont rest\u00e9s \u00e0 ce jour ind\u00e9dits en [&hellip;]<\/p>\n","protected":false},"featured_media":17753,"template":"","meta":[],"product_cat":[55,2948,18,2952],"product_tag":[],"acf":[],"yoast_head":"<!-- This site is optimized with the Yoast SEO plugin v20.11 - https:\/\/yoast.com\/wordpress\/plugins\/seo\/ -->\n<title>EN TISSANT, EN CR\u00c9ANT - Librairie 7L<\/title>\n<meta name=\"robots\" content=\"index, follow, max-snippet:-1, max-image-preview:large, max-video-preview:-1\" \/>\n<link rel=\"canonical\" href=\"https:\/\/librairie7l.com\/en\/produit\/en-tissant-en-creant\/\" \/>\n<meta property=\"og:locale\" content=\"en_US\" \/>\n<meta property=\"og:type\" content=\"article\" \/>\n<meta property=\"og:title\" content=\"EN TISSANT, EN CR\u00c9ANT - Librairie 7L\" \/>\n<meta property=\"og:description\" content=\"Seule artiste femme du Bauhaus \u00e0 avoir eu de son vivant une r\u00e9trospective au MoMA de New York, Anni Albers est reconnue pour ses &#8220;toiles tiss\u00e9es&#8221;, oeuvres nourries de connaissances techniques dans l&#8217;artisanat du tissage. Les \u00e9crits qu&#8217;elle a rassembl\u00e9s en 1971 dans un recueil intitul\u00e9 &#8220;On Designing&#8221; sont rest\u00e9s \u00e0 ce jour ind\u00e9dits en [&hellip;]\" \/>\n<meta property=\"og:url\" content=\"https:\/\/librairie7l.com\/en\/produit\/en-tissant-en-creant\/\" \/>\n<meta property=\"og:site_name\" content=\"Librairie 7L\" \/>\n<meta property=\"article:modified_time\" content=\"2026-04-16T07:06:54+00:00\" \/>\n<meta property=\"og:image\" content=\"https:\/\/librairie7l.com\/wp-content\/uploads\/2021\/08\/9782080204806_1_75.jpg\" \/>\n\t<meta property=\"og:image:width\" content=\"600\" \/>\n\t<meta property=\"og:image:height\" content=\"930\" \/>\n\t<meta property=\"og:image:type\" content=\"image\/jpeg\" \/>\n<meta name=\"twitter:card\" content=\"summary_large_image\" \/>\n<meta name=\"twitter:label1\" content=\"Est. reading time\" \/>\n\t<meta name=\"twitter:data1\" content=\"1 minute\" \/>\n<script type=\"application\/ld+json\" class=\"yoast-schema-graph\">{\"@context\":\"https:\/\/schema.org\",\"@graph\":[{\"@type\":\"WebPage\",\"@id\":\"https:\/\/librairie7l.com\/en\/produit\/en-tissant-en-creant\/\",\"url\":\"https:\/\/librairie7l.com\/en\/produit\/en-tissant-en-creant\/\",\"name\":\"EN TISSANT, EN CR\u00c9ANT - Librairie 7L\",\"isPartOf\":{\"@id\":\"https:\/\/librairie7l.com\/en\/#website\"},\"datePublished\":\"2023-05-09T15:35:34+00:00\",\"dateModified\":\"2026-04-16T07:06:54+00:00\",\"breadcrumb\":{\"@id\":\"https:\/\/librairie7l.com\/en\/produit\/en-tissant-en-creant\/#breadcrumb\"},\"inLanguage\":\"en-US\",\"potentialAction\":[{\"@type\":\"ReadAction\",\"target\":[\"https:\/\/librairie7l.com\/en\/produit\/en-tissant-en-creant\/\"]}]},{\"@type\":\"BreadcrumbList\",\"@id\":\"https:\/\/librairie7l.com\/en\/produit\/en-tissant-en-creant\/#breadcrumb\",\"itemListElement\":[{\"@type\":\"ListItem\",\"position\":1,\"name\":\"Accueil\",\"item\":\"https:\/\/librairie7l.com\/en\/\"},{\"@type\":\"ListItem\",\"position\":2,\"name\":\"Shop\",\"item\":\"https:\/\/librairie7l.com\/en\/shop\/\"},{\"@type\":\"ListItem\",\"position\":3,\"name\":\"EN TISSANT, EN CR\u00c9ANT\"}]},{\"@type\":\"WebSite\",\"@id\":\"https:\/\/librairie7l.com\/en\/#website\",\"url\":\"https:\/\/librairie7l.com\/en\/\",\"name\":\"Librairie 7L\",\"description\":\"Librairie fond\u00e9e en 1999 par Karl Lagerfeld \u00e0 Paris\",\"publisher\":{\"@id\":\"https:\/\/librairie7l.com\/en\/#organization\"},\"potentialAction\":[{\"@type\":\"SearchAction\",\"target\":{\"@type\":\"EntryPoint\",\"urlTemplate\":\"https:\/\/librairie7l.com\/en\/?s={search_term_string}\"},\"query-input\":\"required name=search_term_string\"}],\"inLanguage\":\"en-US\"},{\"@type\":\"Organization\",\"@id\":\"https:\/\/librairie7l.com\/en\/#organization\",\"name\":\"Librairie 7L\",\"url\":\"https:\/\/librairie7l.com\/en\/\",\"logo\":{\"@type\":\"ImageObject\",\"inLanguage\":\"en-US\",\"@id\":\"https:\/\/librairie7l.com\/en\/#\/schema\/logo\/image\/\",\"url\":\"https:\/\/librairie7l.com\/wp-content\/uploads\/2022\/08\/logo-1.png\",\"contentUrl\":\"https:\/\/librairie7l.com\/wp-content\/uploads\/2022\/08\/logo-1.png\",\"width\":227,\"height\":301,\"caption\":\"Librairie 7L\"},\"image\":{\"@id\":\"https:\/\/librairie7l.com\/en\/#\/schema\/logo\/image\/\"}}]}<\/script>\n<!-- \/ Yoast SEO plugin. -->","yoast_head_json":{"title":"EN TISSANT, EN CR\u00c9ANT - Librairie 7L","robots":{"index":"index","follow":"follow","max-snippet":"max-snippet:-1","max-image-preview":"max-image-preview:large","max-video-preview":"max-video-preview:-1"},"canonical":"https:\/\/librairie7l.com\/en\/produit\/en-tissant-en-creant\/","og_locale":"en_US","og_type":"article","og_title":"EN TISSANT, EN CR\u00c9ANT - Librairie 7L","og_description":"Seule artiste femme du Bauhaus \u00e0 avoir eu de son vivant une r\u00e9trospective au MoMA de New York, Anni Albers est reconnue pour ses &#8220;toiles tiss\u00e9es&#8221;, oeuvres nourries de connaissances techniques dans l&#8217;artisanat du tissage. Les \u00e9crits qu&#8217;elle a rassembl\u00e9s en 1971 dans un recueil intitul\u00e9 &#8220;On Designing&#8221; sont rest\u00e9s \u00e0 ce jour ind\u00e9dits en [&hellip;]","og_url":"https:\/\/librairie7l.com\/en\/produit\/en-tissant-en-creant\/","og_site_name":"Librairie 7L","article_modified_time":"2026-04-16T07:06:54+00:00","og_image":[{"width":600,"height":930,"url":"https:\/\/librairie7l.com\/wp-content\/uploads\/2021\/08\/9782080204806_1_75.jpg","type":"image\/jpeg"}],"twitter_card":"summary_large_image","twitter_misc":{"Est. reading time":"1 minute"},"schema":{"@context":"https:\/\/schema.org","@graph":[{"@type":"WebPage","@id":"https:\/\/librairie7l.com\/en\/produit\/en-tissant-en-creant\/","url":"https:\/\/librairie7l.com\/en\/produit\/en-tissant-en-creant\/","name":"EN TISSANT, EN CR\u00c9ANT - Librairie 7L","isPartOf":{"@id":"https:\/\/librairie7l.com\/en\/#website"},"datePublished":"2023-05-09T15:35:34+00:00","dateModified":"2026-04-16T07:06:54+00:00","breadcrumb":{"@id":"https:\/\/librairie7l.com\/en\/produit\/en-tissant-en-creant\/#breadcrumb"},"inLanguage":"en-US","potentialAction":[{"@type":"ReadAction","target":["https:\/\/librairie7l.com\/en\/produit\/en-tissant-en-creant\/"]}]},{"@type":"BreadcrumbList","@id":"https:\/\/librairie7l.com\/en\/produit\/en-tissant-en-creant\/#breadcrumb","itemListElement":[{"@type":"ListItem","position":1,"name":"Accueil","item":"https:\/\/librairie7l.com\/en\/"},{"@type":"ListItem","position":2,"name":"Shop","item":"https:\/\/librairie7l.com\/en\/shop\/"},{"@type":"ListItem","position":3,"name":"EN TISSANT, EN CR\u00c9ANT"}]},{"@type":"WebSite","@id":"https:\/\/librairie7l.com\/en\/#website","url":"https:\/\/librairie7l.com\/en\/","name":"Librairie 7L","description":"Librairie fond\u00e9e en 1999 par Karl Lagerfeld \u00e0 Paris","publisher":{"@id":"https:\/\/librairie7l.com\/en\/#organization"},"potentialAction":[{"@type":"SearchAction","target":{"@type":"EntryPoint","urlTemplate":"https:\/\/librairie7l.com\/en\/?s={search_term_string}"},"query-input":"required name=search_term_string"}],"inLanguage":"en-US"},{"@type":"Organization","@id":"https:\/\/librairie7l.com\/en\/#organization","name":"Librairie 7L","url":"https:\/\/librairie7l.com\/en\/","logo":{"@type":"ImageObject","inLanguage":"en-US","@id":"https:\/\/librairie7l.com\/en\/#\/schema\/logo\/image\/","url":"https:\/\/librairie7l.com\/wp-content\/uploads\/2022\/08\/logo-1.png","contentUrl":"https:\/\/librairie7l.com\/wp-content\/uploads\/2022\/08\/logo-1.png","width":227,"height":301,"caption":"Librairie 7L"},"image":{"@id":"https:\/\/librairie7l.com\/en\/#\/schema\/logo\/image\/"}}]}},"_links":{"self":[{"href":"https:\/\/librairie7l.com\/en\/wp-json\/wp\/v2\/product\/17755"}],"collection":[{"href":"https:\/\/librairie7l.com\/en\/wp-json\/wp\/v2\/product"}],"about":[{"href":"https:\/\/librairie7l.com\/en\/wp-json\/wp\/v2\/types\/product"}],"wp:featuredmedia":[{"embeddable":true,"href":"https:\/\/librairie7l.com\/en\/wp-json\/wp\/v2\/media\/17753"}],"wp:attachment":[{"href":"https:\/\/librairie7l.com\/en\/wp-json\/wp\/v2\/media?parent=17755"}],"wp:term":[{"taxonomy":"product_cat","embeddable":true,"href":"https:\/\/librairie7l.com\/en\/wp-json\/wp\/v2\/product_cat?post=17755"},{"taxonomy":"product_tag","embeddable":true,"href":"https:\/\/librairie7l.com\/en\/wp-json\/wp\/v2\/product_tag?post=17755"}],"curies":[{"name":"wp","href":"https:\/\/api.w.org\/{rel}","templated":true}]}}