{"id":17763,"date":"2023-05-09T17:35:40","date_gmt":"2023-05-09T15:35:40","guid":{"rendered":"https:\/\/librairie7l.com\/?post_type=product&#038;p=17763"},"modified":"2026-04-19T18:00:45","modified_gmt":"2026-04-19T16:00:45","slug":"christian-berard-excentrique-bebe","status":"publish","type":"product","link":"https:\/\/librairie7l.com\/en\/produit\/christian-berard-excentrique-bebe\/","title":{"rendered":"CHRISTIAN B\u00c9RARD, EXCENTRIQUE B\u00c9B\u00c9"},"content":{"rendered":"<p>Christian B\u00e9rard est connu pour avoir r\u00e9volutionn\u00e9 l&#8217;art du d\u00e9cor th\u00e9\u00e2tral dans les ann\u00e9es 1930 et 1940 mais il \u00e9tait aussi peintre illustrateur dessinateur de mode et architecte d&#8217;int\u00e9rieur. Il a transpos\u00e9 son univers pictural sur la sc\u00e8ne des Ballets russes de Monte-Carlo aussi bien que dans La Belle et la B\u00eate de Jean Cocteau en 1946. Ses dessins publi\u00e9s en couverture et dans les pages de Vogue et Harper&#8217;s Bazaar ont su saisir avec une pr\u00e9cision sensible le monde de la mode parisienne. \u00c0 la Lib\u00e9ration il a cr\u00e9\u00e9 le d\u00e9sormais embl\u00e9matique Th\u00e9\u00e2tre de la mode un panorama de la couture fran\u00e7aise pr\u00e9sent\u00e9 sur des mannequins de fil de fer dans une installation qui a fait le tour de l&#8217;Europe et des \u00c9tats-Unis. Ses am\u00e9nagements int\u00e9rieurs les plus prestigieux comme ceux imagin\u00e9s pour Charles et Marie-Laure de Noailles t\u00e9moignent d&#8217;un rapport unique \u00e0 l&#8217;espace \u00e0 la fois lieu de cr\u00e9ation et objet de repr\u00e9sentation fantasm\u00e9 et th\u00e9\u00e2tralis\u00e9. C\u00e9l\u00e9br\u00e9 par ses contemporains qui l&#8217;avaient affectueusement surnomm\u00e9 B\u00e9b\u00e9 Christian B\u00e9rard est pourtant de ces artistes \u00ab modernes excentriques \u00bb oubli\u00e9s par les historiens de l&#8217;art. Plus de deux cents tableaux dessins photographies correspondances intimes et d\u00e9cors d&#8217;int\u00e9rieur sont ici r\u00e9unis autour de textes in\u00e9dits pour le red\u00e9couvrir enfin.<\/p>\n","protected":false},"excerpt":{"rendered":"<p>Christian B\u00e9rard est connu pour avoir r\u00e9volutionn\u00e9 l&#8217;art du d\u00e9cor th\u00e9\u00e2tral dans les ann\u00e9es 1930 et 1940 mais il \u00e9tait aussi peintre illustrateur dessinateur de mode et architecte d&#8217;int\u00e9rieur. Il a transpos\u00e9 son univers pictural sur la sc\u00e8ne des Ballets russes de Monte-Carlo aussi bien que dans La Belle et la B\u00eate de Jean Cocteau [&hellip;]<\/p>\n","protected":false},"featured_media":17761,"template":"","meta":[],"product_cat":[2948,2953],"product_tag":[],"acf":[],"yoast_head":"<!-- This site is optimized with the Yoast SEO plugin v20.11 - https:\/\/yoast.com\/wordpress\/plugins\/seo\/ -->\n<title>CHRISTIAN B\u00c9RARD, EXCENTRIQUE B\u00c9B\u00c9 - Librairie 7L<\/title>\n<meta name=\"robots\" content=\"index, follow, max-snippet:-1, max-image-preview:large, max-video-preview:-1\" \/>\n<link rel=\"canonical\" href=\"https:\/\/librairie7l.com\/en\/produit\/christian-berard-excentrique-bebe\/\" \/>\n<meta property=\"og:locale\" content=\"en_US\" \/>\n<meta property=\"og:type\" content=\"article\" \/>\n<meta property=\"og:title\" content=\"CHRISTIAN B\u00c9RARD, EXCENTRIQUE B\u00c9B\u00c9 - Librairie 7L\" \/>\n<meta property=\"og:description\" content=\"Christian B\u00e9rard est connu pour avoir r\u00e9volutionn\u00e9 l&#8217;art du d\u00e9cor th\u00e9\u00e2tral dans les ann\u00e9es 1930 et 1940 mais il \u00e9tait aussi peintre illustrateur dessinateur de mode et architecte d&#8217;int\u00e9rieur. Il a transpos\u00e9 son univers pictural sur la sc\u00e8ne des Ballets russes de Monte-Carlo aussi bien que dans La Belle et la B\u00eate de Jean Cocteau [&hellip;]\" \/>\n<meta property=\"og:url\" content=\"https:\/\/librairie7l.com\/en\/produit\/christian-berard-excentrique-bebe\/\" \/>\n<meta property=\"og:site_name\" content=\"Librairie 7L\" \/>\n<meta property=\"article:modified_time\" content=\"2026-04-19T16:00:45+00:00\" \/>\n<meta property=\"og:image\" content=\"https:\/\/librairie7l.com\/wp-content\/uploads\/2022\/07\/9782081480957_1_75.jpg\" \/>\n\t<meta property=\"og:image:width\" content=\"681\" \/>\n\t<meta property=\"og:image:height\" content=\"600\" \/>\n\t<meta property=\"og:image:type\" content=\"image\/jpeg\" \/>\n<meta name=\"twitter:card\" content=\"summary_large_image\" \/>\n<meta name=\"twitter:label1\" content=\"Est. reading time\" \/>\n\t<meta name=\"twitter:data1\" content=\"1 minute\" \/>\n<script type=\"application\/ld+json\" class=\"yoast-schema-graph\">{\"@context\":\"https:\/\/schema.org\",\"@graph\":[{\"@type\":\"WebPage\",\"@id\":\"https:\/\/librairie7l.com\/en\/produit\/christian-berard-excentrique-bebe\/\",\"url\":\"https:\/\/librairie7l.com\/en\/produit\/christian-berard-excentrique-bebe\/\",\"name\":\"CHRISTIAN B\u00c9RARD, EXCENTRIQUE B\u00c9B\u00c9 - Librairie 7L\",\"isPartOf\":{\"@id\":\"https:\/\/librairie7l.com\/en\/#website\"},\"datePublished\":\"2023-05-09T15:35:40+00:00\",\"dateModified\":\"2026-04-19T16:00:45+00:00\",\"breadcrumb\":{\"@id\":\"https:\/\/librairie7l.com\/en\/produit\/christian-berard-excentrique-bebe\/#breadcrumb\"},\"inLanguage\":\"en-US\",\"potentialAction\":[{\"@type\":\"ReadAction\",\"target\":[\"https:\/\/librairie7l.com\/en\/produit\/christian-berard-excentrique-bebe\/\"]}]},{\"@type\":\"BreadcrumbList\",\"@id\":\"https:\/\/librairie7l.com\/en\/produit\/christian-berard-excentrique-bebe\/#breadcrumb\",\"itemListElement\":[{\"@type\":\"ListItem\",\"position\":1,\"name\":\"Accueil\",\"item\":\"https:\/\/librairie7l.com\/en\/\"},{\"@type\":\"ListItem\",\"position\":2,\"name\":\"Shop\",\"item\":\"https:\/\/librairie7l.com\/en\/shop\/\"},{\"@type\":\"ListItem\",\"position\":3,\"name\":\"CHRISTIAN B\u00c9RARD, EXCENTRIQUE B\u00c9B\u00c9\"}]},{\"@type\":\"WebSite\",\"@id\":\"https:\/\/librairie7l.com\/en\/#website\",\"url\":\"https:\/\/librairie7l.com\/en\/\",\"name\":\"Librairie 7L\",\"description\":\"Librairie fond\u00e9e en 1999 par Karl Lagerfeld \u00e0 Paris\",\"publisher\":{\"@id\":\"https:\/\/librairie7l.com\/en\/#organization\"},\"potentialAction\":[{\"@type\":\"SearchAction\",\"target\":{\"@type\":\"EntryPoint\",\"urlTemplate\":\"https:\/\/librairie7l.com\/en\/?s={search_term_string}\"},\"query-input\":\"required name=search_term_string\"}],\"inLanguage\":\"en-US\"},{\"@type\":\"Organization\",\"@id\":\"https:\/\/librairie7l.com\/en\/#organization\",\"name\":\"Librairie 7L\",\"url\":\"https:\/\/librairie7l.com\/en\/\",\"logo\":{\"@type\":\"ImageObject\",\"inLanguage\":\"en-US\",\"@id\":\"https:\/\/librairie7l.com\/en\/#\/schema\/logo\/image\/\",\"url\":\"https:\/\/librairie7l.com\/wp-content\/uploads\/2022\/08\/logo-1.png\",\"contentUrl\":\"https:\/\/librairie7l.com\/wp-content\/uploads\/2022\/08\/logo-1.png\",\"width\":227,\"height\":301,\"caption\":\"Librairie 7L\"},\"image\":{\"@id\":\"https:\/\/librairie7l.com\/en\/#\/schema\/logo\/image\/\"}}]}<\/script>\n<!-- \/ Yoast SEO plugin. -->","yoast_head_json":{"title":"CHRISTIAN B\u00c9RARD, EXCENTRIQUE B\u00c9B\u00c9 - Librairie 7L","robots":{"index":"index","follow":"follow","max-snippet":"max-snippet:-1","max-image-preview":"max-image-preview:large","max-video-preview":"max-video-preview:-1"},"canonical":"https:\/\/librairie7l.com\/en\/produit\/christian-berard-excentrique-bebe\/","og_locale":"en_US","og_type":"article","og_title":"CHRISTIAN B\u00c9RARD, EXCENTRIQUE B\u00c9B\u00c9 - Librairie 7L","og_description":"Christian B\u00e9rard est connu pour avoir r\u00e9volutionn\u00e9 l&#8217;art du d\u00e9cor th\u00e9\u00e2tral dans les ann\u00e9es 1930 et 1940 mais il \u00e9tait aussi peintre illustrateur dessinateur de mode et architecte d&#8217;int\u00e9rieur. Il a transpos\u00e9 son univers pictural sur la sc\u00e8ne des Ballets russes de Monte-Carlo aussi bien que dans La Belle et la B\u00eate de Jean Cocteau [&hellip;]","og_url":"https:\/\/librairie7l.com\/en\/produit\/christian-berard-excentrique-bebe\/","og_site_name":"Librairie 7L","article_modified_time":"2026-04-19T16:00:45+00:00","og_image":[{"width":681,"height":600,"url":"https:\/\/librairie7l.com\/wp-content\/uploads\/2022\/07\/9782081480957_1_75.jpg","type":"image\/jpeg"}],"twitter_card":"summary_large_image","twitter_misc":{"Est. reading time":"1 minute"},"schema":{"@context":"https:\/\/schema.org","@graph":[{"@type":"WebPage","@id":"https:\/\/librairie7l.com\/en\/produit\/christian-berard-excentrique-bebe\/","url":"https:\/\/librairie7l.com\/en\/produit\/christian-berard-excentrique-bebe\/","name":"CHRISTIAN B\u00c9RARD, EXCENTRIQUE B\u00c9B\u00c9 - Librairie 7L","isPartOf":{"@id":"https:\/\/librairie7l.com\/en\/#website"},"datePublished":"2023-05-09T15:35:40+00:00","dateModified":"2026-04-19T16:00:45+00:00","breadcrumb":{"@id":"https:\/\/librairie7l.com\/en\/produit\/christian-berard-excentrique-bebe\/#breadcrumb"},"inLanguage":"en-US","potentialAction":[{"@type":"ReadAction","target":["https:\/\/librairie7l.com\/en\/produit\/christian-berard-excentrique-bebe\/"]}]},{"@type":"BreadcrumbList","@id":"https:\/\/librairie7l.com\/en\/produit\/christian-berard-excentrique-bebe\/#breadcrumb","itemListElement":[{"@type":"ListItem","position":1,"name":"Accueil","item":"https:\/\/librairie7l.com\/en\/"},{"@type":"ListItem","position":2,"name":"Shop","item":"https:\/\/librairie7l.com\/en\/shop\/"},{"@type":"ListItem","position":3,"name":"CHRISTIAN B\u00c9RARD, EXCENTRIQUE B\u00c9B\u00c9"}]},{"@type":"WebSite","@id":"https:\/\/librairie7l.com\/en\/#website","url":"https:\/\/librairie7l.com\/en\/","name":"Librairie 7L","description":"Librairie fond\u00e9e en 1999 par Karl Lagerfeld \u00e0 Paris","publisher":{"@id":"https:\/\/librairie7l.com\/en\/#organization"},"potentialAction":[{"@type":"SearchAction","target":{"@type":"EntryPoint","urlTemplate":"https:\/\/librairie7l.com\/en\/?s={search_term_string}"},"query-input":"required name=search_term_string"}],"inLanguage":"en-US"},{"@type":"Organization","@id":"https:\/\/librairie7l.com\/en\/#organization","name":"Librairie 7L","url":"https:\/\/librairie7l.com\/en\/","logo":{"@type":"ImageObject","inLanguage":"en-US","@id":"https:\/\/librairie7l.com\/en\/#\/schema\/logo\/image\/","url":"https:\/\/librairie7l.com\/wp-content\/uploads\/2022\/08\/logo-1.png","contentUrl":"https:\/\/librairie7l.com\/wp-content\/uploads\/2022\/08\/logo-1.png","width":227,"height":301,"caption":"Librairie 7L"},"image":{"@id":"https:\/\/librairie7l.com\/en\/#\/schema\/logo\/image\/"}}]}},"_links":{"self":[{"href":"https:\/\/librairie7l.com\/en\/wp-json\/wp\/v2\/product\/17763"}],"collection":[{"href":"https:\/\/librairie7l.com\/en\/wp-json\/wp\/v2\/product"}],"about":[{"href":"https:\/\/librairie7l.com\/en\/wp-json\/wp\/v2\/types\/product"}],"wp:featuredmedia":[{"embeddable":true,"href":"https:\/\/librairie7l.com\/en\/wp-json\/wp\/v2\/media\/17761"}],"wp:attachment":[{"href":"https:\/\/librairie7l.com\/en\/wp-json\/wp\/v2\/media?parent=17763"}],"wp:term":[{"taxonomy":"product_cat","embeddable":true,"href":"https:\/\/librairie7l.com\/en\/wp-json\/wp\/v2\/product_cat?post=17763"},{"taxonomy":"product_tag","embeddable":true,"href":"https:\/\/librairie7l.com\/en\/wp-json\/wp\/v2\/product_tag?post=17763"}],"curies":[{"name":"wp","href":"https:\/\/api.w.org\/{rel}","templated":true}]}}