{"id":17779,"date":"2023-05-09T17:35:53","date_gmt":"2023-05-09T15:35:53","guid":{"rendered":"https:\/\/librairie7l.com\/?post_type=product&#038;p=17779"},"modified":"2026-04-16T21:06:43","modified_gmt":"2026-04-16T19:06:43","slug":"wabi-sabi-pour-aller-plus-loin","status":"publish","type":"product","link":"https:\/\/librairie7l.com\/en\/produit\/wabi-sabi-pour-aller-plus-loin\/","title":{"rendered":"WABI-SABI ; POUR ALLER PLUS LOIN"},"content":{"rendered":"<p>Il s&#8217;agit de la suite de l&#8217;ouvrage Wabi-sabi \u00e0 l&#8217;usage des artistes, designers, po\u00e8tes et philosophes dont l&#8217;\u00e9dition fran\u00e7aise est parue en 2015 et dont la notori\u00e9t\u00e9 et les ventes vont en grandissant. En fait l&#8217;\u00e9dition originale du premier livre est parue en 1994 et l&#8217;\u00e9dition originale de ce nouveau livre date de 2015 (Wabi-sabi Further Thoughts).<\/p>\n<p>La notion de Wabi-sabi, un concept cl\u00e9 de l&#8217;esth\u00e9tique et de la civilisation japonaise, \u00ab la beaut\u00e9 des choses imparfaites, impermanentes et incompl\u00e8tes \u00bb, dont l&#8217;usage commence \u00e0 se r\u00e9pandre en Occident, gr\u00e2ce notamment \u00e0 ces ouvrages, est ici approfondie. L&#8217;auteur revient sur l&#8217;apparition de cette notion dans l&#8217;histoire japonaise, dans la po\u00e9sie ou la c\u00e9r\u00e9monie du th\u00e9, ce qui permet d&#8217;en clarifier le sens. Il aborde \u00e9galement la place du wabi-sabi dans le monde contemporain, souligne l&#8217;importance de la mat\u00e9rialit\u00e9, et l&#8217;incompatibilit\u00e9 profonde entre le wabi-sabi et le monde num\u00e9rique. Ainsi, l&#8217;approche d&#8217;une notion esth\u00e9tique d\u00e9bouche sur une r\u00e9flexion beaucoup plus profonde : \u00ab On peut qualifier le wabi-sabi de syst\u00e8me esth\u00e9tique \u00abcomplet\u00bb. Il offre une approche int\u00e9gr\u00e9e de la nature ultime de l&#8217;existence (m\u00e9taphysique), une connaissance sacr\u00e9e (spiritualit\u00e9), un bien-\u00eatre \u00e9motionnel (\u00e9tat d&#8217;esprit), un comportement (moralit\u00e9), ainsi qu&#8217;une perception visuelle et tactile des choses (mat\u00e9rialit\u00e9). \u00bb L&#8217;ouvrage comporte de nombreuses photos, une mise en page et une qualit\u00e9 de papier, qui sont un exemple du wabi-sabi.<\/p>\n","protected":false},"excerpt":{"rendered":"<p>Il s&#8217;agit de la suite de l&#8217;ouvrage Wabi-sabi \u00e0 l&#8217;usage des artistes, designers, po\u00e8tes et philosophes dont l&#8217;\u00e9dition fran\u00e7aise est parue en 2015 et dont la notori\u00e9t\u00e9 et les ventes vont en grandissant. En fait l&#8217;\u00e9dition originale du premier livre est parue en 1994 et l&#8217;\u00e9dition originale de ce nouveau livre date de 2015 (Wabi-sabi [&hellip;]<\/p>\n","protected":false},"featured_media":17777,"template":"","meta":[],"product_cat":[55,2948,18,2952],"product_tag":[],"acf":[],"yoast_head":"<!-- This site is optimized with the Yoast SEO plugin v20.11 - https:\/\/yoast.com\/wordpress\/plugins\/seo\/ -->\n<title>WABI-SABI ; POUR ALLER PLUS LOIN - Librairie 7L<\/title>\n<meta name=\"robots\" content=\"index, follow, max-snippet:-1, max-image-preview:large, max-video-preview:-1\" \/>\n<link rel=\"canonical\" href=\"https:\/\/librairie7l.com\/en\/produit\/wabi-sabi-pour-aller-plus-loin\/\" \/>\n<meta property=\"og:locale\" content=\"en_US\" \/>\n<meta property=\"og:type\" content=\"article\" \/>\n<meta property=\"og:title\" content=\"WABI-SABI ; POUR ALLER PLUS LOIN - Librairie 7L\" \/>\n<meta property=\"og:description\" content=\"Il s&#8217;agit de la suite de l&#8217;ouvrage Wabi-sabi \u00e0 l&#8217;usage des artistes, designers, po\u00e8tes et philosophes dont l&#8217;\u00e9dition fran\u00e7aise est parue en 2015 et dont la notori\u00e9t\u00e9 et les ventes vont en grandissant. En fait l&#8217;\u00e9dition originale du premier livre est parue en 1994 et l&#8217;\u00e9dition originale de ce nouveau livre date de 2015 (Wabi-sabi [&hellip;]\" \/>\n<meta property=\"og:url\" content=\"https:\/\/librairie7l.com\/en\/produit\/wabi-sabi-pour-aller-plus-loin\/\" \/>\n<meta property=\"og:site_name\" content=\"Librairie 7L\" \/>\n<meta property=\"article:modified_time\" content=\"2026-04-16T19:06:43+00:00\" \/>\n<meta property=\"og:image\" content=\"https:\/\/librairie7l.com\/wp-content\/uploads\/2018\/06\/9782354323127_1_75.jpg\" \/>\n\t<meta property=\"og:image:width\" content=\"600\" \/>\n\t<meta property=\"og:image:height\" content=\"920\" \/>\n\t<meta property=\"og:image:type\" content=\"image\/jpeg\" \/>\n<meta name=\"twitter:card\" content=\"summary_large_image\" \/>\n<meta name=\"twitter:label1\" content=\"Est. reading time\" \/>\n\t<meta name=\"twitter:data1\" content=\"1 minute\" \/>\n<script type=\"application\/ld+json\" class=\"yoast-schema-graph\">{\"@context\":\"https:\/\/schema.org\",\"@graph\":[{\"@type\":\"WebPage\",\"@id\":\"https:\/\/librairie7l.com\/en\/produit\/wabi-sabi-pour-aller-plus-loin\/\",\"url\":\"https:\/\/librairie7l.com\/en\/produit\/wabi-sabi-pour-aller-plus-loin\/\",\"name\":\"WABI-SABI ; POUR ALLER PLUS LOIN - Librairie 7L\",\"isPartOf\":{\"@id\":\"https:\/\/librairie7l.com\/en\/#website\"},\"datePublished\":\"2023-05-09T15:35:53+00:00\",\"dateModified\":\"2026-04-16T19:06:43+00:00\",\"breadcrumb\":{\"@id\":\"https:\/\/librairie7l.com\/en\/produit\/wabi-sabi-pour-aller-plus-loin\/#breadcrumb\"},\"inLanguage\":\"en-US\",\"potentialAction\":[{\"@type\":\"ReadAction\",\"target\":[\"https:\/\/librairie7l.com\/en\/produit\/wabi-sabi-pour-aller-plus-loin\/\"]}]},{\"@type\":\"BreadcrumbList\",\"@id\":\"https:\/\/librairie7l.com\/en\/produit\/wabi-sabi-pour-aller-plus-loin\/#breadcrumb\",\"itemListElement\":[{\"@type\":\"ListItem\",\"position\":1,\"name\":\"Accueil\",\"item\":\"https:\/\/librairie7l.com\/en\/\"},{\"@type\":\"ListItem\",\"position\":2,\"name\":\"Shop\",\"item\":\"https:\/\/librairie7l.com\/en\/shop\/\"},{\"@type\":\"ListItem\",\"position\":3,\"name\":\"WABI-SABI ; POUR ALLER PLUS LOIN\"}]},{\"@type\":\"WebSite\",\"@id\":\"https:\/\/librairie7l.com\/en\/#website\",\"url\":\"https:\/\/librairie7l.com\/en\/\",\"name\":\"Librairie 7L\",\"description\":\"Librairie fond\u00e9e en 1999 par Karl Lagerfeld \u00e0 Paris\",\"publisher\":{\"@id\":\"https:\/\/librairie7l.com\/en\/#organization\"},\"potentialAction\":[{\"@type\":\"SearchAction\",\"target\":{\"@type\":\"EntryPoint\",\"urlTemplate\":\"https:\/\/librairie7l.com\/en\/?s={search_term_string}\"},\"query-input\":\"required name=search_term_string\"}],\"inLanguage\":\"en-US\"},{\"@type\":\"Organization\",\"@id\":\"https:\/\/librairie7l.com\/en\/#organization\",\"name\":\"Librairie 7L\",\"url\":\"https:\/\/librairie7l.com\/en\/\",\"logo\":{\"@type\":\"ImageObject\",\"inLanguage\":\"en-US\",\"@id\":\"https:\/\/librairie7l.com\/en\/#\/schema\/logo\/image\/\",\"url\":\"https:\/\/librairie7l.com\/wp-content\/uploads\/2022\/08\/logo-1.png\",\"contentUrl\":\"https:\/\/librairie7l.com\/wp-content\/uploads\/2022\/08\/logo-1.png\",\"width\":227,\"height\":301,\"caption\":\"Librairie 7L\"},\"image\":{\"@id\":\"https:\/\/librairie7l.com\/en\/#\/schema\/logo\/image\/\"}}]}<\/script>\n<!-- \/ Yoast SEO plugin. -->","yoast_head_json":{"title":"WABI-SABI ; POUR ALLER PLUS LOIN - Librairie 7L","robots":{"index":"index","follow":"follow","max-snippet":"max-snippet:-1","max-image-preview":"max-image-preview:large","max-video-preview":"max-video-preview:-1"},"canonical":"https:\/\/librairie7l.com\/en\/produit\/wabi-sabi-pour-aller-plus-loin\/","og_locale":"en_US","og_type":"article","og_title":"WABI-SABI ; POUR ALLER PLUS LOIN - Librairie 7L","og_description":"Il s&#8217;agit de la suite de l&#8217;ouvrage Wabi-sabi \u00e0 l&#8217;usage des artistes, designers, po\u00e8tes et philosophes dont l&#8217;\u00e9dition fran\u00e7aise est parue en 2015 et dont la notori\u00e9t\u00e9 et les ventes vont en grandissant. En fait l&#8217;\u00e9dition originale du premier livre est parue en 1994 et l&#8217;\u00e9dition originale de ce nouveau livre date de 2015 (Wabi-sabi [&hellip;]","og_url":"https:\/\/librairie7l.com\/en\/produit\/wabi-sabi-pour-aller-plus-loin\/","og_site_name":"Librairie 7L","article_modified_time":"2026-04-16T19:06:43+00:00","og_image":[{"width":600,"height":920,"url":"https:\/\/librairie7l.com\/wp-content\/uploads\/2018\/06\/9782354323127_1_75.jpg","type":"image\/jpeg"}],"twitter_card":"summary_large_image","twitter_misc":{"Est. reading time":"1 minute"},"schema":{"@context":"https:\/\/schema.org","@graph":[{"@type":"WebPage","@id":"https:\/\/librairie7l.com\/en\/produit\/wabi-sabi-pour-aller-plus-loin\/","url":"https:\/\/librairie7l.com\/en\/produit\/wabi-sabi-pour-aller-plus-loin\/","name":"WABI-SABI ; POUR ALLER PLUS LOIN - Librairie 7L","isPartOf":{"@id":"https:\/\/librairie7l.com\/en\/#website"},"datePublished":"2023-05-09T15:35:53+00:00","dateModified":"2026-04-16T19:06:43+00:00","breadcrumb":{"@id":"https:\/\/librairie7l.com\/en\/produit\/wabi-sabi-pour-aller-plus-loin\/#breadcrumb"},"inLanguage":"en-US","potentialAction":[{"@type":"ReadAction","target":["https:\/\/librairie7l.com\/en\/produit\/wabi-sabi-pour-aller-plus-loin\/"]}]},{"@type":"BreadcrumbList","@id":"https:\/\/librairie7l.com\/en\/produit\/wabi-sabi-pour-aller-plus-loin\/#breadcrumb","itemListElement":[{"@type":"ListItem","position":1,"name":"Accueil","item":"https:\/\/librairie7l.com\/en\/"},{"@type":"ListItem","position":2,"name":"Shop","item":"https:\/\/librairie7l.com\/en\/shop\/"},{"@type":"ListItem","position":3,"name":"WABI-SABI ; POUR ALLER PLUS LOIN"}]},{"@type":"WebSite","@id":"https:\/\/librairie7l.com\/en\/#website","url":"https:\/\/librairie7l.com\/en\/","name":"Librairie 7L","description":"Librairie fond\u00e9e en 1999 par Karl Lagerfeld \u00e0 Paris","publisher":{"@id":"https:\/\/librairie7l.com\/en\/#organization"},"potentialAction":[{"@type":"SearchAction","target":{"@type":"EntryPoint","urlTemplate":"https:\/\/librairie7l.com\/en\/?s={search_term_string}"},"query-input":"required name=search_term_string"}],"inLanguage":"en-US"},{"@type":"Organization","@id":"https:\/\/librairie7l.com\/en\/#organization","name":"Librairie 7L","url":"https:\/\/librairie7l.com\/en\/","logo":{"@type":"ImageObject","inLanguage":"en-US","@id":"https:\/\/librairie7l.com\/en\/#\/schema\/logo\/image\/","url":"https:\/\/librairie7l.com\/wp-content\/uploads\/2022\/08\/logo-1.png","contentUrl":"https:\/\/librairie7l.com\/wp-content\/uploads\/2022\/08\/logo-1.png","width":227,"height":301,"caption":"Librairie 7L"},"image":{"@id":"https:\/\/librairie7l.com\/en\/#\/schema\/logo\/image\/"}}]}},"_links":{"self":[{"href":"https:\/\/librairie7l.com\/en\/wp-json\/wp\/v2\/product\/17779"}],"collection":[{"href":"https:\/\/librairie7l.com\/en\/wp-json\/wp\/v2\/product"}],"about":[{"href":"https:\/\/librairie7l.com\/en\/wp-json\/wp\/v2\/types\/product"}],"wp:featuredmedia":[{"embeddable":true,"href":"https:\/\/librairie7l.com\/en\/wp-json\/wp\/v2\/media\/17777"}],"wp:attachment":[{"href":"https:\/\/librairie7l.com\/en\/wp-json\/wp\/v2\/media?parent=17779"}],"wp:term":[{"taxonomy":"product_cat","embeddable":true,"href":"https:\/\/librairie7l.com\/en\/wp-json\/wp\/v2\/product_cat?post=17779"},{"taxonomy":"product_tag","embeddable":true,"href":"https:\/\/librairie7l.com\/en\/wp-json\/wp\/v2\/product_tag?post=17779"}],"curies":[{"name":"wp","href":"https:\/\/api.w.org\/{rel}","templated":true}]}}