{"id":17791,"date":"2023-05-09T17:36:03","date_gmt":"2023-05-09T15:36:03","guid":{"rendered":"https:\/\/librairie7l.com\/?post_type=product&#038;p=17791"},"modified":"2026-04-17T20:05:43","modified_gmt":"2026-04-17T18:05:43","slug":"in-my-room","status":"publish","type":"product","link":"https:\/\/librairie7l.com\/en\/produit\/in-my-room\/","title":{"rendered":"IN MY ROOM"},"content":{"rendered":"<p>Les archives du photographe am\u00e9ricain Saul Leiter ne finissent pas de nous faire d\u00e9couvrir des tr\u00e9sors, comme ces s\u00e9ries de nus jusque-l\u00e0 in\u00e9dits. In My Room pr\u00e9sente une \u00e9tude approfondie du nu, \u00e0 travers des photos intimes de femmes qu&#8217;il rencontrait et capturait de son objectif. Dans ces images en noir et blanc les corps se d\u00e9voilent pudiquement \u00e0 la lumi\u00e8re naturelle de son atelier de l&#8217;East Village \u00e0 New York, r\u00e9v\u00e9lant une collaboration unique entre Leiter et ses sujets.<br \/>\nLe projet commence d\u00e8s l&#8217;arriv\u00e9e du jeune Leiter \u00e0 New York et se terminera \u00e0 la fin des ann\u00e9es 60. Dans les ann\u00e9es 1970, l&#8217;artiste avait envisag\u00e9 de faire un livre de ses nus qui ne fut jamais r\u00e9alis\u00e9.<br \/>\nSaul Leiter a toujours pr\u00e9f\u00e9r\u00e9 la solitude et r\u00e9sist\u00e9 \u00e0 tout type d&#8217;explication ou d&#8217;analyse de son travail. Avec ln My Room, le photographe emm\u00e8ne le lecteur dans son monde priv\u00e9, tout en conservant son sens aigu de myst\u00e8re.<\/p>\n","protected":false},"excerpt":{"rendered":"<p>Les archives du photographe am\u00e9ricain Saul Leiter ne finissent pas de nous faire d\u00e9couvrir des tr\u00e9sors, comme ces s\u00e9ries de nus jusque-l\u00e0 in\u00e9dits. In My Room pr\u00e9sente une \u00e9tude approfondie du nu, \u00e0 travers des photos intimes de femmes qu&#8217;il rencontrait et capturait de son objectif. Dans ces images en noir et blanc les corps [&hellip;]<\/p>\n","protected":false},"featured_media":17789,"template":"","meta":[],"product_cat":[55,2948,2958,17],"product_tag":[],"acf":[],"yoast_head":"<!-- This site is optimized with the Yoast SEO plugin v20.11 - https:\/\/yoast.com\/wordpress\/plugins\/seo\/ -->\n<title>IN MY ROOM - Librairie 7L<\/title>\n<meta name=\"robots\" content=\"index, follow, max-snippet:-1, max-image-preview:large, max-video-preview:-1\" \/>\n<link rel=\"canonical\" href=\"https:\/\/librairie7l.com\/en\/produit\/in-my-room\/\" \/>\n<meta property=\"og:locale\" content=\"en_US\" \/>\n<meta property=\"og:type\" content=\"article\" \/>\n<meta property=\"og:title\" content=\"IN MY ROOM - Librairie 7L\" \/>\n<meta property=\"og:description\" content=\"Les archives du photographe am\u00e9ricain Saul Leiter ne finissent pas de nous faire d\u00e9couvrir des tr\u00e9sors, comme ces s\u00e9ries de nus jusque-l\u00e0 in\u00e9dits. In My Room pr\u00e9sente une \u00e9tude approfondie du nu, \u00e0 travers des photos intimes de femmes qu&#8217;il rencontrait et capturait de son objectif. Dans ces images en noir et blanc les corps [&hellip;]\" \/>\n<meta property=\"og:url\" content=\"https:\/\/librairie7l.com\/en\/produit\/in-my-room\/\" \/>\n<meta property=\"og:site_name\" content=\"Librairie 7L\" \/>\n<meta property=\"article:modified_time\" content=\"2026-04-17T18:05:43+00:00\" \/>\n<meta property=\"og:image\" content=\"https:\/\/librairie7l.com\/wp-content\/uploads\/2018\/06\/9783958291553_1_75.jpg\" \/>\n\t<meta property=\"og:image:width\" content=\"475\" \/>\n\t<meta property=\"og:image:height\" content=\"489\" \/>\n\t<meta property=\"og:image:type\" content=\"image\/jpeg\" \/>\n<meta name=\"twitter:card\" content=\"summary_large_image\" \/>\n<meta name=\"twitter:label1\" content=\"Est. reading time\" \/>\n\t<meta name=\"twitter:data1\" content=\"1 minute\" \/>\n<script type=\"application\/ld+json\" class=\"yoast-schema-graph\">{\"@context\":\"https:\/\/schema.org\",\"@graph\":[{\"@type\":\"WebPage\",\"@id\":\"https:\/\/librairie7l.com\/en\/produit\/in-my-room\/\",\"url\":\"https:\/\/librairie7l.com\/en\/produit\/in-my-room\/\",\"name\":\"IN MY ROOM - Librairie 7L\",\"isPartOf\":{\"@id\":\"https:\/\/librairie7l.com\/en\/#website\"},\"datePublished\":\"2023-05-09T15:36:03+00:00\",\"dateModified\":\"2026-04-17T18:05:43+00:00\",\"breadcrumb\":{\"@id\":\"https:\/\/librairie7l.com\/en\/produit\/in-my-room\/#breadcrumb\"},\"inLanguage\":\"en-US\",\"potentialAction\":[{\"@type\":\"ReadAction\",\"target\":[\"https:\/\/librairie7l.com\/en\/produit\/in-my-room\/\"]}]},{\"@type\":\"BreadcrumbList\",\"@id\":\"https:\/\/librairie7l.com\/en\/produit\/in-my-room\/#breadcrumb\",\"itemListElement\":[{\"@type\":\"ListItem\",\"position\":1,\"name\":\"Accueil\",\"item\":\"https:\/\/librairie7l.com\/en\/\"},{\"@type\":\"ListItem\",\"position\":2,\"name\":\"Shop\",\"item\":\"https:\/\/librairie7l.com\/en\/shop\/\"},{\"@type\":\"ListItem\",\"position\":3,\"name\":\"IN MY ROOM\"}]},{\"@type\":\"WebSite\",\"@id\":\"https:\/\/librairie7l.com\/en\/#website\",\"url\":\"https:\/\/librairie7l.com\/en\/\",\"name\":\"Librairie 7L\",\"description\":\"Librairie fond\u00e9e en 1999 par Karl Lagerfeld \u00e0 Paris\",\"publisher\":{\"@id\":\"https:\/\/librairie7l.com\/en\/#organization\"},\"potentialAction\":[{\"@type\":\"SearchAction\",\"target\":{\"@type\":\"EntryPoint\",\"urlTemplate\":\"https:\/\/librairie7l.com\/en\/?s={search_term_string}\"},\"query-input\":\"required name=search_term_string\"}],\"inLanguage\":\"en-US\"},{\"@type\":\"Organization\",\"@id\":\"https:\/\/librairie7l.com\/en\/#organization\",\"name\":\"Librairie 7L\",\"url\":\"https:\/\/librairie7l.com\/en\/\",\"logo\":{\"@type\":\"ImageObject\",\"inLanguage\":\"en-US\",\"@id\":\"https:\/\/librairie7l.com\/en\/#\/schema\/logo\/image\/\",\"url\":\"https:\/\/librairie7l.com\/wp-content\/uploads\/2022\/08\/logo-1.png\",\"contentUrl\":\"https:\/\/librairie7l.com\/wp-content\/uploads\/2022\/08\/logo-1.png\",\"width\":227,\"height\":301,\"caption\":\"Librairie 7L\"},\"image\":{\"@id\":\"https:\/\/librairie7l.com\/en\/#\/schema\/logo\/image\/\"}}]}<\/script>\n<!-- \/ Yoast SEO plugin. -->","yoast_head_json":{"title":"IN MY ROOM - Librairie 7L","robots":{"index":"index","follow":"follow","max-snippet":"max-snippet:-1","max-image-preview":"max-image-preview:large","max-video-preview":"max-video-preview:-1"},"canonical":"https:\/\/librairie7l.com\/en\/produit\/in-my-room\/","og_locale":"en_US","og_type":"article","og_title":"IN MY ROOM - Librairie 7L","og_description":"Les archives du photographe am\u00e9ricain Saul Leiter ne finissent pas de nous faire d\u00e9couvrir des tr\u00e9sors, comme ces s\u00e9ries de nus jusque-l\u00e0 in\u00e9dits. In My Room pr\u00e9sente une \u00e9tude approfondie du nu, \u00e0 travers des photos intimes de femmes qu&#8217;il rencontrait et capturait de son objectif. Dans ces images en noir et blanc les corps [&hellip;]","og_url":"https:\/\/librairie7l.com\/en\/produit\/in-my-room\/","og_site_name":"Librairie 7L","article_modified_time":"2026-04-17T18:05:43+00:00","og_image":[{"width":475,"height":489,"url":"https:\/\/librairie7l.com\/wp-content\/uploads\/2018\/06\/9783958291553_1_75.jpg","type":"image\/jpeg"}],"twitter_card":"summary_large_image","twitter_misc":{"Est. reading time":"1 minute"},"schema":{"@context":"https:\/\/schema.org","@graph":[{"@type":"WebPage","@id":"https:\/\/librairie7l.com\/en\/produit\/in-my-room\/","url":"https:\/\/librairie7l.com\/en\/produit\/in-my-room\/","name":"IN MY ROOM - Librairie 7L","isPartOf":{"@id":"https:\/\/librairie7l.com\/en\/#website"},"datePublished":"2023-05-09T15:36:03+00:00","dateModified":"2026-04-17T18:05:43+00:00","breadcrumb":{"@id":"https:\/\/librairie7l.com\/en\/produit\/in-my-room\/#breadcrumb"},"inLanguage":"en-US","potentialAction":[{"@type":"ReadAction","target":["https:\/\/librairie7l.com\/en\/produit\/in-my-room\/"]}]},{"@type":"BreadcrumbList","@id":"https:\/\/librairie7l.com\/en\/produit\/in-my-room\/#breadcrumb","itemListElement":[{"@type":"ListItem","position":1,"name":"Accueil","item":"https:\/\/librairie7l.com\/en\/"},{"@type":"ListItem","position":2,"name":"Shop","item":"https:\/\/librairie7l.com\/en\/shop\/"},{"@type":"ListItem","position":3,"name":"IN MY ROOM"}]},{"@type":"WebSite","@id":"https:\/\/librairie7l.com\/en\/#website","url":"https:\/\/librairie7l.com\/en\/","name":"Librairie 7L","description":"Librairie fond\u00e9e en 1999 par Karl Lagerfeld \u00e0 Paris","publisher":{"@id":"https:\/\/librairie7l.com\/en\/#organization"},"potentialAction":[{"@type":"SearchAction","target":{"@type":"EntryPoint","urlTemplate":"https:\/\/librairie7l.com\/en\/?s={search_term_string}"},"query-input":"required name=search_term_string"}],"inLanguage":"en-US"},{"@type":"Organization","@id":"https:\/\/librairie7l.com\/en\/#organization","name":"Librairie 7L","url":"https:\/\/librairie7l.com\/en\/","logo":{"@type":"ImageObject","inLanguage":"en-US","@id":"https:\/\/librairie7l.com\/en\/#\/schema\/logo\/image\/","url":"https:\/\/librairie7l.com\/wp-content\/uploads\/2022\/08\/logo-1.png","contentUrl":"https:\/\/librairie7l.com\/wp-content\/uploads\/2022\/08\/logo-1.png","width":227,"height":301,"caption":"Librairie 7L"},"image":{"@id":"https:\/\/librairie7l.com\/en\/#\/schema\/logo\/image\/"}}]}},"_links":{"self":[{"href":"https:\/\/librairie7l.com\/en\/wp-json\/wp\/v2\/product\/17791"}],"collection":[{"href":"https:\/\/librairie7l.com\/en\/wp-json\/wp\/v2\/product"}],"about":[{"href":"https:\/\/librairie7l.com\/en\/wp-json\/wp\/v2\/types\/product"}],"wp:featuredmedia":[{"embeddable":true,"href":"https:\/\/librairie7l.com\/en\/wp-json\/wp\/v2\/media\/17789"}],"wp:attachment":[{"href":"https:\/\/librairie7l.com\/en\/wp-json\/wp\/v2\/media?parent=17791"}],"wp:term":[{"taxonomy":"product_cat","embeddable":true,"href":"https:\/\/librairie7l.com\/en\/wp-json\/wp\/v2\/product_cat?post=17791"},{"taxonomy":"product_tag","embeddable":true,"href":"https:\/\/librairie7l.com\/en\/wp-json\/wp\/v2\/product_tag?post=17791"}],"curies":[{"name":"wp","href":"https:\/\/api.w.org\/{rel}","templated":true}]}}