{"id":17799,"date":"2023-05-09T17:36:09","date_gmt":"2023-05-09T15:36:09","guid":{"rendered":"https:\/\/librairie7l.com\/?post_type=product&#038;p=17799"},"modified":"2026-04-18T16:53:11","modified_gmt":"2026-04-18T14:53:11","slug":"des-oiseaux-5","status":"publish","type":"product","link":"https:\/\/librairie7l.com\/en\/produit\/des-oiseaux-5\/","title":{"rendered":"DES OISEAUX"},"content":{"rendered":"<p>Photographe et vid\u00e9aste australienne, Leila Jeffreys est n\u00e9e en Papouasie-Nouvelle-Guin\u00e9e d&#8217;une m\u00e8re indienne et d&#8217;un p\u00e8re anglo-australien. Elle a pass\u00e9 une grande partie de son enfance \u00e0 voyager et a grandi entour\u00e9 d&#8217;animaux sauvages.<br \/>\nEn 2008, elle commence \u00e0 r\u00e9aliser des portraits photographiques d&#8217;oiseaux en travaillant aux c\u00f4t\u00e9s d&#8217;ornithologues dans des r\u00e9serves naturelles. Sujets particuli\u00e8rement difficiles \u00e0 saisir en raison de leur grande mobilit\u00e9 et de leur furtive attention, les oiseaux requi\u00e8rent un art de l&#8217;attente que Leila a d\u00e9velopp\u00e9 depuis des ann\u00e9es pass\u00e9es dans les for\u00eats et jungles tropicales. &#8221; J&#8217;ai toujours remarqu\u00e9 que beaucoup d&#8217;oiseaux avaient des expressions particuli\u00e8res. Pour les capter, il m&#8217;a fallu trouver comment les photographier de mani\u00e8re \u00e0 faire surgir leur caract\u00e8re propre, souligne-t-elle. Ma fa\u00e7on pr\u00e9f\u00e9r\u00e9e de les photographier est d&#8217;installer un studio de portrait dans un endroit qui leur est familier. Je leur parle pendant que je travaille afin qu&#8217;ils interagissent avec moi. &#8221; Les temps de pose sont extr\u00eamement longs de m\u00eame que le travail en post-prod &#8211; n\u00e9cessaire pour s\u00e9parer ces merveilleuses cr\u00e9atures de leur environnement naturel. Cacato\u00e8s noirs, perruches sauvages, hiboux fauves, pigeons roses ou pinsons jaunes, tous semblent par\u00e9s de leurs plus beaux atours. Tour \u00e0 tour, gracieux, espi\u00e8gle, farouche, fier, timide, poseur : chaque oiseau photographi\u00e9 laisse transpara\u00eetre sa personnalit\u00e9. Galerie de portraits \u00e0 la fois fantaisistes et hyperr\u00e9alistes, les images de Leila Jeffreys invitent \u00e0 la rencontre d&#8217;esp\u00e8ces exotiques ou plus connues qui toutes semblent vouloir dialoguer avec le regardeur. Les somptueuses couleurs des plumes, du rose poudr\u00e9 au jaune citron, du vert \u00e9meraude au bleu cyan, conf\u00e8rent \u00e0 ces graciles personnages un chic pop et \u00e9l\u00e9gant.<\/p>\n","protected":false},"excerpt":{"rendered":"<p>Photographe et vid\u00e9aste australienne, Leila Jeffreys est n\u00e9e en Papouasie-Nouvelle-Guin\u00e9e d&#8217;une m\u00e8re indienne et d&#8217;un p\u00e8re anglo-australien. Elle a pass\u00e9 une grande partie de son enfance \u00e0 voyager et a grandi entour\u00e9 d&#8217;animaux sauvages. En 2008, elle commence \u00e0 r\u00e9aliser des portraits photographiques d&#8217;oiseaux en travaillant aux c\u00f4t\u00e9s d&#8217;ornithologues dans des r\u00e9serves naturelles. Sujets particuli\u00e8rement [&hellip;]<\/p>\n","protected":false},"featured_media":17797,"template":"","meta":[],"product_cat":[55,2948,2958,17],"product_tag":[],"acf":[],"yoast_head":"<!-- This site is optimized with the Yoast SEO plugin v20.11 - https:\/\/yoast.com\/wordpress\/plugins\/seo\/ -->\n<title>DES OISEAUX - Librairie 7L<\/title>\n<meta name=\"robots\" content=\"index, follow, max-snippet:-1, max-image-preview:large, max-video-preview:-1\" \/>\n<link rel=\"canonical\" href=\"https:\/\/librairie7l.com\/en\/produit\/des-oiseaux-5\/\" \/>\n<meta property=\"og:locale\" content=\"en_US\" \/>\n<meta property=\"og:type\" content=\"article\" \/>\n<meta property=\"og:title\" content=\"DES OISEAUX - Librairie 7L\" \/>\n<meta property=\"og:description\" content=\"Photographe et vid\u00e9aste australienne, Leila Jeffreys est n\u00e9e en Papouasie-Nouvelle-Guin\u00e9e d&#8217;une m\u00e8re indienne et d&#8217;un p\u00e8re anglo-australien. Elle a pass\u00e9 une grande partie de son enfance \u00e0 voyager et a grandi entour\u00e9 d&#8217;animaux sauvages. En 2008, elle commence \u00e0 r\u00e9aliser des portraits photographiques d&#8217;oiseaux en travaillant aux c\u00f4t\u00e9s d&#8217;ornithologues dans des r\u00e9serves naturelles. Sujets particuli\u00e8rement [&hellip;]\" \/>\n<meta property=\"og:url\" content=\"https:\/\/librairie7l.com\/en\/produit\/des-oiseaux-5\/\" \/>\n<meta property=\"og:site_name\" content=\"Librairie 7L\" \/>\n<meta property=\"article:modified_time\" content=\"2026-04-18T14:53:11+00:00\" \/>\n<meta property=\"og:image\" content=\"https:\/\/librairie7l.com\/wp-content\/uploads\/2020\/06\/9782365112321_1_75.jpg\" \/>\n\t<meta property=\"og:image:width\" content=\"400\" \/>\n\t<meta property=\"og:image:height\" content=\"526\" \/>\n\t<meta property=\"og:image:type\" content=\"image\/jpeg\" \/>\n<meta name=\"twitter:card\" content=\"summary_large_image\" \/>\n<meta name=\"twitter:label1\" content=\"Est. reading time\" \/>\n\t<meta name=\"twitter:data1\" content=\"1 minute\" \/>\n<script type=\"application\/ld+json\" class=\"yoast-schema-graph\">{\"@context\":\"https:\/\/schema.org\",\"@graph\":[{\"@type\":\"WebPage\",\"@id\":\"https:\/\/librairie7l.com\/en\/produit\/des-oiseaux-5\/\",\"url\":\"https:\/\/librairie7l.com\/en\/produit\/des-oiseaux-5\/\",\"name\":\"DES OISEAUX - Librairie 7L\",\"isPartOf\":{\"@id\":\"https:\/\/librairie7l.com\/en\/#website\"},\"datePublished\":\"2023-05-09T15:36:09+00:00\",\"dateModified\":\"2026-04-18T14:53:11+00:00\",\"breadcrumb\":{\"@id\":\"https:\/\/librairie7l.com\/en\/produit\/des-oiseaux-5\/#breadcrumb\"},\"inLanguage\":\"en-US\",\"potentialAction\":[{\"@type\":\"ReadAction\",\"target\":[\"https:\/\/librairie7l.com\/en\/produit\/des-oiseaux-5\/\"]}]},{\"@type\":\"BreadcrumbList\",\"@id\":\"https:\/\/librairie7l.com\/en\/produit\/des-oiseaux-5\/#breadcrumb\",\"itemListElement\":[{\"@type\":\"ListItem\",\"position\":1,\"name\":\"Accueil\",\"item\":\"https:\/\/librairie7l.com\/en\/\"},{\"@type\":\"ListItem\",\"position\":2,\"name\":\"Shop\",\"item\":\"https:\/\/librairie7l.com\/en\/shop\/\"},{\"@type\":\"ListItem\",\"position\":3,\"name\":\"DES OISEAUX\"}]},{\"@type\":\"WebSite\",\"@id\":\"https:\/\/librairie7l.com\/en\/#website\",\"url\":\"https:\/\/librairie7l.com\/en\/\",\"name\":\"Librairie 7L\",\"description\":\"Librairie fond\u00e9e en 1999 par Karl Lagerfeld \u00e0 Paris\",\"publisher\":{\"@id\":\"https:\/\/librairie7l.com\/en\/#organization\"},\"potentialAction\":[{\"@type\":\"SearchAction\",\"target\":{\"@type\":\"EntryPoint\",\"urlTemplate\":\"https:\/\/librairie7l.com\/en\/?s={search_term_string}\"},\"query-input\":\"required name=search_term_string\"}],\"inLanguage\":\"en-US\"},{\"@type\":\"Organization\",\"@id\":\"https:\/\/librairie7l.com\/en\/#organization\",\"name\":\"Librairie 7L\",\"url\":\"https:\/\/librairie7l.com\/en\/\",\"logo\":{\"@type\":\"ImageObject\",\"inLanguage\":\"en-US\",\"@id\":\"https:\/\/librairie7l.com\/en\/#\/schema\/logo\/image\/\",\"url\":\"https:\/\/librairie7l.com\/wp-content\/uploads\/2022\/08\/logo-1.png\",\"contentUrl\":\"https:\/\/librairie7l.com\/wp-content\/uploads\/2022\/08\/logo-1.png\",\"width\":227,\"height\":301,\"caption\":\"Librairie 7L\"},\"image\":{\"@id\":\"https:\/\/librairie7l.com\/en\/#\/schema\/logo\/image\/\"}}]}<\/script>\n<!-- \/ Yoast SEO plugin. -->","yoast_head_json":{"title":"DES OISEAUX - Librairie 7L","robots":{"index":"index","follow":"follow","max-snippet":"max-snippet:-1","max-image-preview":"max-image-preview:large","max-video-preview":"max-video-preview:-1"},"canonical":"https:\/\/librairie7l.com\/en\/produit\/des-oiseaux-5\/","og_locale":"en_US","og_type":"article","og_title":"DES OISEAUX - Librairie 7L","og_description":"Photographe et vid\u00e9aste australienne, Leila Jeffreys est n\u00e9e en Papouasie-Nouvelle-Guin\u00e9e d&#8217;une m\u00e8re indienne et d&#8217;un p\u00e8re anglo-australien. Elle a pass\u00e9 une grande partie de son enfance \u00e0 voyager et a grandi entour\u00e9 d&#8217;animaux sauvages. En 2008, elle commence \u00e0 r\u00e9aliser des portraits photographiques d&#8217;oiseaux en travaillant aux c\u00f4t\u00e9s d&#8217;ornithologues dans des r\u00e9serves naturelles. Sujets particuli\u00e8rement [&hellip;]","og_url":"https:\/\/librairie7l.com\/en\/produit\/des-oiseaux-5\/","og_site_name":"Librairie 7L","article_modified_time":"2026-04-18T14:53:11+00:00","og_image":[{"width":400,"height":526,"url":"https:\/\/librairie7l.com\/wp-content\/uploads\/2020\/06\/9782365112321_1_75.jpg","type":"image\/jpeg"}],"twitter_card":"summary_large_image","twitter_misc":{"Est. reading time":"1 minute"},"schema":{"@context":"https:\/\/schema.org","@graph":[{"@type":"WebPage","@id":"https:\/\/librairie7l.com\/en\/produit\/des-oiseaux-5\/","url":"https:\/\/librairie7l.com\/en\/produit\/des-oiseaux-5\/","name":"DES OISEAUX - Librairie 7L","isPartOf":{"@id":"https:\/\/librairie7l.com\/en\/#website"},"datePublished":"2023-05-09T15:36:09+00:00","dateModified":"2026-04-18T14:53:11+00:00","breadcrumb":{"@id":"https:\/\/librairie7l.com\/en\/produit\/des-oiseaux-5\/#breadcrumb"},"inLanguage":"en-US","potentialAction":[{"@type":"ReadAction","target":["https:\/\/librairie7l.com\/en\/produit\/des-oiseaux-5\/"]}]},{"@type":"BreadcrumbList","@id":"https:\/\/librairie7l.com\/en\/produit\/des-oiseaux-5\/#breadcrumb","itemListElement":[{"@type":"ListItem","position":1,"name":"Accueil","item":"https:\/\/librairie7l.com\/en\/"},{"@type":"ListItem","position":2,"name":"Shop","item":"https:\/\/librairie7l.com\/en\/shop\/"},{"@type":"ListItem","position":3,"name":"DES OISEAUX"}]},{"@type":"WebSite","@id":"https:\/\/librairie7l.com\/en\/#website","url":"https:\/\/librairie7l.com\/en\/","name":"Librairie 7L","description":"Librairie fond\u00e9e en 1999 par Karl Lagerfeld \u00e0 Paris","publisher":{"@id":"https:\/\/librairie7l.com\/en\/#organization"},"potentialAction":[{"@type":"SearchAction","target":{"@type":"EntryPoint","urlTemplate":"https:\/\/librairie7l.com\/en\/?s={search_term_string}"},"query-input":"required name=search_term_string"}],"inLanguage":"en-US"},{"@type":"Organization","@id":"https:\/\/librairie7l.com\/en\/#organization","name":"Librairie 7L","url":"https:\/\/librairie7l.com\/en\/","logo":{"@type":"ImageObject","inLanguage":"en-US","@id":"https:\/\/librairie7l.com\/en\/#\/schema\/logo\/image\/","url":"https:\/\/librairie7l.com\/wp-content\/uploads\/2022\/08\/logo-1.png","contentUrl":"https:\/\/librairie7l.com\/wp-content\/uploads\/2022\/08\/logo-1.png","width":227,"height":301,"caption":"Librairie 7L"},"image":{"@id":"https:\/\/librairie7l.com\/en\/#\/schema\/logo\/image\/"}}]}},"_links":{"self":[{"href":"https:\/\/librairie7l.com\/en\/wp-json\/wp\/v2\/product\/17799"}],"collection":[{"href":"https:\/\/librairie7l.com\/en\/wp-json\/wp\/v2\/product"}],"about":[{"href":"https:\/\/librairie7l.com\/en\/wp-json\/wp\/v2\/types\/product"}],"wp:featuredmedia":[{"embeddable":true,"href":"https:\/\/librairie7l.com\/en\/wp-json\/wp\/v2\/media\/17797"}],"wp:attachment":[{"href":"https:\/\/librairie7l.com\/en\/wp-json\/wp\/v2\/media?parent=17799"}],"wp:term":[{"taxonomy":"product_cat","embeddable":true,"href":"https:\/\/librairie7l.com\/en\/wp-json\/wp\/v2\/product_cat?post=17799"},{"taxonomy":"product_tag","embeddable":true,"href":"https:\/\/librairie7l.com\/en\/wp-json\/wp\/v2\/product_tag?post=17799"}],"curies":[{"name":"wp","href":"https:\/\/api.w.org\/{rel}","templated":true}]}}