{"id":17807,"date":"2023-05-09T17:36:15","date_gmt":"2023-05-09T15:36:15","guid":{"rendered":"https:\/\/librairie7l.com\/?post_type=product&#038;p=17807"},"modified":"2026-04-21T10:12:33","modified_gmt":"2026-04-21T08:12:33","slug":"chanel-2","status":"publish","type":"product","link":"https:\/\/librairie7l.com\/en\/produit\/chanel-2\/","title":{"rendered":"CHANEL"},"content":{"rendered":"<p>Retrouvez les codes embl\u00e9matiques de la marque Chanel, tous invent\u00e9s par  Mademoiselle, et sans cesse r\u00e9interpr\u00e8tes par les cr\u00e9ateurs maison, et notamment par  son g\u00e9nial successeur Karl Lagerfeld.<br \/>\nLe tailleur, le cam\u00e9lia, la beaut\u00e9\u00b4 , la joaillerie, la petite robe noire, tels sont les 5 th\u00e8mes  pr\u00e9sent\u00e9s dans ce livre con\u00e7u par les \u00c9ditions Ramsay : 5 codes \u00e9ternels qui identifient  la marque, 5 comme le n\u00b05, parfum-embl\u00e8me de Chanel.<br \/>\nPhotographies des mod\u00e8les anciens ou contemporains, documents, dessins et photos  de Karl Lagerfeld, photographies in\u00e9dites des pi\u00e8ces rares du Conservatoire Chanel&#8230;<br \/>\nL&#8217;iconographie de cet ouvrage r\u00e9v\u00e8le dans une \u00e9blouissante mise en image cette  histoire magique qui lie la cr\u00e9ation d&#8217;aujourd&#8217;hui aux plus belles innovations de Coco  Chanel.<\/p>\n","protected":false},"excerpt":{"rendered":"<p>Retrouvez les codes embl\u00e9matiques de la marque Chanel, tous invent\u00e9s par Mademoiselle, et sans cesse r\u00e9interpr\u00e8tes par les cr\u00e9ateurs maison, et notamment par son g\u00e9nial successeur Karl Lagerfeld. Le tailleur, le cam\u00e9lia, la beaut\u00e9\u00b4 , la joaillerie, la petite robe noire, tels sont les 5 th\u00e8mes pr\u00e9sent\u00e9s dans ce livre con\u00e7u par les \u00c9ditions Ramsay [&hellip;]<\/p>\n","protected":false},"featured_media":17805,"template":"","meta":[],"product_cat":[55,2948,2957,19],"product_tag":[],"acf":[],"yoast_head":"<!-- This site is optimized with the Yoast SEO plugin v20.11 - https:\/\/yoast.com\/wordpress\/plugins\/seo\/ -->\n<title>CHANEL - Librairie 7L<\/title>\n<meta name=\"robots\" content=\"index, follow, max-snippet:-1, max-image-preview:large, max-video-preview:-1\" \/>\n<link rel=\"canonical\" href=\"https:\/\/librairie7l.com\/en\/produit\/chanel-2\/\" \/>\n<meta property=\"og:locale\" content=\"en_US\" \/>\n<meta property=\"og:type\" content=\"article\" \/>\n<meta property=\"og:title\" content=\"CHANEL - Librairie 7L\" \/>\n<meta property=\"og:description\" content=\"Retrouvez les codes embl\u00e9matiques de la marque Chanel, tous invent\u00e9s par Mademoiselle, et sans cesse r\u00e9interpr\u00e8tes par les cr\u00e9ateurs maison, et notamment par son g\u00e9nial successeur Karl Lagerfeld. Le tailleur, le cam\u00e9lia, la beaut\u00e9\u00b4 , la joaillerie, la petite robe noire, tels sont les 5 th\u00e8mes pr\u00e9sent\u00e9s dans ce livre con\u00e7u par les \u00c9ditions Ramsay [&hellip;]\" \/>\n<meta property=\"og:url\" content=\"https:\/\/librairie7l.com\/en\/produit\/chanel-2\/\" \/>\n<meta property=\"og:site_name\" content=\"Librairie 7L\" \/>\n<meta property=\"article:modified_time\" content=\"2026-04-21T08:12:33+00:00\" \/>\n<meta property=\"og:image\" content=\"https:\/\/librairie7l.com\/wp-content\/uploads\/2021\/04\/9782812202377_1_75.jpg\" \/>\n\t<meta property=\"og:image:width\" content=\"400\" \/>\n\t<meta property=\"og:image:height\" content=\"458\" \/>\n\t<meta property=\"og:image:type\" content=\"image\/jpeg\" \/>\n<meta name=\"twitter:card\" content=\"summary_large_image\" \/>\n<meta name=\"twitter:label1\" content=\"Est. reading time\" \/>\n\t<meta name=\"twitter:data1\" content=\"1 minute\" \/>\n<script type=\"application\/ld+json\" class=\"yoast-schema-graph\">{\"@context\":\"https:\/\/schema.org\",\"@graph\":[{\"@type\":\"WebPage\",\"@id\":\"https:\/\/librairie7l.com\/en\/produit\/chanel-2\/\",\"url\":\"https:\/\/librairie7l.com\/en\/produit\/chanel-2\/\",\"name\":\"CHANEL - Librairie 7L\",\"isPartOf\":{\"@id\":\"https:\/\/librairie7l.com\/en\/#website\"},\"datePublished\":\"2023-05-09T15:36:15+00:00\",\"dateModified\":\"2026-04-21T08:12:33+00:00\",\"breadcrumb\":{\"@id\":\"https:\/\/librairie7l.com\/en\/produit\/chanel-2\/#breadcrumb\"},\"inLanguage\":\"en-US\",\"potentialAction\":[{\"@type\":\"ReadAction\",\"target\":[\"https:\/\/librairie7l.com\/en\/produit\/chanel-2\/\"]}]},{\"@type\":\"BreadcrumbList\",\"@id\":\"https:\/\/librairie7l.com\/en\/produit\/chanel-2\/#breadcrumb\",\"itemListElement\":[{\"@type\":\"ListItem\",\"position\":1,\"name\":\"Accueil\",\"item\":\"https:\/\/librairie7l.com\/en\/\"},{\"@type\":\"ListItem\",\"position\":2,\"name\":\"Shop\",\"item\":\"https:\/\/librairie7l.com\/en\/shop\/\"},{\"@type\":\"ListItem\",\"position\":3,\"name\":\"CHANEL\"}]},{\"@type\":\"WebSite\",\"@id\":\"https:\/\/librairie7l.com\/en\/#website\",\"url\":\"https:\/\/librairie7l.com\/en\/\",\"name\":\"Librairie 7L\",\"description\":\"Librairie fond\u00e9e en 1999 par Karl Lagerfeld \u00e0 Paris\",\"publisher\":{\"@id\":\"https:\/\/librairie7l.com\/en\/#organization\"},\"potentialAction\":[{\"@type\":\"SearchAction\",\"target\":{\"@type\":\"EntryPoint\",\"urlTemplate\":\"https:\/\/librairie7l.com\/en\/?s={search_term_string}\"},\"query-input\":\"required name=search_term_string\"}],\"inLanguage\":\"en-US\"},{\"@type\":\"Organization\",\"@id\":\"https:\/\/librairie7l.com\/en\/#organization\",\"name\":\"Librairie 7L\",\"url\":\"https:\/\/librairie7l.com\/en\/\",\"logo\":{\"@type\":\"ImageObject\",\"inLanguage\":\"en-US\",\"@id\":\"https:\/\/librairie7l.com\/en\/#\/schema\/logo\/image\/\",\"url\":\"https:\/\/librairie7l.com\/wp-content\/uploads\/2022\/08\/logo-1.png\",\"contentUrl\":\"https:\/\/librairie7l.com\/wp-content\/uploads\/2022\/08\/logo-1.png\",\"width\":227,\"height\":301,\"caption\":\"Librairie 7L\"},\"image\":{\"@id\":\"https:\/\/librairie7l.com\/en\/#\/schema\/logo\/image\/\"}}]}<\/script>\n<!-- \/ Yoast SEO plugin. -->","yoast_head_json":{"title":"CHANEL - Librairie 7L","robots":{"index":"index","follow":"follow","max-snippet":"max-snippet:-1","max-image-preview":"max-image-preview:large","max-video-preview":"max-video-preview:-1"},"canonical":"https:\/\/librairie7l.com\/en\/produit\/chanel-2\/","og_locale":"en_US","og_type":"article","og_title":"CHANEL - Librairie 7L","og_description":"Retrouvez les codes embl\u00e9matiques de la marque Chanel, tous invent\u00e9s par Mademoiselle, et sans cesse r\u00e9interpr\u00e8tes par les cr\u00e9ateurs maison, et notamment par son g\u00e9nial successeur Karl Lagerfeld. Le tailleur, le cam\u00e9lia, la beaut\u00e9\u00b4 , la joaillerie, la petite robe noire, tels sont les 5 th\u00e8mes pr\u00e9sent\u00e9s dans ce livre con\u00e7u par les \u00c9ditions Ramsay [&hellip;]","og_url":"https:\/\/librairie7l.com\/en\/produit\/chanel-2\/","og_site_name":"Librairie 7L","article_modified_time":"2026-04-21T08:12:33+00:00","og_image":[{"width":400,"height":458,"url":"https:\/\/librairie7l.com\/wp-content\/uploads\/2021\/04\/9782812202377_1_75.jpg","type":"image\/jpeg"}],"twitter_card":"summary_large_image","twitter_misc":{"Est. reading time":"1 minute"},"schema":{"@context":"https:\/\/schema.org","@graph":[{"@type":"WebPage","@id":"https:\/\/librairie7l.com\/en\/produit\/chanel-2\/","url":"https:\/\/librairie7l.com\/en\/produit\/chanel-2\/","name":"CHANEL - Librairie 7L","isPartOf":{"@id":"https:\/\/librairie7l.com\/en\/#website"},"datePublished":"2023-05-09T15:36:15+00:00","dateModified":"2026-04-21T08:12:33+00:00","breadcrumb":{"@id":"https:\/\/librairie7l.com\/en\/produit\/chanel-2\/#breadcrumb"},"inLanguage":"en-US","potentialAction":[{"@type":"ReadAction","target":["https:\/\/librairie7l.com\/en\/produit\/chanel-2\/"]}]},{"@type":"BreadcrumbList","@id":"https:\/\/librairie7l.com\/en\/produit\/chanel-2\/#breadcrumb","itemListElement":[{"@type":"ListItem","position":1,"name":"Accueil","item":"https:\/\/librairie7l.com\/en\/"},{"@type":"ListItem","position":2,"name":"Shop","item":"https:\/\/librairie7l.com\/en\/shop\/"},{"@type":"ListItem","position":3,"name":"CHANEL"}]},{"@type":"WebSite","@id":"https:\/\/librairie7l.com\/en\/#website","url":"https:\/\/librairie7l.com\/en\/","name":"Librairie 7L","description":"Librairie fond\u00e9e en 1999 par Karl Lagerfeld \u00e0 Paris","publisher":{"@id":"https:\/\/librairie7l.com\/en\/#organization"},"potentialAction":[{"@type":"SearchAction","target":{"@type":"EntryPoint","urlTemplate":"https:\/\/librairie7l.com\/en\/?s={search_term_string}"},"query-input":"required name=search_term_string"}],"inLanguage":"en-US"},{"@type":"Organization","@id":"https:\/\/librairie7l.com\/en\/#organization","name":"Librairie 7L","url":"https:\/\/librairie7l.com\/en\/","logo":{"@type":"ImageObject","inLanguage":"en-US","@id":"https:\/\/librairie7l.com\/en\/#\/schema\/logo\/image\/","url":"https:\/\/librairie7l.com\/wp-content\/uploads\/2022\/08\/logo-1.png","contentUrl":"https:\/\/librairie7l.com\/wp-content\/uploads\/2022\/08\/logo-1.png","width":227,"height":301,"caption":"Librairie 7L"},"image":{"@id":"https:\/\/librairie7l.com\/en\/#\/schema\/logo\/image\/"}}]}},"_links":{"self":[{"href":"https:\/\/librairie7l.com\/en\/wp-json\/wp\/v2\/product\/17807"}],"collection":[{"href":"https:\/\/librairie7l.com\/en\/wp-json\/wp\/v2\/product"}],"about":[{"href":"https:\/\/librairie7l.com\/en\/wp-json\/wp\/v2\/types\/product"}],"wp:featuredmedia":[{"embeddable":true,"href":"https:\/\/librairie7l.com\/en\/wp-json\/wp\/v2\/media\/17805"}],"wp:attachment":[{"href":"https:\/\/librairie7l.com\/en\/wp-json\/wp\/v2\/media?parent=17807"}],"wp:term":[{"taxonomy":"product_cat","embeddable":true,"href":"https:\/\/librairie7l.com\/en\/wp-json\/wp\/v2\/product_cat?post=17807"},{"taxonomy":"product_tag","embeddable":true,"href":"https:\/\/librairie7l.com\/en\/wp-json\/wp\/v2\/product_tag?post=17807"}],"curies":[{"name":"wp","href":"https:\/\/api.w.org\/{rel}","templated":true}]}}