{"id":17815,"date":"2023-05-09T17:36:21","date_gmt":"2023-05-09T15:36:21","guid":{"rendered":"https:\/\/librairie7l.com\/?post_type=product&#038;p=17815"},"modified":"2026-05-01T09:09:19","modified_gmt":"2026-05-01T07:09:19","slug":"karl-une-si-longue-complicite-2","status":"publish","type":"product","link":"https:\/\/librairie7l.com\/en\/produit\/karl-une-si-longue-complicite-2\/","title":{"rendered":"KARL, UNE SI LONGUE COMPLICIT\u00c9"},"content":{"rendered":"<p>L&#8217;artiste Patrick Hourcade rencontre Karl Lagerfeld en 1976. Entre les deux hommes na\u00eet aussit\u00f4t une amiti\u00e9 qui durera plus de vingt ans, nourrie par une passion commune pour les arts du XVIII? si\u00e8cle. Ensemble, ils b\u00e2tiront un univers magnifique o\u00f9 raffinement et luxe se d\u00e9ploieront, parfois avec extravagance, du ch\u00e2teau de Grand-Champ en Bretagne, \u00e0 l&#8217;h\u00f4tel Pozzo di Borgo \u00e0 Paris ou \u00e0 la villa La Vigie sur la C\u00f4te d&#8217;Azur.Patrick Hourcade nous conte ici l&#8217;histoire de cette communion esth\u00e9tique. \u00c0 l&#8217;aide de photographies et de documents in\u00e9dits, l&#8217;auteur brosse un portrait intime de Karl Lagerfeld, entre ombre et lumi\u00e8re. Il nous livre une vision unique et singuli\u00e8re, travers\u00e9e par les personnalit\u00e9s exceptionnelles qui ont compt\u00e9 dans la vie du grand couturier.<\/p>\n","protected":false},"excerpt":{"rendered":"<p>L&#8217;artiste Patrick Hourcade rencontre Karl Lagerfeld en 1976. Entre les deux hommes na\u00eet aussit\u00f4t une amiti\u00e9 qui durera plus de vingt ans, nourrie par une passion commune pour les arts du XVIII? si\u00e8cle. Ensemble, ils b\u00e2tiront un univers magnifique o\u00f9 raffinement et luxe se d\u00e9ploieront, parfois avec extravagance, du ch\u00e2teau de Grand-Champ en Bretagne, \u00e0 [&hellip;]<\/p>\n","protected":false},"featured_media":17813,"template":"","meta":[],"product_cat":[2948,2957],"product_tag":[],"acf":[],"yoast_head":"<!-- This site is optimized with the Yoast SEO plugin v20.11 - https:\/\/yoast.com\/wordpress\/plugins\/seo\/ -->\n<title>KARL, UNE SI LONGUE COMPLICIT\u00c9 - Librairie 7L<\/title>\n<meta name=\"robots\" content=\"index, follow, max-snippet:-1, max-image-preview:large, max-video-preview:-1\" \/>\n<link rel=\"canonical\" href=\"https:\/\/librairie7l.com\/en\/produit\/karl-une-si-longue-complicite-2\/\" \/>\n<meta property=\"og:locale\" content=\"en_US\" \/>\n<meta property=\"og:type\" content=\"article\" \/>\n<meta property=\"og:title\" content=\"KARL, UNE SI LONGUE COMPLICIT\u00c9 - Librairie 7L\" \/>\n<meta property=\"og:description\" content=\"L&#8217;artiste Patrick Hourcade rencontre Karl Lagerfeld en 1976. Entre les deux hommes na\u00eet aussit\u00f4t une amiti\u00e9 qui durera plus de vingt ans, nourrie par une passion commune pour les arts du XVIII? si\u00e8cle. Ensemble, ils b\u00e2tiront un univers magnifique o\u00f9 raffinement et luxe se d\u00e9ploieront, parfois avec extravagance, du ch\u00e2teau de Grand-Champ en Bretagne, \u00e0 [&hellip;]\" \/>\n<meta property=\"og:url\" content=\"https:\/\/librairie7l.com\/en\/produit\/karl-une-si-longue-complicite-2\/\" \/>\n<meta property=\"og:site_name\" content=\"Librairie 7L\" \/>\n<meta property=\"article:modified_time\" content=\"2026-05-01T07:09:19+00:00\" \/>\n<meta property=\"og:image\" content=\"https:\/\/librairie7l.com\/wp-content\/uploads\/2021\/10\/9782080243393_1_75.jpg\" \/>\n\t<meta property=\"og:image:width\" content=\"600\" \/>\n\t<meta property=\"og:image:height\" content=\"854\" \/>\n\t<meta property=\"og:image:type\" content=\"image\/jpeg\" \/>\n<meta name=\"twitter:card\" content=\"summary_large_image\" \/>\n<meta name=\"twitter:label1\" content=\"Est. reading time\" \/>\n\t<meta name=\"twitter:data1\" content=\"1 minute\" \/>\n<script type=\"application\/ld+json\" class=\"yoast-schema-graph\">{\"@context\":\"https:\/\/schema.org\",\"@graph\":[{\"@type\":\"WebPage\",\"@id\":\"https:\/\/librairie7l.com\/en\/produit\/karl-une-si-longue-complicite-2\/\",\"url\":\"https:\/\/librairie7l.com\/en\/produit\/karl-une-si-longue-complicite-2\/\",\"name\":\"KARL, UNE SI LONGUE COMPLICIT\u00c9 - Librairie 7L\",\"isPartOf\":{\"@id\":\"https:\/\/librairie7l.com\/en\/#website\"},\"datePublished\":\"2023-05-09T15:36:21+00:00\",\"dateModified\":\"2026-05-01T07:09:19+00:00\",\"breadcrumb\":{\"@id\":\"https:\/\/librairie7l.com\/en\/produit\/karl-une-si-longue-complicite-2\/#breadcrumb\"},\"inLanguage\":\"en-US\",\"potentialAction\":[{\"@type\":\"ReadAction\",\"target\":[\"https:\/\/librairie7l.com\/en\/produit\/karl-une-si-longue-complicite-2\/\"]}]},{\"@type\":\"BreadcrumbList\",\"@id\":\"https:\/\/librairie7l.com\/en\/produit\/karl-une-si-longue-complicite-2\/#breadcrumb\",\"itemListElement\":[{\"@type\":\"ListItem\",\"position\":1,\"name\":\"Accueil\",\"item\":\"https:\/\/librairie7l.com\/en\/\"},{\"@type\":\"ListItem\",\"position\":2,\"name\":\"Shop\",\"item\":\"https:\/\/librairie7l.com\/en\/shop\/\"},{\"@type\":\"ListItem\",\"position\":3,\"name\":\"KARL, UNE SI LONGUE COMPLICIT\u00c9\"}]},{\"@type\":\"WebSite\",\"@id\":\"https:\/\/librairie7l.com\/en\/#website\",\"url\":\"https:\/\/librairie7l.com\/en\/\",\"name\":\"Librairie 7L\",\"description\":\"Librairie fond\u00e9e en 1999 par Karl Lagerfeld \u00e0 Paris\",\"publisher\":{\"@id\":\"https:\/\/librairie7l.com\/en\/#organization\"},\"potentialAction\":[{\"@type\":\"SearchAction\",\"target\":{\"@type\":\"EntryPoint\",\"urlTemplate\":\"https:\/\/librairie7l.com\/en\/?s={search_term_string}\"},\"query-input\":\"required name=search_term_string\"}],\"inLanguage\":\"en-US\"},{\"@type\":\"Organization\",\"@id\":\"https:\/\/librairie7l.com\/en\/#organization\",\"name\":\"Librairie 7L\",\"url\":\"https:\/\/librairie7l.com\/en\/\",\"logo\":{\"@type\":\"ImageObject\",\"inLanguage\":\"en-US\",\"@id\":\"https:\/\/librairie7l.com\/en\/#\/schema\/logo\/image\/\",\"url\":\"https:\/\/librairie7l.com\/wp-content\/uploads\/2022\/08\/logo-1.png\",\"contentUrl\":\"https:\/\/librairie7l.com\/wp-content\/uploads\/2022\/08\/logo-1.png\",\"width\":227,\"height\":301,\"caption\":\"Librairie 7L\"},\"image\":{\"@id\":\"https:\/\/librairie7l.com\/en\/#\/schema\/logo\/image\/\"}}]}<\/script>\n<!-- \/ Yoast SEO plugin. -->","yoast_head_json":{"title":"KARL, UNE SI LONGUE COMPLICIT\u00c9 - Librairie 7L","robots":{"index":"index","follow":"follow","max-snippet":"max-snippet:-1","max-image-preview":"max-image-preview:large","max-video-preview":"max-video-preview:-1"},"canonical":"https:\/\/librairie7l.com\/en\/produit\/karl-une-si-longue-complicite-2\/","og_locale":"en_US","og_type":"article","og_title":"KARL, UNE SI LONGUE COMPLICIT\u00c9 - Librairie 7L","og_description":"L&#8217;artiste Patrick Hourcade rencontre Karl Lagerfeld en 1976. Entre les deux hommes na\u00eet aussit\u00f4t une amiti\u00e9 qui durera plus de vingt ans, nourrie par une passion commune pour les arts du XVIII? si\u00e8cle. Ensemble, ils b\u00e2tiront un univers magnifique o\u00f9 raffinement et luxe se d\u00e9ploieront, parfois avec extravagance, du ch\u00e2teau de Grand-Champ en Bretagne, \u00e0 [&hellip;]","og_url":"https:\/\/librairie7l.com\/en\/produit\/karl-une-si-longue-complicite-2\/","og_site_name":"Librairie 7L","article_modified_time":"2026-05-01T07:09:19+00:00","og_image":[{"width":600,"height":854,"url":"https:\/\/librairie7l.com\/wp-content\/uploads\/2021\/10\/9782080243393_1_75.jpg","type":"image\/jpeg"}],"twitter_card":"summary_large_image","twitter_misc":{"Est. reading time":"1 minute"},"schema":{"@context":"https:\/\/schema.org","@graph":[{"@type":"WebPage","@id":"https:\/\/librairie7l.com\/en\/produit\/karl-une-si-longue-complicite-2\/","url":"https:\/\/librairie7l.com\/en\/produit\/karl-une-si-longue-complicite-2\/","name":"KARL, UNE SI LONGUE COMPLICIT\u00c9 - Librairie 7L","isPartOf":{"@id":"https:\/\/librairie7l.com\/en\/#website"},"datePublished":"2023-05-09T15:36:21+00:00","dateModified":"2026-05-01T07:09:19+00:00","breadcrumb":{"@id":"https:\/\/librairie7l.com\/en\/produit\/karl-une-si-longue-complicite-2\/#breadcrumb"},"inLanguage":"en-US","potentialAction":[{"@type":"ReadAction","target":["https:\/\/librairie7l.com\/en\/produit\/karl-une-si-longue-complicite-2\/"]}]},{"@type":"BreadcrumbList","@id":"https:\/\/librairie7l.com\/en\/produit\/karl-une-si-longue-complicite-2\/#breadcrumb","itemListElement":[{"@type":"ListItem","position":1,"name":"Accueil","item":"https:\/\/librairie7l.com\/en\/"},{"@type":"ListItem","position":2,"name":"Shop","item":"https:\/\/librairie7l.com\/en\/shop\/"},{"@type":"ListItem","position":3,"name":"KARL, UNE SI LONGUE COMPLICIT\u00c9"}]},{"@type":"WebSite","@id":"https:\/\/librairie7l.com\/en\/#website","url":"https:\/\/librairie7l.com\/en\/","name":"Librairie 7L","description":"Librairie fond\u00e9e en 1999 par Karl Lagerfeld \u00e0 Paris","publisher":{"@id":"https:\/\/librairie7l.com\/en\/#organization"},"potentialAction":[{"@type":"SearchAction","target":{"@type":"EntryPoint","urlTemplate":"https:\/\/librairie7l.com\/en\/?s={search_term_string}"},"query-input":"required name=search_term_string"}],"inLanguage":"en-US"},{"@type":"Organization","@id":"https:\/\/librairie7l.com\/en\/#organization","name":"Librairie 7L","url":"https:\/\/librairie7l.com\/en\/","logo":{"@type":"ImageObject","inLanguage":"en-US","@id":"https:\/\/librairie7l.com\/en\/#\/schema\/logo\/image\/","url":"https:\/\/librairie7l.com\/wp-content\/uploads\/2022\/08\/logo-1.png","contentUrl":"https:\/\/librairie7l.com\/wp-content\/uploads\/2022\/08\/logo-1.png","width":227,"height":301,"caption":"Librairie 7L"},"image":{"@id":"https:\/\/librairie7l.com\/en\/#\/schema\/logo\/image\/"}}]}},"_links":{"self":[{"href":"https:\/\/librairie7l.com\/en\/wp-json\/wp\/v2\/product\/17815"}],"collection":[{"href":"https:\/\/librairie7l.com\/en\/wp-json\/wp\/v2\/product"}],"about":[{"href":"https:\/\/librairie7l.com\/en\/wp-json\/wp\/v2\/types\/product"}],"wp:featuredmedia":[{"embeddable":true,"href":"https:\/\/librairie7l.com\/en\/wp-json\/wp\/v2\/media\/17813"}],"wp:attachment":[{"href":"https:\/\/librairie7l.com\/en\/wp-json\/wp\/v2\/media?parent=17815"}],"wp:term":[{"taxonomy":"product_cat","embeddable":true,"href":"https:\/\/librairie7l.com\/en\/wp-json\/wp\/v2\/product_cat?post=17815"},{"taxonomy":"product_tag","embeddable":true,"href":"https:\/\/librairie7l.com\/en\/wp-json\/wp\/v2\/product_tag?post=17815"}],"curies":[{"name":"wp","href":"https:\/\/api.w.org\/{rel}","templated":true}]}}