{"id":17843,"date":"2023-05-09T17:36:42","date_gmt":"2023-05-09T15:36:42","guid":{"rendered":"https:\/\/librairie7l.com\/?post_type=product&#038;p=17843"},"modified":"2026-04-17T01:30:28","modified_gmt":"2026-04-16T23:30:28","slug":"mimesis-un-design-vivant","status":"publish","type":"product","link":"https:\/\/librairie7l.com\/en\/produit\/mimesis-un-design-vivant\/","title":{"rendered":"MIM\u00c8SIS, UN DESIGN VIVANT"},"content":{"rendered":"<p>L&#8217;influence et l&#8217;imitation du vivant par le design, depuis la modernit\u00e9, jusqu&#8217;\u00e0 la fusion totale entre l&#8217;inerte et le vivant dans la cr\u00e9ation scientifique et industrielle actuelle, est l&#8217;un des fils conducteurs des recherches du service en charge du design et de la cr\u00e9ation industrielle au Centre Pompidou. Prenant la suite d&#8217;expositions comme \u00abDesign et merveilleux\u00bb (MAMC Saint-\u00c9tienne, 2018, Centre Pompidou-Shanghai, 2020) et la \u00abFabrique du vivant\u00bb (Centre Pompidou Paris, 2019), ce troisi\u00e8me volet sera plus historique ; tissant le lien du biomorphisme du design moderniste au biomim\u00e9tisme d&#8217;aujourd&#8217;hui, voire \u00e0 la biofabrication et \u00e0 la recr\u00e9ation du vivant par le design num\u00e9rique. L&#8217;exposition et la catalogue qui en sera le refet permettront \u00e9galement de montrer de nouvelles acquisitions de grands designers (fonds Serge Mouille, Branzi, Lovegrove, Hansmeyer), et de travailler conjointement avec des entreprises innovantes dans le secteur du design, de mani\u00e8re \u00e0 pr\u00eater attention au monde industriel, lui aussi fragilis\u00e9 par la crise sanitaire mondiale<\/p>\n","protected":false},"excerpt":{"rendered":"<p>L&#8217;influence et l&#8217;imitation du vivant par le design, depuis la modernit\u00e9, jusqu&#8217;\u00e0 la fusion totale entre l&#8217;inerte et le vivant dans la cr\u00e9ation scientifique et industrielle actuelle, est l&#8217;un des fils conducteurs des recherches du service en charge du design et de la cr\u00e9ation industrielle au Centre Pompidou. Prenant la suite d&#8217;expositions comme \u00abDesign et [&hellip;]<\/p>\n","protected":false},"featured_media":17841,"template":"","meta":[],"product_cat":[55,2948,18,2952],"product_tag":[],"acf":[],"yoast_head":"<!-- This site is optimized with the Yoast SEO plugin v20.11 - https:\/\/yoast.com\/wordpress\/plugins\/seo\/ -->\n<title>MIM\u00c8SIS, UN DESIGN VIVANT - Librairie 7L<\/title>\n<meta name=\"robots\" content=\"index, follow, max-snippet:-1, max-image-preview:large, max-video-preview:-1\" \/>\n<link rel=\"canonical\" href=\"https:\/\/librairie7l.com\/en\/produit\/mimesis-un-design-vivant\/\" \/>\n<meta property=\"og:locale\" content=\"en_US\" \/>\n<meta property=\"og:type\" content=\"article\" \/>\n<meta property=\"og:title\" content=\"MIM\u00c8SIS, UN DESIGN VIVANT - Librairie 7L\" \/>\n<meta property=\"og:description\" content=\"L&#8217;influence et l&#8217;imitation du vivant par le design, depuis la modernit\u00e9, jusqu&#8217;\u00e0 la fusion totale entre l&#8217;inerte et le vivant dans la cr\u00e9ation scientifique et industrielle actuelle, est l&#8217;un des fils conducteurs des recherches du service en charge du design et de la cr\u00e9ation industrielle au Centre Pompidou. Prenant la suite d&#8217;expositions comme \u00abDesign et [&hellip;]\" \/>\n<meta property=\"og:url\" content=\"https:\/\/librairie7l.com\/en\/produit\/mimesis-un-design-vivant\/\" \/>\n<meta property=\"og:site_name\" content=\"Librairie 7L\" \/>\n<meta property=\"article:modified_time\" content=\"2026-04-16T23:30:28+00:00\" \/>\n<meta property=\"og:image\" content=\"https:\/\/librairie7l.com\/wp-content\/uploads\/2022\/06\/9782359830637_1_75.jpg\" \/>\n\t<meta property=\"og:image:width\" content=\"600\" \/>\n\t<meta property=\"og:image:height\" content=\"806\" \/>\n\t<meta property=\"og:image:type\" content=\"image\/jpeg\" \/>\n<meta name=\"twitter:card\" content=\"summary_large_image\" \/>\n<meta name=\"twitter:label1\" content=\"Est. reading time\" \/>\n\t<meta name=\"twitter:data1\" content=\"1 minute\" \/>\n<script type=\"application\/ld+json\" class=\"yoast-schema-graph\">{\"@context\":\"https:\/\/schema.org\",\"@graph\":[{\"@type\":\"WebPage\",\"@id\":\"https:\/\/librairie7l.com\/en\/produit\/mimesis-un-design-vivant\/\",\"url\":\"https:\/\/librairie7l.com\/en\/produit\/mimesis-un-design-vivant\/\",\"name\":\"MIM\u00c8SIS, UN DESIGN VIVANT - Librairie 7L\",\"isPartOf\":{\"@id\":\"https:\/\/librairie7l.com\/en\/#website\"},\"datePublished\":\"2023-05-09T15:36:42+00:00\",\"dateModified\":\"2026-04-16T23:30:28+00:00\",\"breadcrumb\":{\"@id\":\"https:\/\/librairie7l.com\/en\/produit\/mimesis-un-design-vivant\/#breadcrumb\"},\"inLanguage\":\"en-US\",\"potentialAction\":[{\"@type\":\"ReadAction\",\"target\":[\"https:\/\/librairie7l.com\/en\/produit\/mimesis-un-design-vivant\/\"]}]},{\"@type\":\"BreadcrumbList\",\"@id\":\"https:\/\/librairie7l.com\/en\/produit\/mimesis-un-design-vivant\/#breadcrumb\",\"itemListElement\":[{\"@type\":\"ListItem\",\"position\":1,\"name\":\"Accueil\",\"item\":\"https:\/\/librairie7l.com\/en\/\"},{\"@type\":\"ListItem\",\"position\":2,\"name\":\"Shop\",\"item\":\"https:\/\/librairie7l.com\/en\/shop\/\"},{\"@type\":\"ListItem\",\"position\":3,\"name\":\"MIM\u00c8SIS, UN DESIGN VIVANT\"}]},{\"@type\":\"WebSite\",\"@id\":\"https:\/\/librairie7l.com\/en\/#website\",\"url\":\"https:\/\/librairie7l.com\/en\/\",\"name\":\"Librairie 7L\",\"description\":\"Librairie fond\u00e9e en 1999 par Karl Lagerfeld \u00e0 Paris\",\"publisher\":{\"@id\":\"https:\/\/librairie7l.com\/en\/#organization\"},\"potentialAction\":[{\"@type\":\"SearchAction\",\"target\":{\"@type\":\"EntryPoint\",\"urlTemplate\":\"https:\/\/librairie7l.com\/en\/?s={search_term_string}\"},\"query-input\":\"required name=search_term_string\"}],\"inLanguage\":\"en-US\"},{\"@type\":\"Organization\",\"@id\":\"https:\/\/librairie7l.com\/en\/#organization\",\"name\":\"Librairie 7L\",\"url\":\"https:\/\/librairie7l.com\/en\/\",\"logo\":{\"@type\":\"ImageObject\",\"inLanguage\":\"en-US\",\"@id\":\"https:\/\/librairie7l.com\/en\/#\/schema\/logo\/image\/\",\"url\":\"https:\/\/librairie7l.com\/wp-content\/uploads\/2022\/08\/logo-1.png\",\"contentUrl\":\"https:\/\/librairie7l.com\/wp-content\/uploads\/2022\/08\/logo-1.png\",\"width\":227,\"height\":301,\"caption\":\"Librairie 7L\"},\"image\":{\"@id\":\"https:\/\/librairie7l.com\/en\/#\/schema\/logo\/image\/\"}}]}<\/script>\n<!-- \/ Yoast SEO plugin. -->","yoast_head_json":{"title":"MIM\u00c8SIS, UN DESIGN VIVANT - Librairie 7L","robots":{"index":"index","follow":"follow","max-snippet":"max-snippet:-1","max-image-preview":"max-image-preview:large","max-video-preview":"max-video-preview:-1"},"canonical":"https:\/\/librairie7l.com\/en\/produit\/mimesis-un-design-vivant\/","og_locale":"en_US","og_type":"article","og_title":"MIM\u00c8SIS, UN DESIGN VIVANT - Librairie 7L","og_description":"L&#8217;influence et l&#8217;imitation du vivant par le design, depuis la modernit\u00e9, jusqu&#8217;\u00e0 la fusion totale entre l&#8217;inerte et le vivant dans la cr\u00e9ation scientifique et industrielle actuelle, est l&#8217;un des fils conducteurs des recherches du service en charge du design et de la cr\u00e9ation industrielle au Centre Pompidou. Prenant la suite d&#8217;expositions comme \u00abDesign et [&hellip;]","og_url":"https:\/\/librairie7l.com\/en\/produit\/mimesis-un-design-vivant\/","og_site_name":"Librairie 7L","article_modified_time":"2026-04-16T23:30:28+00:00","og_image":[{"width":600,"height":806,"url":"https:\/\/librairie7l.com\/wp-content\/uploads\/2022\/06\/9782359830637_1_75.jpg","type":"image\/jpeg"}],"twitter_card":"summary_large_image","twitter_misc":{"Est. reading time":"1 minute"},"schema":{"@context":"https:\/\/schema.org","@graph":[{"@type":"WebPage","@id":"https:\/\/librairie7l.com\/en\/produit\/mimesis-un-design-vivant\/","url":"https:\/\/librairie7l.com\/en\/produit\/mimesis-un-design-vivant\/","name":"MIM\u00c8SIS, UN DESIGN VIVANT - Librairie 7L","isPartOf":{"@id":"https:\/\/librairie7l.com\/en\/#website"},"datePublished":"2023-05-09T15:36:42+00:00","dateModified":"2026-04-16T23:30:28+00:00","breadcrumb":{"@id":"https:\/\/librairie7l.com\/en\/produit\/mimesis-un-design-vivant\/#breadcrumb"},"inLanguage":"en-US","potentialAction":[{"@type":"ReadAction","target":["https:\/\/librairie7l.com\/en\/produit\/mimesis-un-design-vivant\/"]}]},{"@type":"BreadcrumbList","@id":"https:\/\/librairie7l.com\/en\/produit\/mimesis-un-design-vivant\/#breadcrumb","itemListElement":[{"@type":"ListItem","position":1,"name":"Accueil","item":"https:\/\/librairie7l.com\/en\/"},{"@type":"ListItem","position":2,"name":"Shop","item":"https:\/\/librairie7l.com\/en\/shop\/"},{"@type":"ListItem","position":3,"name":"MIM\u00c8SIS, UN DESIGN VIVANT"}]},{"@type":"WebSite","@id":"https:\/\/librairie7l.com\/en\/#website","url":"https:\/\/librairie7l.com\/en\/","name":"Librairie 7L","description":"Librairie fond\u00e9e en 1999 par Karl Lagerfeld \u00e0 Paris","publisher":{"@id":"https:\/\/librairie7l.com\/en\/#organization"},"potentialAction":[{"@type":"SearchAction","target":{"@type":"EntryPoint","urlTemplate":"https:\/\/librairie7l.com\/en\/?s={search_term_string}"},"query-input":"required name=search_term_string"}],"inLanguage":"en-US"},{"@type":"Organization","@id":"https:\/\/librairie7l.com\/en\/#organization","name":"Librairie 7L","url":"https:\/\/librairie7l.com\/en\/","logo":{"@type":"ImageObject","inLanguage":"en-US","@id":"https:\/\/librairie7l.com\/en\/#\/schema\/logo\/image\/","url":"https:\/\/librairie7l.com\/wp-content\/uploads\/2022\/08\/logo-1.png","contentUrl":"https:\/\/librairie7l.com\/wp-content\/uploads\/2022\/08\/logo-1.png","width":227,"height":301,"caption":"Librairie 7L"},"image":{"@id":"https:\/\/librairie7l.com\/en\/#\/schema\/logo\/image\/"}}]}},"_links":{"self":[{"href":"https:\/\/librairie7l.com\/en\/wp-json\/wp\/v2\/product\/17843"}],"collection":[{"href":"https:\/\/librairie7l.com\/en\/wp-json\/wp\/v2\/product"}],"about":[{"href":"https:\/\/librairie7l.com\/en\/wp-json\/wp\/v2\/types\/product"}],"wp:featuredmedia":[{"embeddable":true,"href":"https:\/\/librairie7l.com\/en\/wp-json\/wp\/v2\/media\/17841"}],"wp:attachment":[{"href":"https:\/\/librairie7l.com\/en\/wp-json\/wp\/v2\/media?parent=17843"}],"wp:term":[{"taxonomy":"product_cat","embeddable":true,"href":"https:\/\/librairie7l.com\/en\/wp-json\/wp\/v2\/product_cat?post=17843"},{"taxonomy":"product_tag","embeddable":true,"href":"https:\/\/librairie7l.com\/en\/wp-json\/wp\/v2\/product_tag?post=17843"}],"curies":[{"name":"wp","href":"https:\/\/api.w.org\/{rel}","templated":true}]}}