{"id":17867,"date":"2023-05-09T17:37:02","date_gmt":"2023-05-09T15:37:02","guid":{"rendered":"https:\/\/librairie7l.com\/?post_type=product&#038;p=17867"},"modified":"2026-04-14T23:06:27","modified_gmt":"2026-04-14T21:06:27","slug":"chateaux-et-dependances","status":"publish","type":"product","link":"https:\/\/librairie7l.com\/en\/produit\/chateaux-et-dependances\/","title":{"rendered":"CH\u00c2TEAUX ET D\u00c9PENDANCES"},"content":{"rendered":"<p>De ch\u00e2teaux, il en sera beaucoup question dans ce livre. Des d\u00e9pendances aussi mais surtout de d\u00e9pendance, cet \u00e9tat si particulier qui habite les propri\u00e9taires de ces lieux.<\/p>\n<p>Qui sont donc ces ch\u00e2telains ensorcel\u00e9s ? Particuliers sans particule, ils ne sont pas h\u00e9ritiers ni forc\u00e9ment riches. Mais ils ont pris un jour la d\u00e9cision de se lancer dans l&#8217;aventure un peu folle de la vie de ch\u00e2teau. Curieuses de les rencontrer, nous avons entrepris, avec la photographe Marie-Pierre Morel, un tour de France de leurs ch\u00e2teaux et manoirs.<\/p>\n<p>La France compterait 45 000 \u00e9difices class\u00e9s au patrimoine, dont 12 000 sont priv\u00e9s. Le choix n&#8217;a pas \u00e9t\u00e9 facile, certaines portes difficiles \u00e0 ouvrir. Cette fl\u00e2nerie d\u00e9corative, sans nostalgie, l\u00e8ve le voile sur des sites confidentiels, jamais ou rarement ouverts au public.<\/p>\n<p>D\u00e9corateurs, galeristes, antiquaires, artistes et collectionneurs partagent ce talent rare de mettre en sc\u00e8ne des univers d\u00e9coratifs en marge des modes et des tendances. Nous les avons longuement \u00e9cout\u00e9s, puis nous avons parcouru avec eux le d\u00e9dale de leur palais. Leurs maisons nous racontent des r\u00eaves d&#8217;enfant, des histoires de coup de foudre, de rencontres inattendues, de folles passions.<\/p>\n<p>Lascours, b\u00e2timent d\u00e9pec\u00e9e par les cambrioleurs et restaur\u00e9 avec d\u00e9licatesse par ses nouveaux propri\u00e9taires, nous d\u00e9voile ses blessures. Ravel, aux allures de forteresse imprenable, cache derri\u00e8re ses hauts murs des tr\u00e9sors de raffinement. Le ch\u00e2teau du po\u00e8te Jean Rameau, jalousement gard\u00e9, d\u00e9voile enfin ses fantaisies d\u00e9coratives&#8230;<\/p>\n<p>Ce sont ces instantan\u00e9s de vie que nous avions envie de partager. Poser le regard sur le joyeux d\u00e9sordre d&#8217;un atelier, capturer l&#8217;aube naissante au saut du lit, s&#8217;attarder sur un d\u00e9tail sans importance, saisir l&#8217;esprit des lieux.<\/p>\n<p>Les ch\u00e2teaux sont dans l&#8217;air du temps, Ce livre vous invite \u00e0 remonter le temps et les \u00e9poques en d\u00e9couvrant l&#8217;univers po\u00e9tique de ch\u00e2telains atypiques.<\/p>\n","protected":false},"excerpt":{"rendered":"<p>De ch\u00e2teaux, il en sera beaucoup question dans ce livre. Des d\u00e9pendances aussi mais surtout de d\u00e9pendance, cet \u00e9tat si particulier qui habite les propri\u00e9taires de ces lieux. Qui sont donc ces ch\u00e2telains ensorcel\u00e9s ? Particuliers sans particule, ils ne sont pas h\u00e9ritiers ni forc\u00e9ment riches. Mais ils ont pris un jour la d\u00e9cision de [&hellip;]<\/p>\n","protected":false},"featured_media":17865,"template":"","meta":[],"product_cat":[55,2948,46,2951],"product_tag":[],"acf":[],"yoast_head":"<!-- This site is optimized with the Yoast SEO plugin v20.11 - https:\/\/yoast.com\/wordpress\/plugins\/seo\/ -->\n<title>CH\u00c2TEAUX ET D\u00c9PENDANCES - Librairie 7L<\/title>\n<meta name=\"robots\" content=\"index, follow, max-snippet:-1, max-image-preview:large, max-video-preview:-1\" \/>\n<link rel=\"canonical\" href=\"https:\/\/librairie7l.com\/en\/produit\/chateaux-et-dependances\/\" \/>\n<meta property=\"og:locale\" content=\"en_US\" \/>\n<meta property=\"og:type\" content=\"article\" \/>\n<meta property=\"og:title\" content=\"CH\u00c2TEAUX ET D\u00c9PENDANCES - Librairie 7L\" \/>\n<meta property=\"og:description\" content=\"De ch\u00e2teaux, il en sera beaucoup question dans ce livre. Des d\u00e9pendances aussi mais surtout de d\u00e9pendance, cet \u00e9tat si particulier qui habite les propri\u00e9taires de ces lieux. Qui sont donc ces ch\u00e2telains ensorcel\u00e9s ? Particuliers sans particule, ils ne sont pas h\u00e9ritiers ni forc\u00e9ment riches. Mais ils ont pris un jour la d\u00e9cision de [&hellip;]\" \/>\n<meta property=\"og:url\" content=\"https:\/\/librairie7l.com\/en\/produit\/chateaux-et-dependances\/\" \/>\n<meta property=\"og:site_name\" content=\"Librairie 7L\" \/>\n<meta property=\"article:modified_time\" content=\"2026-04-14T21:06:27+00:00\" \/>\n<meta property=\"og:image\" content=\"https:\/\/librairie7l.com\/wp-content\/uploads\/2021\/10\/9782732497853_1_75.jpg\" \/>\n\t<meta property=\"og:image:width\" content=\"400\" \/>\n\t<meta property=\"og:image:height\" content=\"517\" \/>\n\t<meta property=\"og:image:type\" content=\"image\/jpeg\" \/>\n<meta name=\"twitter:card\" content=\"summary_large_image\" \/>\n<meta name=\"twitter:label1\" content=\"Est. reading time\" \/>\n\t<meta name=\"twitter:data1\" content=\"2 minutes\" \/>\n<script type=\"application\/ld+json\" class=\"yoast-schema-graph\">{\"@context\":\"https:\/\/schema.org\",\"@graph\":[{\"@type\":\"WebPage\",\"@id\":\"https:\/\/librairie7l.com\/en\/produit\/chateaux-et-dependances\/\",\"url\":\"https:\/\/librairie7l.com\/en\/produit\/chateaux-et-dependances\/\",\"name\":\"CH\u00c2TEAUX ET D\u00c9PENDANCES - Librairie 7L\",\"isPartOf\":{\"@id\":\"https:\/\/librairie7l.com\/en\/#website\"},\"datePublished\":\"2023-05-09T15:37:02+00:00\",\"dateModified\":\"2026-04-14T21:06:27+00:00\",\"breadcrumb\":{\"@id\":\"https:\/\/librairie7l.com\/en\/produit\/chateaux-et-dependances\/#breadcrumb\"},\"inLanguage\":\"en-US\",\"potentialAction\":[{\"@type\":\"ReadAction\",\"target\":[\"https:\/\/librairie7l.com\/en\/produit\/chateaux-et-dependances\/\"]}]},{\"@type\":\"BreadcrumbList\",\"@id\":\"https:\/\/librairie7l.com\/en\/produit\/chateaux-et-dependances\/#breadcrumb\",\"itemListElement\":[{\"@type\":\"ListItem\",\"position\":1,\"name\":\"Accueil\",\"item\":\"https:\/\/librairie7l.com\/en\/\"},{\"@type\":\"ListItem\",\"position\":2,\"name\":\"Shop\",\"item\":\"https:\/\/librairie7l.com\/en\/shop\/\"},{\"@type\":\"ListItem\",\"position\":3,\"name\":\"CH\u00c2TEAUX ET D\u00c9PENDANCES\"}]},{\"@type\":\"WebSite\",\"@id\":\"https:\/\/librairie7l.com\/en\/#website\",\"url\":\"https:\/\/librairie7l.com\/en\/\",\"name\":\"Librairie 7L\",\"description\":\"Librairie fond\u00e9e en 1999 par Karl Lagerfeld \u00e0 Paris\",\"publisher\":{\"@id\":\"https:\/\/librairie7l.com\/en\/#organization\"},\"potentialAction\":[{\"@type\":\"SearchAction\",\"target\":{\"@type\":\"EntryPoint\",\"urlTemplate\":\"https:\/\/librairie7l.com\/en\/?s={search_term_string}\"},\"query-input\":\"required name=search_term_string\"}],\"inLanguage\":\"en-US\"},{\"@type\":\"Organization\",\"@id\":\"https:\/\/librairie7l.com\/en\/#organization\",\"name\":\"Librairie 7L\",\"url\":\"https:\/\/librairie7l.com\/en\/\",\"logo\":{\"@type\":\"ImageObject\",\"inLanguage\":\"en-US\",\"@id\":\"https:\/\/librairie7l.com\/en\/#\/schema\/logo\/image\/\",\"url\":\"https:\/\/librairie7l.com\/wp-content\/uploads\/2022\/08\/logo-1.png\",\"contentUrl\":\"https:\/\/librairie7l.com\/wp-content\/uploads\/2022\/08\/logo-1.png\",\"width\":227,\"height\":301,\"caption\":\"Librairie 7L\"},\"image\":{\"@id\":\"https:\/\/librairie7l.com\/en\/#\/schema\/logo\/image\/\"}}]}<\/script>\n<!-- \/ Yoast SEO plugin. -->","yoast_head_json":{"title":"CH\u00c2TEAUX ET D\u00c9PENDANCES - Librairie 7L","robots":{"index":"index","follow":"follow","max-snippet":"max-snippet:-1","max-image-preview":"max-image-preview:large","max-video-preview":"max-video-preview:-1"},"canonical":"https:\/\/librairie7l.com\/en\/produit\/chateaux-et-dependances\/","og_locale":"en_US","og_type":"article","og_title":"CH\u00c2TEAUX ET D\u00c9PENDANCES - Librairie 7L","og_description":"De ch\u00e2teaux, il en sera beaucoup question dans ce livre. Des d\u00e9pendances aussi mais surtout de d\u00e9pendance, cet \u00e9tat si particulier qui habite les propri\u00e9taires de ces lieux. Qui sont donc ces ch\u00e2telains ensorcel\u00e9s ? Particuliers sans particule, ils ne sont pas h\u00e9ritiers ni forc\u00e9ment riches. Mais ils ont pris un jour la d\u00e9cision de [&hellip;]","og_url":"https:\/\/librairie7l.com\/en\/produit\/chateaux-et-dependances\/","og_site_name":"Librairie 7L","article_modified_time":"2026-04-14T21:06:27+00:00","og_image":[{"width":400,"height":517,"url":"https:\/\/librairie7l.com\/wp-content\/uploads\/2021\/10\/9782732497853_1_75.jpg","type":"image\/jpeg"}],"twitter_card":"summary_large_image","twitter_misc":{"Est. reading time":"2 minutes"},"schema":{"@context":"https:\/\/schema.org","@graph":[{"@type":"WebPage","@id":"https:\/\/librairie7l.com\/en\/produit\/chateaux-et-dependances\/","url":"https:\/\/librairie7l.com\/en\/produit\/chateaux-et-dependances\/","name":"CH\u00c2TEAUX ET D\u00c9PENDANCES - Librairie 7L","isPartOf":{"@id":"https:\/\/librairie7l.com\/en\/#website"},"datePublished":"2023-05-09T15:37:02+00:00","dateModified":"2026-04-14T21:06:27+00:00","breadcrumb":{"@id":"https:\/\/librairie7l.com\/en\/produit\/chateaux-et-dependances\/#breadcrumb"},"inLanguage":"en-US","potentialAction":[{"@type":"ReadAction","target":["https:\/\/librairie7l.com\/en\/produit\/chateaux-et-dependances\/"]}]},{"@type":"BreadcrumbList","@id":"https:\/\/librairie7l.com\/en\/produit\/chateaux-et-dependances\/#breadcrumb","itemListElement":[{"@type":"ListItem","position":1,"name":"Accueil","item":"https:\/\/librairie7l.com\/en\/"},{"@type":"ListItem","position":2,"name":"Shop","item":"https:\/\/librairie7l.com\/en\/shop\/"},{"@type":"ListItem","position":3,"name":"CH\u00c2TEAUX ET D\u00c9PENDANCES"}]},{"@type":"WebSite","@id":"https:\/\/librairie7l.com\/en\/#website","url":"https:\/\/librairie7l.com\/en\/","name":"Librairie 7L","description":"Librairie fond\u00e9e en 1999 par Karl Lagerfeld \u00e0 Paris","publisher":{"@id":"https:\/\/librairie7l.com\/en\/#organization"},"potentialAction":[{"@type":"SearchAction","target":{"@type":"EntryPoint","urlTemplate":"https:\/\/librairie7l.com\/en\/?s={search_term_string}"},"query-input":"required name=search_term_string"}],"inLanguage":"en-US"},{"@type":"Organization","@id":"https:\/\/librairie7l.com\/en\/#organization","name":"Librairie 7L","url":"https:\/\/librairie7l.com\/en\/","logo":{"@type":"ImageObject","inLanguage":"en-US","@id":"https:\/\/librairie7l.com\/en\/#\/schema\/logo\/image\/","url":"https:\/\/librairie7l.com\/wp-content\/uploads\/2022\/08\/logo-1.png","contentUrl":"https:\/\/librairie7l.com\/wp-content\/uploads\/2022\/08\/logo-1.png","width":227,"height":301,"caption":"Librairie 7L"},"image":{"@id":"https:\/\/librairie7l.com\/en\/#\/schema\/logo\/image\/"}}]}},"_links":{"self":[{"href":"https:\/\/librairie7l.com\/en\/wp-json\/wp\/v2\/product\/17867"}],"collection":[{"href":"https:\/\/librairie7l.com\/en\/wp-json\/wp\/v2\/product"}],"about":[{"href":"https:\/\/librairie7l.com\/en\/wp-json\/wp\/v2\/types\/product"}],"wp:featuredmedia":[{"embeddable":true,"href":"https:\/\/librairie7l.com\/en\/wp-json\/wp\/v2\/media\/17865"}],"wp:attachment":[{"href":"https:\/\/librairie7l.com\/en\/wp-json\/wp\/v2\/media?parent=17867"}],"wp:term":[{"taxonomy":"product_cat","embeddable":true,"href":"https:\/\/librairie7l.com\/en\/wp-json\/wp\/v2\/product_cat?post=17867"},{"taxonomy":"product_tag","embeddable":true,"href":"https:\/\/librairie7l.com\/en\/wp-json\/wp\/v2\/product_tag?post=17867"}],"curies":[{"name":"wp","href":"https:\/\/api.w.org\/{rel}","templated":true}]}}