{"id":17875,"date":"2023-05-09T17:37:08","date_gmt":"2023-05-09T15:37:08","guid":{"rendered":"https:\/\/librairie7l.com\/?post_type=product&#038;p=17875"},"modified":"2026-04-26T19:19:57","modified_gmt":"2026-04-26T17:19:57","slug":"moliere-en-costumes","status":"publish","type":"product","link":"https:\/\/librairie7l.com\/en\/produit\/moliere-en-costumes\/","title":{"rendered":"MOLI\u00c8RE EN COSTUMES"},"content":{"rendered":"<p>Ce livre accompagne la grande exposition \u00abMoli\u00e8re en costumes\u00bb organis\u00e9e par le Centre national du costume de sc\u00e8ne qui aura lieu au printemps 2022 \u00e0 Moulins (France) \u00e0 l&#8217;occasion du 400e anniversaire de la naissance du c\u00e9l\u00e8bre auteur, acteur et dramaturge. Plusieurs d\u00e9cennies de cr\u00e9ation th\u00e9\u00e2trale d\u00e9fileront sous les yeux des visiteurs dans une exposition originale pr\u00e9sentant 150 costumes de sc\u00e8ne et une collection de maquettes, de photographies et d&#8217;enregistrements audiovisuels. S\u00e9lectionn\u00e9s parce qu&#8217;ils sont des objets singuliers et embl\u00e9matiques d&#8217;un metteur en sc\u00e8ne &#8211; Dom Juan de Louis Jouvet, Dandin de Roger Planchon ou Le Malade imaginaire de Jean-Marie Vill\u00e9gier &#8211; ou d&#8217;un costumier &#8211; Suzanne Lalique, Christian B\u00e9rard ou Patrice Cauchetier -, les costumes sont aussi le reflet des tendances, qu&#8217;ils soient des reconstitutions historiques, des modes de l&#8217;\u00e9poque ou simplement le fruit de l&#8217;imagination d&#8217;un cr\u00e9ateur. Le public pourra d\u00e9couvrir le caftan majestueux de Louis Seigner dans le r\u00f4le de Monsieur Jourdain dans la production du Bourgeois Gentilhomme mise en sc\u00e8ne par Jean Meyer en 1951, l&#8217;\u00e9l\u00e9gante robe de C\u00e9lim\u00e8ne (Madeleine Renaud) con\u00e7ue par Marcel Escoffier pour Le Misanthrope mis en sc\u00e8ne par Jean-Louis Barrault, ou encore le costume du pr\u00e9cieux Philaminte interpr\u00e9t\u00e9 par Georges Wilson pour Les Pr\u00e9cieuses ridicules en 1956. Un espace important sera consacr\u00e9 \u00e0 la Com\u00e9die-Fran\u00e7aise, encore connue aujourd&#8217;hui comme la \u00abMaison de Moli\u00e8re\u00bb, fond\u00e9e en 1680, sept ans apr\u00e8s la mort de l&#8217;auteur. Les oeuvres et costumes pr\u00e9sent\u00e9s proviendront principalement des collections du CNCS, de la Com\u00e9die-Fran\u00e7aise et du d\u00e9partement des arts du spectacle (BnF), mais aussi de pr\u00eats de th\u00e9\u00e2tres, de compagnies ou d&#8217;institutions culturelles, comme le Th\u00e9\u00e2tre national populaire (Villeurbanne), la Maison Jean Vilar, etc.<\/p>\n","protected":false},"excerpt":{"rendered":"<p>Ce livre accompagne la grande exposition \u00abMoli\u00e8re en costumes\u00bb organis\u00e9e par le Centre national du costume de sc\u00e8ne qui aura lieu au printemps 2022 \u00e0 Moulins (France) \u00e0 l&#8217;occasion du 400e anniversaire de la naissance du c\u00e9l\u00e8bre auteur, acteur et dramaturge. Plusieurs d\u00e9cennies de cr\u00e9ation th\u00e9\u00e2trale d\u00e9fileront sous les yeux des visiteurs dans une exposition [&hellip;]<\/p>\n","protected":false},"featured_media":17873,"template":"","meta":[],"product_cat":[55,2948,2957,19],"product_tag":[],"acf":[],"yoast_head":"<!-- This site is optimized with the Yoast SEO plugin v20.11 - https:\/\/yoast.com\/wordpress\/plugins\/seo\/ -->\n<title>MOLI\u00c8RE EN COSTUMES - Librairie 7L<\/title>\n<meta name=\"robots\" content=\"index, follow, max-snippet:-1, max-image-preview:large, max-video-preview:-1\" \/>\n<link rel=\"canonical\" href=\"https:\/\/librairie7l.com\/en\/produit\/moliere-en-costumes\/\" \/>\n<meta property=\"og:locale\" content=\"en_US\" \/>\n<meta property=\"og:type\" content=\"article\" \/>\n<meta property=\"og:title\" content=\"MOLI\u00c8RE EN COSTUMES - Librairie 7L\" \/>\n<meta property=\"og:description\" content=\"Ce livre accompagne la grande exposition \u00abMoli\u00e8re en costumes\u00bb organis\u00e9e par le Centre national du costume de sc\u00e8ne qui aura lieu au printemps 2022 \u00e0 Moulins (France) \u00e0 l&#8217;occasion du 400e anniversaire de la naissance du c\u00e9l\u00e8bre auteur, acteur et dramaturge. Plusieurs d\u00e9cennies de cr\u00e9ation th\u00e9\u00e2trale d\u00e9fileront sous les yeux des visiteurs dans une exposition [&hellip;]\" \/>\n<meta property=\"og:url\" content=\"https:\/\/librairie7l.com\/en\/produit\/moliere-en-costumes\/\" \/>\n<meta property=\"og:site_name\" content=\"Librairie 7L\" \/>\n<meta property=\"article:modified_time\" content=\"2026-04-26T17:19:57+00:00\" \/>\n<meta property=\"og:image\" content=\"https:\/\/librairie7l.com\/wp-content\/uploads\/2022\/06\/9791254600030_1_75.jpg\" \/>\n\t<meta property=\"og:image:width\" content=\"400\" \/>\n\t<meta property=\"og:image:height\" content=\"499\" \/>\n\t<meta property=\"og:image:type\" content=\"image\/jpeg\" \/>\n<meta name=\"twitter:card\" content=\"summary_large_image\" \/>\n<meta name=\"twitter:label1\" content=\"Est. reading time\" \/>\n\t<meta name=\"twitter:data1\" content=\"2 minutes\" \/>\n<script type=\"application\/ld+json\" class=\"yoast-schema-graph\">{\"@context\":\"https:\/\/schema.org\",\"@graph\":[{\"@type\":\"WebPage\",\"@id\":\"https:\/\/librairie7l.com\/en\/produit\/moliere-en-costumes\/\",\"url\":\"https:\/\/librairie7l.com\/en\/produit\/moliere-en-costumes\/\",\"name\":\"MOLI\u00c8RE EN COSTUMES - Librairie 7L\",\"isPartOf\":{\"@id\":\"https:\/\/librairie7l.com\/en\/#website\"},\"datePublished\":\"2023-05-09T15:37:08+00:00\",\"dateModified\":\"2026-04-26T17:19:57+00:00\",\"breadcrumb\":{\"@id\":\"https:\/\/librairie7l.com\/en\/produit\/moliere-en-costumes\/#breadcrumb\"},\"inLanguage\":\"en-US\",\"potentialAction\":[{\"@type\":\"ReadAction\",\"target\":[\"https:\/\/librairie7l.com\/en\/produit\/moliere-en-costumes\/\"]}]},{\"@type\":\"BreadcrumbList\",\"@id\":\"https:\/\/librairie7l.com\/en\/produit\/moliere-en-costumes\/#breadcrumb\",\"itemListElement\":[{\"@type\":\"ListItem\",\"position\":1,\"name\":\"Accueil\",\"item\":\"https:\/\/librairie7l.com\/en\/\"},{\"@type\":\"ListItem\",\"position\":2,\"name\":\"Shop\",\"item\":\"https:\/\/librairie7l.com\/en\/shop\/\"},{\"@type\":\"ListItem\",\"position\":3,\"name\":\"MOLI\u00c8RE EN COSTUMES\"}]},{\"@type\":\"WebSite\",\"@id\":\"https:\/\/librairie7l.com\/en\/#website\",\"url\":\"https:\/\/librairie7l.com\/en\/\",\"name\":\"Librairie 7L\",\"description\":\"Librairie fond\u00e9e en 1999 par Karl Lagerfeld \u00e0 Paris\",\"publisher\":{\"@id\":\"https:\/\/librairie7l.com\/en\/#organization\"},\"potentialAction\":[{\"@type\":\"SearchAction\",\"target\":{\"@type\":\"EntryPoint\",\"urlTemplate\":\"https:\/\/librairie7l.com\/en\/?s={search_term_string}\"},\"query-input\":\"required name=search_term_string\"}],\"inLanguage\":\"en-US\"},{\"@type\":\"Organization\",\"@id\":\"https:\/\/librairie7l.com\/en\/#organization\",\"name\":\"Librairie 7L\",\"url\":\"https:\/\/librairie7l.com\/en\/\",\"logo\":{\"@type\":\"ImageObject\",\"inLanguage\":\"en-US\",\"@id\":\"https:\/\/librairie7l.com\/en\/#\/schema\/logo\/image\/\",\"url\":\"https:\/\/librairie7l.com\/wp-content\/uploads\/2022\/08\/logo-1.png\",\"contentUrl\":\"https:\/\/librairie7l.com\/wp-content\/uploads\/2022\/08\/logo-1.png\",\"width\":227,\"height\":301,\"caption\":\"Librairie 7L\"},\"image\":{\"@id\":\"https:\/\/librairie7l.com\/en\/#\/schema\/logo\/image\/\"}}]}<\/script>\n<!-- \/ Yoast SEO plugin. -->","yoast_head_json":{"title":"MOLI\u00c8RE EN COSTUMES - Librairie 7L","robots":{"index":"index","follow":"follow","max-snippet":"max-snippet:-1","max-image-preview":"max-image-preview:large","max-video-preview":"max-video-preview:-1"},"canonical":"https:\/\/librairie7l.com\/en\/produit\/moliere-en-costumes\/","og_locale":"en_US","og_type":"article","og_title":"MOLI\u00c8RE EN COSTUMES - Librairie 7L","og_description":"Ce livre accompagne la grande exposition \u00abMoli\u00e8re en costumes\u00bb organis\u00e9e par le Centre national du costume de sc\u00e8ne qui aura lieu au printemps 2022 \u00e0 Moulins (France) \u00e0 l&#8217;occasion du 400e anniversaire de la naissance du c\u00e9l\u00e8bre auteur, acteur et dramaturge. Plusieurs d\u00e9cennies de cr\u00e9ation th\u00e9\u00e2trale d\u00e9fileront sous les yeux des visiteurs dans une exposition [&hellip;]","og_url":"https:\/\/librairie7l.com\/en\/produit\/moliere-en-costumes\/","og_site_name":"Librairie 7L","article_modified_time":"2026-04-26T17:19:57+00:00","og_image":[{"width":400,"height":499,"url":"https:\/\/librairie7l.com\/wp-content\/uploads\/2022\/06\/9791254600030_1_75.jpg","type":"image\/jpeg"}],"twitter_card":"summary_large_image","twitter_misc":{"Est. reading time":"2 minutes"},"schema":{"@context":"https:\/\/schema.org","@graph":[{"@type":"WebPage","@id":"https:\/\/librairie7l.com\/en\/produit\/moliere-en-costumes\/","url":"https:\/\/librairie7l.com\/en\/produit\/moliere-en-costumes\/","name":"MOLI\u00c8RE EN COSTUMES - Librairie 7L","isPartOf":{"@id":"https:\/\/librairie7l.com\/en\/#website"},"datePublished":"2023-05-09T15:37:08+00:00","dateModified":"2026-04-26T17:19:57+00:00","breadcrumb":{"@id":"https:\/\/librairie7l.com\/en\/produit\/moliere-en-costumes\/#breadcrumb"},"inLanguage":"en-US","potentialAction":[{"@type":"ReadAction","target":["https:\/\/librairie7l.com\/en\/produit\/moliere-en-costumes\/"]}]},{"@type":"BreadcrumbList","@id":"https:\/\/librairie7l.com\/en\/produit\/moliere-en-costumes\/#breadcrumb","itemListElement":[{"@type":"ListItem","position":1,"name":"Accueil","item":"https:\/\/librairie7l.com\/en\/"},{"@type":"ListItem","position":2,"name":"Shop","item":"https:\/\/librairie7l.com\/en\/shop\/"},{"@type":"ListItem","position":3,"name":"MOLI\u00c8RE EN COSTUMES"}]},{"@type":"WebSite","@id":"https:\/\/librairie7l.com\/en\/#website","url":"https:\/\/librairie7l.com\/en\/","name":"Librairie 7L","description":"Librairie fond\u00e9e en 1999 par Karl Lagerfeld \u00e0 Paris","publisher":{"@id":"https:\/\/librairie7l.com\/en\/#organization"},"potentialAction":[{"@type":"SearchAction","target":{"@type":"EntryPoint","urlTemplate":"https:\/\/librairie7l.com\/en\/?s={search_term_string}"},"query-input":"required name=search_term_string"}],"inLanguage":"en-US"},{"@type":"Organization","@id":"https:\/\/librairie7l.com\/en\/#organization","name":"Librairie 7L","url":"https:\/\/librairie7l.com\/en\/","logo":{"@type":"ImageObject","inLanguage":"en-US","@id":"https:\/\/librairie7l.com\/en\/#\/schema\/logo\/image\/","url":"https:\/\/librairie7l.com\/wp-content\/uploads\/2022\/08\/logo-1.png","contentUrl":"https:\/\/librairie7l.com\/wp-content\/uploads\/2022\/08\/logo-1.png","width":227,"height":301,"caption":"Librairie 7L"},"image":{"@id":"https:\/\/librairie7l.com\/en\/#\/schema\/logo\/image\/"}}]}},"_links":{"self":[{"href":"https:\/\/librairie7l.com\/en\/wp-json\/wp\/v2\/product\/17875"}],"collection":[{"href":"https:\/\/librairie7l.com\/en\/wp-json\/wp\/v2\/product"}],"about":[{"href":"https:\/\/librairie7l.com\/en\/wp-json\/wp\/v2\/types\/product"}],"wp:featuredmedia":[{"embeddable":true,"href":"https:\/\/librairie7l.com\/en\/wp-json\/wp\/v2\/media\/17873"}],"wp:attachment":[{"href":"https:\/\/librairie7l.com\/en\/wp-json\/wp\/v2\/media?parent=17875"}],"wp:term":[{"taxonomy":"product_cat","embeddable":true,"href":"https:\/\/librairie7l.com\/en\/wp-json\/wp\/v2\/product_cat?post=17875"},{"taxonomy":"product_tag","embeddable":true,"href":"https:\/\/librairie7l.com\/en\/wp-json\/wp\/v2\/product_tag?post=17875"}],"curies":[{"name":"wp","href":"https:\/\/api.w.org\/{rel}","templated":true}]}}