{"id":17947,"date":"2023-05-09T17:38:07","date_gmt":"2023-05-09T15:38:07","guid":{"rendered":"https:\/\/librairie7l.com\/?post_type=product&#038;p=17947"},"modified":"2026-04-19T18:03:10","modified_gmt":"2026-04-19T16:03:10","slug":"du-tissage-2","status":"publish","type":"product","link":"https:\/\/librairie7l.com\/en\/produit\/du-tissage-2\/","title":{"rendered":"DU TISSAGE"},"content":{"rendered":"<p>Initialement paru en 1965, Du tissage retrace le passage de l&#8217;artisanat \u00e0 la production industrielle, soulignant toute l&#8217;importance de la mat\u00e9rialit\u00e9 et les innovations cr\u00e9atives apparues \u00e0 chaque fois que des questions de design ont \u00e9t\u00e9 r\u00e9solues \u00e0 la main.<br \/>\nEn pla\u00e7ant les mat\u00e9riaux et le m\u00e9tier \u00e0 bras au coeur de sa r\u00e9flexion, Anni Albers rend compte des limites impos\u00e9es \u00e0 la cr\u00e9ativit\u00e9 et au savoirfaire par la technologie et la production de masse, plaidant pour un retour \u00e0 l&#8217;ing\u00e9niosit\u00e9 humaine aujourd&#8217;hui devenu essentiel. Sa prose limpide, captivante, s&#8217;accompagne d&#8217;une foule d&#8217;illustrations dont la grande richesse met en lumi\u00e8re l&#8217;histoire du m\u00e9dium : sch\u00e9mas \u00e0 la main, d\u00e9tails de textiles pr\u00e9colombiens, \u00e9tudes r\u00e9alis\u00e9es \u00e0 partir de grains de ma\u00efs, de papier ou \u00e0 la machine \u00e0 \u00e9crire accompagnent de pr\u00e9cieuses reproductions de ses propres oeuvres.<br \/>\nCette \u00e9dition augment\u00e9e, qui place Du tissage \u00e0 la port\u00e9e d&#8217;une nouvelle g\u00e9n\u00e9ration de lecteurs, substitue aux illustrations en noir et blanc de l&#8217;\u00e9dition originale des photographies en couleur. S&#8217;y ajoutent une postface de Nicholas Max Weber et deux essais de T&#8217;ai Smith et Ida Soulard qui apportent un \u00e9clairage in\u00e9dit sur l&#8217;artiste et sa carri\u00e8re.<\/p>\n","protected":false},"excerpt":{"rendered":"<p>Initialement paru en 1965, Du tissage retrace le passage de l&#8217;artisanat \u00e0 la production industrielle, soulignant toute l&#8217;importance de la mat\u00e9rialit\u00e9 et les innovations cr\u00e9atives apparues \u00e0 chaque fois que des questions de design ont \u00e9t\u00e9 r\u00e9solues \u00e0 la main. En pla\u00e7ant les mat\u00e9riaux et le m\u00e9tier \u00e0 bras au coeur de sa r\u00e9flexion, Anni [&hellip;]<\/p>\n","protected":false},"featured_media":17945,"template":"","meta":[],"product_cat":[55,2948,47,2953],"product_tag":[],"acf":[],"yoast_head":"<!-- This site is optimized with the Yoast SEO plugin v20.11 - https:\/\/yoast.com\/wordpress\/plugins\/seo\/ -->\n<title>DU TISSAGE - Librairie 7L<\/title>\n<meta name=\"robots\" content=\"index, follow, max-snippet:-1, max-image-preview:large, max-video-preview:-1\" \/>\n<link rel=\"canonical\" href=\"https:\/\/librairie7l.com\/en\/produit\/du-tissage-2\/\" \/>\n<meta property=\"og:locale\" content=\"en_US\" \/>\n<meta property=\"og:type\" content=\"article\" \/>\n<meta property=\"og:title\" content=\"DU TISSAGE - Librairie 7L\" \/>\n<meta property=\"og:description\" content=\"Initialement paru en 1965, Du tissage retrace le passage de l&#8217;artisanat \u00e0 la production industrielle, soulignant toute l&#8217;importance de la mat\u00e9rialit\u00e9 et les innovations cr\u00e9atives apparues \u00e0 chaque fois que des questions de design ont \u00e9t\u00e9 r\u00e9solues \u00e0 la main. En pla\u00e7ant les mat\u00e9riaux et le m\u00e9tier \u00e0 bras au coeur de sa r\u00e9flexion, Anni [&hellip;]\" \/>\n<meta property=\"og:url\" content=\"https:\/\/librairie7l.com\/en\/produit\/du-tissage-2\/\" \/>\n<meta property=\"og:site_name\" content=\"Librairie 7L\" \/>\n<meta property=\"article:modified_time\" content=\"2026-04-19T16:03:10+00:00\" \/>\n<meta property=\"og:image\" content=\"https:\/\/librairie7l.com\/wp-content\/uploads\/2021\/09\/9782378961008_1_75.jpg\" \/>\n\t<meta property=\"og:image:width\" content=\"600\" \/>\n\t<meta property=\"og:image:height\" content=\"850\" \/>\n\t<meta property=\"og:image:type\" content=\"image\/jpeg\" \/>\n<meta name=\"twitter:card\" content=\"summary_large_image\" \/>\n<meta name=\"twitter:label1\" content=\"Est. reading time\" \/>\n\t<meta name=\"twitter:data1\" content=\"1 minute\" \/>\n<script type=\"application\/ld+json\" class=\"yoast-schema-graph\">{\"@context\":\"https:\/\/schema.org\",\"@graph\":[{\"@type\":\"WebPage\",\"@id\":\"https:\/\/librairie7l.com\/en\/produit\/du-tissage-2\/\",\"url\":\"https:\/\/librairie7l.com\/en\/produit\/du-tissage-2\/\",\"name\":\"DU TISSAGE - Librairie 7L\",\"isPartOf\":{\"@id\":\"https:\/\/librairie7l.com\/en\/#website\"},\"datePublished\":\"2023-05-09T15:38:07+00:00\",\"dateModified\":\"2026-04-19T16:03:10+00:00\",\"breadcrumb\":{\"@id\":\"https:\/\/librairie7l.com\/en\/produit\/du-tissage-2\/#breadcrumb\"},\"inLanguage\":\"en-US\",\"potentialAction\":[{\"@type\":\"ReadAction\",\"target\":[\"https:\/\/librairie7l.com\/en\/produit\/du-tissage-2\/\"]}]},{\"@type\":\"BreadcrumbList\",\"@id\":\"https:\/\/librairie7l.com\/en\/produit\/du-tissage-2\/#breadcrumb\",\"itemListElement\":[{\"@type\":\"ListItem\",\"position\":1,\"name\":\"Accueil\",\"item\":\"https:\/\/librairie7l.com\/en\/\"},{\"@type\":\"ListItem\",\"position\":2,\"name\":\"Shop\",\"item\":\"https:\/\/librairie7l.com\/en\/shop\/\"},{\"@type\":\"ListItem\",\"position\":3,\"name\":\"DU TISSAGE\"}]},{\"@type\":\"WebSite\",\"@id\":\"https:\/\/librairie7l.com\/en\/#website\",\"url\":\"https:\/\/librairie7l.com\/en\/\",\"name\":\"Librairie 7L\",\"description\":\"Librairie fond\u00e9e en 1999 par Karl Lagerfeld \u00e0 Paris\",\"publisher\":{\"@id\":\"https:\/\/librairie7l.com\/en\/#organization\"},\"potentialAction\":[{\"@type\":\"SearchAction\",\"target\":{\"@type\":\"EntryPoint\",\"urlTemplate\":\"https:\/\/librairie7l.com\/en\/?s={search_term_string}\"},\"query-input\":\"required name=search_term_string\"}],\"inLanguage\":\"en-US\"},{\"@type\":\"Organization\",\"@id\":\"https:\/\/librairie7l.com\/en\/#organization\",\"name\":\"Librairie 7L\",\"url\":\"https:\/\/librairie7l.com\/en\/\",\"logo\":{\"@type\":\"ImageObject\",\"inLanguage\":\"en-US\",\"@id\":\"https:\/\/librairie7l.com\/en\/#\/schema\/logo\/image\/\",\"url\":\"https:\/\/librairie7l.com\/wp-content\/uploads\/2022\/08\/logo-1.png\",\"contentUrl\":\"https:\/\/librairie7l.com\/wp-content\/uploads\/2022\/08\/logo-1.png\",\"width\":227,\"height\":301,\"caption\":\"Librairie 7L\"},\"image\":{\"@id\":\"https:\/\/librairie7l.com\/en\/#\/schema\/logo\/image\/\"}}]}<\/script>\n<!-- \/ Yoast SEO plugin. -->","yoast_head_json":{"title":"DU TISSAGE - Librairie 7L","robots":{"index":"index","follow":"follow","max-snippet":"max-snippet:-1","max-image-preview":"max-image-preview:large","max-video-preview":"max-video-preview:-1"},"canonical":"https:\/\/librairie7l.com\/en\/produit\/du-tissage-2\/","og_locale":"en_US","og_type":"article","og_title":"DU TISSAGE - Librairie 7L","og_description":"Initialement paru en 1965, Du tissage retrace le passage de l&#8217;artisanat \u00e0 la production industrielle, soulignant toute l&#8217;importance de la mat\u00e9rialit\u00e9 et les innovations cr\u00e9atives apparues \u00e0 chaque fois que des questions de design ont \u00e9t\u00e9 r\u00e9solues \u00e0 la main. En pla\u00e7ant les mat\u00e9riaux et le m\u00e9tier \u00e0 bras au coeur de sa r\u00e9flexion, Anni [&hellip;]","og_url":"https:\/\/librairie7l.com\/en\/produit\/du-tissage-2\/","og_site_name":"Librairie 7L","article_modified_time":"2026-04-19T16:03:10+00:00","og_image":[{"width":600,"height":850,"url":"https:\/\/librairie7l.com\/wp-content\/uploads\/2021\/09\/9782378961008_1_75.jpg","type":"image\/jpeg"}],"twitter_card":"summary_large_image","twitter_misc":{"Est. reading time":"1 minute"},"schema":{"@context":"https:\/\/schema.org","@graph":[{"@type":"WebPage","@id":"https:\/\/librairie7l.com\/en\/produit\/du-tissage-2\/","url":"https:\/\/librairie7l.com\/en\/produit\/du-tissage-2\/","name":"DU TISSAGE - Librairie 7L","isPartOf":{"@id":"https:\/\/librairie7l.com\/en\/#website"},"datePublished":"2023-05-09T15:38:07+00:00","dateModified":"2026-04-19T16:03:10+00:00","breadcrumb":{"@id":"https:\/\/librairie7l.com\/en\/produit\/du-tissage-2\/#breadcrumb"},"inLanguage":"en-US","potentialAction":[{"@type":"ReadAction","target":["https:\/\/librairie7l.com\/en\/produit\/du-tissage-2\/"]}]},{"@type":"BreadcrumbList","@id":"https:\/\/librairie7l.com\/en\/produit\/du-tissage-2\/#breadcrumb","itemListElement":[{"@type":"ListItem","position":1,"name":"Accueil","item":"https:\/\/librairie7l.com\/en\/"},{"@type":"ListItem","position":2,"name":"Shop","item":"https:\/\/librairie7l.com\/en\/shop\/"},{"@type":"ListItem","position":3,"name":"DU TISSAGE"}]},{"@type":"WebSite","@id":"https:\/\/librairie7l.com\/en\/#website","url":"https:\/\/librairie7l.com\/en\/","name":"Librairie 7L","description":"Librairie fond\u00e9e en 1999 par Karl Lagerfeld \u00e0 Paris","publisher":{"@id":"https:\/\/librairie7l.com\/en\/#organization"},"potentialAction":[{"@type":"SearchAction","target":{"@type":"EntryPoint","urlTemplate":"https:\/\/librairie7l.com\/en\/?s={search_term_string}"},"query-input":"required name=search_term_string"}],"inLanguage":"en-US"},{"@type":"Organization","@id":"https:\/\/librairie7l.com\/en\/#organization","name":"Librairie 7L","url":"https:\/\/librairie7l.com\/en\/","logo":{"@type":"ImageObject","inLanguage":"en-US","@id":"https:\/\/librairie7l.com\/en\/#\/schema\/logo\/image\/","url":"https:\/\/librairie7l.com\/wp-content\/uploads\/2022\/08\/logo-1.png","contentUrl":"https:\/\/librairie7l.com\/wp-content\/uploads\/2022\/08\/logo-1.png","width":227,"height":301,"caption":"Librairie 7L"},"image":{"@id":"https:\/\/librairie7l.com\/en\/#\/schema\/logo\/image\/"}}]}},"_links":{"self":[{"href":"https:\/\/librairie7l.com\/en\/wp-json\/wp\/v2\/product\/17947"}],"collection":[{"href":"https:\/\/librairie7l.com\/en\/wp-json\/wp\/v2\/product"}],"about":[{"href":"https:\/\/librairie7l.com\/en\/wp-json\/wp\/v2\/types\/product"}],"wp:featuredmedia":[{"embeddable":true,"href":"https:\/\/librairie7l.com\/en\/wp-json\/wp\/v2\/media\/17945"}],"wp:attachment":[{"href":"https:\/\/librairie7l.com\/en\/wp-json\/wp\/v2\/media?parent=17947"}],"wp:term":[{"taxonomy":"product_cat","embeddable":true,"href":"https:\/\/librairie7l.com\/en\/wp-json\/wp\/v2\/product_cat?post=17947"},{"taxonomy":"product_tag","embeddable":true,"href":"https:\/\/librairie7l.com\/en\/wp-json\/wp\/v2\/product_tag?post=17947"}],"curies":[{"name":"wp","href":"https:\/\/api.w.org\/{rel}","templated":true}]}}