{"id":17951,"date":"2023-05-09T17:38:11","date_gmt":"2023-05-09T15:38:11","guid":{"rendered":"https:\/\/librairie7l.com\/?post_type=product&#038;p=17951"},"modified":"2026-04-15T23:51:13","modified_gmt":"2026-04-15T21:51:13","slug":"misia-la-vie-de-misia-sert","status":"publish","type":"product","link":"https:\/\/librairie7l.com\/en\/produit\/misia-la-vie-de-misia-sert\/","title":{"rendered":"MISIA ; LA VIE DE MISIA SERT"},"content":{"rendered":"<p>D&#8217;origine polonaise, pianiste \u00e9l\u00e8ve de Faur\u00e9, \u00e9pouse successivement de Thad\u00e9e Natanson, le fondateur de La Revue blanche, du magnat de la presse Edwards, du peintre Sert, amie de Diaghilev, peinte par Renoir, Vuillard, Toulouse-Lautrec, Bonnard, Vallotton, inspiratrice de Proust et de Cocteau, amie et rivale de Coco Chanel : telle est Misia, l&#8217;unique, qui revit ici dans un r\u00e9cit \u00e9blouissant.<\/p>\n","protected":false},"excerpt":{"rendered":"<p>D&#8217;origine polonaise, pianiste \u00e9l\u00e8ve de Faur\u00e9, \u00e9pouse successivement de Thad\u00e9e Natanson, le fondateur de La Revue blanche, du magnat de la presse Edwards, du peintre Sert, amie de Diaghilev, peinte par Renoir, Vuillard, Toulouse-Lautrec, Bonnard, Vallotton, inspiratrice de Proust et de Cocteau, amie et rivale de Coco Chanel : telle est Misia, l&#8217;unique, qui revit [&hellip;]<\/p>\n","protected":false},"featured_media":17949,"template":"","meta":[],"product_cat":[55,2948,47,2953],"product_tag":[],"acf":[],"yoast_head":"<!-- This site is optimized with the Yoast SEO plugin v20.11 - https:\/\/yoast.com\/wordpress\/plugins\/seo\/ -->\n<title>MISIA ; LA VIE DE MISIA SERT - Librairie 7L<\/title>\n<meta name=\"robots\" content=\"index, follow, max-snippet:-1, max-image-preview:large, max-video-preview:-1\" \/>\n<link rel=\"canonical\" href=\"https:\/\/librairie7l.com\/en\/produit\/misia-la-vie-de-misia-sert\/\" \/>\n<meta property=\"og:locale\" content=\"en_US\" \/>\n<meta property=\"og:type\" content=\"article\" \/>\n<meta property=\"og:title\" content=\"MISIA ; LA VIE DE MISIA SERT - Librairie 7L\" \/>\n<meta property=\"og:description\" content=\"D&#8217;origine polonaise, pianiste \u00e9l\u00e8ve de Faur\u00e9, \u00e9pouse successivement de Thad\u00e9e Natanson, le fondateur de La Revue blanche, du magnat de la presse Edwards, du peintre Sert, amie de Diaghilev, peinte par Renoir, Vuillard, Toulouse-Lautrec, Bonnard, Vallotton, inspiratrice de Proust et de Cocteau, amie et rivale de Coco Chanel : telle est Misia, l&#8217;unique, qui revit [&hellip;]\" \/>\n<meta property=\"og:url\" content=\"https:\/\/librairie7l.com\/en\/produit\/misia-la-vie-de-misia-sert\/\" \/>\n<meta property=\"og:site_name\" content=\"Librairie 7L\" \/>\n<meta property=\"article:modified_time\" content=\"2026-04-15T21:51:13+00:00\" \/>\n<meta property=\"og:image\" content=\"https:\/\/librairie7l.com\/wp-content\/uploads\/1984\/01\/9782070375226_1_75.jpg\" \/>\n\t<meta property=\"og:image:width\" content=\"600\" \/>\n\t<meta property=\"og:image:height\" content=\"988\" \/>\n\t<meta property=\"og:image:type\" content=\"image\/jpeg\" \/>\n<meta name=\"twitter:card\" content=\"summary_large_image\" \/>\n<script type=\"application\/ld+json\" class=\"yoast-schema-graph\">{\"@context\":\"https:\/\/schema.org\",\"@graph\":[{\"@type\":\"WebPage\",\"@id\":\"https:\/\/librairie7l.com\/en\/produit\/misia-la-vie-de-misia-sert\/\",\"url\":\"https:\/\/librairie7l.com\/en\/produit\/misia-la-vie-de-misia-sert\/\",\"name\":\"MISIA ; LA VIE DE MISIA SERT - Librairie 7L\",\"isPartOf\":{\"@id\":\"https:\/\/librairie7l.com\/en\/#website\"},\"datePublished\":\"2023-05-09T15:38:11+00:00\",\"dateModified\":\"2026-04-15T21:51:13+00:00\",\"breadcrumb\":{\"@id\":\"https:\/\/librairie7l.com\/en\/produit\/misia-la-vie-de-misia-sert\/#breadcrumb\"},\"inLanguage\":\"en-US\",\"potentialAction\":[{\"@type\":\"ReadAction\",\"target\":[\"https:\/\/librairie7l.com\/en\/produit\/misia-la-vie-de-misia-sert\/\"]}]},{\"@type\":\"BreadcrumbList\",\"@id\":\"https:\/\/librairie7l.com\/en\/produit\/misia-la-vie-de-misia-sert\/#breadcrumb\",\"itemListElement\":[{\"@type\":\"ListItem\",\"position\":1,\"name\":\"Accueil\",\"item\":\"https:\/\/librairie7l.com\/en\/\"},{\"@type\":\"ListItem\",\"position\":2,\"name\":\"Shop\",\"item\":\"https:\/\/librairie7l.com\/en\/shop\/\"},{\"@type\":\"ListItem\",\"position\":3,\"name\":\"MISIA ; LA VIE DE MISIA SERT\"}]},{\"@type\":\"WebSite\",\"@id\":\"https:\/\/librairie7l.com\/en\/#website\",\"url\":\"https:\/\/librairie7l.com\/en\/\",\"name\":\"Librairie 7L\",\"description\":\"Librairie fond\u00e9e en 1999 par Karl Lagerfeld \u00e0 Paris\",\"publisher\":{\"@id\":\"https:\/\/librairie7l.com\/en\/#organization\"},\"potentialAction\":[{\"@type\":\"SearchAction\",\"target\":{\"@type\":\"EntryPoint\",\"urlTemplate\":\"https:\/\/librairie7l.com\/en\/?s={search_term_string}\"},\"query-input\":\"required name=search_term_string\"}],\"inLanguage\":\"en-US\"},{\"@type\":\"Organization\",\"@id\":\"https:\/\/librairie7l.com\/en\/#organization\",\"name\":\"Librairie 7L\",\"url\":\"https:\/\/librairie7l.com\/en\/\",\"logo\":{\"@type\":\"ImageObject\",\"inLanguage\":\"en-US\",\"@id\":\"https:\/\/librairie7l.com\/en\/#\/schema\/logo\/image\/\",\"url\":\"https:\/\/librairie7l.com\/wp-content\/uploads\/2022\/08\/logo-1.png\",\"contentUrl\":\"https:\/\/librairie7l.com\/wp-content\/uploads\/2022\/08\/logo-1.png\",\"width\":227,\"height\":301,\"caption\":\"Librairie 7L\"},\"image\":{\"@id\":\"https:\/\/librairie7l.com\/en\/#\/schema\/logo\/image\/\"}}]}<\/script>\n<!-- \/ Yoast SEO plugin. -->","yoast_head_json":{"title":"MISIA ; LA VIE DE MISIA SERT - Librairie 7L","robots":{"index":"index","follow":"follow","max-snippet":"max-snippet:-1","max-image-preview":"max-image-preview:large","max-video-preview":"max-video-preview:-1"},"canonical":"https:\/\/librairie7l.com\/en\/produit\/misia-la-vie-de-misia-sert\/","og_locale":"en_US","og_type":"article","og_title":"MISIA ; LA VIE DE MISIA SERT - Librairie 7L","og_description":"D&#8217;origine polonaise, pianiste \u00e9l\u00e8ve de Faur\u00e9, \u00e9pouse successivement de Thad\u00e9e Natanson, le fondateur de La Revue blanche, du magnat de la presse Edwards, du peintre Sert, amie de Diaghilev, peinte par Renoir, Vuillard, Toulouse-Lautrec, Bonnard, Vallotton, inspiratrice de Proust et de Cocteau, amie et rivale de Coco Chanel : telle est Misia, l&#8217;unique, qui revit [&hellip;]","og_url":"https:\/\/librairie7l.com\/en\/produit\/misia-la-vie-de-misia-sert\/","og_site_name":"Librairie 7L","article_modified_time":"2026-04-15T21:51:13+00:00","og_image":[{"width":600,"height":988,"url":"https:\/\/librairie7l.com\/wp-content\/uploads\/1984\/01\/9782070375226_1_75.jpg","type":"image\/jpeg"}],"twitter_card":"summary_large_image","schema":{"@context":"https:\/\/schema.org","@graph":[{"@type":"WebPage","@id":"https:\/\/librairie7l.com\/en\/produit\/misia-la-vie-de-misia-sert\/","url":"https:\/\/librairie7l.com\/en\/produit\/misia-la-vie-de-misia-sert\/","name":"MISIA ; LA VIE DE MISIA SERT - Librairie 7L","isPartOf":{"@id":"https:\/\/librairie7l.com\/en\/#website"},"datePublished":"2023-05-09T15:38:11+00:00","dateModified":"2026-04-15T21:51:13+00:00","breadcrumb":{"@id":"https:\/\/librairie7l.com\/en\/produit\/misia-la-vie-de-misia-sert\/#breadcrumb"},"inLanguage":"en-US","potentialAction":[{"@type":"ReadAction","target":["https:\/\/librairie7l.com\/en\/produit\/misia-la-vie-de-misia-sert\/"]}]},{"@type":"BreadcrumbList","@id":"https:\/\/librairie7l.com\/en\/produit\/misia-la-vie-de-misia-sert\/#breadcrumb","itemListElement":[{"@type":"ListItem","position":1,"name":"Accueil","item":"https:\/\/librairie7l.com\/en\/"},{"@type":"ListItem","position":2,"name":"Shop","item":"https:\/\/librairie7l.com\/en\/shop\/"},{"@type":"ListItem","position":3,"name":"MISIA ; LA VIE DE MISIA SERT"}]},{"@type":"WebSite","@id":"https:\/\/librairie7l.com\/en\/#website","url":"https:\/\/librairie7l.com\/en\/","name":"Librairie 7L","description":"Librairie fond\u00e9e en 1999 par Karl Lagerfeld \u00e0 Paris","publisher":{"@id":"https:\/\/librairie7l.com\/en\/#organization"},"potentialAction":[{"@type":"SearchAction","target":{"@type":"EntryPoint","urlTemplate":"https:\/\/librairie7l.com\/en\/?s={search_term_string}"},"query-input":"required name=search_term_string"}],"inLanguage":"en-US"},{"@type":"Organization","@id":"https:\/\/librairie7l.com\/en\/#organization","name":"Librairie 7L","url":"https:\/\/librairie7l.com\/en\/","logo":{"@type":"ImageObject","inLanguage":"en-US","@id":"https:\/\/librairie7l.com\/en\/#\/schema\/logo\/image\/","url":"https:\/\/librairie7l.com\/wp-content\/uploads\/2022\/08\/logo-1.png","contentUrl":"https:\/\/librairie7l.com\/wp-content\/uploads\/2022\/08\/logo-1.png","width":227,"height":301,"caption":"Librairie 7L"},"image":{"@id":"https:\/\/librairie7l.com\/en\/#\/schema\/logo\/image\/"}}]}},"_links":{"self":[{"href":"https:\/\/librairie7l.com\/en\/wp-json\/wp\/v2\/product\/17951"}],"collection":[{"href":"https:\/\/librairie7l.com\/en\/wp-json\/wp\/v2\/product"}],"about":[{"href":"https:\/\/librairie7l.com\/en\/wp-json\/wp\/v2\/types\/product"}],"wp:featuredmedia":[{"embeddable":true,"href":"https:\/\/librairie7l.com\/en\/wp-json\/wp\/v2\/media\/17949"}],"wp:attachment":[{"href":"https:\/\/librairie7l.com\/en\/wp-json\/wp\/v2\/media?parent=17951"}],"wp:term":[{"taxonomy":"product_cat","embeddable":true,"href":"https:\/\/librairie7l.com\/en\/wp-json\/wp\/v2\/product_cat?post=17951"},{"taxonomy":"product_tag","embeddable":true,"href":"https:\/\/librairie7l.com\/en\/wp-json\/wp\/v2\/product_tag?post=17951"}],"curies":[{"name":"wp","href":"https:\/\/api.w.org\/{rel}","templated":true}]}}