{"id":18015,"date":"2023-05-09T17:39:02","date_gmt":"2023-05-09T15:39:02","guid":{"rendered":"https:\/\/librairie7l.com\/?post_type=product&#038;p=18015"},"modified":"2026-05-02T17:45:56","modified_gmt":"2026-05-02T15:45:56","slug":"le-temps-des-objets-une-histoire-du-design-industriel-en-france-annees-1950-1","status":"publish","type":"product","link":"https:\/\/librairie7l.com\/en\/produit\/le-temps-des-objets-une-histoire-du-design-industriel-en-france-annees-1950-1\/","title":{"rendered":"LE TEMPS DES OBJETS : UNE HISTOIRE DU DESIGN INDUSTRIEL EN FRANCE (ANN\u00c9ES 1950-1980) (2E \u00c9DITION)"},"content":{"rendered":"<p>Le design : une th\u00e9matique d&#8217;actualit\u00e9, une histoire fran\u00e7aise \u00e0 \u00e9crire \u00c0 travers des portraits des personnalit\u00e9s qui font \u00e9merger es pratiques et la culture du design en France d\u00e8s les ann\u00e9es 50, mais aussi de projets de design embl\u00e9matiques, d&#8217;objets quotidiens phares, ce livre propose de raconter la gen\u00e8se de cette profession qui accompagne une soci\u00e9t\u00e9 qui voit \u00e9merger de nouveaux modes de vie.<br \/>\n Histoire in\u00e9dite et cruciale pour comprendre les enjeux de l&#8217;industrie et du design contemporains, ce livre constitue une pierre angulaire dans la collection des \u00e9ditions de la Cit\u00e9 du design, indispensable aux futurs designers de demain, aux historiographes des pratiques et modes de vie, mais aussi \u00e0 chacun qui s&#8217;int\u00e9resse \u00e0 l&#8217;histoire de nos objets, des grandes marques fran\u00e7aises comme SEB ou Calor. Du Salon des Arts m\u00e9nagers aux grands th\u00e9ories fonctionnalistes, c&#8217;est un corps de m\u00e9tiers qui s&#8217;assemble et se module durant ces fastueuses d\u00e9cennies.<\/p>\n","protected":false},"excerpt":{"rendered":"<p>Le design : une th\u00e9matique d&#8217;actualit\u00e9, une histoire fran\u00e7aise \u00e0 \u00e9crire \u00c0 travers des portraits des personnalit\u00e9s qui font \u00e9merger es pratiques et la culture du design en France d\u00e8s les ann\u00e9es 50, mais aussi de projets de design embl\u00e9matiques, d&#8217;objets quotidiens phares, ce livre propose de raconter la gen\u00e8se de cette profession qui accompagne [&hellip;]<\/p>\n","protected":false},"featured_media":18013,"template":"","meta":[],"product_cat":[55,2948,18,2952],"product_tag":[],"acf":[],"yoast_head":"<!-- This site is optimized with the Yoast SEO plugin v20.11 - https:\/\/yoast.com\/wordpress\/plugins\/seo\/ -->\n<title>LE TEMPS DES OBJETS : UNE HISTOIRE DU DESIGN INDUSTRIEL EN FRANCE (ANN\u00c9ES 1950-1980) (2E \u00c9DITION) - Librairie 7L<\/title>\n<meta name=\"robots\" content=\"index, follow, max-snippet:-1, max-image-preview:large, max-video-preview:-1\" \/>\n<link rel=\"canonical\" href=\"https:\/\/librairie7l.com\/en\/produit\/le-temps-des-objets-une-histoire-du-design-industriel-en-france-annees-1950-1\/\" \/>\n<meta property=\"og:locale\" content=\"en_US\" \/>\n<meta property=\"og:type\" content=\"article\" \/>\n<meta property=\"og:title\" content=\"LE TEMPS DES OBJETS : UNE HISTOIRE DU DESIGN INDUSTRIEL EN FRANCE (ANN\u00c9ES 1950-1980) (2E \u00c9DITION) - Librairie 7L\" \/>\n<meta property=\"og:description\" content=\"Le design : une th\u00e9matique d&#8217;actualit\u00e9, une histoire fran\u00e7aise \u00e0 \u00e9crire \u00c0 travers des portraits des personnalit\u00e9s qui font \u00e9merger es pratiques et la culture du design en France d\u00e8s les ann\u00e9es 50, mais aussi de projets de design embl\u00e9matiques, d&#8217;objets quotidiens phares, ce livre propose de raconter la gen\u00e8se de cette profession qui accompagne [&hellip;]\" \/>\n<meta property=\"og:url\" content=\"https:\/\/librairie7l.com\/en\/produit\/le-temps-des-objets-une-histoire-du-design-industriel-en-france-annees-1950-1\/\" \/>\n<meta property=\"og:site_name\" content=\"Librairie 7L\" \/>\n<meta property=\"article:modified_time\" content=\"2026-05-02T15:45:56+00:00\" \/>\n<meta property=\"og:image\" content=\"https:\/\/librairie7l.com\/wp-content\/uploads\/2022\/04\/9782492621079_1_75.jpg\" \/>\n\t<meta property=\"og:image:width\" content=\"600\" \/>\n\t<meta property=\"og:image:height\" content=\"853\" \/>\n\t<meta property=\"og:image:type\" content=\"image\/jpeg\" \/>\n<meta name=\"twitter:card\" content=\"summary_large_image\" \/>\n<meta name=\"twitter:label1\" content=\"Est. reading time\" \/>\n\t<meta name=\"twitter:data1\" content=\"1 minute\" \/>\n<script type=\"application\/ld+json\" class=\"yoast-schema-graph\">{\"@context\":\"https:\/\/schema.org\",\"@graph\":[{\"@type\":\"WebPage\",\"@id\":\"https:\/\/librairie7l.com\/en\/produit\/le-temps-des-objets-une-histoire-du-design-industriel-en-france-annees-1950-1\/\",\"url\":\"https:\/\/librairie7l.com\/en\/produit\/le-temps-des-objets-une-histoire-du-design-industriel-en-france-annees-1950-1\/\",\"name\":\"LE TEMPS DES OBJETS : UNE HISTOIRE DU DESIGN INDUSTRIEL EN FRANCE (ANN\u00c9ES 1950-1980) (2E \u00c9DITION) - Librairie 7L\",\"isPartOf\":{\"@id\":\"https:\/\/librairie7l.com\/en\/#website\"},\"datePublished\":\"2023-05-09T15:39:02+00:00\",\"dateModified\":\"2026-05-02T15:45:56+00:00\",\"breadcrumb\":{\"@id\":\"https:\/\/librairie7l.com\/en\/produit\/le-temps-des-objets-une-histoire-du-design-industriel-en-france-annees-1950-1\/#breadcrumb\"},\"inLanguage\":\"en-US\",\"potentialAction\":[{\"@type\":\"ReadAction\",\"target\":[\"https:\/\/librairie7l.com\/en\/produit\/le-temps-des-objets-une-histoire-du-design-industriel-en-france-annees-1950-1\/\"]}]},{\"@type\":\"BreadcrumbList\",\"@id\":\"https:\/\/librairie7l.com\/en\/produit\/le-temps-des-objets-une-histoire-du-design-industriel-en-france-annees-1950-1\/#breadcrumb\",\"itemListElement\":[{\"@type\":\"ListItem\",\"position\":1,\"name\":\"Accueil\",\"item\":\"https:\/\/librairie7l.com\/en\/\"},{\"@type\":\"ListItem\",\"position\":2,\"name\":\"Shop\",\"item\":\"https:\/\/librairie7l.com\/en\/shop\/\"},{\"@type\":\"ListItem\",\"position\":3,\"name\":\"LE TEMPS DES OBJETS : UNE HISTOIRE DU DESIGN INDUSTRIEL EN FRANCE (ANN\u00c9ES 1950-1980) (2E \u00c9DITION)\"}]},{\"@type\":\"WebSite\",\"@id\":\"https:\/\/librairie7l.com\/en\/#website\",\"url\":\"https:\/\/librairie7l.com\/en\/\",\"name\":\"Librairie 7L\",\"description\":\"Librairie fond\u00e9e en 1999 par Karl Lagerfeld \u00e0 Paris\",\"publisher\":{\"@id\":\"https:\/\/librairie7l.com\/en\/#organization\"},\"potentialAction\":[{\"@type\":\"SearchAction\",\"target\":{\"@type\":\"EntryPoint\",\"urlTemplate\":\"https:\/\/librairie7l.com\/en\/?s={search_term_string}\"},\"query-input\":\"required name=search_term_string\"}],\"inLanguage\":\"en-US\"},{\"@type\":\"Organization\",\"@id\":\"https:\/\/librairie7l.com\/en\/#organization\",\"name\":\"Librairie 7L\",\"url\":\"https:\/\/librairie7l.com\/en\/\",\"logo\":{\"@type\":\"ImageObject\",\"inLanguage\":\"en-US\",\"@id\":\"https:\/\/librairie7l.com\/en\/#\/schema\/logo\/image\/\",\"url\":\"https:\/\/librairie7l.com\/wp-content\/uploads\/2022\/08\/logo-1.png\",\"contentUrl\":\"https:\/\/librairie7l.com\/wp-content\/uploads\/2022\/08\/logo-1.png\",\"width\":227,\"height\":301,\"caption\":\"Librairie 7L\"},\"image\":{\"@id\":\"https:\/\/librairie7l.com\/en\/#\/schema\/logo\/image\/\"}}]}<\/script>\n<!-- \/ Yoast SEO plugin. -->","yoast_head_json":{"title":"LE TEMPS DES OBJETS : UNE HISTOIRE DU DESIGN INDUSTRIEL EN FRANCE (ANN\u00c9ES 1950-1980) (2E \u00c9DITION) - Librairie 7L","robots":{"index":"index","follow":"follow","max-snippet":"max-snippet:-1","max-image-preview":"max-image-preview:large","max-video-preview":"max-video-preview:-1"},"canonical":"https:\/\/librairie7l.com\/en\/produit\/le-temps-des-objets-une-histoire-du-design-industriel-en-france-annees-1950-1\/","og_locale":"en_US","og_type":"article","og_title":"LE TEMPS DES OBJETS : UNE HISTOIRE DU DESIGN INDUSTRIEL EN FRANCE (ANN\u00c9ES 1950-1980) (2E \u00c9DITION) - Librairie 7L","og_description":"Le design : une th\u00e9matique d&#8217;actualit\u00e9, une histoire fran\u00e7aise \u00e0 \u00e9crire \u00c0 travers des portraits des personnalit\u00e9s qui font \u00e9merger es pratiques et la culture du design en France d\u00e8s les ann\u00e9es 50, mais aussi de projets de design embl\u00e9matiques, d&#8217;objets quotidiens phares, ce livre propose de raconter la gen\u00e8se de cette profession qui accompagne [&hellip;]","og_url":"https:\/\/librairie7l.com\/en\/produit\/le-temps-des-objets-une-histoire-du-design-industriel-en-france-annees-1950-1\/","og_site_name":"Librairie 7L","article_modified_time":"2026-05-02T15:45:56+00:00","og_image":[{"width":600,"height":853,"url":"https:\/\/librairie7l.com\/wp-content\/uploads\/2022\/04\/9782492621079_1_75.jpg","type":"image\/jpeg"}],"twitter_card":"summary_large_image","twitter_misc":{"Est. reading time":"1 minute"},"schema":{"@context":"https:\/\/schema.org","@graph":[{"@type":"WebPage","@id":"https:\/\/librairie7l.com\/en\/produit\/le-temps-des-objets-une-histoire-du-design-industriel-en-france-annees-1950-1\/","url":"https:\/\/librairie7l.com\/en\/produit\/le-temps-des-objets-une-histoire-du-design-industriel-en-france-annees-1950-1\/","name":"LE TEMPS DES OBJETS : UNE HISTOIRE DU DESIGN INDUSTRIEL EN FRANCE (ANN\u00c9ES 1950-1980) (2E \u00c9DITION) - Librairie 7L","isPartOf":{"@id":"https:\/\/librairie7l.com\/en\/#website"},"datePublished":"2023-05-09T15:39:02+00:00","dateModified":"2026-05-02T15:45:56+00:00","breadcrumb":{"@id":"https:\/\/librairie7l.com\/en\/produit\/le-temps-des-objets-une-histoire-du-design-industriel-en-france-annees-1950-1\/#breadcrumb"},"inLanguage":"en-US","potentialAction":[{"@type":"ReadAction","target":["https:\/\/librairie7l.com\/en\/produit\/le-temps-des-objets-une-histoire-du-design-industriel-en-france-annees-1950-1\/"]}]},{"@type":"BreadcrumbList","@id":"https:\/\/librairie7l.com\/en\/produit\/le-temps-des-objets-une-histoire-du-design-industriel-en-france-annees-1950-1\/#breadcrumb","itemListElement":[{"@type":"ListItem","position":1,"name":"Accueil","item":"https:\/\/librairie7l.com\/en\/"},{"@type":"ListItem","position":2,"name":"Shop","item":"https:\/\/librairie7l.com\/en\/shop\/"},{"@type":"ListItem","position":3,"name":"LE TEMPS DES OBJETS : UNE HISTOIRE DU DESIGN INDUSTRIEL EN FRANCE (ANN\u00c9ES 1950-1980) (2E \u00c9DITION)"}]},{"@type":"WebSite","@id":"https:\/\/librairie7l.com\/en\/#website","url":"https:\/\/librairie7l.com\/en\/","name":"Librairie 7L","description":"Librairie fond\u00e9e en 1999 par Karl Lagerfeld \u00e0 Paris","publisher":{"@id":"https:\/\/librairie7l.com\/en\/#organization"},"potentialAction":[{"@type":"SearchAction","target":{"@type":"EntryPoint","urlTemplate":"https:\/\/librairie7l.com\/en\/?s={search_term_string}"},"query-input":"required name=search_term_string"}],"inLanguage":"en-US"},{"@type":"Organization","@id":"https:\/\/librairie7l.com\/en\/#organization","name":"Librairie 7L","url":"https:\/\/librairie7l.com\/en\/","logo":{"@type":"ImageObject","inLanguage":"en-US","@id":"https:\/\/librairie7l.com\/en\/#\/schema\/logo\/image\/","url":"https:\/\/librairie7l.com\/wp-content\/uploads\/2022\/08\/logo-1.png","contentUrl":"https:\/\/librairie7l.com\/wp-content\/uploads\/2022\/08\/logo-1.png","width":227,"height":301,"caption":"Librairie 7L"},"image":{"@id":"https:\/\/librairie7l.com\/en\/#\/schema\/logo\/image\/"}}]}},"_links":{"self":[{"href":"https:\/\/librairie7l.com\/en\/wp-json\/wp\/v2\/product\/18015"}],"collection":[{"href":"https:\/\/librairie7l.com\/en\/wp-json\/wp\/v2\/product"}],"about":[{"href":"https:\/\/librairie7l.com\/en\/wp-json\/wp\/v2\/types\/product"}],"wp:featuredmedia":[{"embeddable":true,"href":"https:\/\/librairie7l.com\/en\/wp-json\/wp\/v2\/media\/18013"}],"wp:attachment":[{"href":"https:\/\/librairie7l.com\/en\/wp-json\/wp\/v2\/media?parent=18015"}],"wp:term":[{"taxonomy":"product_cat","embeddable":true,"href":"https:\/\/librairie7l.com\/en\/wp-json\/wp\/v2\/product_cat?post=18015"},{"taxonomy":"product_tag","embeddable":true,"href":"https:\/\/librairie7l.com\/en\/wp-json\/wp\/v2\/product_tag?post=18015"}],"curies":[{"name":"wp","href":"https:\/\/api.w.org\/{rel}","templated":true}]}}