{"id":18027,"date":"2023-05-09T17:39:11","date_gmt":"2023-05-09T15:39:11","guid":{"rendered":"https:\/\/librairie7l.com\/?post_type=product&#038;p=18027"},"modified":"2026-04-17T02:47:07","modified_gmt":"2026-04-17T00:47:07","slug":"zephir-busine-designer","status":"publish","type":"product","link":"https:\/\/librairie7l.com\/en\/produit\/zephir-busine-designer\/","title":{"rendered":"Z\u00c9PHIR BUSINE, DESIGNER"},"content":{"rendered":"<p>Ce livre accompagne l&#8217;exposition monographique consacr\u00e9e \u00e0 Z\u00e9phir Busine (Gerpinnes  1916 &#8211; Mons 1976) pr\u00e9sentera son travail de designer et d&#8217;artiste d\u00e9corateur. S&#8217;il est  surtout connu pour son oeuvre picturale, qualifi\u00e9e d&#8217;abstraction lyrique, il s&#8217;est cependant  illustr\u00e9 dans bien d&#8217;autres domaines de la cr\u00e9ation. Au lendemain de la Seconde Guerre  mondiale, la reconstruction a en effet fourni durant les \u00ab Trente glorieuses \u00bb un abondant  travail aux artistes et artisans en termes de restauration ou de reconstruction d&#8217;un  patrimoine d\u00e9vast\u00e9 par les bombardements. Avec d&#8217;autres, Z\u00e9phir Busine eut ainsi  l&#8217;occasion d&#8217;\u00e9tendre l&#8217;\u00e9ventail de ses talents. Des ann\u00e9es 1950 aux ann\u00e9es 1970, il est tour  \u00e0 tour illustrateur, c\u00e9ramiste, sculpteur, vitrailliste et d\u00e9corateur. Il a eu \u00e9galement  l&#8217;opportunit\u00e9 de collaborer avec l&#8217;architecte Jacques Dupuis, notamment dans le cadre de  l&#8217;Expo 58 mais aussi pour des ensembles de mobilier et d&#8217;art religieux. En 1957, invit\u00e9 par la  manufacture de verre de Boussu soucieuse de renouveler son image, il con\u00e7oit de  nouvelles gammes de produits d&#8217;une \u00e9tonnante modernit\u00e9 et d&#8217;une grande puret\u00e9 formelle,  dont certains seront distingu\u00e9s du Signe d&#8217;or en 1960 d\u00e9cern\u00e9 par le Design Centre de  Bruxelles. Alors que la collaboration avec Boussu s&#8217;arr\u00eate en 1970, Z\u00e9phir Busine explore  une nouvelle voie, celle du graphisme, qu&#8217;il enseigne \u00e0 l&#8217;Acad\u00e9mie des Beaux-Arts de Mons  jusqu&#8217;\u00e0 son d\u00e9c\u00e8s en 1976. L&#8217;ambition de cette monographie est de d\u00e9voiler un travail  encore peu connu du grand public et son impact dans l&#8217;histoire du design en Belgique.<\/p>\n","protected":false},"excerpt":{"rendered":"<p>Ce livre accompagne l&#8217;exposition monographique consacr\u00e9e \u00e0 Z\u00e9phir Busine (Gerpinnes 1916 &#8211; Mons 1976) pr\u00e9sentera son travail de designer et d&#8217;artiste d\u00e9corateur. S&#8217;il est surtout connu pour son oeuvre picturale, qualifi\u00e9e d&#8217;abstraction lyrique, il s&#8217;est cependant illustr\u00e9 dans bien d&#8217;autres domaines de la cr\u00e9ation. Au lendemain de la Seconde Guerre mondiale, la reconstruction a en [&hellip;]<\/p>\n","protected":false},"featured_media":33737,"template":"","meta":[],"product_cat":[2948,2952],"product_tag":[],"acf":[],"yoast_head":"<!-- This site is optimized with the Yoast SEO plugin v20.11 - https:\/\/yoast.com\/wordpress\/plugins\/seo\/ -->\n<title>Z\u00c9PHIR BUSINE, DESIGNER - Librairie 7L<\/title>\n<meta name=\"robots\" content=\"index, follow, max-snippet:-1, max-image-preview:large, max-video-preview:-1\" \/>\n<link rel=\"canonical\" href=\"https:\/\/librairie7l.com\/en\/produit\/zephir-busine-designer\/\" \/>\n<meta property=\"og:locale\" content=\"en_US\" \/>\n<meta property=\"og:type\" content=\"article\" \/>\n<meta property=\"og:title\" content=\"Z\u00c9PHIR BUSINE, DESIGNER - Librairie 7L\" \/>\n<meta property=\"og:description\" content=\"Ce livre accompagne l&#8217;exposition monographique consacr\u00e9e \u00e0 Z\u00e9phir Busine (Gerpinnes 1916 &#8211; Mons 1976) pr\u00e9sentera son travail de designer et d&#8217;artiste d\u00e9corateur. S&#8217;il est surtout connu pour son oeuvre picturale, qualifi\u00e9e d&#8217;abstraction lyrique, il s&#8217;est cependant illustr\u00e9 dans bien d&#8217;autres domaines de la cr\u00e9ation. Au lendemain de la Seconde Guerre mondiale, la reconstruction a en [&hellip;]\" \/>\n<meta property=\"og:url\" content=\"https:\/\/librairie7l.com\/en\/produit\/zephir-busine-designer\/\" \/>\n<meta property=\"og:site_name\" content=\"Librairie 7L\" \/>\n<meta property=\"article:modified_time\" content=\"2026-04-17T00:47:07+00:00\" \/>\n<meta property=\"og:image\" content=\"https:\/\/librairie7l.com\/wp-content\/uploads\/2023\/01\/9782875720887_1_75.jpg\" \/>\n\t<meta property=\"og:image:width\" content=\"600\" \/>\n\t<meta property=\"og:image:height\" content=\"600\" \/>\n\t<meta property=\"og:image:type\" content=\"image\/jpeg\" \/>\n<meta name=\"twitter:card\" content=\"summary_large_image\" \/>\n<meta name=\"twitter:label1\" content=\"Est. reading time\" \/>\n\t<meta name=\"twitter:data1\" content=\"1 minute\" \/>\n<script type=\"application\/ld+json\" class=\"yoast-schema-graph\">{\"@context\":\"https:\/\/schema.org\",\"@graph\":[{\"@type\":\"WebPage\",\"@id\":\"https:\/\/librairie7l.com\/en\/produit\/zephir-busine-designer\/\",\"url\":\"https:\/\/librairie7l.com\/en\/produit\/zephir-busine-designer\/\",\"name\":\"Z\u00c9PHIR BUSINE, DESIGNER - Librairie 7L\",\"isPartOf\":{\"@id\":\"https:\/\/librairie7l.com\/en\/#website\"},\"datePublished\":\"2023-05-09T15:39:11+00:00\",\"dateModified\":\"2026-04-17T00:47:07+00:00\",\"breadcrumb\":{\"@id\":\"https:\/\/librairie7l.com\/en\/produit\/zephir-busine-designer\/#breadcrumb\"},\"inLanguage\":\"en-US\",\"potentialAction\":[{\"@type\":\"ReadAction\",\"target\":[\"https:\/\/librairie7l.com\/en\/produit\/zephir-busine-designer\/\"]}]},{\"@type\":\"BreadcrumbList\",\"@id\":\"https:\/\/librairie7l.com\/en\/produit\/zephir-busine-designer\/#breadcrumb\",\"itemListElement\":[{\"@type\":\"ListItem\",\"position\":1,\"name\":\"Accueil\",\"item\":\"https:\/\/librairie7l.com\/en\/\"},{\"@type\":\"ListItem\",\"position\":2,\"name\":\"Shop\",\"item\":\"https:\/\/librairie7l.com\/en\/shop\/\"},{\"@type\":\"ListItem\",\"position\":3,\"name\":\"Z\u00c9PHIR BUSINE, DESIGNER\"}]},{\"@type\":\"WebSite\",\"@id\":\"https:\/\/librairie7l.com\/en\/#website\",\"url\":\"https:\/\/librairie7l.com\/en\/\",\"name\":\"Librairie 7L\",\"description\":\"Librairie fond\u00e9e en 1999 par Karl Lagerfeld \u00e0 Paris\",\"publisher\":{\"@id\":\"https:\/\/librairie7l.com\/en\/#organization\"},\"potentialAction\":[{\"@type\":\"SearchAction\",\"target\":{\"@type\":\"EntryPoint\",\"urlTemplate\":\"https:\/\/librairie7l.com\/en\/?s={search_term_string}\"},\"query-input\":\"required name=search_term_string\"}],\"inLanguage\":\"en-US\"},{\"@type\":\"Organization\",\"@id\":\"https:\/\/librairie7l.com\/en\/#organization\",\"name\":\"Librairie 7L\",\"url\":\"https:\/\/librairie7l.com\/en\/\",\"logo\":{\"@type\":\"ImageObject\",\"inLanguage\":\"en-US\",\"@id\":\"https:\/\/librairie7l.com\/en\/#\/schema\/logo\/image\/\",\"url\":\"https:\/\/librairie7l.com\/wp-content\/uploads\/2022\/08\/logo-1.png\",\"contentUrl\":\"https:\/\/librairie7l.com\/wp-content\/uploads\/2022\/08\/logo-1.png\",\"width\":227,\"height\":301,\"caption\":\"Librairie 7L\"},\"image\":{\"@id\":\"https:\/\/librairie7l.com\/en\/#\/schema\/logo\/image\/\"}}]}<\/script>\n<!-- \/ Yoast SEO plugin. -->","yoast_head_json":{"title":"Z\u00c9PHIR BUSINE, DESIGNER - Librairie 7L","robots":{"index":"index","follow":"follow","max-snippet":"max-snippet:-1","max-image-preview":"max-image-preview:large","max-video-preview":"max-video-preview:-1"},"canonical":"https:\/\/librairie7l.com\/en\/produit\/zephir-busine-designer\/","og_locale":"en_US","og_type":"article","og_title":"Z\u00c9PHIR BUSINE, DESIGNER - Librairie 7L","og_description":"Ce livre accompagne l&#8217;exposition monographique consacr\u00e9e \u00e0 Z\u00e9phir Busine (Gerpinnes 1916 &#8211; Mons 1976) pr\u00e9sentera son travail de designer et d&#8217;artiste d\u00e9corateur. S&#8217;il est surtout connu pour son oeuvre picturale, qualifi\u00e9e d&#8217;abstraction lyrique, il s&#8217;est cependant illustr\u00e9 dans bien d&#8217;autres domaines de la cr\u00e9ation. Au lendemain de la Seconde Guerre mondiale, la reconstruction a en [&hellip;]","og_url":"https:\/\/librairie7l.com\/en\/produit\/zephir-busine-designer\/","og_site_name":"Librairie 7L","article_modified_time":"2026-04-17T00:47:07+00:00","og_image":[{"width":600,"height":600,"url":"https:\/\/librairie7l.com\/wp-content\/uploads\/2023\/01\/9782875720887_1_75.jpg","type":"image\/jpeg"}],"twitter_card":"summary_large_image","twitter_misc":{"Est. reading time":"1 minute"},"schema":{"@context":"https:\/\/schema.org","@graph":[{"@type":"WebPage","@id":"https:\/\/librairie7l.com\/en\/produit\/zephir-busine-designer\/","url":"https:\/\/librairie7l.com\/en\/produit\/zephir-busine-designer\/","name":"Z\u00c9PHIR BUSINE, DESIGNER - Librairie 7L","isPartOf":{"@id":"https:\/\/librairie7l.com\/en\/#website"},"datePublished":"2023-05-09T15:39:11+00:00","dateModified":"2026-04-17T00:47:07+00:00","breadcrumb":{"@id":"https:\/\/librairie7l.com\/en\/produit\/zephir-busine-designer\/#breadcrumb"},"inLanguage":"en-US","potentialAction":[{"@type":"ReadAction","target":["https:\/\/librairie7l.com\/en\/produit\/zephir-busine-designer\/"]}]},{"@type":"BreadcrumbList","@id":"https:\/\/librairie7l.com\/en\/produit\/zephir-busine-designer\/#breadcrumb","itemListElement":[{"@type":"ListItem","position":1,"name":"Accueil","item":"https:\/\/librairie7l.com\/en\/"},{"@type":"ListItem","position":2,"name":"Shop","item":"https:\/\/librairie7l.com\/en\/shop\/"},{"@type":"ListItem","position":3,"name":"Z\u00c9PHIR BUSINE, DESIGNER"}]},{"@type":"WebSite","@id":"https:\/\/librairie7l.com\/en\/#website","url":"https:\/\/librairie7l.com\/en\/","name":"Librairie 7L","description":"Librairie fond\u00e9e en 1999 par Karl Lagerfeld \u00e0 Paris","publisher":{"@id":"https:\/\/librairie7l.com\/en\/#organization"},"potentialAction":[{"@type":"SearchAction","target":{"@type":"EntryPoint","urlTemplate":"https:\/\/librairie7l.com\/en\/?s={search_term_string}"},"query-input":"required name=search_term_string"}],"inLanguage":"en-US"},{"@type":"Organization","@id":"https:\/\/librairie7l.com\/en\/#organization","name":"Librairie 7L","url":"https:\/\/librairie7l.com\/en\/","logo":{"@type":"ImageObject","inLanguage":"en-US","@id":"https:\/\/librairie7l.com\/en\/#\/schema\/logo\/image\/","url":"https:\/\/librairie7l.com\/wp-content\/uploads\/2022\/08\/logo-1.png","contentUrl":"https:\/\/librairie7l.com\/wp-content\/uploads\/2022\/08\/logo-1.png","width":227,"height":301,"caption":"Librairie 7L"},"image":{"@id":"https:\/\/librairie7l.com\/en\/#\/schema\/logo\/image\/"}}]}},"_links":{"self":[{"href":"https:\/\/librairie7l.com\/en\/wp-json\/wp\/v2\/product\/18027"}],"collection":[{"href":"https:\/\/librairie7l.com\/en\/wp-json\/wp\/v2\/product"}],"about":[{"href":"https:\/\/librairie7l.com\/en\/wp-json\/wp\/v2\/types\/product"}],"wp:featuredmedia":[{"embeddable":true,"href":"https:\/\/librairie7l.com\/en\/wp-json\/wp\/v2\/media\/33737"}],"wp:attachment":[{"href":"https:\/\/librairie7l.com\/en\/wp-json\/wp\/v2\/media?parent=18027"}],"wp:term":[{"taxonomy":"product_cat","embeddable":true,"href":"https:\/\/librairie7l.com\/en\/wp-json\/wp\/v2\/product_cat?post=18027"},{"taxonomy":"product_tag","embeddable":true,"href":"https:\/\/librairie7l.com\/en\/wp-json\/wp\/v2\/product_tag?post=18027"}],"curies":[{"name":"wp","href":"https:\/\/api.w.org\/{rel}","templated":true}]}}