{"id":18035,"date":"2023-05-09T17:39:19","date_gmt":"2023-05-09T15:39:19","guid":{"rendered":"https:\/\/librairie7l.com\/?post_type=product&#038;p=18035"},"modified":"2026-04-17T03:58:38","modified_gmt":"2026-04-17T01:58:38","slug":"robert-mathieu-luminaires-rationnels","status":"publish","type":"product","link":"https:\/\/librairie7l.com\/en\/produit\/robert-mathieu-luminaires-rationnels\/","title":{"rendered":"ROBERT MATHIEU : LUMINAIRES RATIONNELS"},"content":{"rendered":"<p>N\u00e9 en 1921, Robert Mathieu suit une formation de tourneur sur bronze \u00e0 l&#8217;\u00e9cole Boulle mais il inventera quelques-uns des luminaires les plus exceptionnels de sa g\u00e9n\u00e9ration.<\/p>\n<p>Apr\u00e8s l&#8217;urgence de la reconstruction d&#8217;apr\u00e8s-guerre se remet en place, en France, toute une \u00e9conomie de l&#8217;habitat autour de la grande tradition fran\u00e7aise de la d\u00e9coration et du mobilier. Une jeune g\u00e9n\u00e9ration issue des grandes \u00e9coles s&#8217;en empare et met en place les bases de ce que l&#8217;on appelle aujourd&#8217;hui le design soit la cr\u00e9ation au service de la production en s\u00e9rie. Robert Mathieu les accompagne de sa cr\u00e9ativit\u00e9 infinie et de sa technicit\u00e9 parfaite. Il pense des luminaires articul\u00e9s pour \u00e9clairer chaque fonction de l&#8217;appartement moderne. Il manipule l&#8217;asym\u00e9trie comme personne et ses syst\u00e8mes de double balancier restent uniques au monde.<\/p>\n<p>Cette premi\u00e8re monographie sur Robert Mathieu est issue de la recherche de Pascal Cuisinier qui s&#8217;int\u00e9resse au design fran\u00e7ais d&#8217;apr\u00e8s-guerre depuis le d\u00e9but des ann\u00e9es 2000. \u00c0 la fois scientifique et esth\u00e9tique, ce travail entend faire d\u00e9couvrir l&#8217;oeuvre de Robert Mathieu tant aux n\u00e9ophytes qu&#8217;aux collectionneurs plus avertis et \u00e9clairer un peu plus cette p\u00e9riode faste qu&#8217;ont v\u00e9cu les arts d\u00e9coratifs en France durant les Trente Glorieuses.<\/p>\n","protected":false},"excerpt":{"rendered":"<p>N\u00e9 en 1921, Robert Mathieu suit une formation de tourneur sur bronze \u00e0 l&#8217;\u00e9cole Boulle mais il inventera quelques-uns des luminaires les plus exceptionnels de sa g\u00e9n\u00e9ration. Apr\u00e8s l&#8217;urgence de la reconstruction d&#8217;apr\u00e8s-guerre se remet en place, en France, toute une \u00e9conomie de l&#8217;habitat autour de la grande tradition fran\u00e7aise de la d\u00e9coration et du [&hellip;]<\/p>\n","protected":false},"featured_media":18033,"template":"","meta":[],"product_cat":[2948,2952],"product_tag":[],"acf":[],"yoast_head":"<!-- This site is optimized with the Yoast SEO plugin v20.11 - https:\/\/yoast.com\/wordpress\/plugins\/seo\/ -->\n<title>ROBERT MATHIEU : LUMINAIRES RATIONNELS - Librairie 7L<\/title>\n<meta name=\"robots\" content=\"index, follow, max-snippet:-1, max-image-preview:large, max-video-preview:-1\" \/>\n<link rel=\"canonical\" href=\"https:\/\/librairie7l.com\/en\/produit\/robert-mathieu-luminaires-rationnels\/\" \/>\n<meta property=\"og:locale\" content=\"en_US\" \/>\n<meta property=\"og:type\" content=\"article\" \/>\n<meta property=\"og:title\" content=\"ROBERT MATHIEU : LUMINAIRES RATIONNELS - Librairie 7L\" \/>\n<meta property=\"og:description\" content=\"N\u00e9 en 1921, Robert Mathieu suit une formation de tourneur sur bronze \u00e0 l&#8217;\u00e9cole Boulle mais il inventera quelques-uns des luminaires les plus exceptionnels de sa g\u00e9n\u00e9ration. Apr\u00e8s l&#8217;urgence de la reconstruction d&#8217;apr\u00e8s-guerre se remet en place, en France, toute une \u00e9conomie de l&#8217;habitat autour de la grande tradition fran\u00e7aise de la d\u00e9coration et du [&hellip;]\" \/>\n<meta property=\"og:url\" content=\"https:\/\/librairie7l.com\/en\/produit\/robert-mathieu-luminaires-rationnels\/\" \/>\n<meta property=\"og:site_name\" content=\"Librairie 7L\" \/>\n<meta property=\"article:modified_time\" content=\"2026-04-17T01:58:38+00:00\" \/>\n<meta property=\"og:image\" content=\"https:\/\/librairie7l.com\/wp-content\/uploads\/2023\/02\/9788836651924_1_75.jpg\" \/>\n\t<meta property=\"og:image:width\" content=\"600\" \/>\n\t<meta property=\"og:image:height\" content=\"696\" \/>\n\t<meta property=\"og:image:type\" content=\"image\/jpeg\" \/>\n<meta name=\"twitter:card\" content=\"summary_large_image\" \/>\n<meta name=\"twitter:label1\" content=\"Est. reading time\" \/>\n\t<meta name=\"twitter:data1\" content=\"1 minute\" \/>\n<script type=\"application\/ld+json\" class=\"yoast-schema-graph\">{\"@context\":\"https:\/\/schema.org\",\"@graph\":[{\"@type\":\"WebPage\",\"@id\":\"https:\/\/librairie7l.com\/en\/produit\/robert-mathieu-luminaires-rationnels\/\",\"url\":\"https:\/\/librairie7l.com\/en\/produit\/robert-mathieu-luminaires-rationnels\/\",\"name\":\"ROBERT MATHIEU : LUMINAIRES RATIONNELS - Librairie 7L\",\"isPartOf\":{\"@id\":\"https:\/\/librairie7l.com\/en\/#website\"},\"datePublished\":\"2023-05-09T15:39:19+00:00\",\"dateModified\":\"2026-04-17T01:58:38+00:00\",\"breadcrumb\":{\"@id\":\"https:\/\/librairie7l.com\/en\/produit\/robert-mathieu-luminaires-rationnels\/#breadcrumb\"},\"inLanguage\":\"en-US\",\"potentialAction\":[{\"@type\":\"ReadAction\",\"target\":[\"https:\/\/librairie7l.com\/en\/produit\/robert-mathieu-luminaires-rationnels\/\"]}]},{\"@type\":\"BreadcrumbList\",\"@id\":\"https:\/\/librairie7l.com\/en\/produit\/robert-mathieu-luminaires-rationnels\/#breadcrumb\",\"itemListElement\":[{\"@type\":\"ListItem\",\"position\":1,\"name\":\"Accueil\",\"item\":\"https:\/\/librairie7l.com\/en\/\"},{\"@type\":\"ListItem\",\"position\":2,\"name\":\"Shop\",\"item\":\"https:\/\/librairie7l.com\/en\/shop\/\"},{\"@type\":\"ListItem\",\"position\":3,\"name\":\"ROBERT MATHIEU : LUMINAIRES RATIONNELS\"}]},{\"@type\":\"WebSite\",\"@id\":\"https:\/\/librairie7l.com\/en\/#website\",\"url\":\"https:\/\/librairie7l.com\/en\/\",\"name\":\"Librairie 7L\",\"description\":\"Librairie fond\u00e9e en 1999 par Karl Lagerfeld \u00e0 Paris\",\"publisher\":{\"@id\":\"https:\/\/librairie7l.com\/en\/#organization\"},\"potentialAction\":[{\"@type\":\"SearchAction\",\"target\":{\"@type\":\"EntryPoint\",\"urlTemplate\":\"https:\/\/librairie7l.com\/en\/?s={search_term_string}\"},\"query-input\":\"required name=search_term_string\"}],\"inLanguage\":\"en-US\"},{\"@type\":\"Organization\",\"@id\":\"https:\/\/librairie7l.com\/en\/#organization\",\"name\":\"Librairie 7L\",\"url\":\"https:\/\/librairie7l.com\/en\/\",\"logo\":{\"@type\":\"ImageObject\",\"inLanguage\":\"en-US\",\"@id\":\"https:\/\/librairie7l.com\/en\/#\/schema\/logo\/image\/\",\"url\":\"https:\/\/librairie7l.com\/wp-content\/uploads\/2022\/08\/logo-1.png\",\"contentUrl\":\"https:\/\/librairie7l.com\/wp-content\/uploads\/2022\/08\/logo-1.png\",\"width\":227,\"height\":301,\"caption\":\"Librairie 7L\"},\"image\":{\"@id\":\"https:\/\/librairie7l.com\/en\/#\/schema\/logo\/image\/\"}}]}<\/script>\n<!-- \/ Yoast SEO plugin. -->","yoast_head_json":{"title":"ROBERT MATHIEU : LUMINAIRES RATIONNELS - Librairie 7L","robots":{"index":"index","follow":"follow","max-snippet":"max-snippet:-1","max-image-preview":"max-image-preview:large","max-video-preview":"max-video-preview:-1"},"canonical":"https:\/\/librairie7l.com\/en\/produit\/robert-mathieu-luminaires-rationnels\/","og_locale":"en_US","og_type":"article","og_title":"ROBERT MATHIEU : LUMINAIRES RATIONNELS - Librairie 7L","og_description":"N\u00e9 en 1921, Robert Mathieu suit une formation de tourneur sur bronze \u00e0 l&#8217;\u00e9cole Boulle mais il inventera quelques-uns des luminaires les plus exceptionnels de sa g\u00e9n\u00e9ration. Apr\u00e8s l&#8217;urgence de la reconstruction d&#8217;apr\u00e8s-guerre se remet en place, en France, toute une \u00e9conomie de l&#8217;habitat autour de la grande tradition fran\u00e7aise de la d\u00e9coration et du [&hellip;]","og_url":"https:\/\/librairie7l.com\/en\/produit\/robert-mathieu-luminaires-rationnels\/","og_site_name":"Librairie 7L","article_modified_time":"2026-04-17T01:58:38+00:00","og_image":[{"width":600,"height":696,"url":"https:\/\/librairie7l.com\/wp-content\/uploads\/2023\/02\/9788836651924_1_75.jpg","type":"image\/jpeg"}],"twitter_card":"summary_large_image","twitter_misc":{"Est. reading time":"1 minute"},"schema":{"@context":"https:\/\/schema.org","@graph":[{"@type":"WebPage","@id":"https:\/\/librairie7l.com\/en\/produit\/robert-mathieu-luminaires-rationnels\/","url":"https:\/\/librairie7l.com\/en\/produit\/robert-mathieu-luminaires-rationnels\/","name":"ROBERT MATHIEU : LUMINAIRES RATIONNELS - Librairie 7L","isPartOf":{"@id":"https:\/\/librairie7l.com\/en\/#website"},"datePublished":"2023-05-09T15:39:19+00:00","dateModified":"2026-04-17T01:58:38+00:00","breadcrumb":{"@id":"https:\/\/librairie7l.com\/en\/produit\/robert-mathieu-luminaires-rationnels\/#breadcrumb"},"inLanguage":"en-US","potentialAction":[{"@type":"ReadAction","target":["https:\/\/librairie7l.com\/en\/produit\/robert-mathieu-luminaires-rationnels\/"]}]},{"@type":"BreadcrumbList","@id":"https:\/\/librairie7l.com\/en\/produit\/robert-mathieu-luminaires-rationnels\/#breadcrumb","itemListElement":[{"@type":"ListItem","position":1,"name":"Accueil","item":"https:\/\/librairie7l.com\/en\/"},{"@type":"ListItem","position":2,"name":"Shop","item":"https:\/\/librairie7l.com\/en\/shop\/"},{"@type":"ListItem","position":3,"name":"ROBERT MATHIEU : LUMINAIRES RATIONNELS"}]},{"@type":"WebSite","@id":"https:\/\/librairie7l.com\/en\/#website","url":"https:\/\/librairie7l.com\/en\/","name":"Librairie 7L","description":"Librairie fond\u00e9e en 1999 par Karl Lagerfeld \u00e0 Paris","publisher":{"@id":"https:\/\/librairie7l.com\/en\/#organization"},"potentialAction":[{"@type":"SearchAction","target":{"@type":"EntryPoint","urlTemplate":"https:\/\/librairie7l.com\/en\/?s={search_term_string}"},"query-input":"required name=search_term_string"}],"inLanguage":"en-US"},{"@type":"Organization","@id":"https:\/\/librairie7l.com\/en\/#organization","name":"Librairie 7L","url":"https:\/\/librairie7l.com\/en\/","logo":{"@type":"ImageObject","inLanguage":"en-US","@id":"https:\/\/librairie7l.com\/en\/#\/schema\/logo\/image\/","url":"https:\/\/librairie7l.com\/wp-content\/uploads\/2022\/08\/logo-1.png","contentUrl":"https:\/\/librairie7l.com\/wp-content\/uploads\/2022\/08\/logo-1.png","width":227,"height":301,"caption":"Librairie 7L"},"image":{"@id":"https:\/\/librairie7l.com\/en\/#\/schema\/logo\/image\/"}}]}},"_links":{"self":[{"href":"https:\/\/librairie7l.com\/en\/wp-json\/wp\/v2\/product\/18035"}],"collection":[{"href":"https:\/\/librairie7l.com\/en\/wp-json\/wp\/v2\/product"}],"about":[{"href":"https:\/\/librairie7l.com\/en\/wp-json\/wp\/v2\/types\/product"}],"wp:featuredmedia":[{"embeddable":true,"href":"https:\/\/librairie7l.com\/en\/wp-json\/wp\/v2\/media\/18033"}],"wp:attachment":[{"href":"https:\/\/librairie7l.com\/en\/wp-json\/wp\/v2\/media?parent=18035"}],"wp:term":[{"taxonomy":"product_cat","embeddable":true,"href":"https:\/\/librairie7l.com\/en\/wp-json\/wp\/v2\/product_cat?post=18035"},{"taxonomy":"product_tag","embeddable":true,"href":"https:\/\/librairie7l.com\/en\/wp-json\/wp\/v2\/product_tag?post=18035"}],"curies":[{"name":"wp","href":"https:\/\/api.w.org\/{rel}","templated":true}]}}