{"id":18051,"date":"2023-05-09T17:39:31","date_gmt":"2023-05-09T15:39:31","guid":{"rendered":"https:\/\/librairie7l.com\/?post_type=product&#038;p=18051"},"modified":"2026-05-12T00:37:41","modified_gmt":"2026-05-11T22:37:41","slug":"la-nature-morte-francaise-au-xviie-siecle","status":"publish","type":"product","link":"https:\/\/librairie7l.com\/en\/produit\/la-nature-morte-francaise-au-xviie-siecle\/","title":{"rendered":"LA NATURE MORTE FRANCAISE AU XVIIE SI\u00c8CLE"},"content":{"rendered":"<p>Parution \u00e0 l&#8217;occasion du Salon PARIS TABLEAU Fruit de nombreuses ann\u00e9es de recherche, l&#8217;ouvrage d&#8217;\u00c9ric Coatelem pr\u00e9sente un panorama de la peinture fran\u00e7aise de natures mortes au XVIIe si\u00e8cle, avec les oeuvres de Jacques Linard, Louyse Moillon, Jean-Baptiste Monnoyer, Pierre Dupuis ou Sebastien Stoskopff, autant de noms qui \u00e9voquent les diff\u00e9rentes facettes de la peinture fran\u00e7aise.<br \/>\nGr\u00e2ce \u00e0 un ensemble de plus de 500 tableaux, l&#8217;ouvrage met en parall\u00e8le le style fran\u00e7ais avec les peintres flamands, hollandais ou italiens, de mani\u00e8re \u00e0 appr\u00e9hender les influences et les \u00e9changes artistiques dans l&#8217;Europe occidentale des ann\u00e9es 1620-1700.<br \/>\nAvec un dictionnaire des peintres, comprenant leur biographie et de nombreuses r\u00e9f\u00e9rences biblio &#8211; graphiques, le livre constitue une importante somme de connaissances pour les chercheurs et les amateurs.<br \/>\nPr\u00e9fac\u00e9 par Hilliard Goldfarb, conservateur en chef du mus\u00e9e des Beaux-Arts de Montr\u00e9al, et ponctu\u00e9 de textes d&#8217;Alexis Merle du Bourg, historien de l&#8217;art, l&#8217;ouvrage propose des toiles in\u00e9dites qui apportent une lisibilit\u00e9 nouvelle \u00e0 la carri\u00e8re de ces peintres souvent m\u00e9connus.<\/p>\n","protected":false},"excerpt":{"rendered":"<p>Parution \u00e0 l&#8217;occasion du Salon PARIS TABLEAU Fruit de nombreuses ann\u00e9es de recherche, l&#8217;ouvrage d&#8217;\u00c9ric Coatelem pr\u00e9sente un panorama de la peinture fran\u00e7aise de natures mortes au XVIIe si\u00e8cle, avec les oeuvres de Jacques Linard, Louyse Moillon, Jean-Baptiste Monnoyer, Pierre Dupuis ou Sebastien Stoskopff, autant de noms qui \u00e9voquent les diff\u00e9rentes facettes de la peinture [&hellip;]<\/p>\n","protected":false},"featured_media":18049,"template":"","meta":[],"product_cat":[2948,2953],"product_tag":[],"acf":[],"yoast_head":"<!-- This site is optimized with the Yoast SEO plugin v20.11 - https:\/\/yoast.com\/wordpress\/plugins\/seo\/ -->\n<title>LA NATURE MORTE FRANCAISE AU XVIIE SI\u00c8CLE - Librairie 7L<\/title>\n<meta name=\"robots\" content=\"index, follow, max-snippet:-1, max-image-preview:large, max-video-preview:-1\" \/>\n<link rel=\"canonical\" href=\"https:\/\/librairie7l.com\/en\/produit\/la-nature-morte-francaise-au-xviie-siecle\/\" \/>\n<meta property=\"og:locale\" content=\"en_US\" \/>\n<meta property=\"og:type\" content=\"article\" \/>\n<meta property=\"og:title\" content=\"LA NATURE MORTE FRANCAISE AU XVIIE SI\u00c8CLE - Librairie 7L\" \/>\n<meta property=\"og:description\" content=\"Parution \u00e0 l&#8217;occasion du Salon PARIS TABLEAU Fruit de nombreuses ann\u00e9es de recherche, l&#8217;ouvrage d&#8217;\u00c9ric Coatelem pr\u00e9sente un panorama de la peinture fran\u00e7aise de natures mortes au XVIIe si\u00e8cle, avec les oeuvres de Jacques Linard, Louyse Moillon, Jean-Baptiste Monnoyer, Pierre Dupuis ou Sebastien Stoskopff, autant de noms qui \u00e9voquent les diff\u00e9rentes facettes de la peinture [&hellip;]\" \/>\n<meta property=\"og:url\" content=\"https:\/\/librairie7l.com\/en\/produit\/la-nature-morte-francaise-au-xviie-siecle\/\" \/>\n<meta property=\"og:site_name\" content=\"Librairie 7L\" \/>\n<meta property=\"article:modified_time\" content=\"2026-05-11T22:37:41+00:00\" \/>\n<meta property=\"og:image\" content=\"https:\/\/librairie7l.com\/wp-content\/uploads\/2015\/01\/9782878441789_1_75.jpg\" \/>\n\t<meta property=\"og:image:width\" content=\"600\" \/>\n\t<meta property=\"og:image:height\" content=\"748\" \/>\n\t<meta property=\"og:image:type\" content=\"image\/jpeg\" \/>\n<meta name=\"twitter:card\" content=\"summary_large_image\" \/>\n<meta name=\"twitter:label1\" content=\"Est. reading time\" \/>\n\t<meta name=\"twitter:data1\" content=\"1 minute\" \/>\n<script type=\"application\/ld+json\" class=\"yoast-schema-graph\">{\"@context\":\"https:\/\/schema.org\",\"@graph\":[{\"@type\":\"WebPage\",\"@id\":\"https:\/\/librairie7l.com\/en\/produit\/la-nature-morte-francaise-au-xviie-siecle\/\",\"url\":\"https:\/\/librairie7l.com\/en\/produit\/la-nature-morte-francaise-au-xviie-siecle\/\",\"name\":\"LA NATURE MORTE FRANCAISE AU XVIIE SI\u00c8CLE - Librairie 7L\",\"isPartOf\":{\"@id\":\"https:\/\/librairie7l.com\/en\/#website\"},\"datePublished\":\"2023-05-09T15:39:31+00:00\",\"dateModified\":\"2026-05-11T22:37:41+00:00\",\"breadcrumb\":{\"@id\":\"https:\/\/librairie7l.com\/en\/produit\/la-nature-morte-francaise-au-xviie-siecle\/#breadcrumb\"},\"inLanguage\":\"en-US\",\"potentialAction\":[{\"@type\":\"ReadAction\",\"target\":[\"https:\/\/librairie7l.com\/en\/produit\/la-nature-morte-francaise-au-xviie-siecle\/\"]}]},{\"@type\":\"BreadcrumbList\",\"@id\":\"https:\/\/librairie7l.com\/en\/produit\/la-nature-morte-francaise-au-xviie-siecle\/#breadcrumb\",\"itemListElement\":[{\"@type\":\"ListItem\",\"position\":1,\"name\":\"Accueil\",\"item\":\"https:\/\/librairie7l.com\/en\/\"},{\"@type\":\"ListItem\",\"position\":2,\"name\":\"Shop\",\"item\":\"https:\/\/librairie7l.com\/en\/shop\/\"},{\"@type\":\"ListItem\",\"position\":3,\"name\":\"LA NATURE MORTE FRANCAISE AU XVIIE SI\u00c8CLE\"}]},{\"@type\":\"WebSite\",\"@id\":\"https:\/\/librairie7l.com\/en\/#website\",\"url\":\"https:\/\/librairie7l.com\/en\/\",\"name\":\"Librairie 7L\",\"description\":\"Librairie fond\u00e9e en 1999 par Karl Lagerfeld \u00e0 Paris\",\"publisher\":{\"@id\":\"https:\/\/librairie7l.com\/en\/#organization\"},\"potentialAction\":[{\"@type\":\"SearchAction\",\"target\":{\"@type\":\"EntryPoint\",\"urlTemplate\":\"https:\/\/librairie7l.com\/en\/?s={search_term_string}\"},\"query-input\":\"required name=search_term_string\"}],\"inLanguage\":\"en-US\"},{\"@type\":\"Organization\",\"@id\":\"https:\/\/librairie7l.com\/en\/#organization\",\"name\":\"Librairie 7L\",\"url\":\"https:\/\/librairie7l.com\/en\/\",\"logo\":{\"@type\":\"ImageObject\",\"inLanguage\":\"en-US\",\"@id\":\"https:\/\/librairie7l.com\/en\/#\/schema\/logo\/image\/\",\"url\":\"https:\/\/librairie7l.com\/wp-content\/uploads\/2022\/08\/logo-1.png\",\"contentUrl\":\"https:\/\/librairie7l.com\/wp-content\/uploads\/2022\/08\/logo-1.png\",\"width\":227,\"height\":301,\"caption\":\"Librairie 7L\"},\"image\":{\"@id\":\"https:\/\/librairie7l.com\/en\/#\/schema\/logo\/image\/\"}}]}<\/script>\n<!-- \/ Yoast SEO plugin. -->","yoast_head_json":{"title":"LA NATURE MORTE FRANCAISE AU XVIIE SI\u00c8CLE - Librairie 7L","robots":{"index":"index","follow":"follow","max-snippet":"max-snippet:-1","max-image-preview":"max-image-preview:large","max-video-preview":"max-video-preview:-1"},"canonical":"https:\/\/librairie7l.com\/en\/produit\/la-nature-morte-francaise-au-xviie-siecle\/","og_locale":"en_US","og_type":"article","og_title":"LA NATURE MORTE FRANCAISE AU XVIIE SI\u00c8CLE - Librairie 7L","og_description":"Parution \u00e0 l&#8217;occasion du Salon PARIS TABLEAU Fruit de nombreuses ann\u00e9es de recherche, l&#8217;ouvrage d&#8217;\u00c9ric Coatelem pr\u00e9sente un panorama de la peinture fran\u00e7aise de natures mortes au XVIIe si\u00e8cle, avec les oeuvres de Jacques Linard, Louyse Moillon, Jean-Baptiste Monnoyer, Pierre Dupuis ou Sebastien Stoskopff, autant de noms qui \u00e9voquent les diff\u00e9rentes facettes de la peinture [&hellip;]","og_url":"https:\/\/librairie7l.com\/en\/produit\/la-nature-morte-francaise-au-xviie-siecle\/","og_site_name":"Librairie 7L","article_modified_time":"2026-05-11T22:37:41+00:00","og_image":[{"width":600,"height":748,"url":"https:\/\/librairie7l.com\/wp-content\/uploads\/2015\/01\/9782878441789_1_75.jpg","type":"image\/jpeg"}],"twitter_card":"summary_large_image","twitter_misc":{"Est. reading time":"1 minute"},"schema":{"@context":"https:\/\/schema.org","@graph":[{"@type":"WebPage","@id":"https:\/\/librairie7l.com\/en\/produit\/la-nature-morte-francaise-au-xviie-siecle\/","url":"https:\/\/librairie7l.com\/en\/produit\/la-nature-morte-francaise-au-xviie-siecle\/","name":"LA NATURE MORTE FRANCAISE AU XVIIE SI\u00c8CLE - Librairie 7L","isPartOf":{"@id":"https:\/\/librairie7l.com\/en\/#website"},"datePublished":"2023-05-09T15:39:31+00:00","dateModified":"2026-05-11T22:37:41+00:00","breadcrumb":{"@id":"https:\/\/librairie7l.com\/en\/produit\/la-nature-morte-francaise-au-xviie-siecle\/#breadcrumb"},"inLanguage":"en-US","potentialAction":[{"@type":"ReadAction","target":["https:\/\/librairie7l.com\/en\/produit\/la-nature-morte-francaise-au-xviie-siecle\/"]}]},{"@type":"BreadcrumbList","@id":"https:\/\/librairie7l.com\/en\/produit\/la-nature-morte-francaise-au-xviie-siecle\/#breadcrumb","itemListElement":[{"@type":"ListItem","position":1,"name":"Accueil","item":"https:\/\/librairie7l.com\/en\/"},{"@type":"ListItem","position":2,"name":"Shop","item":"https:\/\/librairie7l.com\/en\/shop\/"},{"@type":"ListItem","position":3,"name":"LA NATURE MORTE FRANCAISE AU XVIIE SI\u00c8CLE"}]},{"@type":"WebSite","@id":"https:\/\/librairie7l.com\/en\/#website","url":"https:\/\/librairie7l.com\/en\/","name":"Librairie 7L","description":"Librairie fond\u00e9e en 1999 par Karl Lagerfeld \u00e0 Paris","publisher":{"@id":"https:\/\/librairie7l.com\/en\/#organization"},"potentialAction":[{"@type":"SearchAction","target":{"@type":"EntryPoint","urlTemplate":"https:\/\/librairie7l.com\/en\/?s={search_term_string}"},"query-input":"required name=search_term_string"}],"inLanguage":"en-US"},{"@type":"Organization","@id":"https:\/\/librairie7l.com\/en\/#organization","name":"Librairie 7L","url":"https:\/\/librairie7l.com\/en\/","logo":{"@type":"ImageObject","inLanguage":"en-US","@id":"https:\/\/librairie7l.com\/en\/#\/schema\/logo\/image\/","url":"https:\/\/librairie7l.com\/wp-content\/uploads\/2022\/08\/logo-1.png","contentUrl":"https:\/\/librairie7l.com\/wp-content\/uploads\/2022\/08\/logo-1.png","width":227,"height":301,"caption":"Librairie 7L"},"image":{"@id":"https:\/\/librairie7l.com\/en\/#\/schema\/logo\/image\/"}}]}},"_links":{"self":[{"href":"https:\/\/librairie7l.com\/en\/wp-json\/wp\/v2\/product\/18051"}],"collection":[{"href":"https:\/\/librairie7l.com\/en\/wp-json\/wp\/v2\/product"}],"about":[{"href":"https:\/\/librairie7l.com\/en\/wp-json\/wp\/v2\/types\/product"}],"wp:featuredmedia":[{"embeddable":true,"href":"https:\/\/librairie7l.com\/en\/wp-json\/wp\/v2\/media\/18049"}],"wp:attachment":[{"href":"https:\/\/librairie7l.com\/en\/wp-json\/wp\/v2\/media?parent=18051"}],"wp:term":[{"taxonomy":"product_cat","embeddable":true,"href":"https:\/\/librairie7l.com\/en\/wp-json\/wp\/v2\/product_cat?post=18051"},{"taxonomy":"product_tag","embeddable":true,"href":"https:\/\/librairie7l.com\/en\/wp-json\/wp\/v2\/product_tag?post=18051"}],"curies":[{"name":"wp","href":"https:\/\/api.w.org\/{rel}","templated":true}]}}