{"id":18059,"date":"2023-05-09T17:39:37","date_gmt":"2023-05-09T15:39:37","guid":{"rendered":"https:\/\/librairie7l.com\/?post_type=product&#038;p=18059"},"modified":"2026-04-26T16:06:29","modified_gmt":"2026-04-26T14:06:29","slug":"coco-chanel-3","status":"publish","type":"product","link":"https:\/\/librairie7l.com\/en\/produit\/coco-chanel-3\/","title":{"rendered":"COCO CHANEL"},"content":{"rendered":"<p>\u00abJ&#8217;ai rendu au corps des femmes sa libert\u00e9, dira Gabrielle. Ce corps suait dans des habits de parade, sous les dentelles, les corsets, les dessous, le rembourrage.\u00bb Ainsi, lorsque Chanel d\u00e9truit une mode et cr\u00e9e une silhouette toute neuve, on entre dans un autre si\u00e8cle, celui de la Belle \u00c9poque. Il y a une certaine confusion des sexes dans la forme d&#8217;\u00e9l\u00e9gance qu&#8217;elle pr\u00e9conise, mais la coupe \u00e0 la gar\u00e7onne, les robes tubulaires, le N\u00b05, c&#8217;est son style \u00e0 elle, inimitable. Une qu\u00eate incessante de la rigueur, du raffinement et du d\u00e9pouillement. Jans\u00e9niste de la couture, elle n&#8217;en est pas moins l&#8217;\u00e9g\u00e9rie des ann\u00e9es folles et s\u00e9duit l&#8217;intelligentsia de son temps, de Diaghilev \u00e0 Cocteau, lequel ne tarit pas d&#8217;\u00e9loges sur ses lubies, ses col\u00e8res, ses outrances et sa g\u00e9n\u00e9rosit\u00e9. \u00abCoco est un personnage unique, attachant, attirant, repoussant, excessif&#8230; humain enfin.\u00bb<\/p>\n","protected":false},"excerpt":{"rendered":"<p>\u00abJ&#8217;ai rendu au corps des femmes sa libert\u00e9, dira Gabrielle. Ce corps suait dans des habits de parade, sous les dentelles, les corsets, les dessous, le rembourrage.\u00bb Ainsi, lorsque Chanel d\u00e9truit une mode et cr\u00e9e une silhouette toute neuve, on entre dans un autre si\u00e8cle, celui de la Belle \u00c9poque. Il y a une certaine [&hellip;]<\/p>\n","protected":false},"featured_media":18057,"template":"","meta":[],"product_cat":[2948,2957],"product_tag":[],"acf":[],"yoast_head":"<!-- This site is optimized with the Yoast SEO plugin v20.11 - https:\/\/yoast.com\/wordpress\/plugins\/seo\/ -->\n<title>COCO CHANEL - Librairie 7L<\/title>\n<meta name=\"robots\" content=\"index, follow, max-snippet:-1, max-image-preview:large, max-video-preview:-1\" \/>\n<link rel=\"canonical\" href=\"https:\/\/librairie7l.com\/en\/produit\/coco-chanel-3\/\" \/>\n<meta property=\"og:locale\" content=\"en_US\" \/>\n<meta property=\"og:type\" content=\"article\" \/>\n<meta property=\"og:title\" content=\"COCO CHANEL - Librairie 7L\" \/>\n<meta property=\"og:description\" content=\"\u00abJ&#8217;ai rendu au corps des femmes sa libert\u00e9, dira Gabrielle. Ce corps suait dans des habits de parade, sous les dentelles, les corsets, les dessous, le rembourrage.\u00bb Ainsi, lorsque Chanel d\u00e9truit une mode et cr\u00e9e une silhouette toute neuve, on entre dans un autre si\u00e8cle, celui de la Belle \u00c9poque. Il y a une certaine [&hellip;]\" \/>\n<meta property=\"og:url\" content=\"https:\/\/librairie7l.com\/en\/produit\/coco-chanel-3\/\" \/>\n<meta property=\"og:site_name\" content=\"Librairie 7L\" \/>\n<meta property=\"article:modified_time\" content=\"2026-04-26T14:06:29+00:00\" \/>\n<meta property=\"og:image\" content=\"https:\/\/librairie7l.com\/wp-content\/uploads\/2002\/02\/9782290316221_1_75.jpg\" \/>\n\t<meta property=\"og:image:width\" content=\"600\" \/>\n\t<meta property=\"og:image:height\" content=\"967\" \/>\n\t<meta property=\"og:image:type\" content=\"image\/jpeg\" \/>\n<meta name=\"twitter:card\" content=\"summary_large_image\" \/>\n<meta name=\"twitter:label1\" content=\"Est. reading time\" \/>\n\t<meta name=\"twitter:data1\" content=\"1 minute\" \/>\n<script type=\"application\/ld+json\" class=\"yoast-schema-graph\">{\"@context\":\"https:\/\/schema.org\",\"@graph\":[{\"@type\":\"WebPage\",\"@id\":\"https:\/\/librairie7l.com\/en\/produit\/coco-chanel-3\/\",\"url\":\"https:\/\/librairie7l.com\/en\/produit\/coco-chanel-3\/\",\"name\":\"COCO CHANEL - Librairie 7L\",\"isPartOf\":{\"@id\":\"https:\/\/librairie7l.com\/en\/#website\"},\"datePublished\":\"2023-05-09T15:39:37+00:00\",\"dateModified\":\"2026-04-26T14:06:29+00:00\",\"breadcrumb\":{\"@id\":\"https:\/\/librairie7l.com\/en\/produit\/coco-chanel-3\/#breadcrumb\"},\"inLanguage\":\"en-US\",\"potentialAction\":[{\"@type\":\"ReadAction\",\"target\":[\"https:\/\/librairie7l.com\/en\/produit\/coco-chanel-3\/\"]}]},{\"@type\":\"BreadcrumbList\",\"@id\":\"https:\/\/librairie7l.com\/en\/produit\/coco-chanel-3\/#breadcrumb\",\"itemListElement\":[{\"@type\":\"ListItem\",\"position\":1,\"name\":\"Accueil\",\"item\":\"https:\/\/librairie7l.com\/en\/\"},{\"@type\":\"ListItem\",\"position\":2,\"name\":\"Shop\",\"item\":\"https:\/\/librairie7l.com\/en\/shop\/\"},{\"@type\":\"ListItem\",\"position\":3,\"name\":\"COCO CHANEL\"}]},{\"@type\":\"WebSite\",\"@id\":\"https:\/\/librairie7l.com\/en\/#website\",\"url\":\"https:\/\/librairie7l.com\/en\/\",\"name\":\"Librairie 7L\",\"description\":\"Librairie fond\u00e9e en 1999 par Karl Lagerfeld \u00e0 Paris\",\"publisher\":{\"@id\":\"https:\/\/librairie7l.com\/en\/#organization\"},\"potentialAction\":[{\"@type\":\"SearchAction\",\"target\":{\"@type\":\"EntryPoint\",\"urlTemplate\":\"https:\/\/librairie7l.com\/en\/?s={search_term_string}\"},\"query-input\":\"required name=search_term_string\"}],\"inLanguage\":\"en-US\"},{\"@type\":\"Organization\",\"@id\":\"https:\/\/librairie7l.com\/en\/#organization\",\"name\":\"Librairie 7L\",\"url\":\"https:\/\/librairie7l.com\/en\/\",\"logo\":{\"@type\":\"ImageObject\",\"inLanguage\":\"en-US\",\"@id\":\"https:\/\/librairie7l.com\/en\/#\/schema\/logo\/image\/\",\"url\":\"https:\/\/librairie7l.com\/wp-content\/uploads\/2022\/08\/logo-1.png\",\"contentUrl\":\"https:\/\/librairie7l.com\/wp-content\/uploads\/2022\/08\/logo-1.png\",\"width\":227,\"height\":301,\"caption\":\"Librairie 7L\"},\"image\":{\"@id\":\"https:\/\/librairie7l.com\/en\/#\/schema\/logo\/image\/\"}}]}<\/script>\n<!-- \/ Yoast SEO plugin. -->","yoast_head_json":{"title":"COCO CHANEL - Librairie 7L","robots":{"index":"index","follow":"follow","max-snippet":"max-snippet:-1","max-image-preview":"max-image-preview:large","max-video-preview":"max-video-preview:-1"},"canonical":"https:\/\/librairie7l.com\/en\/produit\/coco-chanel-3\/","og_locale":"en_US","og_type":"article","og_title":"COCO CHANEL - Librairie 7L","og_description":"\u00abJ&#8217;ai rendu au corps des femmes sa libert\u00e9, dira Gabrielle. Ce corps suait dans des habits de parade, sous les dentelles, les corsets, les dessous, le rembourrage.\u00bb Ainsi, lorsque Chanel d\u00e9truit une mode et cr\u00e9e une silhouette toute neuve, on entre dans un autre si\u00e8cle, celui de la Belle \u00c9poque. Il y a une certaine [&hellip;]","og_url":"https:\/\/librairie7l.com\/en\/produit\/coco-chanel-3\/","og_site_name":"Librairie 7L","article_modified_time":"2026-04-26T14:06:29+00:00","og_image":[{"width":600,"height":967,"url":"https:\/\/librairie7l.com\/wp-content\/uploads\/2002\/02\/9782290316221_1_75.jpg","type":"image\/jpeg"}],"twitter_card":"summary_large_image","twitter_misc":{"Est. reading time":"1 minute"},"schema":{"@context":"https:\/\/schema.org","@graph":[{"@type":"WebPage","@id":"https:\/\/librairie7l.com\/en\/produit\/coco-chanel-3\/","url":"https:\/\/librairie7l.com\/en\/produit\/coco-chanel-3\/","name":"COCO CHANEL - Librairie 7L","isPartOf":{"@id":"https:\/\/librairie7l.com\/en\/#website"},"datePublished":"2023-05-09T15:39:37+00:00","dateModified":"2026-04-26T14:06:29+00:00","breadcrumb":{"@id":"https:\/\/librairie7l.com\/en\/produit\/coco-chanel-3\/#breadcrumb"},"inLanguage":"en-US","potentialAction":[{"@type":"ReadAction","target":["https:\/\/librairie7l.com\/en\/produit\/coco-chanel-3\/"]}]},{"@type":"BreadcrumbList","@id":"https:\/\/librairie7l.com\/en\/produit\/coco-chanel-3\/#breadcrumb","itemListElement":[{"@type":"ListItem","position":1,"name":"Accueil","item":"https:\/\/librairie7l.com\/en\/"},{"@type":"ListItem","position":2,"name":"Shop","item":"https:\/\/librairie7l.com\/en\/shop\/"},{"@type":"ListItem","position":3,"name":"COCO CHANEL"}]},{"@type":"WebSite","@id":"https:\/\/librairie7l.com\/en\/#website","url":"https:\/\/librairie7l.com\/en\/","name":"Librairie 7L","description":"Librairie fond\u00e9e en 1999 par Karl Lagerfeld \u00e0 Paris","publisher":{"@id":"https:\/\/librairie7l.com\/en\/#organization"},"potentialAction":[{"@type":"SearchAction","target":{"@type":"EntryPoint","urlTemplate":"https:\/\/librairie7l.com\/en\/?s={search_term_string}"},"query-input":"required name=search_term_string"}],"inLanguage":"en-US"},{"@type":"Organization","@id":"https:\/\/librairie7l.com\/en\/#organization","name":"Librairie 7L","url":"https:\/\/librairie7l.com\/en\/","logo":{"@type":"ImageObject","inLanguage":"en-US","@id":"https:\/\/librairie7l.com\/en\/#\/schema\/logo\/image\/","url":"https:\/\/librairie7l.com\/wp-content\/uploads\/2022\/08\/logo-1.png","contentUrl":"https:\/\/librairie7l.com\/wp-content\/uploads\/2022\/08\/logo-1.png","width":227,"height":301,"caption":"Librairie 7L"},"image":{"@id":"https:\/\/librairie7l.com\/en\/#\/schema\/logo\/image\/"}}]}},"_links":{"self":[{"href":"https:\/\/librairie7l.com\/en\/wp-json\/wp\/v2\/product\/18059"}],"collection":[{"href":"https:\/\/librairie7l.com\/en\/wp-json\/wp\/v2\/product"}],"about":[{"href":"https:\/\/librairie7l.com\/en\/wp-json\/wp\/v2\/types\/product"}],"wp:featuredmedia":[{"embeddable":true,"href":"https:\/\/librairie7l.com\/en\/wp-json\/wp\/v2\/media\/18057"}],"wp:attachment":[{"href":"https:\/\/librairie7l.com\/en\/wp-json\/wp\/v2\/media?parent=18059"}],"wp:term":[{"taxonomy":"product_cat","embeddable":true,"href":"https:\/\/librairie7l.com\/en\/wp-json\/wp\/v2\/product_cat?post=18059"},{"taxonomy":"product_tag","embeddable":true,"href":"https:\/\/librairie7l.com\/en\/wp-json\/wp\/v2\/product_tag?post=18059"}],"curies":[{"name":"wp","href":"https:\/\/api.w.org\/{rel}","templated":true}]}}