{"id":18063,"date":"2023-05-09T17:39:41","date_gmt":"2023-05-09T15:39:41","guid":{"rendered":"https:\/\/librairie7l.com\/?post_type=product&#038;p=18063"},"modified":"2026-04-26T19:16:59","modified_gmt":"2026-04-26T17:16:59","slug":"coco-chanel-4","status":"publish","type":"product","link":"https:\/\/librairie7l.com\/en\/produit\/coco-chanel-4\/","title":{"rendered":"COCO CHANEL"},"content":{"rendered":"<p>Elle a tout invent\u00e9 : les tailleurs gans\u00e9s, les accessoires qui deviennent bijoux, les tenues libert\u00e9 pour des femmes irr\u00e9v\u00e9rencieuses, des parfums tr\u00e8s parisiens qui ont conquis le monde, et surtout une mode, un style : le sien. Mais, un soir de 1971, l&#8217;une des indomptables du si\u00e8cle tire sa r\u00e9v\u00e9rence. Coco Chanel s&#8217;\u00e9teint seule dans sa chambre du Ritz. Ce monstre sacr\u00e9, tellement inscrit dans son \u00e9poque qu&#8217;on a parl\u00e9 des ann\u00e9es Chanel, a connu une existence tourment\u00e9e. Issue d&#8217;une famille de forains sans le sou, orpheline \u00e0 douze ans, \u00e9lev\u00e9e s\u00e9v\u00e8rement par des religieuses dans un couvent de Corr\u00e8ze, rien ne pr\u00e9disposait la jeune Gabrielle Chanel \u00e0 devenir l&#8217;\u00e9g\u00e9rie des ann\u00e9es folles. Rien n&#8217;annon\u00e7ait que la couturi\u00e8re aux doigts d&#8217;or allait enflammer Deauville, Biarritz et Paris, r\u00e9volutionner la silhouette des femmes, s\u00e9duire l&#8217;intelligentsia de son temps, envo\u00fbter Cocteau, Colette, Picasso, Diaghilev, Stravinsky, ni m\u00eame vivre des passions tumultueuses avec un cousin du Roi d&#8217;Angleterre, un neveu du tsar ou un po\u00e8te surr\u00e9aliste. Royale et g\u00e9n\u00e9reuse, imp\u00e9tueuse et col\u00e9rique, la petite auvergnate devenue \u00e9toile de la mode, ne manqua pas non plus d&#8217;accrocs dans la trame de sa vie : des drames sentimentaux \u00e0 r\u00e9p\u00e9tition, la surprenante fermeture de sa maison de couture \u00e0 l&#8217;aube de la guerre puis son tout aussi inattendu retour \u00e0 la mode \u00e0 l&#8217;\u00e2ge de soixante et onze ans, un caract\u00e8re que ses admirateurs disaient affirm\u00e9 mais les mauvaises langues infernal&#8230; c&#8217;est tout cela Coco Chanel. Un personnage hors du commun dont les revers passionnent autant que les succ\u00e8s, dont le nom est devenu tout un symbole. Riche de la consultation de sources in\u00e9dites et d&#8217;entretiens avec d&#8217;importants t\u00e9moins ayant connu Coco Chanel, Henry Gidel \u00e9crit, dans cette Grande Biographie, le roman vrai d&#8217;une femme qui a parcouru avec \u00e9clat les trois quarts du XXe si\u00e8cle.<\/p>\n","protected":false},"excerpt":{"rendered":"<p>Elle a tout invent\u00e9 : les tailleurs gans\u00e9s, les accessoires qui deviennent bijoux, les tenues libert\u00e9 pour des femmes irr\u00e9v\u00e9rencieuses, des parfums tr\u00e8s parisiens qui ont conquis le monde, et surtout une mode, un style : le sien. Mais, un soir de 1971, l&#8217;une des indomptables du si\u00e8cle tire sa r\u00e9v\u00e9rence. Coco Chanel s&#8217;\u00e9teint seule [&hellip;]<\/p>\n","protected":false},"featured_media":18061,"template":"","meta":[],"product_cat":[2948,2957],"product_tag":[],"acf":[],"yoast_head":"<!-- This site is optimized with the Yoast SEO plugin v20.11 - https:\/\/yoast.com\/wordpress\/plugins\/seo\/ -->\n<title>COCO CHANEL - Librairie 7L<\/title>\n<meta name=\"robots\" content=\"index, follow, max-snippet:-1, max-image-preview:large, max-video-preview:-1\" \/>\n<link rel=\"canonical\" href=\"https:\/\/librairie7l.com\/en\/produit\/coco-chanel-4\/\" \/>\n<meta property=\"og:locale\" content=\"en_US\" \/>\n<meta property=\"og:type\" content=\"article\" \/>\n<meta property=\"og:title\" content=\"COCO CHANEL - Librairie 7L\" \/>\n<meta property=\"og:description\" content=\"Elle a tout invent\u00e9 : les tailleurs gans\u00e9s, les accessoires qui deviennent bijoux, les tenues libert\u00e9 pour des femmes irr\u00e9v\u00e9rencieuses, des parfums tr\u00e8s parisiens qui ont conquis le monde, et surtout une mode, un style : le sien. Mais, un soir de 1971, l&#8217;une des indomptables du si\u00e8cle tire sa r\u00e9v\u00e9rence. Coco Chanel s&#8217;\u00e9teint seule [&hellip;]\" \/>\n<meta property=\"og:url\" content=\"https:\/\/librairie7l.com\/en\/produit\/coco-chanel-4\/\" \/>\n<meta property=\"og:site_name\" content=\"Librairie 7L\" \/>\n<meta property=\"article:modified_time\" content=\"2026-04-26T17:16:59+00:00\" \/>\n<meta property=\"og:image\" content=\"https:\/\/librairie7l.com\/wp-content\/uploads\/1998\/07\/9782080676719_1_75.jpg\" \/>\n\t<meta property=\"og:image:width\" content=\"600\" \/>\n\t<meta property=\"og:image:height\" content=\"935\" \/>\n\t<meta property=\"og:image:type\" content=\"image\/jpeg\" \/>\n<meta name=\"twitter:card\" content=\"summary_large_image\" \/>\n<meta name=\"twitter:label1\" content=\"Est. reading time\" \/>\n\t<meta name=\"twitter:data1\" content=\"2 minutes\" \/>\n<script type=\"application\/ld+json\" class=\"yoast-schema-graph\">{\"@context\":\"https:\/\/schema.org\",\"@graph\":[{\"@type\":\"WebPage\",\"@id\":\"https:\/\/librairie7l.com\/en\/produit\/coco-chanel-4\/\",\"url\":\"https:\/\/librairie7l.com\/en\/produit\/coco-chanel-4\/\",\"name\":\"COCO CHANEL - Librairie 7L\",\"isPartOf\":{\"@id\":\"https:\/\/librairie7l.com\/en\/#website\"},\"datePublished\":\"2023-05-09T15:39:41+00:00\",\"dateModified\":\"2026-04-26T17:16:59+00:00\",\"breadcrumb\":{\"@id\":\"https:\/\/librairie7l.com\/en\/produit\/coco-chanel-4\/#breadcrumb\"},\"inLanguage\":\"en-US\",\"potentialAction\":[{\"@type\":\"ReadAction\",\"target\":[\"https:\/\/librairie7l.com\/en\/produit\/coco-chanel-4\/\"]}]},{\"@type\":\"BreadcrumbList\",\"@id\":\"https:\/\/librairie7l.com\/en\/produit\/coco-chanel-4\/#breadcrumb\",\"itemListElement\":[{\"@type\":\"ListItem\",\"position\":1,\"name\":\"Accueil\",\"item\":\"https:\/\/librairie7l.com\/en\/\"},{\"@type\":\"ListItem\",\"position\":2,\"name\":\"Shop\",\"item\":\"https:\/\/librairie7l.com\/en\/shop\/\"},{\"@type\":\"ListItem\",\"position\":3,\"name\":\"COCO CHANEL\"}]},{\"@type\":\"WebSite\",\"@id\":\"https:\/\/librairie7l.com\/en\/#website\",\"url\":\"https:\/\/librairie7l.com\/en\/\",\"name\":\"Librairie 7L\",\"description\":\"Librairie fond\u00e9e en 1999 par Karl Lagerfeld \u00e0 Paris\",\"publisher\":{\"@id\":\"https:\/\/librairie7l.com\/en\/#organization\"},\"potentialAction\":[{\"@type\":\"SearchAction\",\"target\":{\"@type\":\"EntryPoint\",\"urlTemplate\":\"https:\/\/librairie7l.com\/en\/?s={search_term_string}\"},\"query-input\":\"required name=search_term_string\"}],\"inLanguage\":\"en-US\"},{\"@type\":\"Organization\",\"@id\":\"https:\/\/librairie7l.com\/en\/#organization\",\"name\":\"Librairie 7L\",\"url\":\"https:\/\/librairie7l.com\/en\/\",\"logo\":{\"@type\":\"ImageObject\",\"inLanguage\":\"en-US\",\"@id\":\"https:\/\/librairie7l.com\/en\/#\/schema\/logo\/image\/\",\"url\":\"https:\/\/librairie7l.com\/wp-content\/uploads\/2022\/08\/logo-1.png\",\"contentUrl\":\"https:\/\/librairie7l.com\/wp-content\/uploads\/2022\/08\/logo-1.png\",\"width\":227,\"height\":301,\"caption\":\"Librairie 7L\"},\"image\":{\"@id\":\"https:\/\/librairie7l.com\/en\/#\/schema\/logo\/image\/\"}}]}<\/script>\n<!-- \/ Yoast SEO plugin. -->","yoast_head_json":{"title":"COCO CHANEL - Librairie 7L","robots":{"index":"index","follow":"follow","max-snippet":"max-snippet:-1","max-image-preview":"max-image-preview:large","max-video-preview":"max-video-preview:-1"},"canonical":"https:\/\/librairie7l.com\/en\/produit\/coco-chanel-4\/","og_locale":"en_US","og_type":"article","og_title":"COCO CHANEL - Librairie 7L","og_description":"Elle a tout invent\u00e9 : les tailleurs gans\u00e9s, les accessoires qui deviennent bijoux, les tenues libert\u00e9 pour des femmes irr\u00e9v\u00e9rencieuses, des parfums tr\u00e8s parisiens qui ont conquis le monde, et surtout une mode, un style : le sien. Mais, un soir de 1971, l&#8217;une des indomptables du si\u00e8cle tire sa r\u00e9v\u00e9rence. Coco Chanel s&#8217;\u00e9teint seule [&hellip;]","og_url":"https:\/\/librairie7l.com\/en\/produit\/coco-chanel-4\/","og_site_name":"Librairie 7L","article_modified_time":"2026-04-26T17:16:59+00:00","og_image":[{"width":600,"height":935,"url":"https:\/\/librairie7l.com\/wp-content\/uploads\/1998\/07\/9782080676719_1_75.jpg","type":"image\/jpeg"}],"twitter_card":"summary_large_image","twitter_misc":{"Est. reading time":"2 minutes"},"schema":{"@context":"https:\/\/schema.org","@graph":[{"@type":"WebPage","@id":"https:\/\/librairie7l.com\/en\/produit\/coco-chanel-4\/","url":"https:\/\/librairie7l.com\/en\/produit\/coco-chanel-4\/","name":"COCO CHANEL - Librairie 7L","isPartOf":{"@id":"https:\/\/librairie7l.com\/en\/#website"},"datePublished":"2023-05-09T15:39:41+00:00","dateModified":"2026-04-26T17:16:59+00:00","breadcrumb":{"@id":"https:\/\/librairie7l.com\/en\/produit\/coco-chanel-4\/#breadcrumb"},"inLanguage":"en-US","potentialAction":[{"@type":"ReadAction","target":["https:\/\/librairie7l.com\/en\/produit\/coco-chanel-4\/"]}]},{"@type":"BreadcrumbList","@id":"https:\/\/librairie7l.com\/en\/produit\/coco-chanel-4\/#breadcrumb","itemListElement":[{"@type":"ListItem","position":1,"name":"Accueil","item":"https:\/\/librairie7l.com\/en\/"},{"@type":"ListItem","position":2,"name":"Shop","item":"https:\/\/librairie7l.com\/en\/shop\/"},{"@type":"ListItem","position":3,"name":"COCO CHANEL"}]},{"@type":"WebSite","@id":"https:\/\/librairie7l.com\/en\/#website","url":"https:\/\/librairie7l.com\/en\/","name":"Librairie 7L","description":"Librairie fond\u00e9e en 1999 par Karl Lagerfeld \u00e0 Paris","publisher":{"@id":"https:\/\/librairie7l.com\/en\/#organization"},"potentialAction":[{"@type":"SearchAction","target":{"@type":"EntryPoint","urlTemplate":"https:\/\/librairie7l.com\/en\/?s={search_term_string}"},"query-input":"required name=search_term_string"}],"inLanguage":"en-US"},{"@type":"Organization","@id":"https:\/\/librairie7l.com\/en\/#organization","name":"Librairie 7L","url":"https:\/\/librairie7l.com\/en\/","logo":{"@type":"ImageObject","inLanguage":"en-US","@id":"https:\/\/librairie7l.com\/en\/#\/schema\/logo\/image\/","url":"https:\/\/librairie7l.com\/wp-content\/uploads\/2022\/08\/logo-1.png","contentUrl":"https:\/\/librairie7l.com\/wp-content\/uploads\/2022\/08\/logo-1.png","width":227,"height":301,"caption":"Librairie 7L"},"image":{"@id":"https:\/\/librairie7l.com\/en\/#\/schema\/logo\/image\/"}}]}},"_links":{"self":[{"href":"https:\/\/librairie7l.com\/en\/wp-json\/wp\/v2\/product\/18063"}],"collection":[{"href":"https:\/\/librairie7l.com\/en\/wp-json\/wp\/v2\/product"}],"about":[{"href":"https:\/\/librairie7l.com\/en\/wp-json\/wp\/v2\/types\/product"}],"wp:featuredmedia":[{"embeddable":true,"href":"https:\/\/librairie7l.com\/en\/wp-json\/wp\/v2\/media\/18061"}],"wp:attachment":[{"href":"https:\/\/librairie7l.com\/en\/wp-json\/wp\/v2\/media?parent=18063"}],"wp:term":[{"taxonomy":"product_cat","embeddable":true,"href":"https:\/\/librairie7l.com\/en\/wp-json\/wp\/v2\/product_cat?post=18063"},{"taxonomy":"product_tag","embeddable":true,"href":"https:\/\/librairie7l.com\/en\/wp-json\/wp\/v2\/product_tag?post=18063"}],"curies":[{"name":"wp","href":"https:\/\/api.w.org\/{rel}","templated":true}]}}