{"id":18071,"date":"2023-05-09T17:39:48","date_gmt":"2023-05-09T15:39:48","guid":{"rendered":"https:\/\/librairie7l.com\/?post_type=product&#038;p=18071"},"modified":"2026-05-07T12:39:27","modified_gmt":"2026-05-07T10:39:27","slug":"une-seconde-deternite","status":"publish","type":"product","link":"https:\/\/librairie7l.com\/en\/produit\/une-seconde-deternite\/","title":{"rendered":"UNE SECONDE D&#8217;\u00c9TERNIT\u00c9"},"content":{"rendered":"<p>Nouveau mus\u00e9e parmi le r\u00e9seau de lieux et d&#8217;initiatives d\u00e9velopp\u00e9s depuis 2006 par Fran\u00e7ois Pinault, la Bourse de Commerce &#8211; Pinault Collection propose un point de vue sur les oeuvres contemporaines que le collectionneur rassemble depuis plus de cinquante ans, \u00e0 travers un programme d&#8217;expositions et d&#8217;\u00e9v\u00e9nements. Le regard du collectionneur La collection, un ensemble exceptionnel de plus de 10?000 oeuvres de pr\u00e8s de 350 artistes, est constitu\u00e9e de peintures, de sculptures, de vid\u00e9os, de photographies, d&#8217;oeuvres sonores, d&#8217;installations et de performances. Les artistes dont Fran\u00e7ois Pinault collectionne les oeuvres sont issus de tous les pays et repr\u00e9sentent toutes les g\u00e9n\u00e9rations. Ils explorent tous les territoires de la cr\u00e9ation et t\u00e9moignent de l&#8217;attention toute particuli\u00e8re port\u00e9e par le collectionneur aux courant \u00e9mergents. Cet ensemble, d\u00e9di\u00e9 \u00e0 l&#8217;art des ann\u00e9es 1960 \u00e0 nos jours, offre un regard sur l&#8217;art de notre temps, le regard d&#8217;un passionn\u00e9, un regard subjectif, qui contribue \u00e0 saisir notre \u00e9poque. Un parcours sans cesse renouvel\u00e9, une collection en mouvement La collection est pr\u00e9sent\u00e9e \u00e0 travers un programme dynamique d&#8217;accrochages temporaires r\u00e9guli\u00e8rement renouvel\u00e9s?: expositions th\u00e9matiques \u00e0 partir des oeuvres de la collection, expositions consacr\u00e9es \u00e0 des artistes pr\u00e9sents dans la collection, mais aussi cartes blanches, projets sp\u00e9cifiques et commandes. La Bourse de Commerce &#8211; Pinault Collection offre dix espaces d&#8217;exposition dont le Studio, consacr\u00e9 aux oeuvres sonores, vid\u00e9o, et aux formes plus libres, des espaces de m\u00e9diation, mais aussi un auditorium accueillant conf\u00e9rences, rencontres, projections, concerts et \u00e9v\u00e9nements. Ouverte \u00e0 tous les publics et \u00e0 toutes les disciplines artistiques, aux oeuvres qui font d\u00e9j\u00e0 l&#8217;histoire de l&#8217;art contemporain comme aux artistes les plus \u00e9mergents, la Bourse de Commerce &#8211; Pinault Collection accueille les connaisseurs comme les d\u00e9couvreurs et les curieux. Elle leur propose de s&#8217;ouvrir \u00e0 l&#8217;art et \u00e0 l&#8217;histoire de l&#8217;art contemporain, quel que soit leur niveau de relation \u00e0 la cr\u00e9ation ou leur exp\u00e9rience, quelles que soient leur expertise et leur compr\u00e9hension des oeuvres. Cycle \u00ab?Une seconde d&#8217;\u00e9ternit\u00e9?\u00bb La mise en lumi\u00e8re des affinit\u00e9s cr\u00e9atives, d&#8217;hommage ou d&#8217;influence plus ou moins explicit\u00e9, est au coeur du projet de la Collection Pinault. Ces relations souvent confidentielles sont des cl\u00e9s structurelles d\u00e9cisives pour comprendre le travail des artistes L&#8217;exposition inaugurale \u00ab?Ouverture?\u00bb avait d\u00e9j\u00e0 soulign\u00e9 ces affinit\u00e9s spirituelles et artistiques en exposant Peter Doig et son ancien \u00e9tudiant Florian Krewer, Lili Reynaud Dewar et l&#8217;une de ses inspiratrices Martha Wilson, Luc Tuymans et Kerry James Marshall, ou encore le portrait en cire de Rudolf Stingel r\u00e9alis\u00e9 par Urs Fischer.<\/p>\n","protected":false},"excerpt":{"rendered":"<p>Nouveau mus\u00e9e parmi le r\u00e9seau de lieux et d&#8217;initiatives d\u00e9velopp\u00e9s depuis 2006 par Fran\u00e7ois Pinault, la Bourse de Commerce &#8211; Pinault Collection propose un point de vue sur les oeuvres contemporaines que le collectionneur rassemble depuis plus de cinquante ans, \u00e0 travers un programme d&#8217;expositions et d&#8217;\u00e9v\u00e9nements. Le regard du collectionneur La collection, un ensemble [&hellip;]<\/p>\n","protected":false},"featured_media":18069,"template":"","meta":[],"product_cat":[2948,2953],"product_tag":[],"acf":[],"yoast_head":"<!-- This site is optimized with the Yoast SEO plugin v20.11 - https:\/\/yoast.com\/wordpress\/plugins\/seo\/ -->\n<title>UNE SECONDE D&#039;\u00c9TERNIT\u00c9 - Librairie 7L<\/title>\n<meta name=\"robots\" content=\"index, follow, max-snippet:-1, max-image-preview:large, max-video-preview:-1\" \/>\n<link rel=\"canonical\" href=\"https:\/\/librairie7l.com\/en\/produit\/une-seconde-deternite\/\" \/>\n<meta property=\"og:locale\" content=\"en_US\" \/>\n<meta property=\"og:type\" content=\"article\" \/>\n<meta property=\"og:title\" content=\"UNE SECONDE D&#039;\u00c9TERNIT\u00c9 - Librairie 7L\" \/>\n<meta property=\"og:description\" content=\"Nouveau mus\u00e9e parmi le r\u00e9seau de lieux et d&#8217;initiatives d\u00e9velopp\u00e9s depuis 2006 par Fran\u00e7ois Pinault, la Bourse de Commerce &#8211; Pinault Collection propose un point de vue sur les oeuvres contemporaines que le collectionneur rassemble depuis plus de cinquante ans, \u00e0 travers un programme d&#8217;expositions et d&#8217;\u00e9v\u00e9nements. Le regard du collectionneur La collection, un ensemble [&hellip;]\" \/>\n<meta property=\"og:url\" content=\"https:\/\/librairie7l.com\/en\/produit\/une-seconde-deternite\/\" \/>\n<meta property=\"og:site_name\" content=\"Librairie 7L\" \/>\n<meta property=\"article:modified_time\" content=\"2026-05-07T10:39:27+00:00\" \/>\n<meta property=\"og:image\" content=\"https:\/\/librairie7l.com\/wp-content\/uploads\/2022\/06\/9782373721508_1_75.jpg\" \/>\n\t<meta property=\"og:image:width\" content=\"387\" \/>\n\t<meta property=\"og:image:height\" content=\"629\" \/>\n\t<meta property=\"og:image:type\" content=\"image\/jpeg\" \/>\n<meta name=\"twitter:card\" content=\"summary_large_image\" \/>\n<meta name=\"twitter:label1\" content=\"Est. reading time\" \/>\n\t<meta name=\"twitter:data1\" content=\"2 minutes\" \/>\n<script type=\"application\/ld+json\" class=\"yoast-schema-graph\">{\"@context\":\"https:\/\/schema.org\",\"@graph\":[{\"@type\":\"WebPage\",\"@id\":\"https:\/\/librairie7l.com\/en\/produit\/une-seconde-deternite\/\",\"url\":\"https:\/\/librairie7l.com\/en\/produit\/une-seconde-deternite\/\",\"name\":\"UNE SECONDE D'\u00c9TERNIT\u00c9 - Librairie 7L\",\"isPartOf\":{\"@id\":\"https:\/\/librairie7l.com\/en\/#website\"},\"datePublished\":\"2023-05-09T15:39:48+00:00\",\"dateModified\":\"2026-05-07T10:39:27+00:00\",\"breadcrumb\":{\"@id\":\"https:\/\/librairie7l.com\/en\/produit\/une-seconde-deternite\/#breadcrumb\"},\"inLanguage\":\"en-US\",\"potentialAction\":[{\"@type\":\"ReadAction\",\"target\":[\"https:\/\/librairie7l.com\/en\/produit\/une-seconde-deternite\/\"]}]},{\"@type\":\"BreadcrumbList\",\"@id\":\"https:\/\/librairie7l.com\/en\/produit\/une-seconde-deternite\/#breadcrumb\",\"itemListElement\":[{\"@type\":\"ListItem\",\"position\":1,\"name\":\"Accueil\",\"item\":\"https:\/\/librairie7l.com\/en\/\"},{\"@type\":\"ListItem\",\"position\":2,\"name\":\"Shop\",\"item\":\"https:\/\/librairie7l.com\/en\/shop\/\"},{\"@type\":\"ListItem\",\"position\":3,\"name\":\"UNE SECONDE D&#8217;\u00c9TERNIT\u00c9\"}]},{\"@type\":\"WebSite\",\"@id\":\"https:\/\/librairie7l.com\/en\/#website\",\"url\":\"https:\/\/librairie7l.com\/en\/\",\"name\":\"Librairie 7L\",\"description\":\"Librairie fond\u00e9e en 1999 par Karl Lagerfeld \u00e0 Paris\",\"publisher\":{\"@id\":\"https:\/\/librairie7l.com\/en\/#organization\"},\"potentialAction\":[{\"@type\":\"SearchAction\",\"target\":{\"@type\":\"EntryPoint\",\"urlTemplate\":\"https:\/\/librairie7l.com\/en\/?s={search_term_string}\"},\"query-input\":\"required name=search_term_string\"}],\"inLanguage\":\"en-US\"},{\"@type\":\"Organization\",\"@id\":\"https:\/\/librairie7l.com\/en\/#organization\",\"name\":\"Librairie 7L\",\"url\":\"https:\/\/librairie7l.com\/en\/\",\"logo\":{\"@type\":\"ImageObject\",\"inLanguage\":\"en-US\",\"@id\":\"https:\/\/librairie7l.com\/en\/#\/schema\/logo\/image\/\",\"url\":\"https:\/\/librairie7l.com\/wp-content\/uploads\/2022\/08\/logo-1.png\",\"contentUrl\":\"https:\/\/librairie7l.com\/wp-content\/uploads\/2022\/08\/logo-1.png\",\"width\":227,\"height\":301,\"caption\":\"Librairie 7L\"},\"image\":{\"@id\":\"https:\/\/librairie7l.com\/en\/#\/schema\/logo\/image\/\"}}]}<\/script>\n<!-- \/ Yoast SEO plugin. -->","yoast_head_json":{"title":"UNE SECONDE D'\u00c9TERNIT\u00c9 - Librairie 7L","robots":{"index":"index","follow":"follow","max-snippet":"max-snippet:-1","max-image-preview":"max-image-preview:large","max-video-preview":"max-video-preview:-1"},"canonical":"https:\/\/librairie7l.com\/en\/produit\/une-seconde-deternite\/","og_locale":"en_US","og_type":"article","og_title":"UNE SECONDE D'\u00c9TERNIT\u00c9 - Librairie 7L","og_description":"Nouveau mus\u00e9e parmi le r\u00e9seau de lieux et d&#8217;initiatives d\u00e9velopp\u00e9s depuis 2006 par Fran\u00e7ois Pinault, la Bourse de Commerce &#8211; Pinault Collection propose un point de vue sur les oeuvres contemporaines que le collectionneur rassemble depuis plus de cinquante ans, \u00e0 travers un programme d&#8217;expositions et d&#8217;\u00e9v\u00e9nements. Le regard du collectionneur La collection, un ensemble [&hellip;]","og_url":"https:\/\/librairie7l.com\/en\/produit\/une-seconde-deternite\/","og_site_name":"Librairie 7L","article_modified_time":"2026-05-07T10:39:27+00:00","og_image":[{"width":387,"height":629,"url":"https:\/\/librairie7l.com\/wp-content\/uploads\/2022\/06\/9782373721508_1_75.jpg","type":"image\/jpeg"}],"twitter_card":"summary_large_image","twitter_misc":{"Est. reading time":"2 minutes"},"schema":{"@context":"https:\/\/schema.org","@graph":[{"@type":"WebPage","@id":"https:\/\/librairie7l.com\/en\/produit\/une-seconde-deternite\/","url":"https:\/\/librairie7l.com\/en\/produit\/une-seconde-deternite\/","name":"UNE SECONDE D'\u00c9TERNIT\u00c9 - Librairie 7L","isPartOf":{"@id":"https:\/\/librairie7l.com\/en\/#website"},"datePublished":"2023-05-09T15:39:48+00:00","dateModified":"2026-05-07T10:39:27+00:00","breadcrumb":{"@id":"https:\/\/librairie7l.com\/en\/produit\/une-seconde-deternite\/#breadcrumb"},"inLanguage":"en-US","potentialAction":[{"@type":"ReadAction","target":["https:\/\/librairie7l.com\/en\/produit\/une-seconde-deternite\/"]}]},{"@type":"BreadcrumbList","@id":"https:\/\/librairie7l.com\/en\/produit\/une-seconde-deternite\/#breadcrumb","itemListElement":[{"@type":"ListItem","position":1,"name":"Accueil","item":"https:\/\/librairie7l.com\/en\/"},{"@type":"ListItem","position":2,"name":"Shop","item":"https:\/\/librairie7l.com\/en\/shop\/"},{"@type":"ListItem","position":3,"name":"UNE SECONDE D&#8217;\u00c9TERNIT\u00c9"}]},{"@type":"WebSite","@id":"https:\/\/librairie7l.com\/en\/#website","url":"https:\/\/librairie7l.com\/en\/","name":"Librairie 7L","description":"Librairie fond\u00e9e en 1999 par Karl Lagerfeld \u00e0 Paris","publisher":{"@id":"https:\/\/librairie7l.com\/en\/#organization"},"potentialAction":[{"@type":"SearchAction","target":{"@type":"EntryPoint","urlTemplate":"https:\/\/librairie7l.com\/en\/?s={search_term_string}"},"query-input":"required name=search_term_string"}],"inLanguage":"en-US"},{"@type":"Organization","@id":"https:\/\/librairie7l.com\/en\/#organization","name":"Librairie 7L","url":"https:\/\/librairie7l.com\/en\/","logo":{"@type":"ImageObject","inLanguage":"en-US","@id":"https:\/\/librairie7l.com\/en\/#\/schema\/logo\/image\/","url":"https:\/\/librairie7l.com\/wp-content\/uploads\/2022\/08\/logo-1.png","contentUrl":"https:\/\/librairie7l.com\/wp-content\/uploads\/2022\/08\/logo-1.png","width":227,"height":301,"caption":"Librairie 7L"},"image":{"@id":"https:\/\/librairie7l.com\/en\/#\/schema\/logo\/image\/"}}]}},"_links":{"self":[{"href":"https:\/\/librairie7l.com\/en\/wp-json\/wp\/v2\/product\/18071"}],"collection":[{"href":"https:\/\/librairie7l.com\/en\/wp-json\/wp\/v2\/product"}],"about":[{"href":"https:\/\/librairie7l.com\/en\/wp-json\/wp\/v2\/types\/product"}],"wp:featuredmedia":[{"embeddable":true,"href":"https:\/\/librairie7l.com\/en\/wp-json\/wp\/v2\/media\/18069"}],"wp:attachment":[{"href":"https:\/\/librairie7l.com\/en\/wp-json\/wp\/v2\/media?parent=18071"}],"wp:term":[{"taxonomy":"product_cat","embeddable":true,"href":"https:\/\/librairie7l.com\/en\/wp-json\/wp\/v2\/product_cat?post=18071"},{"taxonomy":"product_tag","embeddable":true,"href":"https:\/\/librairie7l.com\/en\/wp-json\/wp\/v2\/product_tag?post=18071"}],"curies":[{"name":"wp","href":"https:\/\/api.w.org\/{rel}","templated":true}]}}