{"id":18079,"date":"2023-05-09T17:39:54","date_gmt":"2023-05-09T15:39:54","guid":{"rendered":"https:\/\/librairie7l.com\/?post_type=product&#038;p=18079"},"modified":"2026-04-18T15:18:28","modified_gmt":"2026-04-18T13:18:28","slug":"voyages-de-memoire","status":"publish","type":"product","link":"https:\/\/librairie7l.com\/en\/produit\/voyages-de-memoire\/","title":{"rendered":"VOYAGES DE M\u00c9MOIRE"},"content":{"rendered":"<p>L&#8217;oeuvre photographique de Patrick Zachmann, membre de l&#8217;agence Magnum, est complexe et dense. Elle se lit notamment \u00e0 la lumi\u00e8re de plusieurs th\u00e8mes r\u00e9currents qui la traverse. Le premier, et l&#8217;un des plus importants, est la question de l&#8217;identit\u00e9 juive. Cette identit\u00e9, il va la chercher, l&#8217;explorer, la d\u00e9couvrir, partant pour cela en introspection dans sa propre famille, puis dans diff\u00e9rents pays d&#8217;Europe, \u00e0 un rassemblement des rescap\u00e9s des camps ou aupr\u00e8s d&#8217;une communaut\u00e9 parisienne. Ce travail interroge la notion m\u00eame d&#8217;une communaut\u00e9, d&#8217;une identit\u00e9, aussi forte que celle juive. De ses r\u00e9flexions naitrons d&#8217;autres chemins que le photographe empreinte ais\u00e9ment, comme ceux de l&#8217;exil ou de la disparition. Il ne s&#8217;attache en effet pas uniquement \u00e0 l&#8217;identit\u00e9 juive, mais photographie \u00e9galement l&#8217;Afrique du Sud et ses rassemblements antinazis, le Rwanda et les survivants du g\u00e9nocide, ou encore la disparition des personnes pendant la dictature chilienne. Dans ce corpus en noir et blanc et en couleur, Zachmann pointe les fragilit\u00e9s de nos relations aux autres, tout en revisitant son oeuvre. Voyages de m\u00e9moire est la nouvelle grande r\u00e9trospective du travail de Patrick Zachmann, depuis So Long, China (EXB, 2016) \u00e0 la Maison Europ\u00e9enne de la Photographie, \u00e0 Paris.<\/p>\n","protected":false},"excerpt":{"rendered":"<p>L&#8217;oeuvre photographique de Patrick Zachmann, membre de l&#8217;agence Magnum, est complexe et dense. Elle se lit notamment \u00e0 la lumi\u00e8re de plusieurs th\u00e8mes r\u00e9currents qui la traverse. Le premier, et l&#8217;un des plus importants, est la question de l&#8217;identit\u00e9 juive. Cette identit\u00e9, il va la chercher, l&#8217;explorer, la d\u00e9couvrir, partant pour cela en introspection dans [&hellip;]<\/p>\n","protected":false},"featured_media":18077,"template":"","meta":[],"product_cat":[2948,2958],"product_tag":[],"acf":[],"yoast_head":"<!-- This site is optimized with the Yoast SEO plugin v20.11 - https:\/\/yoast.com\/wordpress\/plugins\/seo\/ -->\n<title>VOYAGES DE M\u00c9MOIRE - Librairie 7L<\/title>\n<meta name=\"robots\" content=\"index, follow, max-snippet:-1, max-image-preview:large, max-video-preview:-1\" \/>\n<link rel=\"canonical\" href=\"https:\/\/librairie7l.com\/en\/produit\/voyages-de-memoire\/\" \/>\n<meta property=\"og:locale\" content=\"en_US\" \/>\n<meta property=\"og:type\" content=\"article\" \/>\n<meta property=\"og:title\" content=\"VOYAGES DE M\u00c9MOIRE - Librairie 7L\" \/>\n<meta property=\"og:description\" content=\"L&#8217;oeuvre photographique de Patrick Zachmann, membre de l&#8217;agence Magnum, est complexe et dense. Elle se lit notamment \u00e0 la lumi\u00e8re de plusieurs th\u00e8mes r\u00e9currents qui la traverse. Le premier, et l&#8217;un des plus importants, est la question de l&#8217;identit\u00e9 juive. Cette identit\u00e9, il va la chercher, l&#8217;explorer, la d\u00e9couvrir, partant pour cela en introspection dans [&hellip;]\" \/>\n<meta property=\"og:url\" content=\"https:\/\/librairie7l.com\/en\/produit\/voyages-de-memoire\/\" \/>\n<meta property=\"og:site_name\" content=\"Librairie 7L\" \/>\n<meta property=\"article:modified_time\" content=\"2026-04-18T13:18:28+00:00\" \/>\n<meta property=\"og:image\" content=\"https:\/\/librairie7l.com\/wp-content\/uploads\/2021\/11\/9782365113076_1_75.jpg\" \/>\n\t<meta property=\"og:image:width\" content=\"400\" \/>\n\t<meta property=\"og:image:height\" content=\"605\" \/>\n\t<meta property=\"og:image:type\" content=\"image\/jpeg\" \/>\n<meta name=\"twitter:card\" content=\"summary_large_image\" \/>\n<meta name=\"twitter:label1\" content=\"Est. reading time\" \/>\n\t<meta name=\"twitter:data1\" content=\"1 minute\" \/>\n<script type=\"application\/ld+json\" class=\"yoast-schema-graph\">{\"@context\":\"https:\/\/schema.org\",\"@graph\":[{\"@type\":\"WebPage\",\"@id\":\"https:\/\/librairie7l.com\/en\/produit\/voyages-de-memoire\/\",\"url\":\"https:\/\/librairie7l.com\/en\/produit\/voyages-de-memoire\/\",\"name\":\"VOYAGES DE M\u00c9MOIRE - Librairie 7L\",\"isPartOf\":{\"@id\":\"https:\/\/librairie7l.com\/en\/#website\"},\"datePublished\":\"2023-05-09T15:39:54+00:00\",\"dateModified\":\"2026-04-18T13:18:28+00:00\",\"breadcrumb\":{\"@id\":\"https:\/\/librairie7l.com\/en\/produit\/voyages-de-memoire\/#breadcrumb\"},\"inLanguage\":\"en-US\",\"potentialAction\":[{\"@type\":\"ReadAction\",\"target\":[\"https:\/\/librairie7l.com\/en\/produit\/voyages-de-memoire\/\"]}]},{\"@type\":\"BreadcrumbList\",\"@id\":\"https:\/\/librairie7l.com\/en\/produit\/voyages-de-memoire\/#breadcrumb\",\"itemListElement\":[{\"@type\":\"ListItem\",\"position\":1,\"name\":\"Accueil\",\"item\":\"https:\/\/librairie7l.com\/en\/\"},{\"@type\":\"ListItem\",\"position\":2,\"name\":\"Shop\",\"item\":\"https:\/\/librairie7l.com\/en\/shop\/\"},{\"@type\":\"ListItem\",\"position\":3,\"name\":\"VOYAGES DE M\u00c9MOIRE\"}]},{\"@type\":\"WebSite\",\"@id\":\"https:\/\/librairie7l.com\/en\/#website\",\"url\":\"https:\/\/librairie7l.com\/en\/\",\"name\":\"Librairie 7L\",\"description\":\"Librairie fond\u00e9e en 1999 par Karl Lagerfeld \u00e0 Paris\",\"publisher\":{\"@id\":\"https:\/\/librairie7l.com\/en\/#organization\"},\"potentialAction\":[{\"@type\":\"SearchAction\",\"target\":{\"@type\":\"EntryPoint\",\"urlTemplate\":\"https:\/\/librairie7l.com\/en\/?s={search_term_string}\"},\"query-input\":\"required name=search_term_string\"}],\"inLanguage\":\"en-US\"},{\"@type\":\"Organization\",\"@id\":\"https:\/\/librairie7l.com\/en\/#organization\",\"name\":\"Librairie 7L\",\"url\":\"https:\/\/librairie7l.com\/en\/\",\"logo\":{\"@type\":\"ImageObject\",\"inLanguage\":\"en-US\",\"@id\":\"https:\/\/librairie7l.com\/en\/#\/schema\/logo\/image\/\",\"url\":\"https:\/\/librairie7l.com\/wp-content\/uploads\/2022\/08\/logo-1.png\",\"contentUrl\":\"https:\/\/librairie7l.com\/wp-content\/uploads\/2022\/08\/logo-1.png\",\"width\":227,\"height\":301,\"caption\":\"Librairie 7L\"},\"image\":{\"@id\":\"https:\/\/librairie7l.com\/en\/#\/schema\/logo\/image\/\"}}]}<\/script>\n<!-- \/ Yoast SEO plugin. -->","yoast_head_json":{"title":"VOYAGES DE M\u00c9MOIRE - Librairie 7L","robots":{"index":"index","follow":"follow","max-snippet":"max-snippet:-1","max-image-preview":"max-image-preview:large","max-video-preview":"max-video-preview:-1"},"canonical":"https:\/\/librairie7l.com\/en\/produit\/voyages-de-memoire\/","og_locale":"en_US","og_type":"article","og_title":"VOYAGES DE M\u00c9MOIRE - Librairie 7L","og_description":"L&#8217;oeuvre photographique de Patrick Zachmann, membre de l&#8217;agence Magnum, est complexe et dense. Elle se lit notamment \u00e0 la lumi\u00e8re de plusieurs th\u00e8mes r\u00e9currents qui la traverse. Le premier, et l&#8217;un des plus importants, est la question de l&#8217;identit\u00e9 juive. Cette identit\u00e9, il va la chercher, l&#8217;explorer, la d\u00e9couvrir, partant pour cela en introspection dans [&hellip;]","og_url":"https:\/\/librairie7l.com\/en\/produit\/voyages-de-memoire\/","og_site_name":"Librairie 7L","article_modified_time":"2026-04-18T13:18:28+00:00","og_image":[{"width":400,"height":605,"url":"https:\/\/librairie7l.com\/wp-content\/uploads\/2021\/11\/9782365113076_1_75.jpg","type":"image\/jpeg"}],"twitter_card":"summary_large_image","twitter_misc":{"Est. reading time":"1 minute"},"schema":{"@context":"https:\/\/schema.org","@graph":[{"@type":"WebPage","@id":"https:\/\/librairie7l.com\/en\/produit\/voyages-de-memoire\/","url":"https:\/\/librairie7l.com\/en\/produit\/voyages-de-memoire\/","name":"VOYAGES DE M\u00c9MOIRE - Librairie 7L","isPartOf":{"@id":"https:\/\/librairie7l.com\/en\/#website"},"datePublished":"2023-05-09T15:39:54+00:00","dateModified":"2026-04-18T13:18:28+00:00","breadcrumb":{"@id":"https:\/\/librairie7l.com\/en\/produit\/voyages-de-memoire\/#breadcrumb"},"inLanguage":"en-US","potentialAction":[{"@type":"ReadAction","target":["https:\/\/librairie7l.com\/en\/produit\/voyages-de-memoire\/"]}]},{"@type":"BreadcrumbList","@id":"https:\/\/librairie7l.com\/en\/produit\/voyages-de-memoire\/#breadcrumb","itemListElement":[{"@type":"ListItem","position":1,"name":"Accueil","item":"https:\/\/librairie7l.com\/en\/"},{"@type":"ListItem","position":2,"name":"Shop","item":"https:\/\/librairie7l.com\/en\/shop\/"},{"@type":"ListItem","position":3,"name":"VOYAGES DE M\u00c9MOIRE"}]},{"@type":"WebSite","@id":"https:\/\/librairie7l.com\/en\/#website","url":"https:\/\/librairie7l.com\/en\/","name":"Librairie 7L","description":"Librairie fond\u00e9e en 1999 par Karl Lagerfeld \u00e0 Paris","publisher":{"@id":"https:\/\/librairie7l.com\/en\/#organization"},"potentialAction":[{"@type":"SearchAction","target":{"@type":"EntryPoint","urlTemplate":"https:\/\/librairie7l.com\/en\/?s={search_term_string}"},"query-input":"required name=search_term_string"}],"inLanguage":"en-US"},{"@type":"Organization","@id":"https:\/\/librairie7l.com\/en\/#organization","name":"Librairie 7L","url":"https:\/\/librairie7l.com\/en\/","logo":{"@type":"ImageObject","inLanguage":"en-US","@id":"https:\/\/librairie7l.com\/en\/#\/schema\/logo\/image\/","url":"https:\/\/librairie7l.com\/wp-content\/uploads\/2022\/08\/logo-1.png","contentUrl":"https:\/\/librairie7l.com\/wp-content\/uploads\/2022\/08\/logo-1.png","width":227,"height":301,"caption":"Librairie 7L"},"image":{"@id":"https:\/\/librairie7l.com\/en\/#\/schema\/logo\/image\/"}}]}},"_links":{"self":[{"href":"https:\/\/librairie7l.com\/en\/wp-json\/wp\/v2\/product\/18079"}],"collection":[{"href":"https:\/\/librairie7l.com\/en\/wp-json\/wp\/v2\/product"}],"about":[{"href":"https:\/\/librairie7l.com\/en\/wp-json\/wp\/v2\/types\/product"}],"wp:featuredmedia":[{"embeddable":true,"href":"https:\/\/librairie7l.com\/en\/wp-json\/wp\/v2\/media\/18077"}],"wp:attachment":[{"href":"https:\/\/librairie7l.com\/en\/wp-json\/wp\/v2\/media?parent=18079"}],"wp:term":[{"taxonomy":"product_cat","embeddable":true,"href":"https:\/\/librairie7l.com\/en\/wp-json\/wp\/v2\/product_cat?post=18079"},{"taxonomy":"product_tag","embeddable":true,"href":"https:\/\/librairie7l.com\/en\/wp-json\/wp\/v2\/product_tag?post=18079"}],"curies":[{"name":"wp","href":"https:\/\/api.w.org\/{rel}","templated":true}]}}