{"id":18087,"date":"2023-05-09T17:40:01","date_gmt":"2023-05-09T15:40:01","guid":{"rendered":"https:\/\/librairie7l.com\/?post_type=product&#038;p=18087"},"modified":"2026-04-19T18:04:23","modified_gmt":"2026-04-19T16:04:23","slug":"marcelle-cahn-en-quete-despace","status":"publish","type":"product","link":"https:\/\/librairie7l.com\/en\/produit\/marcelle-cahn-en-quete-despace\/","title":{"rendered":"MARCELLE CAHN : EN QU\u00caTE D&#8217;ESPACE"},"content":{"rendered":"<p>Marcelle Cahn est rest\u00e9e jusqu&#8217;\u00e0 aujourd&#8217;hui dans l&#8217;ombre des grands noms de l&#8217;art moderne. Elle participe pourtant \u00e0 part enti\u00e8re \u00e0 la naissance et au d\u00e9veloppement de l&#8217;abstraction, en cherchant obstin\u00e9ment une voie propre. Cette monographie fait d\u00e9couvrir une oeuvre exigeante et personnelle et le parcours d&#8217;une \u00ab femme discr\u00e8te \u00bb dans l&#8217;agitation des avant-gardes.<br \/>\nMarcelle Cahn est une peintre et sculpteuse d&#8217;origine strasbourgeoise, n\u00e9e \u00e0 la jonction de deux si\u00e8cles et de deux cultures, fran\u00e7aise et allemande, juive par son p\u00e8re, catholique reconvertie par sa m\u00e8re, port\u00e9e par la musique et le th\u00e9\u00e2tre avant d&#8217;\u00e9lire la peinture comme champ d&#8217;expression. Expressionnisme, cubisme, purisme, dada, surr\u00e9alisme, art concret, abstraction lyrique et g\u00e9om\u00e9trique, Marcelle Cahn a travers\u00e9 les courants artistiques les plus importants du XXe si\u00e8cle sans appartenir \u00e0 aucune \u00e9cole. \u00c9l\u00e8ve de Lovis Corinth puis de Fernand L\u00e9ger, elle a particip\u00e9 r\u00e9guli\u00e8rement aux expositions du groupe Cercle et Carr\u00e9, puis Abstraction et Cr\u00e9ation et l&#8217;Art concret, ainsi qu&#8217;au Salon des r\u00e9alit\u00e9s nouvelles. Estim\u00e9e de ses pairs, reconnue par la critique, expos\u00e9e d\u00e8s l&#8217;ann\u00e9e 1925, elle reste dans l&#8217;ombre des grands noms de l&#8217;art moderne.<br \/>\nLe catalogue de l&#8217;exposition pr\u00e9sent\u00e9e au mus\u00e9e d&#8217;Art moderne et contemporain de Strasbourg puis au mus\u00e9e d&#8217;art moderne de Saint-Etienne a pour ambition de rassembler et analyser pour la premi\u00e8re fois les oeuvres les plus embl\u00e9matiques de Marcelle Cahn en couvrant toutes les p\u00e9riodes et supports de cr\u00e9ation et en restituant les diff\u00e9rents contextes artistiques au sein desquels l&#8217;artiste a \u00e9volu\u00e9, de l&#8217;expressionnisme allemand du d\u00e9but du XXe si\u00e8cle aux principaux courants de l&#8217;abstraction g\u00e9om\u00e9trique et lyrique. Il s&#8217;agit de faire d\u00e9couvrir une oeuvre \u00e0 la fois rigoureuse et exigeante, po\u00e9tique et libre, mais aussi une personnalit\u00e9 singuli\u00e8re, cultiv\u00e9e, g\u00e9n\u00e9reuse, discr\u00e8te et pleine de fantaisie.<br \/>\nAvec les contributions, entre autres, de Serge Lemoine et Bernard Ceysson.<\/p>\n","protected":false},"excerpt":{"rendered":"<p>Marcelle Cahn est rest\u00e9e jusqu&#8217;\u00e0 aujourd&#8217;hui dans l&#8217;ombre des grands noms de l&#8217;art moderne. Elle participe pourtant \u00e0 part enti\u00e8re \u00e0 la naissance et au d\u00e9veloppement de l&#8217;abstraction, en cherchant obstin\u00e9ment une voie propre. Cette monographie fait d\u00e9couvrir une oeuvre exigeante et personnelle et le parcours d&#8217;une \u00ab femme discr\u00e8te \u00bb dans l&#8217;agitation des avant-gardes. [&hellip;]<\/p>\n","protected":false},"featured_media":18085,"template":"","meta":[],"product_cat":[2948,2953],"product_tag":[],"acf":[],"yoast_head":"<!-- This site is optimized with the Yoast SEO plugin v20.11 - https:\/\/yoast.com\/wordpress\/plugins\/seo\/ -->\n<title>MARCELLE CAHN : EN QU\u00caTE D&#039;ESPACE - Librairie 7L<\/title>\n<meta name=\"robots\" content=\"index, follow, max-snippet:-1, max-image-preview:large, max-video-preview:-1\" \/>\n<link rel=\"canonical\" href=\"https:\/\/librairie7l.com\/en\/produit\/marcelle-cahn-en-quete-despace\/\" \/>\n<meta property=\"og:locale\" content=\"en_US\" \/>\n<meta property=\"og:type\" content=\"article\" \/>\n<meta property=\"og:title\" content=\"MARCELLE CAHN : EN QU\u00caTE D&#039;ESPACE - Librairie 7L\" \/>\n<meta property=\"og:description\" content=\"Marcelle Cahn est rest\u00e9e jusqu&#8217;\u00e0 aujourd&#8217;hui dans l&#8217;ombre des grands noms de l&#8217;art moderne. Elle participe pourtant \u00e0 part enti\u00e8re \u00e0 la naissance et au d\u00e9veloppement de l&#8217;abstraction, en cherchant obstin\u00e9ment une voie propre. Cette monographie fait d\u00e9couvrir une oeuvre exigeante et personnelle et le parcours d&#8217;une \u00ab femme discr\u00e8te \u00bb dans l&#8217;agitation des avant-gardes. [&hellip;]\" \/>\n<meta property=\"og:url\" content=\"https:\/\/librairie7l.com\/en\/produit\/marcelle-cahn-en-quete-despace\/\" \/>\n<meta property=\"og:site_name\" content=\"Librairie 7L\" \/>\n<meta property=\"article:modified_time\" content=\"2026-04-19T16:04:23+00:00\" \/>\n<meta property=\"og:image\" content=\"https:\/\/librairie7l.com\/wp-content\/uploads\/2022\/05\/9782351252109_1_75.jpg\" \/>\n\t<meta property=\"og:image:width\" content=\"400\" \/>\n\t<meta property=\"og:image:height\" content=\"503\" \/>\n\t<meta property=\"og:image:type\" content=\"image\/jpeg\" \/>\n<meta name=\"twitter:card\" content=\"summary_large_image\" \/>\n<meta name=\"twitter:label1\" content=\"Est. reading time\" \/>\n\t<meta name=\"twitter:data1\" content=\"2 minutes\" \/>\n<script type=\"application\/ld+json\" class=\"yoast-schema-graph\">{\"@context\":\"https:\/\/schema.org\",\"@graph\":[{\"@type\":\"WebPage\",\"@id\":\"https:\/\/librairie7l.com\/en\/produit\/marcelle-cahn-en-quete-despace\/\",\"url\":\"https:\/\/librairie7l.com\/en\/produit\/marcelle-cahn-en-quete-despace\/\",\"name\":\"MARCELLE CAHN : EN QU\u00caTE D'ESPACE - Librairie 7L\",\"isPartOf\":{\"@id\":\"https:\/\/librairie7l.com\/en\/#website\"},\"datePublished\":\"2023-05-09T15:40:01+00:00\",\"dateModified\":\"2026-04-19T16:04:23+00:00\",\"breadcrumb\":{\"@id\":\"https:\/\/librairie7l.com\/en\/produit\/marcelle-cahn-en-quete-despace\/#breadcrumb\"},\"inLanguage\":\"en-US\",\"potentialAction\":[{\"@type\":\"ReadAction\",\"target\":[\"https:\/\/librairie7l.com\/en\/produit\/marcelle-cahn-en-quete-despace\/\"]}]},{\"@type\":\"BreadcrumbList\",\"@id\":\"https:\/\/librairie7l.com\/en\/produit\/marcelle-cahn-en-quete-despace\/#breadcrumb\",\"itemListElement\":[{\"@type\":\"ListItem\",\"position\":1,\"name\":\"Accueil\",\"item\":\"https:\/\/librairie7l.com\/en\/\"},{\"@type\":\"ListItem\",\"position\":2,\"name\":\"Shop\",\"item\":\"https:\/\/librairie7l.com\/en\/shop\/\"},{\"@type\":\"ListItem\",\"position\":3,\"name\":\"MARCELLE CAHN : EN QU\u00caTE D&#8217;ESPACE\"}]},{\"@type\":\"WebSite\",\"@id\":\"https:\/\/librairie7l.com\/en\/#website\",\"url\":\"https:\/\/librairie7l.com\/en\/\",\"name\":\"Librairie 7L\",\"description\":\"Librairie fond\u00e9e en 1999 par Karl Lagerfeld \u00e0 Paris\",\"publisher\":{\"@id\":\"https:\/\/librairie7l.com\/en\/#organization\"},\"potentialAction\":[{\"@type\":\"SearchAction\",\"target\":{\"@type\":\"EntryPoint\",\"urlTemplate\":\"https:\/\/librairie7l.com\/en\/?s={search_term_string}\"},\"query-input\":\"required name=search_term_string\"}],\"inLanguage\":\"en-US\"},{\"@type\":\"Organization\",\"@id\":\"https:\/\/librairie7l.com\/en\/#organization\",\"name\":\"Librairie 7L\",\"url\":\"https:\/\/librairie7l.com\/en\/\",\"logo\":{\"@type\":\"ImageObject\",\"inLanguage\":\"en-US\",\"@id\":\"https:\/\/librairie7l.com\/en\/#\/schema\/logo\/image\/\",\"url\":\"https:\/\/librairie7l.com\/wp-content\/uploads\/2022\/08\/logo-1.png\",\"contentUrl\":\"https:\/\/librairie7l.com\/wp-content\/uploads\/2022\/08\/logo-1.png\",\"width\":227,\"height\":301,\"caption\":\"Librairie 7L\"},\"image\":{\"@id\":\"https:\/\/librairie7l.com\/en\/#\/schema\/logo\/image\/\"}}]}<\/script>\n<!-- \/ Yoast SEO plugin. -->","yoast_head_json":{"title":"MARCELLE CAHN : EN QU\u00caTE D'ESPACE - Librairie 7L","robots":{"index":"index","follow":"follow","max-snippet":"max-snippet:-1","max-image-preview":"max-image-preview:large","max-video-preview":"max-video-preview:-1"},"canonical":"https:\/\/librairie7l.com\/en\/produit\/marcelle-cahn-en-quete-despace\/","og_locale":"en_US","og_type":"article","og_title":"MARCELLE CAHN : EN QU\u00caTE D'ESPACE - Librairie 7L","og_description":"Marcelle Cahn est rest\u00e9e jusqu&#8217;\u00e0 aujourd&#8217;hui dans l&#8217;ombre des grands noms de l&#8217;art moderne. Elle participe pourtant \u00e0 part enti\u00e8re \u00e0 la naissance et au d\u00e9veloppement de l&#8217;abstraction, en cherchant obstin\u00e9ment une voie propre. Cette monographie fait d\u00e9couvrir une oeuvre exigeante et personnelle et le parcours d&#8217;une \u00ab femme discr\u00e8te \u00bb dans l&#8217;agitation des avant-gardes. [&hellip;]","og_url":"https:\/\/librairie7l.com\/en\/produit\/marcelle-cahn-en-quete-despace\/","og_site_name":"Librairie 7L","article_modified_time":"2026-04-19T16:04:23+00:00","og_image":[{"width":400,"height":503,"url":"https:\/\/librairie7l.com\/wp-content\/uploads\/2022\/05\/9782351252109_1_75.jpg","type":"image\/jpeg"}],"twitter_card":"summary_large_image","twitter_misc":{"Est. reading time":"2 minutes"},"schema":{"@context":"https:\/\/schema.org","@graph":[{"@type":"WebPage","@id":"https:\/\/librairie7l.com\/en\/produit\/marcelle-cahn-en-quete-despace\/","url":"https:\/\/librairie7l.com\/en\/produit\/marcelle-cahn-en-quete-despace\/","name":"MARCELLE CAHN : EN QU\u00caTE D'ESPACE - Librairie 7L","isPartOf":{"@id":"https:\/\/librairie7l.com\/en\/#website"},"datePublished":"2023-05-09T15:40:01+00:00","dateModified":"2026-04-19T16:04:23+00:00","breadcrumb":{"@id":"https:\/\/librairie7l.com\/en\/produit\/marcelle-cahn-en-quete-despace\/#breadcrumb"},"inLanguage":"en-US","potentialAction":[{"@type":"ReadAction","target":["https:\/\/librairie7l.com\/en\/produit\/marcelle-cahn-en-quete-despace\/"]}]},{"@type":"BreadcrumbList","@id":"https:\/\/librairie7l.com\/en\/produit\/marcelle-cahn-en-quete-despace\/#breadcrumb","itemListElement":[{"@type":"ListItem","position":1,"name":"Accueil","item":"https:\/\/librairie7l.com\/en\/"},{"@type":"ListItem","position":2,"name":"Shop","item":"https:\/\/librairie7l.com\/en\/shop\/"},{"@type":"ListItem","position":3,"name":"MARCELLE CAHN : EN QU\u00caTE D&#8217;ESPACE"}]},{"@type":"WebSite","@id":"https:\/\/librairie7l.com\/en\/#website","url":"https:\/\/librairie7l.com\/en\/","name":"Librairie 7L","description":"Librairie fond\u00e9e en 1999 par Karl Lagerfeld \u00e0 Paris","publisher":{"@id":"https:\/\/librairie7l.com\/en\/#organization"},"potentialAction":[{"@type":"SearchAction","target":{"@type":"EntryPoint","urlTemplate":"https:\/\/librairie7l.com\/en\/?s={search_term_string}"},"query-input":"required name=search_term_string"}],"inLanguage":"en-US"},{"@type":"Organization","@id":"https:\/\/librairie7l.com\/en\/#organization","name":"Librairie 7L","url":"https:\/\/librairie7l.com\/en\/","logo":{"@type":"ImageObject","inLanguage":"en-US","@id":"https:\/\/librairie7l.com\/en\/#\/schema\/logo\/image\/","url":"https:\/\/librairie7l.com\/wp-content\/uploads\/2022\/08\/logo-1.png","contentUrl":"https:\/\/librairie7l.com\/wp-content\/uploads\/2022\/08\/logo-1.png","width":227,"height":301,"caption":"Librairie 7L"},"image":{"@id":"https:\/\/librairie7l.com\/en\/#\/schema\/logo\/image\/"}}]}},"_links":{"self":[{"href":"https:\/\/librairie7l.com\/en\/wp-json\/wp\/v2\/product\/18087"}],"collection":[{"href":"https:\/\/librairie7l.com\/en\/wp-json\/wp\/v2\/product"}],"about":[{"href":"https:\/\/librairie7l.com\/en\/wp-json\/wp\/v2\/types\/product"}],"wp:featuredmedia":[{"embeddable":true,"href":"https:\/\/librairie7l.com\/en\/wp-json\/wp\/v2\/media\/18085"}],"wp:attachment":[{"href":"https:\/\/librairie7l.com\/en\/wp-json\/wp\/v2\/media?parent=18087"}],"wp:term":[{"taxonomy":"product_cat","embeddable":true,"href":"https:\/\/librairie7l.com\/en\/wp-json\/wp\/v2\/product_cat?post=18087"},{"taxonomy":"product_tag","embeddable":true,"href":"https:\/\/librairie7l.com\/en\/wp-json\/wp\/v2\/product_tag?post=18087"}],"curies":[{"name":"wp","href":"https:\/\/api.w.org\/{rel}","templated":true}]}}