{"id":18107,"date":"2023-05-09T17:40:16","date_gmt":"2023-05-09T15:40:16","guid":{"rendered":"https:\/\/librairie7l.com\/?post_type=product&#038;p=18107"},"modified":"2026-05-02T15:46:21","modified_gmt":"2026-05-02T13:46:21","slug":"une-vie-de-creation","status":"publish","type":"product","link":"https:\/\/librairie7l.com\/en\/produit\/une-vie-de-creation\/","title":{"rendered":"UNE VIE DE CR\u00c9ATION"},"content":{"rendered":"<p>Charlotte Perriand fait partie de ces cr\u00e9ateurs qui ont marqu\u00e9 le XXe si\u00e8cle.<br \/>\nLuttant farouchement d\u00e8s 1927 contre les Arts d\u00e9coratifs, elle a \u00e9t\u00e9 avec Le Corbusier le pr\u00e9curseur de l&#8217;architecture d&#8217;int\u00e9rieur. Nous lui devons une nouvelle approche de l&#8217;art d&#8217;habiter, ouverte, faite de jeux et de flexibilit\u00e9, toujours en rapport harmonieux avec l&#8217;homme et son milieu. Li\u00e9e aux mouvements d&#8217;avant-garde des ann\u00e9es 1930, \u00e0 Fernand L\u00e9ger et \u00e0 Jean Prouv\u00e9, mais surtout c\u00e9l\u00e8bre pour sa collaboration avec Le Corbusier et Pierre Jeanneret, elle a sign\u00e9 avec eux une s\u00e9rie de meubles r\u00e9volutionnaires qui sont devenus de grands classiques.<br \/>\nAnim\u00e9e par une insatiable curiosit\u00e9,elle a voyag\u00e9 \u00e0 travers d&#8217;autres cultures (Japon, Indochine, Br\u00e9sil) qui ont influenc\u00e9 son oeuvre, notamment le tr\u00e8s zen &#8221; Espace Th\u00e9 &#8221; de l&#8217;Unesco (1993). Dans cette autobiographie, elle nous fait partager le destin d&#8217;une femme hors du commun qui a toujours su concilier une extraordinaire exigence de rigueur avec un amour de la vie, de la nature et de la libert\u00e9.<\/p>\n","protected":false},"excerpt":{"rendered":"<p>Charlotte Perriand fait partie de ces cr\u00e9ateurs qui ont marqu\u00e9 le XXe si\u00e8cle. Luttant farouchement d\u00e8s 1927 contre les Arts d\u00e9coratifs, elle a \u00e9t\u00e9 avec Le Corbusier le pr\u00e9curseur de l&#8217;architecture d&#8217;int\u00e9rieur. Nous lui devons une nouvelle approche de l&#8217;art d&#8217;habiter, ouverte, faite de jeux et de flexibilit\u00e9, toujours en rapport harmonieux avec l&#8217;homme et [&hellip;]<\/p>\n","protected":false},"featured_media":18105,"template":"","meta":[],"product_cat":[2948,2952],"product_tag":[],"acf":[],"yoast_head":"<!-- This site is optimized with the Yoast SEO plugin v20.11 - https:\/\/yoast.com\/wordpress\/plugins\/seo\/ -->\n<title>UNE VIE DE CR\u00c9ATION - Librairie 7L<\/title>\n<meta name=\"robots\" content=\"index, follow, max-snippet:-1, max-image-preview:large, max-video-preview:-1\" \/>\n<link rel=\"canonical\" href=\"https:\/\/librairie7l.com\/en\/produit\/une-vie-de-creation\/\" \/>\n<meta property=\"og:locale\" content=\"en_US\" \/>\n<meta property=\"og:type\" content=\"article\" \/>\n<meta property=\"og:title\" content=\"UNE VIE DE CR\u00c9ATION - Librairie 7L\" \/>\n<meta property=\"og:description\" content=\"Charlotte Perriand fait partie de ces cr\u00e9ateurs qui ont marqu\u00e9 le XXe si\u00e8cle. Luttant farouchement d\u00e8s 1927 contre les Arts d\u00e9coratifs, elle a \u00e9t\u00e9 avec Le Corbusier le pr\u00e9curseur de l&#8217;architecture d&#8217;int\u00e9rieur. Nous lui devons une nouvelle approche de l&#8217;art d&#8217;habiter, ouverte, faite de jeux et de flexibilit\u00e9, toujours en rapport harmonieux avec l&#8217;homme et [&hellip;]\" \/>\n<meta property=\"og:url\" content=\"https:\/\/librairie7l.com\/en\/produit\/une-vie-de-creation\/\" \/>\n<meta property=\"og:site_name\" content=\"Librairie 7L\" \/>\n<meta property=\"article:modified_time\" content=\"2026-05-02T13:46:21+00:00\" \/>\n<meta property=\"og:image\" content=\"https:\/\/librairie7l.com\/wp-content\/uploads\/1998\/05\/9782738106025_1_75.jpg\" \/>\n\t<meta property=\"og:image:width\" content=\"450\" \/>\n\t<meta property=\"og:image:height\" content=\"700\" \/>\n\t<meta property=\"og:image:type\" content=\"image\/jpeg\" \/>\n<meta name=\"twitter:card\" content=\"summary_large_image\" \/>\n<meta name=\"twitter:label1\" content=\"Est. reading time\" \/>\n\t<meta name=\"twitter:data1\" content=\"1 minute\" \/>\n<script type=\"application\/ld+json\" class=\"yoast-schema-graph\">{\"@context\":\"https:\/\/schema.org\",\"@graph\":[{\"@type\":\"WebPage\",\"@id\":\"https:\/\/librairie7l.com\/en\/produit\/une-vie-de-creation\/\",\"url\":\"https:\/\/librairie7l.com\/en\/produit\/une-vie-de-creation\/\",\"name\":\"UNE VIE DE CR\u00c9ATION - Librairie 7L\",\"isPartOf\":{\"@id\":\"https:\/\/librairie7l.com\/en\/#website\"},\"datePublished\":\"2023-05-09T15:40:16+00:00\",\"dateModified\":\"2026-05-02T13:46:21+00:00\",\"breadcrumb\":{\"@id\":\"https:\/\/librairie7l.com\/en\/produit\/une-vie-de-creation\/#breadcrumb\"},\"inLanguage\":\"en-US\",\"potentialAction\":[{\"@type\":\"ReadAction\",\"target\":[\"https:\/\/librairie7l.com\/en\/produit\/une-vie-de-creation\/\"]}]},{\"@type\":\"BreadcrumbList\",\"@id\":\"https:\/\/librairie7l.com\/en\/produit\/une-vie-de-creation\/#breadcrumb\",\"itemListElement\":[{\"@type\":\"ListItem\",\"position\":1,\"name\":\"Accueil\",\"item\":\"https:\/\/librairie7l.com\/en\/\"},{\"@type\":\"ListItem\",\"position\":2,\"name\":\"Shop\",\"item\":\"https:\/\/librairie7l.com\/en\/shop\/\"},{\"@type\":\"ListItem\",\"position\":3,\"name\":\"UNE VIE DE CR\u00c9ATION\"}]},{\"@type\":\"WebSite\",\"@id\":\"https:\/\/librairie7l.com\/en\/#website\",\"url\":\"https:\/\/librairie7l.com\/en\/\",\"name\":\"Librairie 7L\",\"description\":\"Librairie fond\u00e9e en 1999 par Karl Lagerfeld \u00e0 Paris\",\"publisher\":{\"@id\":\"https:\/\/librairie7l.com\/en\/#organization\"},\"potentialAction\":[{\"@type\":\"SearchAction\",\"target\":{\"@type\":\"EntryPoint\",\"urlTemplate\":\"https:\/\/librairie7l.com\/en\/?s={search_term_string}\"},\"query-input\":\"required name=search_term_string\"}],\"inLanguage\":\"en-US\"},{\"@type\":\"Organization\",\"@id\":\"https:\/\/librairie7l.com\/en\/#organization\",\"name\":\"Librairie 7L\",\"url\":\"https:\/\/librairie7l.com\/en\/\",\"logo\":{\"@type\":\"ImageObject\",\"inLanguage\":\"en-US\",\"@id\":\"https:\/\/librairie7l.com\/en\/#\/schema\/logo\/image\/\",\"url\":\"https:\/\/librairie7l.com\/wp-content\/uploads\/2022\/08\/logo-1.png\",\"contentUrl\":\"https:\/\/librairie7l.com\/wp-content\/uploads\/2022\/08\/logo-1.png\",\"width\":227,\"height\":301,\"caption\":\"Librairie 7L\"},\"image\":{\"@id\":\"https:\/\/librairie7l.com\/en\/#\/schema\/logo\/image\/\"}}]}<\/script>\n<!-- \/ Yoast SEO plugin. -->","yoast_head_json":{"title":"UNE VIE DE CR\u00c9ATION - Librairie 7L","robots":{"index":"index","follow":"follow","max-snippet":"max-snippet:-1","max-image-preview":"max-image-preview:large","max-video-preview":"max-video-preview:-1"},"canonical":"https:\/\/librairie7l.com\/en\/produit\/une-vie-de-creation\/","og_locale":"en_US","og_type":"article","og_title":"UNE VIE DE CR\u00c9ATION - Librairie 7L","og_description":"Charlotte Perriand fait partie de ces cr\u00e9ateurs qui ont marqu\u00e9 le XXe si\u00e8cle. Luttant farouchement d\u00e8s 1927 contre les Arts d\u00e9coratifs, elle a \u00e9t\u00e9 avec Le Corbusier le pr\u00e9curseur de l&#8217;architecture d&#8217;int\u00e9rieur. Nous lui devons une nouvelle approche de l&#8217;art d&#8217;habiter, ouverte, faite de jeux et de flexibilit\u00e9, toujours en rapport harmonieux avec l&#8217;homme et [&hellip;]","og_url":"https:\/\/librairie7l.com\/en\/produit\/une-vie-de-creation\/","og_site_name":"Librairie 7L","article_modified_time":"2026-05-02T13:46:21+00:00","og_image":[{"width":450,"height":700,"url":"https:\/\/librairie7l.com\/wp-content\/uploads\/1998\/05\/9782738106025_1_75.jpg","type":"image\/jpeg"}],"twitter_card":"summary_large_image","twitter_misc":{"Est. reading time":"1 minute"},"schema":{"@context":"https:\/\/schema.org","@graph":[{"@type":"WebPage","@id":"https:\/\/librairie7l.com\/en\/produit\/une-vie-de-creation\/","url":"https:\/\/librairie7l.com\/en\/produit\/une-vie-de-creation\/","name":"UNE VIE DE CR\u00c9ATION - Librairie 7L","isPartOf":{"@id":"https:\/\/librairie7l.com\/en\/#website"},"datePublished":"2023-05-09T15:40:16+00:00","dateModified":"2026-05-02T13:46:21+00:00","breadcrumb":{"@id":"https:\/\/librairie7l.com\/en\/produit\/une-vie-de-creation\/#breadcrumb"},"inLanguage":"en-US","potentialAction":[{"@type":"ReadAction","target":["https:\/\/librairie7l.com\/en\/produit\/une-vie-de-creation\/"]}]},{"@type":"BreadcrumbList","@id":"https:\/\/librairie7l.com\/en\/produit\/une-vie-de-creation\/#breadcrumb","itemListElement":[{"@type":"ListItem","position":1,"name":"Accueil","item":"https:\/\/librairie7l.com\/en\/"},{"@type":"ListItem","position":2,"name":"Shop","item":"https:\/\/librairie7l.com\/en\/shop\/"},{"@type":"ListItem","position":3,"name":"UNE VIE DE CR\u00c9ATION"}]},{"@type":"WebSite","@id":"https:\/\/librairie7l.com\/en\/#website","url":"https:\/\/librairie7l.com\/en\/","name":"Librairie 7L","description":"Librairie fond\u00e9e en 1999 par Karl Lagerfeld \u00e0 Paris","publisher":{"@id":"https:\/\/librairie7l.com\/en\/#organization"},"potentialAction":[{"@type":"SearchAction","target":{"@type":"EntryPoint","urlTemplate":"https:\/\/librairie7l.com\/en\/?s={search_term_string}"},"query-input":"required name=search_term_string"}],"inLanguage":"en-US"},{"@type":"Organization","@id":"https:\/\/librairie7l.com\/en\/#organization","name":"Librairie 7L","url":"https:\/\/librairie7l.com\/en\/","logo":{"@type":"ImageObject","inLanguage":"en-US","@id":"https:\/\/librairie7l.com\/en\/#\/schema\/logo\/image\/","url":"https:\/\/librairie7l.com\/wp-content\/uploads\/2022\/08\/logo-1.png","contentUrl":"https:\/\/librairie7l.com\/wp-content\/uploads\/2022\/08\/logo-1.png","width":227,"height":301,"caption":"Librairie 7L"},"image":{"@id":"https:\/\/librairie7l.com\/en\/#\/schema\/logo\/image\/"}}]}},"_links":{"self":[{"href":"https:\/\/librairie7l.com\/en\/wp-json\/wp\/v2\/product\/18107"}],"collection":[{"href":"https:\/\/librairie7l.com\/en\/wp-json\/wp\/v2\/product"}],"about":[{"href":"https:\/\/librairie7l.com\/en\/wp-json\/wp\/v2\/types\/product"}],"wp:featuredmedia":[{"embeddable":true,"href":"https:\/\/librairie7l.com\/en\/wp-json\/wp\/v2\/media\/18105"}],"wp:attachment":[{"href":"https:\/\/librairie7l.com\/en\/wp-json\/wp\/v2\/media?parent=18107"}],"wp:term":[{"taxonomy":"product_cat","embeddable":true,"href":"https:\/\/librairie7l.com\/en\/wp-json\/wp\/v2\/product_cat?post=18107"},{"taxonomy":"product_tag","embeddable":true,"href":"https:\/\/librairie7l.com\/en\/wp-json\/wp\/v2\/product_tag?post=18107"}],"curies":[{"name":"wp","href":"https:\/\/api.w.org\/{rel}","templated":true}]}}