{"id":18139,"date":"2023-05-09T17:40:40","date_gmt":"2023-05-09T15:40:40","guid":{"rendered":"https:\/\/librairie7l.com\/?post_type=product&#038;p=18139"},"modified":"2026-04-26T03:06:19","modified_gmt":"2026-04-26T01:06:19","slug":"tarz-broder-au-maroc-dhier-a-aujourdhui","status":"publish","type":"product","link":"https:\/\/librairie7l.com\/en\/produit\/tarz-broder-au-maroc-dhier-a-aujourdhui\/","title":{"rendered":"TARZ : BRODER AU MAROC D&#8217;HIER \u00c0 AUJOURD&#8217;HUI"},"content":{"rendered":"<p>L&#8217;ouvrage Tarz. Broder au Maroc, hier et aujourd&#8217;hui accompagne l&#8217;exposition \u00e9ponyme au Mus\u00e9e d&#8217;Angoul\u00eame. Il pr\u00e9sente un fonds exceptionnel de broderies marocaines, constitu\u00e9 entre 1934 et 1996. Richement illustr\u00e9, le catalogue montre des pi\u00e8ces spectaculaires et peu connues, aussi bien anciennes que contemporaines. Les objets pr\u00e9sent\u00e9s proviennent de sept grandes \u00e9coles de broderie marocaine, ce qui permet de d\u00e9couvrir les sp\u00e9cificit\u00e9s visuelles et culturelles locales ainsi que la richesse de diff\u00e9rents styles.<br \/>\nL&#8217;ouvrage \u00e9tudie la broderie marocaine sous les aspects esth\u00e9tique, historique et ethnographique, en se penchant sur les sources de la broderie marocaine dans l&#8217;histoire des textiles m\u00e9diterran\u00e9ens, l&#8217;ethnographie des modes de production et des usages, ainsi que sur l&#8217;impact des violences coloniales d&#8217;un c\u00f4t\u00e9, et les politiques de protection men\u00e9es par l&#8217;occupant fran\u00e7ais de l&#8217;autre.<br \/>\nLes sp\u00e9cialistes abordent la broderie marocaine de fa\u00e7on pluridisciplinaire, en tenant compte du dernier \u00e9tat de la recherche, ce qui fait de l&#8217;ouvrage une position de r\u00e9f\u00e9rence en la mati\u00e8re. Enfin, les oeuvres contemporaines de Fatima L\u00e9v\u00eaque, r\u00e9alis\u00e9es par les femmes des ateliers de F\u00e8s donnent un aper\u00e7u de la cr\u00e9ation actuelle.<\/p>\n","protected":false},"excerpt":{"rendered":"<p>L&#8217;ouvrage Tarz. Broder au Maroc, hier et aujourd&#8217;hui accompagne l&#8217;exposition \u00e9ponyme au Mus\u00e9e d&#8217;Angoul\u00eame. Il pr\u00e9sente un fonds exceptionnel de broderies marocaines, constitu\u00e9 entre 1934 et 1996. Richement illustr\u00e9, le catalogue montre des pi\u00e8ces spectaculaires et peu connues, aussi bien anciennes que contemporaines. Les objets pr\u00e9sent\u00e9s proviennent de sept grandes \u00e9coles de broderie marocaine, ce [&hellip;]<\/p>\n","protected":false},"featured_media":18137,"template":"","meta":[],"product_cat":[2948,2957],"product_tag":[],"acf":[],"yoast_head":"<!-- This site is optimized with the Yoast SEO plugin v20.11 - https:\/\/yoast.com\/wordpress\/plugins\/seo\/ -->\n<title>TARZ : BRODER AU MAROC D&#039;HIER \u00c0 AUJOURD&#039;HUI - Librairie 7L<\/title>\n<meta name=\"robots\" content=\"index, follow, max-snippet:-1, max-image-preview:large, max-video-preview:-1\" \/>\n<link rel=\"canonical\" href=\"https:\/\/librairie7l.com\/en\/produit\/tarz-broder-au-maroc-dhier-a-aujourdhui\/\" \/>\n<meta property=\"og:locale\" content=\"en_US\" \/>\n<meta property=\"og:type\" content=\"article\" \/>\n<meta property=\"og:title\" content=\"TARZ : BRODER AU MAROC D&#039;HIER \u00c0 AUJOURD&#039;HUI - Librairie 7L\" \/>\n<meta property=\"og:description\" content=\"L&#8217;ouvrage Tarz. Broder au Maroc, hier et aujourd&#8217;hui accompagne l&#8217;exposition \u00e9ponyme au Mus\u00e9e d&#8217;Angoul\u00eame. Il pr\u00e9sente un fonds exceptionnel de broderies marocaines, constitu\u00e9 entre 1934 et 1996. Richement illustr\u00e9, le catalogue montre des pi\u00e8ces spectaculaires et peu connues, aussi bien anciennes que contemporaines. Les objets pr\u00e9sent\u00e9s proviennent de sept grandes \u00e9coles de broderie marocaine, ce [&hellip;]\" \/>\n<meta property=\"og:url\" content=\"https:\/\/librairie7l.com\/en\/produit\/tarz-broder-au-maroc-dhier-a-aujourdhui\/\" \/>\n<meta property=\"og:site_name\" content=\"Librairie 7L\" \/>\n<meta property=\"article:modified_time\" content=\"2026-04-26T01:06:19+00:00\" \/>\n<meta property=\"og:image\" content=\"https:\/\/librairie7l.com\/wp-content\/uploads\/2022\/06\/9782370741912_1_75.jpg\" \/>\n\t<meta property=\"og:image:width\" content=\"600\" \/>\n\t<meta property=\"og:image:height\" content=\"737\" \/>\n\t<meta property=\"og:image:type\" content=\"image\/jpeg\" \/>\n<meta name=\"twitter:card\" content=\"summary_large_image\" \/>\n<meta name=\"twitter:label1\" content=\"Est. reading time\" \/>\n\t<meta name=\"twitter:data1\" content=\"1 minute\" \/>\n<script type=\"application\/ld+json\" class=\"yoast-schema-graph\">{\"@context\":\"https:\/\/schema.org\",\"@graph\":[{\"@type\":\"WebPage\",\"@id\":\"https:\/\/librairie7l.com\/en\/produit\/tarz-broder-au-maroc-dhier-a-aujourdhui\/\",\"url\":\"https:\/\/librairie7l.com\/en\/produit\/tarz-broder-au-maroc-dhier-a-aujourdhui\/\",\"name\":\"TARZ : BRODER AU MAROC D'HIER \u00c0 AUJOURD'HUI - Librairie 7L\",\"isPartOf\":{\"@id\":\"https:\/\/librairie7l.com\/en\/#website\"},\"datePublished\":\"2023-05-09T15:40:40+00:00\",\"dateModified\":\"2026-04-26T01:06:19+00:00\",\"breadcrumb\":{\"@id\":\"https:\/\/librairie7l.com\/en\/produit\/tarz-broder-au-maroc-dhier-a-aujourdhui\/#breadcrumb\"},\"inLanguage\":\"en-US\",\"potentialAction\":[{\"@type\":\"ReadAction\",\"target\":[\"https:\/\/librairie7l.com\/en\/produit\/tarz-broder-au-maroc-dhier-a-aujourdhui\/\"]}]},{\"@type\":\"BreadcrumbList\",\"@id\":\"https:\/\/librairie7l.com\/en\/produit\/tarz-broder-au-maroc-dhier-a-aujourdhui\/#breadcrumb\",\"itemListElement\":[{\"@type\":\"ListItem\",\"position\":1,\"name\":\"Accueil\",\"item\":\"https:\/\/librairie7l.com\/en\/\"},{\"@type\":\"ListItem\",\"position\":2,\"name\":\"Shop\",\"item\":\"https:\/\/librairie7l.com\/en\/shop\/\"},{\"@type\":\"ListItem\",\"position\":3,\"name\":\"TARZ : BRODER AU MAROC D&#8217;HIER \u00c0 AUJOURD&#8217;HUI\"}]},{\"@type\":\"WebSite\",\"@id\":\"https:\/\/librairie7l.com\/en\/#website\",\"url\":\"https:\/\/librairie7l.com\/en\/\",\"name\":\"Librairie 7L\",\"description\":\"Librairie fond\u00e9e en 1999 par Karl Lagerfeld \u00e0 Paris\",\"publisher\":{\"@id\":\"https:\/\/librairie7l.com\/en\/#organization\"},\"potentialAction\":[{\"@type\":\"SearchAction\",\"target\":{\"@type\":\"EntryPoint\",\"urlTemplate\":\"https:\/\/librairie7l.com\/en\/?s={search_term_string}\"},\"query-input\":\"required name=search_term_string\"}],\"inLanguage\":\"en-US\"},{\"@type\":\"Organization\",\"@id\":\"https:\/\/librairie7l.com\/en\/#organization\",\"name\":\"Librairie 7L\",\"url\":\"https:\/\/librairie7l.com\/en\/\",\"logo\":{\"@type\":\"ImageObject\",\"inLanguage\":\"en-US\",\"@id\":\"https:\/\/librairie7l.com\/en\/#\/schema\/logo\/image\/\",\"url\":\"https:\/\/librairie7l.com\/wp-content\/uploads\/2022\/08\/logo-1.png\",\"contentUrl\":\"https:\/\/librairie7l.com\/wp-content\/uploads\/2022\/08\/logo-1.png\",\"width\":227,\"height\":301,\"caption\":\"Librairie 7L\"},\"image\":{\"@id\":\"https:\/\/librairie7l.com\/en\/#\/schema\/logo\/image\/\"}}]}<\/script>\n<!-- \/ Yoast SEO plugin. -->","yoast_head_json":{"title":"TARZ : BRODER AU MAROC D'HIER \u00c0 AUJOURD'HUI - Librairie 7L","robots":{"index":"index","follow":"follow","max-snippet":"max-snippet:-1","max-image-preview":"max-image-preview:large","max-video-preview":"max-video-preview:-1"},"canonical":"https:\/\/librairie7l.com\/en\/produit\/tarz-broder-au-maroc-dhier-a-aujourdhui\/","og_locale":"en_US","og_type":"article","og_title":"TARZ : BRODER AU MAROC D'HIER \u00c0 AUJOURD'HUI - Librairie 7L","og_description":"L&#8217;ouvrage Tarz. Broder au Maroc, hier et aujourd&#8217;hui accompagne l&#8217;exposition \u00e9ponyme au Mus\u00e9e d&#8217;Angoul\u00eame. Il pr\u00e9sente un fonds exceptionnel de broderies marocaines, constitu\u00e9 entre 1934 et 1996. Richement illustr\u00e9, le catalogue montre des pi\u00e8ces spectaculaires et peu connues, aussi bien anciennes que contemporaines. Les objets pr\u00e9sent\u00e9s proviennent de sept grandes \u00e9coles de broderie marocaine, ce [&hellip;]","og_url":"https:\/\/librairie7l.com\/en\/produit\/tarz-broder-au-maroc-dhier-a-aujourdhui\/","og_site_name":"Librairie 7L","article_modified_time":"2026-04-26T01:06:19+00:00","og_image":[{"width":600,"height":737,"url":"https:\/\/librairie7l.com\/wp-content\/uploads\/2022\/06\/9782370741912_1_75.jpg","type":"image\/jpeg"}],"twitter_card":"summary_large_image","twitter_misc":{"Est. reading time":"1 minute"},"schema":{"@context":"https:\/\/schema.org","@graph":[{"@type":"WebPage","@id":"https:\/\/librairie7l.com\/en\/produit\/tarz-broder-au-maroc-dhier-a-aujourdhui\/","url":"https:\/\/librairie7l.com\/en\/produit\/tarz-broder-au-maroc-dhier-a-aujourdhui\/","name":"TARZ : BRODER AU MAROC D'HIER \u00c0 AUJOURD'HUI - Librairie 7L","isPartOf":{"@id":"https:\/\/librairie7l.com\/en\/#website"},"datePublished":"2023-05-09T15:40:40+00:00","dateModified":"2026-04-26T01:06:19+00:00","breadcrumb":{"@id":"https:\/\/librairie7l.com\/en\/produit\/tarz-broder-au-maroc-dhier-a-aujourdhui\/#breadcrumb"},"inLanguage":"en-US","potentialAction":[{"@type":"ReadAction","target":["https:\/\/librairie7l.com\/en\/produit\/tarz-broder-au-maroc-dhier-a-aujourdhui\/"]}]},{"@type":"BreadcrumbList","@id":"https:\/\/librairie7l.com\/en\/produit\/tarz-broder-au-maroc-dhier-a-aujourdhui\/#breadcrumb","itemListElement":[{"@type":"ListItem","position":1,"name":"Accueil","item":"https:\/\/librairie7l.com\/en\/"},{"@type":"ListItem","position":2,"name":"Shop","item":"https:\/\/librairie7l.com\/en\/shop\/"},{"@type":"ListItem","position":3,"name":"TARZ : BRODER AU MAROC D&#8217;HIER \u00c0 AUJOURD&#8217;HUI"}]},{"@type":"WebSite","@id":"https:\/\/librairie7l.com\/en\/#website","url":"https:\/\/librairie7l.com\/en\/","name":"Librairie 7L","description":"Librairie fond\u00e9e en 1999 par Karl Lagerfeld \u00e0 Paris","publisher":{"@id":"https:\/\/librairie7l.com\/en\/#organization"},"potentialAction":[{"@type":"SearchAction","target":{"@type":"EntryPoint","urlTemplate":"https:\/\/librairie7l.com\/en\/?s={search_term_string}"},"query-input":"required name=search_term_string"}],"inLanguage":"en-US"},{"@type":"Organization","@id":"https:\/\/librairie7l.com\/en\/#organization","name":"Librairie 7L","url":"https:\/\/librairie7l.com\/en\/","logo":{"@type":"ImageObject","inLanguage":"en-US","@id":"https:\/\/librairie7l.com\/en\/#\/schema\/logo\/image\/","url":"https:\/\/librairie7l.com\/wp-content\/uploads\/2022\/08\/logo-1.png","contentUrl":"https:\/\/librairie7l.com\/wp-content\/uploads\/2022\/08\/logo-1.png","width":227,"height":301,"caption":"Librairie 7L"},"image":{"@id":"https:\/\/librairie7l.com\/en\/#\/schema\/logo\/image\/"}}]}},"_links":{"self":[{"href":"https:\/\/librairie7l.com\/en\/wp-json\/wp\/v2\/product\/18139"}],"collection":[{"href":"https:\/\/librairie7l.com\/en\/wp-json\/wp\/v2\/product"}],"about":[{"href":"https:\/\/librairie7l.com\/en\/wp-json\/wp\/v2\/types\/product"}],"wp:featuredmedia":[{"embeddable":true,"href":"https:\/\/librairie7l.com\/en\/wp-json\/wp\/v2\/media\/18137"}],"wp:attachment":[{"href":"https:\/\/librairie7l.com\/en\/wp-json\/wp\/v2\/media?parent=18139"}],"wp:term":[{"taxonomy":"product_cat","embeddable":true,"href":"https:\/\/librairie7l.com\/en\/wp-json\/wp\/v2\/product_cat?post=18139"},{"taxonomy":"product_tag","embeddable":true,"href":"https:\/\/librairie7l.com\/en\/wp-json\/wp\/v2\/product_tag?post=18139"}],"curies":[{"name":"wp","href":"https:\/\/api.w.org\/{rel}","templated":true}]}}