{"id":18155,"date":"2023-05-09T17:40:54","date_gmt":"2023-05-09T15:40:54","guid":{"rendered":"https:\/\/librairie7l.com\/?post_type=product&#038;p=18155"},"modified":"2026-05-09T05:50:51","modified_gmt":"2026-05-09T03:50:51","slug":"le-begaiement-de-lhistoire","status":"publish","type":"product","link":"https:\/\/librairie7l.com\/en\/produit\/le-begaiement-de-lhistoire\/","title":{"rendered":"LE B\u00c9GAIEMENT DE L&#8217;HISTOIRE"},"content":{"rendered":"<p>Un vaste catalogue en fran\u00e7ais pour accompagner une exposition r\u00e9trospective de l&#8217;oeuvre de Thomas Demand au Jeu de Paume, Paris (f\u00e9vrier-mai 2023), dans le cadre d&#8217;une tourn\u00e9e mondiale.<br \/>\nComprend des oeuvres r\u00e9alis\u00e9es au cours des vingt-cinq derni\u00e8res ann\u00e9es, montrant l&#8217;\u00e9tendue de la pratique multim\u00e9dia ambitieuse de Demand et son engagement dans l&#8217;histoire et la culture visuelle.<br \/>\nComprend de nouvelles histoires courtes des auteurs prim\u00e9s Ali Smith et Maylis de Kerangal, ainsi que des essais critiques de Douglas Fogle et Margaret Iversen.<br \/>\nCe catalogue en fran\u00e7ais accompagne une grande exposition r\u00e9trospective de l&#8217;oeuvre de Thomas Demand au Jeu de Paume, \u00e0 Paris, dans le cadre d&#8217;une tourn\u00e9e mondiale. Thomas Demand a pass\u00e9 les deux derni\u00e8res d\u00e9cennies \u00e0 r\u00e9unir ses talents de sculpteur et de photographe pour capturer la boucle de r\u00e9troaction entre le monde que nous habitons et les documents photographiques qui sont \u00e0 la base de notre culture contemporaine de l&#8217;image. Rassemblant un large \u00e9ventail de photographies qui couvrent l&#8217;ensemble de sa carri\u00e8re, The Stutter of History offre \u00e0 la fois une vue d&#8217;ensemble de la fa\u00e7on dont l&#8217;artiste voit le monde et une le\u00e7on sur la fa\u00e7on dont nous pouvons aborder l&#8217;assaut d&#8217;\u00e9v\u00e9nements historiques que nous consommons \u00e0 travers le monde des images.<br \/>\nCe livre complet montre l&#8217;ampleur et la profondeur de l&#8217;accomplissement artistique de Demand, d\u00e9montrant en un seul volume pourquoi il est consid\u00e9r\u00e9 comme l&#8217;un des plus grands artistes contemporains du monde.<br \/>\nL&#8217;ouvrage comprend de nouvelles histoires courtes \u00e9crites par les auteurs prim\u00e9s Ali Smith et Maylis de Kerangal en r\u00e9ponse \u00e0 une oeuvre de Demand, ainsi que des essais \u00e9clairants de Douglas Fogle, commissaire de l&#8217;exposition, et de la critique Margaret Iversen. Tous les textes sont publi\u00e9s en langue fran\u00e7aise.<br \/>\nCo-publi\u00e9 avec le Jeu de Paume.<\/p>\n","protected":false},"excerpt":{"rendered":"<p>Un vaste catalogue en fran\u00e7ais pour accompagner une exposition r\u00e9trospective de l&#8217;oeuvre de Thomas Demand au Jeu de Paume, Paris (f\u00e9vrier-mai 2023), dans le cadre d&#8217;une tourn\u00e9e mondiale. Comprend des oeuvres r\u00e9alis\u00e9es au cours des vingt-cinq derni\u00e8res ann\u00e9es, montrant l&#8217;\u00e9tendue de la pratique multim\u00e9dia ambitieuse de Demand et son engagement dans l&#8217;histoire et la culture [&hellip;]<\/p>\n","protected":false},"featured_media":18153,"template":"","meta":[],"product_cat":[2948,2958],"product_tag":[],"acf":[],"yoast_head":"<!-- This site is optimized with the Yoast SEO plugin v20.11 - https:\/\/yoast.com\/wordpress\/plugins\/seo\/ -->\n<title>LE B\u00c9GAIEMENT DE L&#039;HISTOIRE - Librairie 7L<\/title>\n<meta name=\"robots\" content=\"index, follow, max-snippet:-1, max-image-preview:large, max-video-preview:-1\" \/>\n<link rel=\"canonical\" href=\"https:\/\/librairie7l.com\/en\/produit\/le-begaiement-de-lhistoire\/\" \/>\n<meta property=\"og:locale\" content=\"en_US\" \/>\n<meta property=\"og:type\" content=\"article\" \/>\n<meta property=\"og:title\" content=\"LE B\u00c9GAIEMENT DE L&#039;HISTOIRE - Librairie 7L\" \/>\n<meta property=\"og:description\" content=\"Un vaste catalogue en fran\u00e7ais pour accompagner une exposition r\u00e9trospective de l&#8217;oeuvre de Thomas Demand au Jeu de Paume, Paris (f\u00e9vrier-mai 2023), dans le cadre d&#8217;une tourn\u00e9e mondiale. Comprend des oeuvres r\u00e9alis\u00e9es au cours des vingt-cinq derni\u00e8res ann\u00e9es, montrant l&#8217;\u00e9tendue de la pratique multim\u00e9dia ambitieuse de Demand et son engagement dans l&#8217;histoire et la culture [&hellip;]\" \/>\n<meta property=\"og:url\" content=\"https:\/\/librairie7l.com\/en\/produit\/le-begaiement-de-lhistoire\/\" \/>\n<meta property=\"og:site_name\" content=\"Librairie 7L\" \/>\n<meta property=\"article:modified_time\" content=\"2026-05-09T03:50:51+00:00\" \/>\n<meta property=\"og:image\" content=\"https:\/\/librairie7l.com\/wp-content\/uploads\/2023\/05\/9781913620790_1_75.jpg\" \/>\n\t<meta property=\"og:image:width\" content=\"493\" \/>\n\t<meta property=\"og:image:height\" content=\"586\" \/>\n\t<meta property=\"og:image:type\" content=\"image\/jpeg\" \/>\n<meta name=\"twitter:card\" content=\"summary_large_image\" \/>\n<meta name=\"twitter:label1\" content=\"Est. reading time\" \/>\n\t<meta name=\"twitter:data1\" content=\"2 minutes\" \/>\n<script type=\"application\/ld+json\" class=\"yoast-schema-graph\">{\"@context\":\"https:\/\/schema.org\",\"@graph\":[{\"@type\":\"WebPage\",\"@id\":\"https:\/\/librairie7l.com\/en\/produit\/le-begaiement-de-lhistoire\/\",\"url\":\"https:\/\/librairie7l.com\/en\/produit\/le-begaiement-de-lhistoire\/\",\"name\":\"LE B\u00c9GAIEMENT DE L'HISTOIRE - Librairie 7L\",\"isPartOf\":{\"@id\":\"https:\/\/librairie7l.com\/en\/#website\"},\"datePublished\":\"2023-05-09T15:40:54+00:00\",\"dateModified\":\"2026-05-09T03:50:51+00:00\",\"breadcrumb\":{\"@id\":\"https:\/\/librairie7l.com\/en\/produit\/le-begaiement-de-lhistoire\/#breadcrumb\"},\"inLanguage\":\"en-US\",\"potentialAction\":[{\"@type\":\"ReadAction\",\"target\":[\"https:\/\/librairie7l.com\/en\/produit\/le-begaiement-de-lhistoire\/\"]}]},{\"@type\":\"BreadcrumbList\",\"@id\":\"https:\/\/librairie7l.com\/en\/produit\/le-begaiement-de-lhistoire\/#breadcrumb\",\"itemListElement\":[{\"@type\":\"ListItem\",\"position\":1,\"name\":\"Accueil\",\"item\":\"https:\/\/librairie7l.com\/en\/\"},{\"@type\":\"ListItem\",\"position\":2,\"name\":\"Shop\",\"item\":\"https:\/\/librairie7l.com\/en\/shop\/\"},{\"@type\":\"ListItem\",\"position\":3,\"name\":\"LE B\u00c9GAIEMENT DE L&#8217;HISTOIRE\"}]},{\"@type\":\"WebSite\",\"@id\":\"https:\/\/librairie7l.com\/en\/#website\",\"url\":\"https:\/\/librairie7l.com\/en\/\",\"name\":\"Librairie 7L\",\"description\":\"Librairie fond\u00e9e en 1999 par Karl Lagerfeld \u00e0 Paris\",\"publisher\":{\"@id\":\"https:\/\/librairie7l.com\/en\/#organization\"},\"potentialAction\":[{\"@type\":\"SearchAction\",\"target\":{\"@type\":\"EntryPoint\",\"urlTemplate\":\"https:\/\/librairie7l.com\/en\/?s={search_term_string}\"},\"query-input\":\"required name=search_term_string\"}],\"inLanguage\":\"en-US\"},{\"@type\":\"Organization\",\"@id\":\"https:\/\/librairie7l.com\/en\/#organization\",\"name\":\"Librairie 7L\",\"url\":\"https:\/\/librairie7l.com\/en\/\",\"logo\":{\"@type\":\"ImageObject\",\"inLanguage\":\"en-US\",\"@id\":\"https:\/\/librairie7l.com\/en\/#\/schema\/logo\/image\/\",\"url\":\"https:\/\/librairie7l.com\/wp-content\/uploads\/2022\/08\/logo-1.png\",\"contentUrl\":\"https:\/\/librairie7l.com\/wp-content\/uploads\/2022\/08\/logo-1.png\",\"width\":227,\"height\":301,\"caption\":\"Librairie 7L\"},\"image\":{\"@id\":\"https:\/\/librairie7l.com\/en\/#\/schema\/logo\/image\/\"}}]}<\/script>\n<!-- \/ Yoast SEO plugin. -->","yoast_head_json":{"title":"LE B\u00c9GAIEMENT DE L'HISTOIRE - Librairie 7L","robots":{"index":"index","follow":"follow","max-snippet":"max-snippet:-1","max-image-preview":"max-image-preview:large","max-video-preview":"max-video-preview:-1"},"canonical":"https:\/\/librairie7l.com\/en\/produit\/le-begaiement-de-lhistoire\/","og_locale":"en_US","og_type":"article","og_title":"LE B\u00c9GAIEMENT DE L'HISTOIRE - Librairie 7L","og_description":"Un vaste catalogue en fran\u00e7ais pour accompagner une exposition r\u00e9trospective de l&#8217;oeuvre de Thomas Demand au Jeu de Paume, Paris (f\u00e9vrier-mai 2023), dans le cadre d&#8217;une tourn\u00e9e mondiale. Comprend des oeuvres r\u00e9alis\u00e9es au cours des vingt-cinq derni\u00e8res ann\u00e9es, montrant l&#8217;\u00e9tendue de la pratique multim\u00e9dia ambitieuse de Demand et son engagement dans l&#8217;histoire et la culture [&hellip;]","og_url":"https:\/\/librairie7l.com\/en\/produit\/le-begaiement-de-lhistoire\/","og_site_name":"Librairie 7L","article_modified_time":"2026-05-09T03:50:51+00:00","og_image":[{"width":493,"height":586,"url":"https:\/\/librairie7l.com\/wp-content\/uploads\/2023\/05\/9781913620790_1_75.jpg","type":"image\/jpeg"}],"twitter_card":"summary_large_image","twitter_misc":{"Est. reading time":"2 minutes"},"schema":{"@context":"https:\/\/schema.org","@graph":[{"@type":"WebPage","@id":"https:\/\/librairie7l.com\/en\/produit\/le-begaiement-de-lhistoire\/","url":"https:\/\/librairie7l.com\/en\/produit\/le-begaiement-de-lhistoire\/","name":"LE B\u00c9GAIEMENT DE L'HISTOIRE - Librairie 7L","isPartOf":{"@id":"https:\/\/librairie7l.com\/en\/#website"},"datePublished":"2023-05-09T15:40:54+00:00","dateModified":"2026-05-09T03:50:51+00:00","breadcrumb":{"@id":"https:\/\/librairie7l.com\/en\/produit\/le-begaiement-de-lhistoire\/#breadcrumb"},"inLanguage":"en-US","potentialAction":[{"@type":"ReadAction","target":["https:\/\/librairie7l.com\/en\/produit\/le-begaiement-de-lhistoire\/"]}]},{"@type":"BreadcrumbList","@id":"https:\/\/librairie7l.com\/en\/produit\/le-begaiement-de-lhistoire\/#breadcrumb","itemListElement":[{"@type":"ListItem","position":1,"name":"Accueil","item":"https:\/\/librairie7l.com\/en\/"},{"@type":"ListItem","position":2,"name":"Shop","item":"https:\/\/librairie7l.com\/en\/shop\/"},{"@type":"ListItem","position":3,"name":"LE B\u00c9GAIEMENT DE L&#8217;HISTOIRE"}]},{"@type":"WebSite","@id":"https:\/\/librairie7l.com\/en\/#website","url":"https:\/\/librairie7l.com\/en\/","name":"Librairie 7L","description":"Librairie fond\u00e9e en 1999 par Karl Lagerfeld \u00e0 Paris","publisher":{"@id":"https:\/\/librairie7l.com\/en\/#organization"},"potentialAction":[{"@type":"SearchAction","target":{"@type":"EntryPoint","urlTemplate":"https:\/\/librairie7l.com\/en\/?s={search_term_string}"},"query-input":"required name=search_term_string"}],"inLanguage":"en-US"},{"@type":"Organization","@id":"https:\/\/librairie7l.com\/en\/#organization","name":"Librairie 7L","url":"https:\/\/librairie7l.com\/en\/","logo":{"@type":"ImageObject","inLanguage":"en-US","@id":"https:\/\/librairie7l.com\/en\/#\/schema\/logo\/image\/","url":"https:\/\/librairie7l.com\/wp-content\/uploads\/2022\/08\/logo-1.png","contentUrl":"https:\/\/librairie7l.com\/wp-content\/uploads\/2022\/08\/logo-1.png","width":227,"height":301,"caption":"Librairie 7L"},"image":{"@id":"https:\/\/librairie7l.com\/en\/#\/schema\/logo\/image\/"}}]}},"_links":{"self":[{"href":"https:\/\/librairie7l.com\/en\/wp-json\/wp\/v2\/product\/18155"}],"collection":[{"href":"https:\/\/librairie7l.com\/en\/wp-json\/wp\/v2\/product"}],"about":[{"href":"https:\/\/librairie7l.com\/en\/wp-json\/wp\/v2\/types\/product"}],"wp:featuredmedia":[{"embeddable":true,"href":"https:\/\/librairie7l.com\/en\/wp-json\/wp\/v2\/media\/18153"}],"wp:attachment":[{"href":"https:\/\/librairie7l.com\/en\/wp-json\/wp\/v2\/media?parent=18155"}],"wp:term":[{"taxonomy":"product_cat","embeddable":true,"href":"https:\/\/librairie7l.com\/en\/wp-json\/wp\/v2\/product_cat?post=18155"},{"taxonomy":"product_tag","embeddable":true,"href":"https:\/\/librairie7l.com\/en\/wp-json\/wp\/v2\/product_tag?post=18155"}],"curies":[{"name":"wp","href":"https:\/\/api.w.org\/{rel}","templated":true}]}}