{"id":18159,"date":"2023-05-09T17:40:57","date_gmt":"2023-05-09T15:40:57","guid":{"rendered":"https:\/\/librairie7l.com\/?post_type=product&#038;p=18159"},"modified":"2026-04-18T15:19:01","modified_gmt":"2026-04-18T13:19:01","slug":"mirkine-par-mirkine","status":"publish","type":"product","link":"https:\/\/librairie7l.com\/en\/produit\/mirkine-par-mirkine\/","title":{"rendered":"MIRKINE PAR MIRKINE"},"content":{"rendered":"<p>Dans cet ouvrage flamboyant, \u00e0 la fois histoire du cin\u00e9ma fran\u00e7ais et r\u00e9cit d&#8217;une existence hors du commun, St\u00e9phane Mirkine nous convie \u00e0 la d\u00e9couverte de son grand-p\u00e8re L\u00e9o et de son p\u00e8re Yves, ainsi qu&#8217;\u00e0 celle de leur oeuvre b\u00e2tie en pr\u00e8s de 200 films, des ann\u00e9es 1930 \u00e0 1980.Aujourd&#8217;hui constitu\u00e9 d&#8217;un fonds unique de photographies de plateau ainsi que de portraits des plus grandes stars internationales, cet ensemble r\u00e9v\u00e8le leur passion pour la photographie et pour le cin\u00e9ma.Ce sont 500 clich\u00e9s r\u00e9unis pour la premi\u00e8re fois entre ces pages, o\u00f9 se c\u00f4toient, sous l&#8217;objectif complice des Mirkine, Gina Lollobrigida et G\u00e9rard Philipe, Brigitte Bardot et Jean-Louis Trintignant, la Callas et Jean Cocteau, ou encore Martine Carol et Orson Welles&#8230;<\/p>\n","protected":false},"excerpt":{"rendered":"<p>Dans cet ouvrage flamboyant, \u00e0 la fois histoire du cin\u00e9ma fran\u00e7ais et r\u00e9cit d&#8217;une existence hors du commun, St\u00e9phane Mirkine nous convie \u00e0 la d\u00e9couverte de son grand-p\u00e8re L\u00e9o et de son p\u00e8re Yves, ainsi qu&#8217;\u00e0 celle de leur oeuvre b\u00e2tie en pr\u00e8s de 200 films, des ann\u00e9es 1930 \u00e0 1980.Aujourd&#8217;hui constitu\u00e9 d&#8217;un fonds unique [&hellip;]<\/p>\n","protected":false},"featured_media":18157,"template":"","meta":[],"product_cat":[2948,2958],"product_tag":[],"acf":[],"yoast_head":"<!-- This site is optimized with the Yoast SEO plugin v20.11 - https:\/\/yoast.com\/wordpress\/plugins\/seo\/ -->\n<title>MIRKINE PAR MIRKINE - Librairie 7L<\/title>\n<meta name=\"robots\" content=\"index, follow, max-snippet:-1, max-image-preview:large, max-video-preview:-1\" \/>\n<link rel=\"canonical\" href=\"https:\/\/librairie7l.com\/en\/produit\/mirkine-par-mirkine\/\" \/>\n<meta property=\"og:locale\" content=\"en_US\" \/>\n<meta property=\"og:type\" content=\"article\" \/>\n<meta property=\"og:title\" content=\"MIRKINE PAR MIRKINE - Librairie 7L\" \/>\n<meta property=\"og:description\" content=\"Dans cet ouvrage flamboyant, \u00e0 la fois histoire du cin\u00e9ma fran\u00e7ais et r\u00e9cit d&#8217;une existence hors du commun, St\u00e9phane Mirkine nous convie \u00e0 la d\u00e9couverte de son grand-p\u00e8re L\u00e9o et de son p\u00e8re Yves, ainsi qu&#8217;\u00e0 celle de leur oeuvre b\u00e2tie en pr\u00e8s de 200 films, des ann\u00e9es 1930 \u00e0 1980.Aujourd&#8217;hui constitu\u00e9 d&#8217;un fonds unique [&hellip;]\" \/>\n<meta property=\"og:url\" content=\"https:\/\/librairie7l.com\/en\/produit\/mirkine-par-mirkine\/\" \/>\n<meta property=\"og:site_name\" content=\"Librairie 7L\" \/>\n<meta property=\"article:modified_time\" content=\"2026-04-18T13:19:01+00:00\" \/>\n<meta property=\"og:image\" content=\"https:\/\/librairie7l.com\/wp-content\/uploads\/2022\/02\/9782081514485_1_75.jpg\" \/>\n\t<meta property=\"og:image:width\" content=\"600\" \/>\n\t<meta property=\"og:image:height\" content=\"777\" \/>\n\t<meta property=\"og:image:type\" content=\"image\/jpeg\" \/>\n<meta name=\"twitter:card\" content=\"summary_large_image\" \/>\n<meta name=\"twitter:label1\" content=\"Est. reading time\" \/>\n\t<meta name=\"twitter:data1\" content=\"1 minute\" \/>\n<script type=\"application\/ld+json\" class=\"yoast-schema-graph\">{\"@context\":\"https:\/\/schema.org\",\"@graph\":[{\"@type\":\"WebPage\",\"@id\":\"https:\/\/librairie7l.com\/en\/produit\/mirkine-par-mirkine\/\",\"url\":\"https:\/\/librairie7l.com\/en\/produit\/mirkine-par-mirkine\/\",\"name\":\"MIRKINE PAR MIRKINE - Librairie 7L\",\"isPartOf\":{\"@id\":\"https:\/\/librairie7l.com\/en\/#website\"},\"datePublished\":\"2023-05-09T15:40:57+00:00\",\"dateModified\":\"2026-04-18T13:19:01+00:00\",\"breadcrumb\":{\"@id\":\"https:\/\/librairie7l.com\/en\/produit\/mirkine-par-mirkine\/#breadcrumb\"},\"inLanguage\":\"en-US\",\"potentialAction\":[{\"@type\":\"ReadAction\",\"target\":[\"https:\/\/librairie7l.com\/en\/produit\/mirkine-par-mirkine\/\"]}]},{\"@type\":\"BreadcrumbList\",\"@id\":\"https:\/\/librairie7l.com\/en\/produit\/mirkine-par-mirkine\/#breadcrumb\",\"itemListElement\":[{\"@type\":\"ListItem\",\"position\":1,\"name\":\"Accueil\",\"item\":\"https:\/\/librairie7l.com\/en\/\"},{\"@type\":\"ListItem\",\"position\":2,\"name\":\"Shop\",\"item\":\"https:\/\/librairie7l.com\/en\/shop\/\"},{\"@type\":\"ListItem\",\"position\":3,\"name\":\"MIRKINE PAR MIRKINE\"}]},{\"@type\":\"WebSite\",\"@id\":\"https:\/\/librairie7l.com\/en\/#website\",\"url\":\"https:\/\/librairie7l.com\/en\/\",\"name\":\"Librairie 7L\",\"description\":\"Librairie fond\u00e9e en 1999 par Karl Lagerfeld \u00e0 Paris\",\"publisher\":{\"@id\":\"https:\/\/librairie7l.com\/en\/#organization\"},\"potentialAction\":[{\"@type\":\"SearchAction\",\"target\":{\"@type\":\"EntryPoint\",\"urlTemplate\":\"https:\/\/librairie7l.com\/en\/?s={search_term_string}\"},\"query-input\":\"required name=search_term_string\"}],\"inLanguage\":\"en-US\"},{\"@type\":\"Organization\",\"@id\":\"https:\/\/librairie7l.com\/en\/#organization\",\"name\":\"Librairie 7L\",\"url\":\"https:\/\/librairie7l.com\/en\/\",\"logo\":{\"@type\":\"ImageObject\",\"inLanguage\":\"en-US\",\"@id\":\"https:\/\/librairie7l.com\/en\/#\/schema\/logo\/image\/\",\"url\":\"https:\/\/librairie7l.com\/wp-content\/uploads\/2022\/08\/logo-1.png\",\"contentUrl\":\"https:\/\/librairie7l.com\/wp-content\/uploads\/2022\/08\/logo-1.png\",\"width\":227,\"height\":301,\"caption\":\"Librairie 7L\"},\"image\":{\"@id\":\"https:\/\/librairie7l.com\/en\/#\/schema\/logo\/image\/\"}}]}<\/script>\n<!-- \/ Yoast SEO plugin. -->","yoast_head_json":{"title":"MIRKINE PAR MIRKINE - Librairie 7L","robots":{"index":"index","follow":"follow","max-snippet":"max-snippet:-1","max-image-preview":"max-image-preview:large","max-video-preview":"max-video-preview:-1"},"canonical":"https:\/\/librairie7l.com\/en\/produit\/mirkine-par-mirkine\/","og_locale":"en_US","og_type":"article","og_title":"MIRKINE PAR MIRKINE - Librairie 7L","og_description":"Dans cet ouvrage flamboyant, \u00e0 la fois histoire du cin\u00e9ma fran\u00e7ais et r\u00e9cit d&#8217;une existence hors du commun, St\u00e9phane Mirkine nous convie \u00e0 la d\u00e9couverte de son grand-p\u00e8re L\u00e9o et de son p\u00e8re Yves, ainsi qu&#8217;\u00e0 celle de leur oeuvre b\u00e2tie en pr\u00e8s de 200 films, des ann\u00e9es 1930 \u00e0 1980.Aujourd&#8217;hui constitu\u00e9 d&#8217;un fonds unique [&hellip;]","og_url":"https:\/\/librairie7l.com\/en\/produit\/mirkine-par-mirkine\/","og_site_name":"Librairie 7L","article_modified_time":"2026-04-18T13:19:01+00:00","og_image":[{"width":600,"height":777,"url":"https:\/\/librairie7l.com\/wp-content\/uploads\/2022\/02\/9782081514485_1_75.jpg","type":"image\/jpeg"}],"twitter_card":"summary_large_image","twitter_misc":{"Est. reading time":"1 minute"},"schema":{"@context":"https:\/\/schema.org","@graph":[{"@type":"WebPage","@id":"https:\/\/librairie7l.com\/en\/produit\/mirkine-par-mirkine\/","url":"https:\/\/librairie7l.com\/en\/produit\/mirkine-par-mirkine\/","name":"MIRKINE PAR MIRKINE - Librairie 7L","isPartOf":{"@id":"https:\/\/librairie7l.com\/en\/#website"},"datePublished":"2023-05-09T15:40:57+00:00","dateModified":"2026-04-18T13:19:01+00:00","breadcrumb":{"@id":"https:\/\/librairie7l.com\/en\/produit\/mirkine-par-mirkine\/#breadcrumb"},"inLanguage":"en-US","potentialAction":[{"@type":"ReadAction","target":["https:\/\/librairie7l.com\/en\/produit\/mirkine-par-mirkine\/"]}]},{"@type":"BreadcrumbList","@id":"https:\/\/librairie7l.com\/en\/produit\/mirkine-par-mirkine\/#breadcrumb","itemListElement":[{"@type":"ListItem","position":1,"name":"Accueil","item":"https:\/\/librairie7l.com\/en\/"},{"@type":"ListItem","position":2,"name":"Shop","item":"https:\/\/librairie7l.com\/en\/shop\/"},{"@type":"ListItem","position":3,"name":"MIRKINE PAR MIRKINE"}]},{"@type":"WebSite","@id":"https:\/\/librairie7l.com\/en\/#website","url":"https:\/\/librairie7l.com\/en\/","name":"Librairie 7L","description":"Librairie fond\u00e9e en 1999 par Karl Lagerfeld \u00e0 Paris","publisher":{"@id":"https:\/\/librairie7l.com\/en\/#organization"},"potentialAction":[{"@type":"SearchAction","target":{"@type":"EntryPoint","urlTemplate":"https:\/\/librairie7l.com\/en\/?s={search_term_string}"},"query-input":"required name=search_term_string"}],"inLanguage":"en-US"},{"@type":"Organization","@id":"https:\/\/librairie7l.com\/en\/#organization","name":"Librairie 7L","url":"https:\/\/librairie7l.com\/en\/","logo":{"@type":"ImageObject","inLanguage":"en-US","@id":"https:\/\/librairie7l.com\/en\/#\/schema\/logo\/image\/","url":"https:\/\/librairie7l.com\/wp-content\/uploads\/2022\/08\/logo-1.png","contentUrl":"https:\/\/librairie7l.com\/wp-content\/uploads\/2022\/08\/logo-1.png","width":227,"height":301,"caption":"Librairie 7L"},"image":{"@id":"https:\/\/librairie7l.com\/en\/#\/schema\/logo\/image\/"}}]}},"_links":{"self":[{"href":"https:\/\/librairie7l.com\/en\/wp-json\/wp\/v2\/product\/18159"}],"collection":[{"href":"https:\/\/librairie7l.com\/en\/wp-json\/wp\/v2\/product"}],"about":[{"href":"https:\/\/librairie7l.com\/en\/wp-json\/wp\/v2\/types\/product"}],"wp:featuredmedia":[{"embeddable":true,"href":"https:\/\/librairie7l.com\/en\/wp-json\/wp\/v2\/media\/18157"}],"wp:attachment":[{"href":"https:\/\/librairie7l.com\/en\/wp-json\/wp\/v2\/media?parent=18159"}],"wp:term":[{"taxonomy":"product_cat","embeddable":true,"href":"https:\/\/librairie7l.com\/en\/wp-json\/wp\/v2\/product_cat?post=18159"},{"taxonomy":"product_tag","embeddable":true,"href":"https:\/\/librairie7l.com\/en\/wp-json\/wp\/v2\/product_tag?post=18159"}],"curies":[{"name":"wp","href":"https:\/\/api.w.org\/{rel}","templated":true}]}}