{"id":18175,"date":"2023-05-09T17:41:10","date_gmt":"2023-05-09T15:41:10","guid":{"rendered":"https:\/\/librairie7l.com\/?post_type=product&#038;p=18175"},"modified":"2026-04-18T15:21:20","modified_gmt":"2026-04-18T13:21:20","slug":"charlotte-perriand-et-la-photographie","status":"publish","type":"product","link":"https:\/\/librairie7l.com\/en\/produit\/charlotte-perriand-et-la-photographie\/","title":{"rendered":"CHARLOTTE PERRIAND ET LA PHOTOGRAPHIE ; L&#8217;OEIL EN \u00c9VENTAIL"},"content":{"rendered":"<p>Au cours des ann\u00e9es 1930, Charlotte Perriand joint \u00e0 son activit\u00e9 d&#8217;architecte (elle collaborera plusieurs ann\u00e9es avec Le Corbusier), de designer et d&#8217;urbaniste, celle de photographe, \u00e0  laquelle elle consacre une part importante de son travail de cr\u00e9ation. En 1927 elle fait ses premiers pas dans ce domaine qu&#8217;elle abandonne en 1940 lorsque la Seconde Guerre mondiale d\u00e9truit tout espoir en un monde meilleur. Au lendemain de la crise de 1929, les photographies de Charlotte Perriand refl\u00e8tent magnifiquement le regard nouveau pos\u00e9 sur le monde et la \u00ab course vers la nature \u00bb qui marqueront les arts plastiques en les renouvelant de mani\u00e8re radicale. \u00c0 partir de 1933, avec Pierre Jeanneret et Fernand L\u00e9ger, elle se lance dansune v\u00e9ritable aventure conceptuelle qui prend pr\u00e9texte d&#8217;objets trouv\u00e9s par hasard dans la nature et qui ont \u00e9t\u00e9 model\u00e9s par le temps : galets, pav\u00e9s, morceaux de bois rong\u00e9s par la mer. Pour Charlotte Perriand, la photographie est le \u00ab laboratoire secret \u00bb de ses recherches plastiques et philosophiques ; elle est une \u00ab machine \u00bb pour penser. Son oeuvre photographique, expression des principaux th\u00e8mes et des grandes questions qui pr\u00e9occupent l&#8217;homme moderne, s&#8217;inscrit dans un vaste mouvement des avant-gardes o\u00f9 peintres, architectes et photographes, parfois confondus les uns avec les autres, travaillent c\u00f4te \u00e0 c\u00f4te dans une communaut\u00e9 spirituelle o\u00f9 chaque mode d&#8217;expression s&#8217;enrichit du regard des autres.<\/p>\n","protected":false},"excerpt":{"rendered":"<p>Au cours des ann\u00e9es 1930, Charlotte Perriand joint \u00e0 son activit\u00e9 d&#8217;architecte (elle collaborera plusieurs ann\u00e9es avec Le Corbusier), de designer et d&#8217;urbaniste, celle de photographe, \u00e0 laquelle elle consacre une part importante de son travail de cr\u00e9ation. En 1927 elle fait ses premiers pas dans ce domaine qu&#8217;elle abandonne en 1940 lorsque la Seconde [&hellip;]<\/p>\n","protected":false},"featured_media":18173,"template":"","meta":[],"product_cat":[2948,2958],"product_tag":[],"acf":[],"yoast_head":"<!-- This site is optimized with the Yoast SEO plugin v20.11 - https:\/\/yoast.com\/wordpress\/plugins\/seo\/ -->\n<title>CHARLOTTE PERRIAND ET LA PHOTOGRAPHIE ; L&#039;OEIL EN \u00c9VENTAIL - Librairie 7L<\/title>\n<meta name=\"robots\" content=\"index, follow, max-snippet:-1, max-image-preview:large, max-video-preview:-1\" \/>\n<link rel=\"canonical\" href=\"https:\/\/librairie7l.com\/en\/produit\/charlotte-perriand-et-la-photographie\/\" \/>\n<meta property=\"og:locale\" content=\"en_US\" \/>\n<meta property=\"og:type\" content=\"article\" \/>\n<meta property=\"og:title\" content=\"CHARLOTTE PERRIAND ET LA PHOTOGRAPHIE ; L&#039;OEIL EN \u00c9VENTAIL - Librairie 7L\" \/>\n<meta property=\"og:description\" content=\"Au cours des ann\u00e9es 1930, Charlotte Perriand joint \u00e0 son activit\u00e9 d&#8217;architecte (elle collaborera plusieurs ann\u00e9es avec Le Corbusier), de designer et d&#8217;urbaniste, celle de photographe, \u00e0 laquelle elle consacre une part importante de son travail de cr\u00e9ation. En 1927 elle fait ses premiers pas dans ce domaine qu&#8217;elle abandonne en 1940 lorsque la Seconde [&hellip;]\" \/>\n<meta property=\"og:url\" content=\"https:\/\/librairie7l.com\/en\/produit\/charlotte-perriand-et-la-photographie\/\" \/>\n<meta property=\"og:site_name\" content=\"Librairie 7L\" \/>\n<meta property=\"article:modified_time\" content=\"2026-04-18T13:21:20+00:00\" \/>\n<meta property=\"og:image\" content=\"https:\/\/librairie7l.com\/wp-content\/uploads\/2011\/03\/9788874395491_1_75.jpg\" \/>\n\t<meta property=\"og:image:width\" content=\"698\" \/>\n\t<meta property=\"og:image:height\" content=\"818\" \/>\n\t<meta property=\"og:image:type\" content=\"image\/jpeg\" \/>\n<meta name=\"twitter:card\" content=\"summary_large_image\" \/>\n<meta name=\"twitter:label1\" content=\"Est. reading time\" \/>\n\t<meta name=\"twitter:data1\" content=\"1 minute\" \/>\n<script type=\"application\/ld+json\" class=\"yoast-schema-graph\">{\"@context\":\"https:\/\/schema.org\",\"@graph\":[{\"@type\":\"WebPage\",\"@id\":\"https:\/\/librairie7l.com\/en\/produit\/charlotte-perriand-et-la-photographie\/\",\"url\":\"https:\/\/librairie7l.com\/en\/produit\/charlotte-perriand-et-la-photographie\/\",\"name\":\"CHARLOTTE PERRIAND ET LA PHOTOGRAPHIE ; L'OEIL EN \u00c9VENTAIL - Librairie 7L\",\"isPartOf\":{\"@id\":\"https:\/\/librairie7l.com\/en\/#website\"},\"datePublished\":\"2023-05-09T15:41:10+00:00\",\"dateModified\":\"2026-04-18T13:21:20+00:00\",\"breadcrumb\":{\"@id\":\"https:\/\/librairie7l.com\/en\/produit\/charlotte-perriand-et-la-photographie\/#breadcrumb\"},\"inLanguage\":\"en-US\",\"potentialAction\":[{\"@type\":\"ReadAction\",\"target\":[\"https:\/\/librairie7l.com\/en\/produit\/charlotte-perriand-et-la-photographie\/\"]}]},{\"@type\":\"BreadcrumbList\",\"@id\":\"https:\/\/librairie7l.com\/en\/produit\/charlotte-perriand-et-la-photographie\/#breadcrumb\",\"itemListElement\":[{\"@type\":\"ListItem\",\"position\":1,\"name\":\"Accueil\",\"item\":\"https:\/\/librairie7l.com\/en\/\"},{\"@type\":\"ListItem\",\"position\":2,\"name\":\"Shop\",\"item\":\"https:\/\/librairie7l.com\/en\/shop\/\"},{\"@type\":\"ListItem\",\"position\":3,\"name\":\"CHARLOTTE PERRIAND ET LA PHOTOGRAPHIE ; L&#8217;OEIL EN \u00c9VENTAIL\"}]},{\"@type\":\"WebSite\",\"@id\":\"https:\/\/librairie7l.com\/en\/#website\",\"url\":\"https:\/\/librairie7l.com\/en\/\",\"name\":\"Librairie 7L\",\"description\":\"Librairie fond\u00e9e en 1999 par Karl Lagerfeld \u00e0 Paris\",\"publisher\":{\"@id\":\"https:\/\/librairie7l.com\/en\/#organization\"},\"potentialAction\":[{\"@type\":\"SearchAction\",\"target\":{\"@type\":\"EntryPoint\",\"urlTemplate\":\"https:\/\/librairie7l.com\/en\/?s={search_term_string}\"},\"query-input\":\"required name=search_term_string\"}],\"inLanguage\":\"en-US\"},{\"@type\":\"Organization\",\"@id\":\"https:\/\/librairie7l.com\/en\/#organization\",\"name\":\"Librairie 7L\",\"url\":\"https:\/\/librairie7l.com\/en\/\",\"logo\":{\"@type\":\"ImageObject\",\"inLanguage\":\"en-US\",\"@id\":\"https:\/\/librairie7l.com\/en\/#\/schema\/logo\/image\/\",\"url\":\"https:\/\/librairie7l.com\/wp-content\/uploads\/2022\/08\/logo-1.png\",\"contentUrl\":\"https:\/\/librairie7l.com\/wp-content\/uploads\/2022\/08\/logo-1.png\",\"width\":227,\"height\":301,\"caption\":\"Librairie 7L\"},\"image\":{\"@id\":\"https:\/\/librairie7l.com\/en\/#\/schema\/logo\/image\/\"}}]}<\/script>\n<!-- \/ Yoast SEO plugin. -->","yoast_head_json":{"title":"CHARLOTTE PERRIAND ET LA PHOTOGRAPHIE ; L'OEIL EN \u00c9VENTAIL - Librairie 7L","robots":{"index":"index","follow":"follow","max-snippet":"max-snippet:-1","max-image-preview":"max-image-preview:large","max-video-preview":"max-video-preview:-1"},"canonical":"https:\/\/librairie7l.com\/en\/produit\/charlotte-perriand-et-la-photographie\/","og_locale":"en_US","og_type":"article","og_title":"CHARLOTTE PERRIAND ET LA PHOTOGRAPHIE ; L'OEIL EN \u00c9VENTAIL - Librairie 7L","og_description":"Au cours des ann\u00e9es 1930, Charlotte Perriand joint \u00e0 son activit\u00e9 d&#8217;architecte (elle collaborera plusieurs ann\u00e9es avec Le Corbusier), de designer et d&#8217;urbaniste, celle de photographe, \u00e0 laquelle elle consacre une part importante de son travail de cr\u00e9ation. En 1927 elle fait ses premiers pas dans ce domaine qu&#8217;elle abandonne en 1940 lorsque la Seconde [&hellip;]","og_url":"https:\/\/librairie7l.com\/en\/produit\/charlotte-perriand-et-la-photographie\/","og_site_name":"Librairie 7L","article_modified_time":"2026-04-18T13:21:20+00:00","og_image":[{"width":698,"height":818,"url":"https:\/\/librairie7l.com\/wp-content\/uploads\/2011\/03\/9788874395491_1_75.jpg","type":"image\/jpeg"}],"twitter_card":"summary_large_image","twitter_misc":{"Est. reading time":"1 minute"},"schema":{"@context":"https:\/\/schema.org","@graph":[{"@type":"WebPage","@id":"https:\/\/librairie7l.com\/en\/produit\/charlotte-perriand-et-la-photographie\/","url":"https:\/\/librairie7l.com\/en\/produit\/charlotte-perriand-et-la-photographie\/","name":"CHARLOTTE PERRIAND ET LA PHOTOGRAPHIE ; L'OEIL EN \u00c9VENTAIL - Librairie 7L","isPartOf":{"@id":"https:\/\/librairie7l.com\/en\/#website"},"datePublished":"2023-05-09T15:41:10+00:00","dateModified":"2026-04-18T13:21:20+00:00","breadcrumb":{"@id":"https:\/\/librairie7l.com\/en\/produit\/charlotte-perriand-et-la-photographie\/#breadcrumb"},"inLanguage":"en-US","potentialAction":[{"@type":"ReadAction","target":["https:\/\/librairie7l.com\/en\/produit\/charlotte-perriand-et-la-photographie\/"]}]},{"@type":"BreadcrumbList","@id":"https:\/\/librairie7l.com\/en\/produit\/charlotte-perriand-et-la-photographie\/#breadcrumb","itemListElement":[{"@type":"ListItem","position":1,"name":"Accueil","item":"https:\/\/librairie7l.com\/en\/"},{"@type":"ListItem","position":2,"name":"Shop","item":"https:\/\/librairie7l.com\/en\/shop\/"},{"@type":"ListItem","position":3,"name":"CHARLOTTE PERRIAND ET LA PHOTOGRAPHIE ; L&#8217;OEIL EN \u00c9VENTAIL"}]},{"@type":"WebSite","@id":"https:\/\/librairie7l.com\/en\/#website","url":"https:\/\/librairie7l.com\/en\/","name":"Librairie 7L","description":"Librairie fond\u00e9e en 1999 par Karl Lagerfeld \u00e0 Paris","publisher":{"@id":"https:\/\/librairie7l.com\/en\/#organization"},"potentialAction":[{"@type":"SearchAction","target":{"@type":"EntryPoint","urlTemplate":"https:\/\/librairie7l.com\/en\/?s={search_term_string}"},"query-input":"required name=search_term_string"}],"inLanguage":"en-US"},{"@type":"Organization","@id":"https:\/\/librairie7l.com\/en\/#organization","name":"Librairie 7L","url":"https:\/\/librairie7l.com\/en\/","logo":{"@type":"ImageObject","inLanguage":"en-US","@id":"https:\/\/librairie7l.com\/en\/#\/schema\/logo\/image\/","url":"https:\/\/librairie7l.com\/wp-content\/uploads\/2022\/08\/logo-1.png","contentUrl":"https:\/\/librairie7l.com\/wp-content\/uploads\/2022\/08\/logo-1.png","width":227,"height":301,"caption":"Librairie 7L"},"image":{"@id":"https:\/\/librairie7l.com\/en\/#\/schema\/logo\/image\/"}}]}},"_links":{"self":[{"href":"https:\/\/librairie7l.com\/en\/wp-json\/wp\/v2\/product\/18175"}],"collection":[{"href":"https:\/\/librairie7l.com\/en\/wp-json\/wp\/v2\/product"}],"about":[{"href":"https:\/\/librairie7l.com\/en\/wp-json\/wp\/v2\/types\/product"}],"wp:featuredmedia":[{"embeddable":true,"href":"https:\/\/librairie7l.com\/en\/wp-json\/wp\/v2\/media\/18173"}],"wp:attachment":[{"href":"https:\/\/librairie7l.com\/en\/wp-json\/wp\/v2\/media?parent=18175"}],"wp:term":[{"taxonomy":"product_cat","embeddable":true,"href":"https:\/\/librairie7l.com\/en\/wp-json\/wp\/v2\/product_cat?post=18175"},{"taxonomy":"product_tag","embeddable":true,"href":"https:\/\/librairie7l.com\/en\/wp-json\/wp\/v2\/product_tag?post=18175"}],"curies":[{"name":"wp","href":"https:\/\/api.w.org\/{rel}","templated":true}]}}