{"id":18179,"date":"2023-05-09T17:41:13","date_gmt":"2023-05-09T15:41:13","guid":{"rendered":"https:\/\/librairie7l.com\/?post_type=product&#038;p=18179"},"modified":"2026-05-02T19:11:50","modified_gmt":"2026-05-02T17:11:50","slug":"thibaut-cuisset-loire","status":"publish","type":"product","link":"https:\/\/librairie7l.com\/en\/produit\/thibaut-cuisset-loire\/","title":{"rendered":"THIBAUT CUISSET : LOIRE"},"content":{"rendered":"<p>Pendant pr\u00e8s de 40 ans, Thibaut Cuisset (1958-2017) a construit une \u00c5\u00abuvre sur le paysage \u00e0 travers des campagnes successives, en France et \u00e0 l&#8217;\u00e9tranger. Arpentant les paysages, il d\u00e9veloppe un style singulier qui s&#8217;appuie sur un \u00e9quilibre t\u00e9nu entre sujet, couleur et lumi\u00e8re.  Les campagnes fran\u00e7aises et le cours des fleuves repr\u00e9sentent un champ de recherche essentiel dans les recherches de Thibaut Cuisset sur le paysage. Le corpus d&#8217;images constitu\u00e9 autour de la Loire en est une d\u00e9monstration notable, t\u00e9moignant \u00e0 la fois de la constance de l&#8217;\u00e9criture du photographe et de son \u00e9volution, tant dans la composition que dans les modalit\u00e9s d&#8217;exposition des photographies.   Ainsi, l&#8217;exposition pr\u00e9sent\u00e9e au Ch\u00e2teau de Tours montre le travail r\u00e9alis\u00e9 par Thibaut Cuisset autour de la Loire pendant pr\u00e8s d&#8217;une d\u00e9cennie, au gr\u00e9 de plusieurs commandes et prix photographiques. R\u00e9unissant pour la premi\u00e8re fois l&#8217;ensemble de ces s\u00e9ries et proposant certaines photographies in\u00e9dites, Loire\u00c2: Thibaut Cu<\/p>\n","protected":false},"excerpt":{"rendered":"<p>Pendant pr\u00e8s de 40 ans, Thibaut Cuisset (1958-2017) a construit une \u00c5\u00abuvre sur le paysage \u00e0 travers des campagnes successives, en France et \u00e0 l&#8217;\u00e9tranger. Arpentant les paysages, il d\u00e9veloppe un style singulier qui s&#8217;appuie sur un \u00e9quilibre t\u00e9nu entre sujet, couleur et lumi\u00e8re. Les campagnes fran\u00e7aises et le cours des fleuves repr\u00e9sentent un champ [&hellip;]<\/p>\n","protected":false},"featured_media":18177,"template":"","meta":[],"product_cat":[2948,2958],"product_tag":[],"acf":[],"yoast_head":"<!-- This site is optimized with the Yoast SEO plugin v20.11 - https:\/\/yoast.com\/wordpress\/plugins\/seo\/ -->\n<title>THIBAUT CUISSET : LOIRE - Librairie 7L<\/title>\n<meta name=\"robots\" content=\"index, follow, max-snippet:-1, max-image-preview:large, max-video-preview:-1\" \/>\n<link rel=\"canonical\" href=\"https:\/\/librairie7l.com\/en\/produit\/thibaut-cuisset-loire\/\" \/>\n<meta property=\"og:locale\" content=\"en_US\" \/>\n<meta property=\"og:type\" content=\"article\" \/>\n<meta property=\"og:title\" content=\"THIBAUT CUISSET : LOIRE - Librairie 7L\" \/>\n<meta property=\"og:description\" content=\"Pendant pr\u00e8s de 40 ans, Thibaut Cuisset (1958-2017) a construit une \u00c5\u00abuvre sur le paysage \u00e0 travers des campagnes successives, en France et \u00e0 l&#8217;\u00e9tranger. Arpentant les paysages, il d\u00e9veloppe un style singulier qui s&#8217;appuie sur un \u00e9quilibre t\u00e9nu entre sujet, couleur et lumi\u00e8re. Les campagnes fran\u00e7aises et le cours des fleuves repr\u00e9sentent un champ [&hellip;]\" \/>\n<meta property=\"og:url\" content=\"https:\/\/librairie7l.com\/en\/produit\/thibaut-cuisset-loire\/\" \/>\n<meta property=\"og:site_name\" content=\"Librairie 7L\" \/>\n<meta property=\"article:modified_time\" content=\"2026-05-02T17:11:50+00:00\" \/>\n<meta property=\"og:image\" content=\"https:\/\/librairie7l.com\/wp-content\/uploads\/2021\/11\/9782350465524_1_75.jpg\" \/>\n\t<meta property=\"og:image:width\" content=\"599\" \/>\n\t<meta property=\"og:image:height\" content=\"600\" \/>\n\t<meta property=\"og:image:type\" content=\"image\/jpeg\" \/>\n<meta name=\"twitter:card\" content=\"summary_large_image\" \/>\n<meta name=\"twitter:label1\" content=\"Est. reading time\" \/>\n\t<meta name=\"twitter:data1\" content=\"1 minute\" \/>\n<script type=\"application\/ld+json\" class=\"yoast-schema-graph\">{\"@context\":\"https:\/\/schema.org\",\"@graph\":[{\"@type\":\"WebPage\",\"@id\":\"https:\/\/librairie7l.com\/en\/produit\/thibaut-cuisset-loire\/\",\"url\":\"https:\/\/librairie7l.com\/en\/produit\/thibaut-cuisset-loire\/\",\"name\":\"THIBAUT CUISSET : LOIRE - Librairie 7L\",\"isPartOf\":{\"@id\":\"https:\/\/librairie7l.com\/en\/#website\"},\"datePublished\":\"2023-05-09T15:41:13+00:00\",\"dateModified\":\"2026-05-02T17:11:50+00:00\",\"breadcrumb\":{\"@id\":\"https:\/\/librairie7l.com\/en\/produit\/thibaut-cuisset-loire\/#breadcrumb\"},\"inLanguage\":\"en-US\",\"potentialAction\":[{\"@type\":\"ReadAction\",\"target\":[\"https:\/\/librairie7l.com\/en\/produit\/thibaut-cuisset-loire\/\"]}]},{\"@type\":\"BreadcrumbList\",\"@id\":\"https:\/\/librairie7l.com\/en\/produit\/thibaut-cuisset-loire\/#breadcrumb\",\"itemListElement\":[{\"@type\":\"ListItem\",\"position\":1,\"name\":\"Accueil\",\"item\":\"https:\/\/librairie7l.com\/en\/\"},{\"@type\":\"ListItem\",\"position\":2,\"name\":\"Shop\",\"item\":\"https:\/\/librairie7l.com\/en\/shop\/\"},{\"@type\":\"ListItem\",\"position\":3,\"name\":\"THIBAUT CUISSET : LOIRE\"}]},{\"@type\":\"WebSite\",\"@id\":\"https:\/\/librairie7l.com\/en\/#website\",\"url\":\"https:\/\/librairie7l.com\/en\/\",\"name\":\"Librairie 7L\",\"description\":\"Librairie fond\u00e9e en 1999 par Karl Lagerfeld \u00e0 Paris\",\"publisher\":{\"@id\":\"https:\/\/librairie7l.com\/en\/#organization\"},\"potentialAction\":[{\"@type\":\"SearchAction\",\"target\":{\"@type\":\"EntryPoint\",\"urlTemplate\":\"https:\/\/librairie7l.com\/en\/?s={search_term_string}\"},\"query-input\":\"required name=search_term_string\"}],\"inLanguage\":\"en-US\"},{\"@type\":\"Organization\",\"@id\":\"https:\/\/librairie7l.com\/en\/#organization\",\"name\":\"Librairie 7L\",\"url\":\"https:\/\/librairie7l.com\/en\/\",\"logo\":{\"@type\":\"ImageObject\",\"inLanguage\":\"en-US\",\"@id\":\"https:\/\/librairie7l.com\/en\/#\/schema\/logo\/image\/\",\"url\":\"https:\/\/librairie7l.com\/wp-content\/uploads\/2022\/08\/logo-1.png\",\"contentUrl\":\"https:\/\/librairie7l.com\/wp-content\/uploads\/2022\/08\/logo-1.png\",\"width\":227,\"height\":301,\"caption\":\"Librairie 7L\"},\"image\":{\"@id\":\"https:\/\/librairie7l.com\/en\/#\/schema\/logo\/image\/\"}}]}<\/script>\n<!-- \/ Yoast SEO plugin. -->","yoast_head_json":{"title":"THIBAUT CUISSET : LOIRE - Librairie 7L","robots":{"index":"index","follow":"follow","max-snippet":"max-snippet:-1","max-image-preview":"max-image-preview:large","max-video-preview":"max-video-preview:-1"},"canonical":"https:\/\/librairie7l.com\/en\/produit\/thibaut-cuisset-loire\/","og_locale":"en_US","og_type":"article","og_title":"THIBAUT CUISSET : LOIRE - Librairie 7L","og_description":"Pendant pr\u00e8s de 40 ans, Thibaut Cuisset (1958-2017) a construit une \u00c5\u00abuvre sur le paysage \u00e0 travers des campagnes successives, en France et \u00e0 l&#8217;\u00e9tranger. Arpentant les paysages, il d\u00e9veloppe un style singulier qui s&#8217;appuie sur un \u00e9quilibre t\u00e9nu entre sujet, couleur et lumi\u00e8re. Les campagnes fran\u00e7aises et le cours des fleuves repr\u00e9sentent un champ [&hellip;]","og_url":"https:\/\/librairie7l.com\/en\/produit\/thibaut-cuisset-loire\/","og_site_name":"Librairie 7L","article_modified_time":"2026-05-02T17:11:50+00:00","og_image":[{"width":599,"height":600,"url":"https:\/\/librairie7l.com\/wp-content\/uploads\/2021\/11\/9782350465524_1_75.jpg","type":"image\/jpeg"}],"twitter_card":"summary_large_image","twitter_misc":{"Est. reading time":"1 minute"},"schema":{"@context":"https:\/\/schema.org","@graph":[{"@type":"WebPage","@id":"https:\/\/librairie7l.com\/en\/produit\/thibaut-cuisset-loire\/","url":"https:\/\/librairie7l.com\/en\/produit\/thibaut-cuisset-loire\/","name":"THIBAUT CUISSET : LOIRE - Librairie 7L","isPartOf":{"@id":"https:\/\/librairie7l.com\/en\/#website"},"datePublished":"2023-05-09T15:41:13+00:00","dateModified":"2026-05-02T17:11:50+00:00","breadcrumb":{"@id":"https:\/\/librairie7l.com\/en\/produit\/thibaut-cuisset-loire\/#breadcrumb"},"inLanguage":"en-US","potentialAction":[{"@type":"ReadAction","target":["https:\/\/librairie7l.com\/en\/produit\/thibaut-cuisset-loire\/"]}]},{"@type":"BreadcrumbList","@id":"https:\/\/librairie7l.com\/en\/produit\/thibaut-cuisset-loire\/#breadcrumb","itemListElement":[{"@type":"ListItem","position":1,"name":"Accueil","item":"https:\/\/librairie7l.com\/en\/"},{"@type":"ListItem","position":2,"name":"Shop","item":"https:\/\/librairie7l.com\/en\/shop\/"},{"@type":"ListItem","position":3,"name":"THIBAUT CUISSET : LOIRE"}]},{"@type":"WebSite","@id":"https:\/\/librairie7l.com\/en\/#website","url":"https:\/\/librairie7l.com\/en\/","name":"Librairie 7L","description":"Librairie fond\u00e9e en 1999 par Karl Lagerfeld \u00e0 Paris","publisher":{"@id":"https:\/\/librairie7l.com\/en\/#organization"},"potentialAction":[{"@type":"SearchAction","target":{"@type":"EntryPoint","urlTemplate":"https:\/\/librairie7l.com\/en\/?s={search_term_string}"},"query-input":"required name=search_term_string"}],"inLanguage":"en-US"},{"@type":"Organization","@id":"https:\/\/librairie7l.com\/en\/#organization","name":"Librairie 7L","url":"https:\/\/librairie7l.com\/en\/","logo":{"@type":"ImageObject","inLanguage":"en-US","@id":"https:\/\/librairie7l.com\/en\/#\/schema\/logo\/image\/","url":"https:\/\/librairie7l.com\/wp-content\/uploads\/2022\/08\/logo-1.png","contentUrl":"https:\/\/librairie7l.com\/wp-content\/uploads\/2022\/08\/logo-1.png","width":227,"height":301,"caption":"Librairie 7L"},"image":{"@id":"https:\/\/librairie7l.com\/en\/#\/schema\/logo\/image\/"}}]}},"_links":{"self":[{"href":"https:\/\/librairie7l.com\/en\/wp-json\/wp\/v2\/product\/18179"}],"collection":[{"href":"https:\/\/librairie7l.com\/en\/wp-json\/wp\/v2\/product"}],"about":[{"href":"https:\/\/librairie7l.com\/en\/wp-json\/wp\/v2\/types\/product"}],"wp:featuredmedia":[{"embeddable":true,"href":"https:\/\/librairie7l.com\/en\/wp-json\/wp\/v2\/media\/18177"}],"wp:attachment":[{"href":"https:\/\/librairie7l.com\/en\/wp-json\/wp\/v2\/media?parent=18179"}],"wp:term":[{"taxonomy":"product_cat","embeddable":true,"href":"https:\/\/librairie7l.com\/en\/wp-json\/wp\/v2\/product_cat?post=18179"},{"taxonomy":"product_tag","embeddable":true,"href":"https:\/\/librairie7l.com\/en\/wp-json\/wp\/v2\/product_tag?post=18179"}],"curies":[{"name":"wp","href":"https:\/\/api.w.org\/{rel}","templated":true}]}}