{"id":18215,"date":"2023-05-09T17:41:44","date_gmt":"2023-05-09T15:41:44","guid":{"rendered":"https:\/\/librairie7l.com\/?post_type=product&#038;p=18215"},"modified":"2026-04-19T18:03:46","modified_gmt":"2026-04-19T16:03:46","slug":"johan-creten-bestiarium","status":"publish","type":"product","link":"https:\/\/librairie7l.com\/en\/produit\/johan-creten-bestiarium\/","title":{"rendered":"JOHAN CRETEN : BESTIARIUM"},"content":{"rendered":"<p>Le sculpteur Johan Creten, n\u00e9 en 1963, est un pr\u00e9curseur du renouveau de la c\u00e9ramique dons l&#8217;art contemporain. Catalogue de la grande exposition \u00ab Bestiarium \u00bb, abrit\u00e9e par le mus\u00e9e La Piscine de Roubaix. cet ouvrage bilingue explore l&#8217;animalit\u00e9 \u00e0 l&#8217;oeuvre dons son travail. Une m\u00e9nagerie humaine &#8211; politique et po\u00e9tique &#8211; , peupl\u00e9e d&#8217;oeuvres in\u00e9dites et historiques&#8230;<\/p>\n<p>Sculptor Johan Creten, born in 1963, is a pioneer in the revival of ceramics ln contemporary art. This bilingual catalogue, published in conjunction with the major exhibition Bestiarium, hosted by La Piscine museum in Roubaix, explores the animality in his art. Creten&#8217;s bestiary is a poetic and political human menagerie of new and past works&#8230;<\/p>\n<p>Avec les contributions de \/ With contributions by :<br \/>\nLaurence Bertrand Dorl\u00e9ac, Guillaume Cassegrain, Barbara De Coninck, Anne Dressen, Fabrice Hergott, Colin Lemoine, Chiara Parisi, Jo\u00ebl Rift.<br \/>\nPhotographies de \/ Photographs by Gerrit Schreurs.<\/p>\n","protected":false},"excerpt":{"rendered":"<p>Le sculpteur Johan Creten, n\u00e9 en 1963, est un pr\u00e9curseur du renouveau de la c\u00e9ramique dons l&#8217;art contemporain. Catalogue de la grande exposition \u00ab Bestiarium \u00bb, abrit\u00e9e par le mus\u00e9e La Piscine de Roubaix. cet ouvrage bilingue explore l&#8217;animalit\u00e9 \u00e0 l&#8217;oeuvre dons son travail. Une m\u00e9nagerie humaine &#8211; politique et po\u00e9tique &#8211; , peupl\u00e9e d&#8217;oeuvres [&hellip;]<\/p>\n","protected":false},"featured_media":18213,"template":"","meta":[],"product_cat":[2948,2953],"product_tag":[],"acf":[],"yoast_head":"<!-- This site is optimized with the Yoast SEO plugin v20.11 - https:\/\/yoast.com\/wordpress\/plugins\/seo\/ -->\n<title>JOHAN CRETEN : BESTIARIUM - Librairie 7L<\/title>\n<meta name=\"robots\" content=\"index, follow, max-snippet:-1, max-image-preview:large, max-video-preview:-1\" \/>\n<link rel=\"canonical\" href=\"https:\/\/librairie7l.com\/en\/produit\/johan-creten-bestiarium\/\" \/>\n<meta property=\"og:locale\" content=\"en_US\" \/>\n<meta property=\"og:type\" content=\"article\" \/>\n<meta property=\"og:title\" content=\"JOHAN CRETEN : BESTIARIUM - Librairie 7L\" \/>\n<meta property=\"og:description\" content=\"Le sculpteur Johan Creten, n\u00e9 en 1963, est un pr\u00e9curseur du renouveau de la c\u00e9ramique dons l&#8217;art contemporain. Catalogue de la grande exposition \u00ab Bestiarium \u00bb, abrit\u00e9e par le mus\u00e9e La Piscine de Roubaix. cet ouvrage bilingue explore l&#8217;animalit\u00e9 \u00e0 l&#8217;oeuvre dons son travail. Une m\u00e9nagerie humaine &#8211; politique et po\u00e9tique &#8211; , peupl\u00e9e d&#8217;oeuvres [&hellip;]\" \/>\n<meta property=\"og:url\" content=\"https:\/\/librairie7l.com\/en\/produit\/johan-creten-bestiarium\/\" \/>\n<meta property=\"og:site_name\" content=\"Librairie 7L\" \/>\n<meta property=\"article:modified_time\" content=\"2026-04-19T16:03:46+00:00\" \/>\n<meta property=\"og:image\" content=\"https:\/\/librairie7l.com\/wp-content\/uploads\/2022\/03\/9782072984938_1_75.jpg\" \/>\n\t<meta property=\"og:image:width\" content=\"600\" \/>\n\t<meta property=\"og:image:height\" content=\"680\" \/>\n\t<meta property=\"og:image:type\" content=\"image\/jpeg\" \/>\n<meta name=\"twitter:card\" content=\"summary_large_image\" \/>\n<meta name=\"twitter:label1\" content=\"Est. reading time\" \/>\n\t<meta name=\"twitter:data1\" content=\"1 minute\" \/>\n<script type=\"application\/ld+json\" class=\"yoast-schema-graph\">{\"@context\":\"https:\/\/schema.org\",\"@graph\":[{\"@type\":\"WebPage\",\"@id\":\"https:\/\/librairie7l.com\/en\/produit\/johan-creten-bestiarium\/\",\"url\":\"https:\/\/librairie7l.com\/en\/produit\/johan-creten-bestiarium\/\",\"name\":\"JOHAN CRETEN : BESTIARIUM - Librairie 7L\",\"isPartOf\":{\"@id\":\"https:\/\/librairie7l.com\/en\/#website\"},\"datePublished\":\"2023-05-09T15:41:44+00:00\",\"dateModified\":\"2026-04-19T16:03:46+00:00\",\"breadcrumb\":{\"@id\":\"https:\/\/librairie7l.com\/en\/produit\/johan-creten-bestiarium\/#breadcrumb\"},\"inLanguage\":\"en-US\",\"potentialAction\":[{\"@type\":\"ReadAction\",\"target\":[\"https:\/\/librairie7l.com\/en\/produit\/johan-creten-bestiarium\/\"]}]},{\"@type\":\"BreadcrumbList\",\"@id\":\"https:\/\/librairie7l.com\/en\/produit\/johan-creten-bestiarium\/#breadcrumb\",\"itemListElement\":[{\"@type\":\"ListItem\",\"position\":1,\"name\":\"Accueil\",\"item\":\"https:\/\/librairie7l.com\/en\/\"},{\"@type\":\"ListItem\",\"position\":2,\"name\":\"Shop\",\"item\":\"https:\/\/librairie7l.com\/en\/shop\/\"},{\"@type\":\"ListItem\",\"position\":3,\"name\":\"JOHAN CRETEN : BESTIARIUM\"}]},{\"@type\":\"WebSite\",\"@id\":\"https:\/\/librairie7l.com\/en\/#website\",\"url\":\"https:\/\/librairie7l.com\/en\/\",\"name\":\"Librairie 7L\",\"description\":\"Librairie fond\u00e9e en 1999 par Karl Lagerfeld \u00e0 Paris\",\"publisher\":{\"@id\":\"https:\/\/librairie7l.com\/en\/#organization\"},\"potentialAction\":[{\"@type\":\"SearchAction\",\"target\":{\"@type\":\"EntryPoint\",\"urlTemplate\":\"https:\/\/librairie7l.com\/en\/?s={search_term_string}\"},\"query-input\":\"required name=search_term_string\"}],\"inLanguage\":\"en-US\"},{\"@type\":\"Organization\",\"@id\":\"https:\/\/librairie7l.com\/en\/#organization\",\"name\":\"Librairie 7L\",\"url\":\"https:\/\/librairie7l.com\/en\/\",\"logo\":{\"@type\":\"ImageObject\",\"inLanguage\":\"en-US\",\"@id\":\"https:\/\/librairie7l.com\/en\/#\/schema\/logo\/image\/\",\"url\":\"https:\/\/librairie7l.com\/wp-content\/uploads\/2022\/08\/logo-1.png\",\"contentUrl\":\"https:\/\/librairie7l.com\/wp-content\/uploads\/2022\/08\/logo-1.png\",\"width\":227,\"height\":301,\"caption\":\"Librairie 7L\"},\"image\":{\"@id\":\"https:\/\/librairie7l.com\/en\/#\/schema\/logo\/image\/\"}}]}<\/script>\n<!-- \/ Yoast SEO plugin. -->","yoast_head_json":{"title":"JOHAN CRETEN : BESTIARIUM - Librairie 7L","robots":{"index":"index","follow":"follow","max-snippet":"max-snippet:-1","max-image-preview":"max-image-preview:large","max-video-preview":"max-video-preview:-1"},"canonical":"https:\/\/librairie7l.com\/en\/produit\/johan-creten-bestiarium\/","og_locale":"en_US","og_type":"article","og_title":"JOHAN CRETEN : BESTIARIUM - Librairie 7L","og_description":"Le sculpteur Johan Creten, n\u00e9 en 1963, est un pr\u00e9curseur du renouveau de la c\u00e9ramique dons l&#8217;art contemporain. Catalogue de la grande exposition \u00ab Bestiarium \u00bb, abrit\u00e9e par le mus\u00e9e La Piscine de Roubaix. cet ouvrage bilingue explore l&#8217;animalit\u00e9 \u00e0 l&#8217;oeuvre dons son travail. Une m\u00e9nagerie humaine &#8211; politique et po\u00e9tique &#8211; , peupl\u00e9e d&#8217;oeuvres [&hellip;]","og_url":"https:\/\/librairie7l.com\/en\/produit\/johan-creten-bestiarium\/","og_site_name":"Librairie 7L","article_modified_time":"2026-04-19T16:03:46+00:00","og_image":[{"width":600,"height":680,"url":"https:\/\/librairie7l.com\/wp-content\/uploads\/2022\/03\/9782072984938_1_75.jpg","type":"image\/jpeg"}],"twitter_card":"summary_large_image","twitter_misc":{"Est. reading time":"1 minute"},"schema":{"@context":"https:\/\/schema.org","@graph":[{"@type":"WebPage","@id":"https:\/\/librairie7l.com\/en\/produit\/johan-creten-bestiarium\/","url":"https:\/\/librairie7l.com\/en\/produit\/johan-creten-bestiarium\/","name":"JOHAN CRETEN : BESTIARIUM - Librairie 7L","isPartOf":{"@id":"https:\/\/librairie7l.com\/en\/#website"},"datePublished":"2023-05-09T15:41:44+00:00","dateModified":"2026-04-19T16:03:46+00:00","breadcrumb":{"@id":"https:\/\/librairie7l.com\/en\/produit\/johan-creten-bestiarium\/#breadcrumb"},"inLanguage":"en-US","potentialAction":[{"@type":"ReadAction","target":["https:\/\/librairie7l.com\/en\/produit\/johan-creten-bestiarium\/"]}]},{"@type":"BreadcrumbList","@id":"https:\/\/librairie7l.com\/en\/produit\/johan-creten-bestiarium\/#breadcrumb","itemListElement":[{"@type":"ListItem","position":1,"name":"Accueil","item":"https:\/\/librairie7l.com\/en\/"},{"@type":"ListItem","position":2,"name":"Shop","item":"https:\/\/librairie7l.com\/en\/shop\/"},{"@type":"ListItem","position":3,"name":"JOHAN CRETEN : BESTIARIUM"}]},{"@type":"WebSite","@id":"https:\/\/librairie7l.com\/en\/#website","url":"https:\/\/librairie7l.com\/en\/","name":"Librairie 7L","description":"Librairie fond\u00e9e en 1999 par Karl Lagerfeld \u00e0 Paris","publisher":{"@id":"https:\/\/librairie7l.com\/en\/#organization"},"potentialAction":[{"@type":"SearchAction","target":{"@type":"EntryPoint","urlTemplate":"https:\/\/librairie7l.com\/en\/?s={search_term_string}"},"query-input":"required name=search_term_string"}],"inLanguage":"en-US"},{"@type":"Organization","@id":"https:\/\/librairie7l.com\/en\/#organization","name":"Librairie 7L","url":"https:\/\/librairie7l.com\/en\/","logo":{"@type":"ImageObject","inLanguage":"en-US","@id":"https:\/\/librairie7l.com\/en\/#\/schema\/logo\/image\/","url":"https:\/\/librairie7l.com\/wp-content\/uploads\/2022\/08\/logo-1.png","contentUrl":"https:\/\/librairie7l.com\/wp-content\/uploads\/2022\/08\/logo-1.png","width":227,"height":301,"caption":"Librairie 7L"},"image":{"@id":"https:\/\/librairie7l.com\/en\/#\/schema\/logo\/image\/"}}]}},"_links":{"self":[{"href":"https:\/\/librairie7l.com\/en\/wp-json\/wp\/v2\/product\/18215"}],"collection":[{"href":"https:\/\/librairie7l.com\/en\/wp-json\/wp\/v2\/product"}],"about":[{"href":"https:\/\/librairie7l.com\/en\/wp-json\/wp\/v2\/types\/product"}],"wp:featuredmedia":[{"embeddable":true,"href":"https:\/\/librairie7l.com\/en\/wp-json\/wp\/v2\/media\/18213"}],"wp:attachment":[{"href":"https:\/\/librairie7l.com\/en\/wp-json\/wp\/v2\/media?parent=18215"}],"wp:term":[{"taxonomy":"product_cat","embeddable":true,"href":"https:\/\/librairie7l.com\/en\/wp-json\/wp\/v2\/product_cat?post=18215"},{"taxonomy":"product_tag","embeddable":true,"href":"https:\/\/librairie7l.com\/en\/wp-json\/wp\/v2\/product_tag?post=18215"}],"curies":[{"name":"wp","href":"https:\/\/api.w.org\/{rel}","templated":true}]}}