{"id":18219,"date":"2023-05-09T17:41:48","date_gmt":"2023-05-09T15:41:48","guid":{"rendered":"https:\/\/librairie7l.com\/?post_type=product&#038;p=18219"},"modified":"2026-04-17T01:37:21","modified_gmt":"2026-04-16T23:37:21","slug":"paul-tissier-le-magnifique","status":"publish","type":"product","link":"https:\/\/librairie7l.com\/en\/produit\/paul-tissier-le-magnifique\/","title":{"rendered":"PAUL TISSIER, LE MAGNIFIQUE"},"content":{"rendered":"<p>Paul Tissier a, durant sa br\u00e8ve existence (1886-1926), abord\u00e9 de nombreux domaines de la cr\u00e9ation artistique\/: peinture, architecture, puis, activit\u00e9 qui consacrera son talent, sc\u00e9nographie de f\u00eates pour les palaces de la C\u00f4te d&#8217;Azur et du Sud de la France. Il se positionne d\u00e8s la fin de la guerre comme un acteur de la Reconstruction. Imaginant la restructuration d&#8217;une commune dont il avait d\u00e9j\u00e0 peint les ruines, Revigny-sur-Ornain, il r\u00e9alise des projets de fermes dans la Meuse puis travaille sur l&#8217;h\u00f4tel des postes de Bar-Le-Duc avant de s&#8217;installer en Provence vers 1921, o\u00f9 il va d\u00e9velopper un singulier catalogue de maisons modulables d&#8217;inspiration r\u00e9gionaliste m\u00ealant architecture traditionnelle et \u00e9l\u00e9ments modernes : escaliers ext\u00e9rieurs, toit-terrasses, fen\u00eatres en bande&#8230; En 1923, Tissier se voit confier par la Soci\u00e9t\u00e9 des grands h\u00f4tels de Nice l&#8217;organisation de f\u00eates exceptionnelles \u00e0 destination de la client\u00e8le fortun\u00e9e des environs. Russie, Moyen ou Extr\u00eame-Orient, Gr\u00e8ce, Rome ou \u00c9gypte antique vont servir de th\u00e8me de d\u00e9part \u00e0 l&#8217;architecte et sc\u00e9nographe pour \u00e9laborer des mises en sc\u00e8ne d&#8217;un grand raffinement : salles de bal, pompes nuptiales ou fun\u00e9raires, arcs de triomphe, monuments \u00e9ph\u00e9m\u00e8res, cort\u00e8ges, joutes navales, feux d&#8217;artifices ou illuminations&#8230; Paul Tissier organisera en trois ans pr\u00e8s de cent f\u00eates avant de s&#8217;\u00e9teindre brutalement.<\/p>\n","protected":false},"excerpt":{"rendered":"<p>Paul Tissier a, durant sa br\u00e8ve existence (1886-1926), abord\u00e9 de nombreux domaines de la cr\u00e9ation artistique\/: peinture, architecture, puis, activit\u00e9 qui consacrera son talent, sc\u00e9nographie de f\u00eates pour les palaces de la C\u00f4te d&#8217;Azur et du Sud de la France. Il se positionne d\u00e8s la fin de la guerre comme un acteur de la Reconstruction. [&hellip;]<\/p>\n","protected":false},"featured_media":18217,"template":"","meta":[],"product_cat":[2948,2952],"product_tag":[],"acf":[],"yoast_head":"<!-- This site is optimized with the Yoast SEO plugin v20.11 - https:\/\/yoast.com\/wordpress\/plugins\/seo\/ -->\n<title>PAUL TISSIER, LE MAGNIFIQUE - Librairie 7L<\/title>\n<meta name=\"robots\" content=\"index, follow, max-snippet:-1, max-image-preview:large, max-video-preview:-1\" \/>\n<link rel=\"canonical\" href=\"https:\/\/librairie7l.com\/en\/produit\/paul-tissier-le-magnifique\/\" \/>\n<meta property=\"og:locale\" content=\"en_US\" \/>\n<meta property=\"og:type\" content=\"article\" \/>\n<meta property=\"og:title\" content=\"PAUL TISSIER, LE MAGNIFIQUE - Librairie 7L\" \/>\n<meta property=\"og:description\" content=\"Paul Tissier a, durant sa br\u00e8ve existence (1886-1926), abord\u00e9 de nombreux domaines de la cr\u00e9ation artistique\/: peinture, architecture, puis, activit\u00e9 qui consacrera son talent, sc\u00e9nographie de f\u00eates pour les palaces de la C\u00f4te d&#8217;Azur et du Sud de la France. Il se positionne d\u00e8s la fin de la guerre comme un acteur de la Reconstruction. [&hellip;]\" \/>\n<meta property=\"og:url\" content=\"https:\/\/librairie7l.com\/en\/produit\/paul-tissier-le-magnifique\/\" \/>\n<meta property=\"og:site_name\" content=\"Librairie 7L\" \/>\n<meta property=\"article:modified_time\" content=\"2026-04-16T23:37:21+00:00\" \/>\n<meta property=\"og:image\" content=\"https:\/\/librairie7l.com\/wp-content\/uploads\/2022\/05\/9782376660583_1_75.jpg\" \/>\n\t<meta property=\"og:image:width\" content=\"200\" \/>\n\t<meta property=\"og:image:height\" content=\"239\" \/>\n\t<meta property=\"og:image:type\" content=\"image\/jpeg\" \/>\n<meta name=\"twitter:card\" content=\"summary_large_image\" \/>\n<meta name=\"twitter:label1\" content=\"Est. reading time\" \/>\n\t<meta name=\"twitter:data1\" content=\"1 minute\" \/>\n<script type=\"application\/ld+json\" class=\"yoast-schema-graph\">{\"@context\":\"https:\/\/schema.org\",\"@graph\":[{\"@type\":\"WebPage\",\"@id\":\"https:\/\/librairie7l.com\/en\/produit\/paul-tissier-le-magnifique\/\",\"url\":\"https:\/\/librairie7l.com\/en\/produit\/paul-tissier-le-magnifique\/\",\"name\":\"PAUL TISSIER, LE MAGNIFIQUE - Librairie 7L\",\"isPartOf\":{\"@id\":\"https:\/\/librairie7l.com\/en\/#website\"},\"datePublished\":\"2023-05-09T15:41:48+00:00\",\"dateModified\":\"2026-04-16T23:37:21+00:00\",\"breadcrumb\":{\"@id\":\"https:\/\/librairie7l.com\/en\/produit\/paul-tissier-le-magnifique\/#breadcrumb\"},\"inLanguage\":\"en-US\",\"potentialAction\":[{\"@type\":\"ReadAction\",\"target\":[\"https:\/\/librairie7l.com\/en\/produit\/paul-tissier-le-magnifique\/\"]}]},{\"@type\":\"BreadcrumbList\",\"@id\":\"https:\/\/librairie7l.com\/en\/produit\/paul-tissier-le-magnifique\/#breadcrumb\",\"itemListElement\":[{\"@type\":\"ListItem\",\"position\":1,\"name\":\"Accueil\",\"item\":\"https:\/\/librairie7l.com\/en\/\"},{\"@type\":\"ListItem\",\"position\":2,\"name\":\"Shop\",\"item\":\"https:\/\/librairie7l.com\/en\/shop\/\"},{\"@type\":\"ListItem\",\"position\":3,\"name\":\"PAUL TISSIER, LE MAGNIFIQUE\"}]},{\"@type\":\"WebSite\",\"@id\":\"https:\/\/librairie7l.com\/en\/#website\",\"url\":\"https:\/\/librairie7l.com\/en\/\",\"name\":\"Librairie 7L\",\"description\":\"Librairie fond\u00e9e en 1999 par Karl Lagerfeld \u00e0 Paris\",\"publisher\":{\"@id\":\"https:\/\/librairie7l.com\/en\/#organization\"},\"potentialAction\":[{\"@type\":\"SearchAction\",\"target\":{\"@type\":\"EntryPoint\",\"urlTemplate\":\"https:\/\/librairie7l.com\/en\/?s={search_term_string}\"},\"query-input\":\"required name=search_term_string\"}],\"inLanguage\":\"en-US\"},{\"@type\":\"Organization\",\"@id\":\"https:\/\/librairie7l.com\/en\/#organization\",\"name\":\"Librairie 7L\",\"url\":\"https:\/\/librairie7l.com\/en\/\",\"logo\":{\"@type\":\"ImageObject\",\"inLanguage\":\"en-US\",\"@id\":\"https:\/\/librairie7l.com\/en\/#\/schema\/logo\/image\/\",\"url\":\"https:\/\/librairie7l.com\/wp-content\/uploads\/2022\/08\/logo-1.png\",\"contentUrl\":\"https:\/\/librairie7l.com\/wp-content\/uploads\/2022\/08\/logo-1.png\",\"width\":227,\"height\":301,\"caption\":\"Librairie 7L\"},\"image\":{\"@id\":\"https:\/\/librairie7l.com\/en\/#\/schema\/logo\/image\/\"}}]}<\/script>\n<!-- \/ Yoast SEO plugin. -->","yoast_head_json":{"title":"PAUL TISSIER, LE MAGNIFIQUE - Librairie 7L","robots":{"index":"index","follow":"follow","max-snippet":"max-snippet:-1","max-image-preview":"max-image-preview:large","max-video-preview":"max-video-preview:-1"},"canonical":"https:\/\/librairie7l.com\/en\/produit\/paul-tissier-le-magnifique\/","og_locale":"en_US","og_type":"article","og_title":"PAUL TISSIER, LE MAGNIFIQUE - Librairie 7L","og_description":"Paul Tissier a, durant sa br\u00e8ve existence (1886-1926), abord\u00e9 de nombreux domaines de la cr\u00e9ation artistique\/: peinture, architecture, puis, activit\u00e9 qui consacrera son talent, sc\u00e9nographie de f\u00eates pour les palaces de la C\u00f4te d&#8217;Azur et du Sud de la France. Il se positionne d\u00e8s la fin de la guerre comme un acteur de la Reconstruction. [&hellip;]","og_url":"https:\/\/librairie7l.com\/en\/produit\/paul-tissier-le-magnifique\/","og_site_name":"Librairie 7L","article_modified_time":"2026-04-16T23:37:21+00:00","og_image":[{"width":200,"height":239,"url":"https:\/\/librairie7l.com\/wp-content\/uploads\/2022\/05\/9782376660583_1_75.jpg","type":"image\/jpeg"}],"twitter_card":"summary_large_image","twitter_misc":{"Est. reading time":"1 minute"},"schema":{"@context":"https:\/\/schema.org","@graph":[{"@type":"WebPage","@id":"https:\/\/librairie7l.com\/en\/produit\/paul-tissier-le-magnifique\/","url":"https:\/\/librairie7l.com\/en\/produit\/paul-tissier-le-magnifique\/","name":"PAUL TISSIER, LE MAGNIFIQUE - Librairie 7L","isPartOf":{"@id":"https:\/\/librairie7l.com\/en\/#website"},"datePublished":"2023-05-09T15:41:48+00:00","dateModified":"2026-04-16T23:37:21+00:00","breadcrumb":{"@id":"https:\/\/librairie7l.com\/en\/produit\/paul-tissier-le-magnifique\/#breadcrumb"},"inLanguage":"en-US","potentialAction":[{"@type":"ReadAction","target":["https:\/\/librairie7l.com\/en\/produit\/paul-tissier-le-magnifique\/"]}]},{"@type":"BreadcrumbList","@id":"https:\/\/librairie7l.com\/en\/produit\/paul-tissier-le-magnifique\/#breadcrumb","itemListElement":[{"@type":"ListItem","position":1,"name":"Accueil","item":"https:\/\/librairie7l.com\/en\/"},{"@type":"ListItem","position":2,"name":"Shop","item":"https:\/\/librairie7l.com\/en\/shop\/"},{"@type":"ListItem","position":3,"name":"PAUL TISSIER, LE MAGNIFIQUE"}]},{"@type":"WebSite","@id":"https:\/\/librairie7l.com\/en\/#website","url":"https:\/\/librairie7l.com\/en\/","name":"Librairie 7L","description":"Librairie fond\u00e9e en 1999 par Karl Lagerfeld \u00e0 Paris","publisher":{"@id":"https:\/\/librairie7l.com\/en\/#organization"},"potentialAction":[{"@type":"SearchAction","target":{"@type":"EntryPoint","urlTemplate":"https:\/\/librairie7l.com\/en\/?s={search_term_string}"},"query-input":"required name=search_term_string"}],"inLanguage":"en-US"},{"@type":"Organization","@id":"https:\/\/librairie7l.com\/en\/#organization","name":"Librairie 7L","url":"https:\/\/librairie7l.com\/en\/","logo":{"@type":"ImageObject","inLanguage":"en-US","@id":"https:\/\/librairie7l.com\/en\/#\/schema\/logo\/image\/","url":"https:\/\/librairie7l.com\/wp-content\/uploads\/2022\/08\/logo-1.png","contentUrl":"https:\/\/librairie7l.com\/wp-content\/uploads\/2022\/08\/logo-1.png","width":227,"height":301,"caption":"Librairie 7L"},"image":{"@id":"https:\/\/librairie7l.com\/en\/#\/schema\/logo\/image\/"}}]}},"_links":{"self":[{"href":"https:\/\/librairie7l.com\/en\/wp-json\/wp\/v2\/product\/18219"}],"collection":[{"href":"https:\/\/librairie7l.com\/en\/wp-json\/wp\/v2\/product"}],"about":[{"href":"https:\/\/librairie7l.com\/en\/wp-json\/wp\/v2\/types\/product"}],"wp:featuredmedia":[{"embeddable":true,"href":"https:\/\/librairie7l.com\/en\/wp-json\/wp\/v2\/media\/18217"}],"wp:attachment":[{"href":"https:\/\/librairie7l.com\/en\/wp-json\/wp\/v2\/media?parent=18219"}],"wp:term":[{"taxonomy":"product_cat","embeddable":true,"href":"https:\/\/librairie7l.com\/en\/wp-json\/wp\/v2\/product_cat?post=18219"},{"taxonomy":"product_tag","embeddable":true,"href":"https:\/\/librairie7l.com\/en\/wp-json\/wp\/v2\/product_tag?post=18219"}],"curies":[{"name":"wp","href":"https:\/\/api.w.org\/{rel}","templated":true}]}}