{"id":18231,"date":"2023-05-09T17:41:57","date_gmt":"2023-05-09T15:41:57","guid":{"rendered":"https:\/\/librairie7l.com\/?post_type=product&#038;p=18231"},"modified":"2026-05-02T19:11:52","modified_gmt":"2026-05-02T17:11:52","slug":"louis-francois-chatard-les-peintres-doreurs-du-garde-meuble-de-la-couronne-sou","status":"publish","type":"product","link":"https:\/\/librairie7l.com\/en\/produit\/louis-francois-chatard-les-peintres-doreurs-du-garde-meuble-de-la-couronne-sou\/","title":{"rendered":"LOUIS-FRANCOIS CHATARD : LES PEINTRES DOREURS DU GARDE-MEUBLE DE LA COURONNE SOUS LOUIS XVI"},"content":{"rendered":"<p>Les peintres et doreurs du Garde-Meuble de la Couronne ont particip\u00e9 \u00e0 la cr\u00e9ation des plus beaux si\u00e8ges du xviiie si\u00e8cle. Leurs livraisons illustrent la diversit\u00e9 et l&#8217;excellence des m\u00e9tiers d&#8217;art qui ont fait la r\u00e9putation de Paris \u00e0 la fin du xviiie si\u00e8cle. Leur travail apporte finition et \u00e9clat au d\u00e9cor des bois apr\u00e8s le travail du menuisier et du sculpteur qu&#8217;ils mettent en valeur. Sous Louis XVI, Louis-Fran\u00e7ois Chatard en devient le principal fournisseur. Peintre et doreur, il est \u00e9galement parfumeur. Ses confr\u00e8res peintres et doreurs comme Julliac ou la famille Chaise tiennent \u00e9galement boutique \u00e0 Paris en tant que marchands et restaurateurs de tableaux.Cet ouvrage nous fait d\u00e9couvrir cette profession et ce savoir-faire, ceux qui l&#8217;exerc\u00e8rent avec excellence, tout en illustrant les mutations des corporations et de l&#8217;artisanat \u00e0 Paris \u00e0 la veille de la R\u00e9volution.<\/p>\n","protected":false},"excerpt":{"rendered":"<p>Les peintres et doreurs du Garde-Meuble de la Couronne ont particip\u00e9 \u00e0 la cr\u00e9ation des plus beaux si\u00e8ges du xviiie si\u00e8cle. Leurs livraisons illustrent la diversit\u00e9 et l&#8217;excellence des m\u00e9tiers d&#8217;art qui ont fait la r\u00e9putation de Paris \u00e0 la fin du xviiie si\u00e8cle. Leur travail apporte finition et \u00e9clat au d\u00e9cor des bois apr\u00e8s [&hellip;]<\/p>\n","protected":false},"featured_media":18229,"template":"","meta":[],"product_cat":[2948,2952],"product_tag":[],"acf":[],"yoast_head":"<!-- This site is optimized with the Yoast SEO plugin v20.11 - https:\/\/yoast.com\/wordpress\/plugins\/seo\/ -->\n<title>LOUIS-FRANCOIS CHATARD : LES PEINTRES DOREURS DU GARDE-MEUBLE DE LA COURONNE SOUS LOUIS XVI - Librairie 7L<\/title>\n<meta name=\"robots\" content=\"index, follow, max-snippet:-1, max-image-preview:large, max-video-preview:-1\" \/>\n<link rel=\"canonical\" href=\"https:\/\/librairie7l.com\/en\/produit\/louis-francois-chatard-les-peintres-doreurs-du-garde-meuble-de-la-couronne-sou\/\" \/>\n<meta property=\"og:locale\" content=\"en_US\" \/>\n<meta property=\"og:type\" content=\"article\" \/>\n<meta property=\"og:title\" content=\"LOUIS-FRANCOIS CHATARD : LES PEINTRES DOREURS DU GARDE-MEUBLE DE LA COURONNE SOUS LOUIS XVI - Librairie 7L\" \/>\n<meta property=\"og:description\" content=\"Les peintres et doreurs du Garde-Meuble de la Couronne ont particip\u00e9 \u00e0 la cr\u00e9ation des plus beaux si\u00e8ges du xviiie si\u00e8cle. Leurs livraisons illustrent la diversit\u00e9 et l&#8217;excellence des m\u00e9tiers d&#8217;art qui ont fait la r\u00e9putation de Paris \u00e0 la fin du xviiie si\u00e8cle. Leur travail apporte finition et \u00e9clat au d\u00e9cor des bois apr\u00e8s [&hellip;]\" \/>\n<meta property=\"og:url\" content=\"https:\/\/librairie7l.com\/en\/produit\/louis-francois-chatard-les-peintres-doreurs-du-garde-meuble-de-la-couronne-sou\/\" \/>\n<meta property=\"og:site_name\" content=\"Librairie 7L\" \/>\n<meta property=\"article:modified_time\" content=\"2026-05-02T17:11:52+00:00\" \/>\n<meta property=\"og:image\" content=\"https:\/\/librairie7l.com\/wp-content\/uploads\/2023\/02\/9782878443318_1_75.jpg\" \/>\n\t<meta property=\"og:image:width\" content=\"400\" \/>\n\t<meta property=\"og:image:height\" content=\"528\" \/>\n\t<meta property=\"og:image:type\" content=\"image\/jpeg\" \/>\n<meta name=\"twitter:card\" content=\"summary_large_image\" \/>\n<meta name=\"twitter:label1\" content=\"Est. reading time\" \/>\n\t<meta name=\"twitter:data1\" content=\"1 minute\" \/>\n<script type=\"application\/ld+json\" class=\"yoast-schema-graph\">{\"@context\":\"https:\/\/schema.org\",\"@graph\":[{\"@type\":\"WebPage\",\"@id\":\"https:\/\/librairie7l.com\/en\/produit\/louis-francois-chatard-les-peintres-doreurs-du-garde-meuble-de-la-couronne-sou\/\",\"url\":\"https:\/\/librairie7l.com\/en\/produit\/louis-francois-chatard-les-peintres-doreurs-du-garde-meuble-de-la-couronne-sou\/\",\"name\":\"LOUIS-FRANCOIS CHATARD : LES PEINTRES DOREURS DU GARDE-MEUBLE DE LA COURONNE SOUS LOUIS XVI - Librairie 7L\",\"isPartOf\":{\"@id\":\"https:\/\/librairie7l.com\/en\/#website\"},\"datePublished\":\"2023-05-09T15:41:57+00:00\",\"dateModified\":\"2026-05-02T17:11:52+00:00\",\"breadcrumb\":{\"@id\":\"https:\/\/librairie7l.com\/en\/produit\/louis-francois-chatard-les-peintres-doreurs-du-garde-meuble-de-la-couronne-sou\/#breadcrumb\"},\"inLanguage\":\"en-US\",\"potentialAction\":[{\"@type\":\"ReadAction\",\"target\":[\"https:\/\/librairie7l.com\/en\/produit\/louis-francois-chatard-les-peintres-doreurs-du-garde-meuble-de-la-couronne-sou\/\"]}]},{\"@type\":\"BreadcrumbList\",\"@id\":\"https:\/\/librairie7l.com\/en\/produit\/louis-francois-chatard-les-peintres-doreurs-du-garde-meuble-de-la-couronne-sou\/#breadcrumb\",\"itemListElement\":[{\"@type\":\"ListItem\",\"position\":1,\"name\":\"Accueil\",\"item\":\"https:\/\/librairie7l.com\/en\/\"},{\"@type\":\"ListItem\",\"position\":2,\"name\":\"Shop\",\"item\":\"https:\/\/librairie7l.com\/en\/shop\/\"},{\"@type\":\"ListItem\",\"position\":3,\"name\":\"LOUIS-FRANCOIS CHATARD : LES PEINTRES DOREURS DU GARDE-MEUBLE DE LA COURONNE SOUS LOUIS XVI\"}]},{\"@type\":\"WebSite\",\"@id\":\"https:\/\/librairie7l.com\/en\/#website\",\"url\":\"https:\/\/librairie7l.com\/en\/\",\"name\":\"Librairie 7L\",\"description\":\"Librairie fond\u00e9e en 1999 par Karl Lagerfeld \u00e0 Paris\",\"publisher\":{\"@id\":\"https:\/\/librairie7l.com\/en\/#organization\"},\"potentialAction\":[{\"@type\":\"SearchAction\",\"target\":{\"@type\":\"EntryPoint\",\"urlTemplate\":\"https:\/\/librairie7l.com\/en\/?s={search_term_string}\"},\"query-input\":\"required name=search_term_string\"}],\"inLanguage\":\"en-US\"},{\"@type\":\"Organization\",\"@id\":\"https:\/\/librairie7l.com\/en\/#organization\",\"name\":\"Librairie 7L\",\"url\":\"https:\/\/librairie7l.com\/en\/\",\"logo\":{\"@type\":\"ImageObject\",\"inLanguage\":\"en-US\",\"@id\":\"https:\/\/librairie7l.com\/en\/#\/schema\/logo\/image\/\",\"url\":\"https:\/\/librairie7l.com\/wp-content\/uploads\/2022\/08\/logo-1.png\",\"contentUrl\":\"https:\/\/librairie7l.com\/wp-content\/uploads\/2022\/08\/logo-1.png\",\"width\":227,\"height\":301,\"caption\":\"Librairie 7L\"},\"image\":{\"@id\":\"https:\/\/librairie7l.com\/en\/#\/schema\/logo\/image\/\"}}]}<\/script>\n<!-- \/ Yoast SEO plugin. -->","yoast_head_json":{"title":"LOUIS-FRANCOIS CHATARD : LES PEINTRES DOREURS DU GARDE-MEUBLE DE LA COURONNE SOUS LOUIS XVI - Librairie 7L","robots":{"index":"index","follow":"follow","max-snippet":"max-snippet:-1","max-image-preview":"max-image-preview:large","max-video-preview":"max-video-preview:-1"},"canonical":"https:\/\/librairie7l.com\/en\/produit\/louis-francois-chatard-les-peintres-doreurs-du-garde-meuble-de-la-couronne-sou\/","og_locale":"en_US","og_type":"article","og_title":"LOUIS-FRANCOIS CHATARD : LES PEINTRES DOREURS DU GARDE-MEUBLE DE LA COURONNE SOUS LOUIS XVI - Librairie 7L","og_description":"Les peintres et doreurs du Garde-Meuble de la Couronne ont particip\u00e9 \u00e0 la cr\u00e9ation des plus beaux si\u00e8ges du xviiie si\u00e8cle. Leurs livraisons illustrent la diversit\u00e9 et l&#8217;excellence des m\u00e9tiers d&#8217;art qui ont fait la r\u00e9putation de Paris \u00e0 la fin du xviiie si\u00e8cle. Leur travail apporte finition et \u00e9clat au d\u00e9cor des bois apr\u00e8s [&hellip;]","og_url":"https:\/\/librairie7l.com\/en\/produit\/louis-francois-chatard-les-peintres-doreurs-du-garde-meuble-de-la-couronne-sou\/","og_site_name":"Librairie 7L","article_modified_time":"2026-05-02T17:11:52+00:00","og_image":[{"width":400,"height":528,"url":"https:\/\/librairie7l.com\/wp-content\/uploads\/2023\/02\/9782878443318_1_75.jpg","type":"image\/jpeg"}],"twitter_card":"summary_large_image","twitter_misc":{"Est. reading time":"1 minute"},"schema":{"@context":"https:\/\/schema.org","@graph":[{"@type":"WebPage","@id":"https:\/\/librairie7l.com\/en\/produit\/louis-francois-chatard-les-peintres-doreurs-du-garde-meuble-de-la-couronne-sou\/","url":"https:\/\/librairie7l.com\/en\/produit\/louis-francois-chatard-les-peintres-doreurs-du-garde-meuble-de-la-couronne-sou\/","name":"LOUIS-FRANCOIS CHATARD : LES PEINTRES DOREURS DU GARDE-MEUBLE DE LA COURONNE SOUS LOUIS XVI - Librairie 7L","isPartOf":{"@id":"https:\/\/librairie7l.com\/en\/#website"},"datePublished":"2023-05-09T15:41:57+00:00","dateModified":"2026-05-02T17:11:52+00:00","breadcrumb":{"@id":"https:\/\/librairie7l.com\/en\/produit\/louis-francois-chatard-les-peintres-doreurs-du-garde-meuble-de-la-couronne-sou\/#breadcrumb"},"inLanguage":"en-US","potentialAction":[{"@type":"ReadAction","target":["https:\/\/librairie7l.com\/en\/produit\/louis-francois-chatard-les-peintres-doreurs-du-garde-meuble-de-la-couronne-sou\/"]}]},{"@type":"BreadcrumbList","@id":"https:\/\/librairie7l.com\/en\/produit\/louis-francois-chatard-les-peintres-doreurs-du-garde-meuble-de-la-couronne-sou\/#breadcrumb","itemListElement":[{"@type":"ListItem","position":1,"name":"Accueil","item":"https:\/\/librairie7l.com\/en\/"},{"@type":"ListItem","position":2,"name":"Shop","item":"https:\/\/librairie7l.com\/en\/shop\/"},{"@type":"ListItem","position":3,"name":"LOUIS-FRANCOIS CHATARD : LES PEINTRES DOREURS DU GARDE-MEUBLE DE LA COURONNE SOUS LOUIS XVI"}]},{"@type":"WebSite","@id":"https:\/\/librairie7l.com\/en\/#website","url":"https:\/\/librairie7l.com\/en\/","name":"Librairie 7L","description":"Librairie fond\u00e9e en 1999 par Karl Lagerfeld \u00e0 Paris","publisher":{"@id":"https:\/\/librairie7l.com\/en\/#organization"},"potentialAction":[{"@type":"SearchAction","target":{"@type":"EntryPoint","urlTemplate":"https:\/\/librairie7l.com\/en\/?s={search_term_string}"},"query-input":"required name=search_term_string"}],"inLanguage":"en-US"},{"@type":"Organization","@id":"https:\/\/librairie7l.com\/en\/#organization","name":"Librairie 7L","url":"https:\/\/librairie7l.com\/en\/","logo":{"@type":"ImageObject","inLanguage":"en-US","@id":"https:\/\/librairie7l.com\/en\/#\/schema\/logo\/image\/","url":"https:\/\/librairie7l.com\/wp-content\/uploads\/2022\/08\/logo-1.png","contentUrl":"https:\/\/librairie7l.com\/wp-content\/uploads\/2022\/08\/logo-1.png","width":227,"height":301,"caption":"Librairie 7L"},"image":{"@id":"https:\/\/librairie7l.com\/en\/#\/schema\/logo\/image\/"}}]}},"_links":{"self":[{"href":"https:\/\/librairie7l.com\/en\/wp-json\/wp\/v2\/product\/18231"}],"collection":[{"href":"https:\/\/librairie7l.com\/en\/wp-json\/wp\/v2\/product"}],"about":[{"href":"https:\/\/librairie7l.com\/en\/wp-json\/wp\/v2\/types\/product"}],"wp:featuredmedia":[{"embeddable":true,"href":"https:\/\/librairie7l.com\/en\/wp-json\/wp\/v2\/media\/18229"}],"wp:attachment":[{"href":"https:\/\/librairie7l.com\/en\/wp-json\/wp\/v2\/media?parent=18231"}],"wp:term":[{"taxonomy":"product_cat","embeddable":true,"href":"https:\/\/librairie7l.com\/en\/wp-json\/wp\/v2\/product_cat?post=18231"},{"taxonomy":"product_tag","embeddable":true,"href":"https:\/\/librairie7l.com\/en\/wp-json\/wp\/v2\/product_tag?post=18231"}],"curies":[{"name":"wp","href":"https:\/\/api.w.org\/{rel}","templated":true}]}}