{"id":18259,"date":"2023-05-09T17:42:21","date_gmt":"2023-05-09T15:42:21","guid":{"rendered":"https:\/\/librairie7l.com\/?post_type=product&#038;p=18259"},"modified":"2026-05-07T00:06:55","modified_gmt":"2026-05-06T22:06:55","slug":"en-attendant-les-barbares","status":"publish","type":"product","link":"https:\/\/librairie7l.com\/en\/produit\/en-attendant-les-barbares\/","title":{"rendered":"EN ATTENDANT LES BARBARES"},"content":{"rendered":"<p>Nous sommes \u00e0 l&#8217;or\u00e9e des ann\u00e9es 80, une d\u00e9cennie qui connait un flamboiement d&#8217;excentricit\u00e9. Les Barbares se hasardent dans l&#8217;ar\u00e8ne, en 1983. Ils ouvrent la voie \u00e0 une \u00e9criture \u00e9vocatrice et po\u00e9tique, marquant le retour d&#8217;un nouvel artisanat avec des meubles et des objets d\u00e9coratifs. Le duo Elizabeth Garouste &amp; Mattia Bonetti, intervient d\u00e8s les premi\u00e8res collections, suivis de Marie-Th\u00e9r\u00e8se et Christian Migeon cr\u00e9ateurs de bijoux, Catherine Grimaldi styliste, Jean Neuville d\u00e9corateur, Eric Schmitt musicien, Jean-Philippe Gleizes&#8230; une bande h\u00e9t\u00e9roclite et cr\u00e9ative. La galerie dirig\u00e9e par Fr\u00e9d\u00e9ric de Luca &amp; Agn\u00e8s Kentish ouvre son premier show-room rue du faubourg Montmartre en 1987, puis rue Etienne Marcel en 1989, au coeur d&#8217;un quartier bouillonnant d&#8217;activit\u00e9s, fr\u00e9quent\u00e9 par les afficionados de mode. Plus tard c&#8217;est Rive Gauche en 1996, que se r\u00e9installe la galerie dirig\u00e9e par Agn\u00e8s Kentish. Sous son impulsion, l&#8217;\u00e9quipe s&#8217;enrichit de nouveaux designers : Christian Ghion, Eric Jourdan, Matt Sindall, Mathilde Bretillot, Eric Robin. Dans une haute tradition fran\u00e7aise, le style d\u00e9velopp\u00e9 depuis les ann\u00e9es 80 jusqu&#8217;\u00e0 aujourd&#8217;hui dans la galerie, atteste d&#8217;une esth\u00e9tique pr\u00e9cieuse, cultiv\u00e9e et engag\u00e9e qui n&#8217;a jamais connu la temporalit\u00e9 de la mode, la cr\u00e9ation est p\u00e9renne et transmissible et la r\u00e9alisation de haute qualit\u00e9 est fid\u00e8lement assur\u00e9e par le ferronnier de Diego Giacometti, M. Pierre Basse et de remarquables artisans fid\u00e8les \u00e0 cette \u00ab institution \u00bb de l&#8217;histoire des arts d\u00e9coratifs, plus actuelle que jamais !<\/p>\n","protected":false},"excerpt":{"rendered":"<p>Nous sommes \u00e0 l&#8217;or\u00e9e des ann\u00e9es 80, une d\u00e9cennie qui connait un flamboiement d&#8217;excentricit\u00e9. Les Barbares se hasardent dans l&#8217;ar\u00e8ne, en 1983. Ils ouvrent la voie \u00e0 une \u00e9criture \u00e9vocatrice et po\u00e9tique, marquant le retour d&#8217;un nouvel artisanat avec des meubles et des objets d\u00e9coratifs. Le duo Elizabeth Garouste &amp; Mattia Bonetti, intervient d\u00e8s les [&hellip;]<\/p>\n","protected":false},"featured_media":18257,"template":"","meta":[],"product_cat":[2948,2952],"product_tag":[],"acf":[],"yoast_head":"<!-- This site is optimized with the Yoast SEO plugin v20.11 - https:\/\/yoast.com\/wordpress\/plugins\/seo\/ -->\n<title>EN ATTENDANT LES BARBARES - Librairie 7L<\/title>\n<meta name=\"robots\" content=\"index, follow, max-snippet:-1, max-image-preview:large, max-video-preview:-1\" \/>\n<link rel=\"canonical\" href=\"https:\/\/librairie7l.com\/en\/produit\/en-attendant-les-barbares\/\" \/>\n<meta property=\"og:locale\" content=\"en_US\" \/>\n<meta property=\"og:type\" content=\"article\" \/>\n<meta property=\"og:title\" content=\"EN ATTENDANT LES BARBARES - Librairie 7L\" \/>\n<meta property=\"og:description\" content=\"Nous sommes \u00e0 l&#8217;or\u00e9e des ann\u00e9es 80, une d\u00e9cennie qui connait un flamboiement d&#8217;excentricit\u00e9. Les Barbares se hasardent dans l&#8217;ar\u00e8ne, en 1983. Ils ouvrent la voie \u00e0 une \u00e9criture \u00e9vocatrice et po\u00e9tique, marquant le retour d&#8217;un nouvel artisanat avec des meubles et des objets d\u00e9coratifs. Le duo Elizabeth Garouste &amp; Mattia Bonetti, intervient d\u00e8s les [&hellip;]\" \/>\n<meta property=\"og:url\" content=\"https:\/\/librairie7l.com\/en\/produit\/en-attendant-les-barbares\/\" \/>\n<meta property=\"og:site_name\" content=\"Librairie 7L\" \/>\n<meta property=\"article:modified_time\" content=\"2026-05-06T22:06:55+00:00\" \/>\n<meta property=\"og:image\" content=\"https:\/\/librairie7l.com\/wp-content\/uploads\/2022\/09\/9782841053995_1_75.jpg\" \/>\n\t<meta property=\"og:image:width\" content=\"400\" \/>\n\t<meta property=\"og:image:height\" content=\"548\" \/>\n\t<meta property=\"og:image:type\" content=\"image\/jpeg\" \/>\n<meta name=\"twitter:card\" content=\"summary_large_image\" \/>\n<meta name=\"twitter:label1\" content=\"Est. reading time\" \/>\n\t<meta name=\"twitter:data1\" content=\"1 minute\" \/>\n<script type=\"application\/ld+json\" class=\"yoast-schema-graph\">{\"@context\":\"https:\/\/schema.org\",\"@graph\":[{\"@type\":\"WebPage\",\"@id\":\"https:\/\/librairie7l.com\/en\/produit\/en-attendant-les-barbares\/\",\"url\":\"https:\/\/librairie7l.com\/en\/produit\/en-attendant-les-barbares\/\",\"name\":\"EN ATTENDANT LES BARBARES - Librairie 7L\",\"isPartOf\":{\"@id\":\"https:\/\/librairie7l.com\/en\/#website\"},\"datePublished\":\"2023-05-09T15:42:21+00:00\",\"dateModified\":\"2026-05-06T22:06:55+00:00\",\"breadcrumb\":{\"@id\":\"https:\/\/librairie7l.com\/en\/produit\/en-attendant-les-barbares\/#breadcrumb\"},\"inLanguage\":\"en-US\",\"potentialAction\":[{\"@type\":\"ReadAction\",\"target\":[\"https:\/\/librairie7l.com\/en\/produit\/en-attendant-les-barbares\/\"]}]},{\"@type\":\"BreadcrumbList\",\"@id\":\"https:\/\/librairie7l.com\/en\/produit\/en-attendant-les-barbares\/#breadcrumb\",\"itemListElement\":[{\"@type\":\"ListItem\",\"position\":1,\"name\":\"Accueil\",\"item\":\"https:\/\/librairie7l.com\/en\/\"},{\"@type\":\"ListItem\",\"position\":2,\"name\":\"Shop\",\"item\":\"https:\/\/librairie7l.com\/en\/shop\/\"},{\"@type\":\"ListItem\",\"position\":3,\"name\":\"EN ATTENDANT LES BARBARES\"}]},{\"@type\":\"WebSite\",\"@id\":\"https:\/\/librairie7l.com\/en\/#website\",\"url\":\"https:\/\/librairie7l.com\/en\/\",\"name\":\"Librairie 7L\",\"description\":\"Librairie fond\u00e9e en 1999 par Karl Lagerfeld \u00e0 Paris\",\"publisher\":{\"@id\":\"https:\/\/librairie7l.com\/en\/#organization\"},\"potentialAction\":[{\"@type\":\"SearchAction\",\"target\":{\"@type\":\"EntryPoint\",\"urlTemplate\":\"https:\/\/librairie7l.com\/en\/?s={search_term_string}\"},\"query-input\":\"required name=search_term_string\"}],\"inLanguage\":\"en-US\"},{\"@type\":\"Organization\",\"@id\":\"https:\/\/librairie7l.com\/en\/#organization\",\"name\":\"Librairie 7L\",\"url\":\"https:\/\/librairie7l.com\/en\/\",\"logo\":{\"@type\":\"ImageObject\",\"inLanguage\":\"en-US\",\"@id\":\"https:\/\/librairie7l.com\/en\/#\/schema\/logo\/image\/\",\"url\":\"https:\/\/librairie7l.com\/wp-content\/uploads\/2022\/08\/logo-1.png\",\"contentUrl\":\"https:\/\/librairie7l.com\/wp-content\/uploads\/2022\/08\/logo-1.png\",\"width\":227,\"height\":301,\"caption\":\"Librairie 7L\"},\"image\":{\"@id\":\"https:\/\/librairie7l.com\/en\/#\/schema\/logo\/image\/\"}}]}<\/script>\n<!-- \/ Yoast SEO plugin. -->","yoast_head_json":{"title":"EN ATTENDANT LES BARBARES - Librairie 7L","robots":{"index":"index","follow":"follow","max-snippet":"max-snippet:-1","max-image-preview":"max-image-preview:large","max-video-preview":"max-video-preview:-1"},"canonical":"https:\/\/librairie7l.com\/en\/produit\/en-attendant-les-barbares\/","og_locale":"en_US","og_type":"article","og_title":"EN ATTENDANT LES BARBARES - Librairie 7L","og_description":"Nous sommes \u00e0 l&#8217;or\u00e9e des ann\u00e9es 80, une d\u00e9cennie qui connait un flamboiement d&#8217;excentricit\u00e9. Les Barbares se hasardent dans l&#8217;ar\u00e8ne, en 1983. Ils ouvrent la voie \u00e0 une \u00e9criture \u00e9vocatrice et po\u00e9tique, marquant le retour d&#8217;un nouvel artisanat avec des meubles et des objets d\u00e9coratifs. Le duo Elizabeth Garouste &amp; Mattia Bonetti, intervient d\u00e8s les [&hellip;]","og_url":"https:\/\/librairie7l.com\/en\/produit\/en-attendant-les-barbares\/","og_site_name":"Librairie 7L","article_modified_time":"2026-05-06T22:06:55+00:00","og_image":[{"width":400,"height":548,"url":"https:\/\/librairie7l.com\/wp-content\/uploads\/2022\/09\/9782841053995_1_75.jpg","type":"image\/jpeg"}],"twitter_card":"summary_large_image","twitter_misc":{"Est. reading time":"1 minute"},"schema":{"@context":"https:\/\/schema.org","@graph":[{"@type":"WebPage","@id":"https:\/\/librairie7l.com\/en\/produit\/en-attendant-les-barbares\/","url":"https:\/\/librairie7l.com\/en\/produit\/en-attendant-les-barbares\/","name":"EN ATTENDANT LES BARBARES - Librairie 7L","isPartOf":{"@id":"https:\/\/librairie7l.com\/en\/#website"},"datePublished":"2023-05-09T15:42:21+00:00","dateModified":"2026-05-06T22:06:55+00:00","breadcrumb":{"@id":"https:\/\/librairie7l.com\/en\/produit\/en-attendant-les-barbares\/#breadcrumb"},"inLanguage":"en-US","potentialAction":[{"@type":"ReadAction","target":["https:\/\/librairie7l.com\/en\/produit\/en-attendant-les-barbares\/"]}]},{"@type":"BreadcrumbList","@id":"https:\/\/librairie7l.com\/en\/produit\/en-attendant-les-barbares\/#breadcrumb","itemListElement":[{"@type":"ListItem","position":1,"name":"Accueil","item":"https:\/\/librairie7l.com\/en\/"},{"@type":"ListItem","position":2,"name":"Shop","item":"https:\/\/librairie7l.com\/en\/shop\/"},{"@type":"ListItem","position":3,"name":"EN ATTENDANT LES BARBARES"}]},{"@type":"WebSite","@id":"https:\/\/librairie7l.com\/en\/#website","url":"https:\/\/librairie7l.com\/en\/","name":"Librairie 7L","description":"Librairie fond\u00e9e en 1999 par Karl Lagerfeld \u00e0 Paris","publisher":{"@id":"https:\/\/librairie7l.com\/en\/#organization"},"potentialAction":[{"@type":"SearchAction","target":{"@type":"EntryPoint","urlTemplate":"https:\/\/librairie7l.com\/en\/?s={search_term_string}"},"query-input":"required name=search_term_string"}],"inLanguage":"en-US"},{"@type":"Organization","@id":"https:\/\/librairie7l.com\/en\/#organization","name":"Librairie 7L","url":"https:\/\/librairie7l.com\/en\/","logo":{"@type":"ImageObject","inLanguage":"en-US","@id":"https:\/\/librairie7l.com\/en\/#\/schema\/logo\/image\/","url":"https:\/\/librairie7l.com\/wp-content\/uploads\/2022\/08\/logo-1.png","contentUrl":"https:\/\/librairie7l.com\/wp-content\/uploads\/2022\/08\/logo-1.png","width":227,"height":301,"caption":"Librairie 7L"},"image":{"@id":"https:\/\/librairie7l.com\/en\/#\/schema\/logo\/image\/"}}]}},"_links":{"self":[{"href":"https:\/\/librairie7l.com\/en\/wp-json\/wp\/v2\/product\/18259"}],"collection":[{"href":"https:\/\/librairie7l.com\/en\/wp-json\/wp\/v2\/product"}],"about":[{"href":"https:\/\/librairie7l.com\/en\/wp-json\/wp\/v2\/types\/product"}],"wp:featuredmedia":[{"embeddable":true,"href":"https:\/\/librairie7l.com\/en\/wp-json\/wp\/v2\/media\/18257"}],"wp:attachment":[{"href":"https:\/\/librairie7l.com\/en\/wp-json\/wp\/v2\/media?parent=18259"}],"wp:term":[{"taxonomy":"product_cat","embeddable":true,"href":"https:\/\/librairie7l.com\/en\/wp-json\/wp\/v2\/product_cat?post=18259"},{"taxonomy":"product_tag","embeddable":true,"href":"https:\/\/librairie7l.com\/en\/wp-json\/wp\/v2\/product_tag?post=18259"}],"curies":[{"name":"wp","href":"https:\/\/api.w.org\/{rel}","templated":true}]}}