{"id":18307,"date":"2023-05-09T17:42:58","date_gmt":"2023-05-09T15:42:58","guid":{"rendered":"https:\/\/librairie7l.com\/?post_type=product&#038;p=18307"},"modified":"2026-04-30T12:46:03","modified_gmt":"2026-04-30T10:46:03","slug":"kehinde-wiley-an-archeology-of-silence","status":"publish","type":"product","link":"https:\/\/librairie7l.com\/en\/produit\/kehinde-wiley-an-archeology-of-silence\/","title":{"rendered":"KEHINDE WILEY : AN ARCHEOLOGY OF SILENCE"},"content":{"rendered":"<p>L&#8217;artiste : Kehinde Wiley, n\u00e9 en 1977 \u00e0 Los Angeles, vit et travaille \u00e0 New York. R\u00e9flexion sur l&#8217;identit\u00e9 raciale et sexuelle, sa peinture cr\u00e9e des collisions entre histoire de l&#8217;art et culture de la rue. L&#8217;artiste h\u00e9ro\u00efse, et \u00e9rotise, les \u00ab invisibles \u00bb traditionnellement exclus des repr\u00e9sentations du pouvoir. Son oeuvre r\u00e9interpr\u00e8te le vocabulaire de la puissance et du prestige, oscillant entre critique politique et aveu de fascination face au luxe et \u00e0 la grandiloquence des symboles de la domination masculine occidentale.<br \/>\nChristophe Leribault, pr\u00e9sident du mus\u00e9e d&#8217;Orsay et du mus\u00e9e de l&#8217;Orangerie, et commissaire de l&#8217;exposition. Il avait pr\u00e9sent\u00e9 en 2016 \u00ab Kehinde Wiley : Lamentation \u00bb, la premi\u00e8re exposition de Wiley en France au Petit Palais. En tant qu&#8217;historien de l&#8217;art sp\u00e9cialis\u00e9 dans le 19e si\u00e8cle, Leribault a tiss\u00e9 un lien profond avec les fondements historiques de l&#8217;art de l&#8217;oeuvre de l&#8217;artiste.<\/p>\n","protected":false},"excerpt":{"rendered":"<p>L&#8217;artiste : Kehinde Wiley, n\u00e9 en 1977 \u00e0 Los Angeles, vit et travaille \u00e0 New York. R\u00e9flexion sur l&#8217;identit\u00e9 raciale et sexuelle, sa peinture cr\u00e9e des collisions entre histoire de l&#8217;art et culture de la rue. L&#8217;artiste h\u00e9ro\u00efse, et \u00e9rotise, les \u00ab invisibles \u00bb traditionnellement exclus des repr\u00e9sentations du pouvoir. Son oeuvre r\u00e9interpr\u00e8te le vocabulaire [&hellip;]<\/p>\n","protected":false},"featured_media":18305,"template":"","meta":[],"product_cat":[2948,2953],"product_tag":[],"acf":[],"yoast_head":"<!-- This site is optimized with the Yoast SEO plugin v20.11 - https:\/\/yoast.com\/wordpress\/plugins\/seo\/ -->\n<title>KEHINDE WILEY : AN ARCHEOLOGY OF SILENCE - Librairie 7L<\/title>\n<meta name=\"robots\" content=\"index, follow, max-snippet:-1, max-image-preview:large, max-video-preview:-1\" \/>\n<link rel=\"canonical\" href=\"https:\/\/librairie7l.com\/en\/produit\/kehinde-wiley-an-archeology-of-silence\/\" \/>\n<meta property=\"og:locale\" content=\"en_US\" \/>\n<meta property=\"og:type\" content=\"article\" \/>\n<meta property=\"og:title\" content=\"KEHINDE WILEY : AN ARCHEOLOGY OF SILENCE - Librairie 7L\" \/>\n<meta property=\"og:description\" content=\"L&#8217;artiste : Kehinde Wiley, n\u00e9 en 1977 \u00e0 Los Angeles, vit et travaille \u00e0 New York. R\u00e9flexion sur l&#8217;identit\u00e9 raciale et sexuelle, sa peinture cr\u00e9e des collisions entre histoire de l&#8217;art et culture de la rue. L&#8217;artiste h\u00e9ro\u00efse, et \u00e9rotise, les \u00ab invisibles \u00bb traditionnellement exclus des repr\u00e9sentations du pouvoir. Son oeuvre r\u00e9interpr\u00e8te le vocabulaire [&hellip;]\" \/>\n<meta property=\"og:url\" content=\"https:\/\/librairie7l.com\/en\/produit\/kehinde-wiley-an-archeology-of-silence\/\" \/>\n<meta property=\"og:site_name\" content=\"Librairie 7L\" \/>\n<meta property=\"article:modified_time\" content=\"2026-04-30T10:46:03+00:00\" \/>\n<meta property=\"og:image\" content=\"https:\/\/librairie7l.com\/wp-content\/uploads\/2022\/11\/9782917515457_1_75.jpg\" \/>\n\t<meta property=\"og:image:width\" content=\"707\" \/>\n\t<meta property=\"og:image:height\" content=\"600\" \/>\n\t<meta property=\"og:image:type\" content=\"image\/jpeg\" \/>\n<meta name=\"twitter:card\" content=\"summary_large_image\" \/>\n<meta name=\"twitter:label1\" content=\"Est. reading time\" \/>\n\t<meta name=\"twitter:data1\" content=\"1 minute\" \/>\n<script type=\"application\/ld+json\" class=\"yoast-schema-graph\">{\"@context\":\"https:\/\/schema.org\",\"@graph\":[{\"@type\":\"WebPage\",\"@id\":\"https:\/\/librairie7l.com\/en\/produit\/kehinde-wiley-an-archeology-of-silence\/\",\"url\":\"https:\/\/librairie7l.com\/en\/produit\/kehinde-wiley-an-archeology-of-silence\/\",\"name\":\"KEHINDE WILEY : AN ARCHEOLOGY OF SILENCE - Librairie 7L\",\"isPartOf\":{\"@id\":\"https:\/\/librairie7l.com\/en\/#website\"},\"datePublished\":\"2023-05-09T15:42:58+00:00\",\"dateModified\":\"2026-04-30T10:46:03+00:00\",\"breadcrumb\":{\"@id\":\"https:\/\/librairie7l.com\/en\/produit\/kehinde-wiley-an-archeology-of-silence\/#breadcrumb\"},\"inLanguage\":\"en-US\",\"potentialAction\":[{\"@type\":\"ReadAction\",\"target\":[\"https:\/\/librairie7l.com\/en\/produit\/kehinde-wiley-an-archeology-of-silence\/\"]}]},{\"@type\":\"BreadcrumbList\",\"@id\":\"https:\/\/librairie7l.com\/en\/produit\/kehinde-wiley-an-archeology-of-silence\/#breadcrumb\",\"itemListElement\":[{\"@type\":\"ListItem\",\"position\":1,\"name\":\"Accueil\",\"item\":\"https:\/\/librairie7l.com\/en\/\"},{\"@type\":\"ListItem\",\"position\":2,\"name\":\"Shop\",\"item\":\"https:\/\/librairie7l.com\/en\/shop\/\"},{\"@type\":\"ListItem\",\"position\":3,\"name\":\"KEHINDE WILEY : AN ARCHEOLOGY OF SILENCE\"}]},{\"@type\":\"WebSite\",\"@id\":\"https:\/\/librairie7l.com\/en\/#website\",\"url\":\"https:\/\/librairie7l.com\/en\/\",\"name\":\"Librairie 7L\",\"description\":\"Librairie fond\u00e9e en 1999 par Karl Lagerfeld \u00e0 Paris\",\"publisher\":{\"@id\":\"https:\/\/librairie7l.com\/en\/#organization\"},\"potentialAction\":[{\"@type\":\"SearchAction\",\"target\":{\"@type\":\"EntryPoint\",\"urlTemplate\":\"https:\/\/librairie7l.com\/en\/?s={search_term_string}\"},\"query-input\":\"required name=search_term_string\"}],\"inLanguage\":\"en-US\"},{\"@type\":\"Organization\",\"@id\":\"https:\/\/librairie7l.com\/en\/#organization\",\"name\":\"Librairie 7L\",\"url\":\"https:\/\/librairie7l.com\/en\/\",\"logo\":{\"@type\":\"ImageObject\",\"inLanguage\":\"en-US\",\"@id\":\"https:\/\/librairie7l.com\/en\/#\/schema\/logo\/image\/\",\"url\":\"https:\/\/librairie7l.com\/wp-content\/uploads\/2022\/08\/logo-1.png\",\"contentUrl\":\"https:\/\/librairie7l.com\/wp-content\/uploads\/2022\/08\/logo-1.png\",\"width\":227,\"height\":301,\"caption\":\"Librairie 7L\"},\"image\":{\"@id\":\"https:\/\/librairie7l.com\/en\/#\/schema\/logo\/image\/\"}}]}<\/script>\n<!-- \/ Yoast SEO plugin. -->","yoast_head_json":{"title":"KEHINDE WILEY : AN ARCHEOLOGY OF SILENCE - Librairie 7L","robots":{"index":"index","follow":"follow","max-snippet":"max-snippet:-1","max-image-preview":"max-image-preview:large","max-video-preview":"max-video-preview:-1"},"canonical":"https:\/\/librairie7l.com\/en\/produit\/kehinde-wiley-an-archeology-of-silence\/","og_locale":"en_US","og_type":"article","og_title":"KEHINDE WILEY : AN ARCHEOLOGY OF SILENCE - Librairie 7L","og_description":"L&#8217;artiste : Kehinde Wiley, n\u00e9 en 1977 \u00e0 Los Angeles, vit et travaille \u00e0 New York. R\u00e9flexion sur l&#8217;identit\u00e9 raciale et sexuelle, sa peinture cr\u00e9e des collisions entre histoire de l&#8217;art et culture de la rue. L&#8217;artiste h\u00e9ro\u00efse, et \u00e9rotise, les \u00ab invisibles \u00bb traditionnellement exclus des repr\u00e9sentations du pouvoir. Son oeuvre r\u00e9interpr\u00e8te le vocabulaire [&hellip;]","og_url":"https:\/\/librairie7l.com\/en\/produit\/kehinde-wiley-an-archeology-of-silence\/","og_site_name":"Librairie 7L","article_modified_time":"2026-04-30T10:46:03+00:00","og_image":[{"width":707,"height":600,"url":"https:\/\/librairie7l.com\/wp-content\/uploads\/2022\/11\/9782917515457_1_75.jpg","type":"image\/jpeg"}],"twitter_card":"summary_large_image","twitter_misc":{"Est. reading time":"1 minute"},"schema":{"@context":"https:\/\/schema.org","@graph":[{"@type":"WebPage","@id":"https:\/\/librairie7l.com\/en\/produit\/kehinde-wiley-an-archeology-of-silence\/","url":"https:\/\/librairie7l.com\/en\/produit\/kehinde-wiley-an-archeology-of-silence\/","name":"KEHINDE WILEY : AN ARCHEOLOGY OF SILENCE - Librairie 7L","isPartOf":{"@id":"https:\/\/librairie7l.com\/en\/#website"},"datePublished":"2023-05-09T15:42:58+00:00","dateModified":"2026-04-30T10:46:03+00:00","breadcrumb":{"@id":"https:\/\/librairie7l.com\/en\/produit\/kehinde-wiley-an-archeology-of-silence\/#breadcrumb"},"inLanguage":"en-US","potentialAction":[{"@type":"ReadAction","target":["https:\/\/librairie7l.com\/en\/produit\/kehinde-wiley-an-archeology-of-silence\/"]}]},{"@type":"BreadcrumbList","@id":"https:\/\/librairie7l.com\/en\/produit\/kehinde-wiley-an-archeology-of-silence\/#breadcrumb","itemListElement":[{"@type":"ListItem","position":1,"name":"Accueil","item":"https:\/\/librairie7l.com\/en\/"},{"@type":"ListItem","position":2,"name":"Shop","item":"https:\/\/librairie7l.com\/en\/shop\/"},{"@type":"ListItem","position":3,"name":"KEHINDE WILEY : AN ARCHEOLOGY OF SILENCE"}]},{"@type":"WebSite","@id":"https:\/\/librairie7l.com\/en\/#website","url":"https:\/\/librairie7l.com\/en\/","name":"Librairie 7L","description":"Librairie fond\u00e9e en 1999 par Karl Lagerfeld \u00e0 Paris","publisher":{"@id":"https:\/\/librairie7l.com\/en\/#organization"},"potentialAction":[{"@type":"SearchAction","target":{"@type":"EntryPoint","urlTemplate":"https:\/\/librairie7l.com\/en\/?s={search_term_string}"},"query-input":"required name=search_term_string"}],"inLanguage":"en-US"},{"@type":"Organization","@id":"https:\/\/librairie7l.com\/en\/#organization","name":"Librairie 7L","url":"https:\/\/librairie7l.com\/en\/","logo":{"@type":"ImageObject","inLanguage":"en-US","@id":"https:\/\/librairie7l.com\/en\/#\/schema\/logo\/image\/","url":"https:\/\/librairie7l.com\/wp-content\/uploads\/2022\/08\/logo-1.png","contentUrl":"https:\/\/librairie7l.com\/wp-content\/uploads\/2022\/08\/logo-1.png","width":227,"height":301,"caption":"Librairie 7L"},"image":{"@id":"https:\/\/librairie7l.com\/en\/#\/schema\/logo\/image\/"}}]}},"_links":{"self":[{"href":"https:\/\/librairie7l.com\/en\/wp-json\/wp\/v2\/product\/18307"}],"collection":[{"href":"https:\/\/librairie7l.com\/en\/wp-json\/wp\/v2\/product"}],"about":[{"href":"https:\/\/librairie7l.com\/en\/wp-json\/wp\/v2\/types\/product"}],"wp:featuredmedia":[{"embeddable":true,"href":"https:\/\/librairie7l.com\/en\/wp-json\/wp\/v2\/media\/18305"}],"wp:attachment":[{"href":"https:\/\/librairie7l.com\/en\/wp-json\/wp\/v2\/media?parent=18307"}],"wp:term":[{"taxonomy":"product_cat","embeddable":true,"href":"https:\/\/librairie7l.com\/en\/wp-json\/wp\/v2\/product_cat?post=18307"},{"taxonomy":"product_tag","embeddable":true,"href":"https:\/\/librairie7l.com\/en\/wp-json\/wp\/v2\/product_tag?post=18307"}],"curies":[{"name":"wp","href":"https:\/\/api.w.org\/{rel}","templated":true}]}}